{"id":956,"date":"2021-05-05T21:16:38","date_gmt":"2021-05-05T21:16:38","guid":{"rendered":"http:\/\/www.rula.disabilityrightsca.org\/es\/?page_id=956"},"modified":"2023-12-04T20:26:36","modified_gmt":"2023-12-04T20:26:36","slug":"2-22-que-son-las-condiciones-de-discapacidad-que-son-unicamente-fisicas","status":"publish","type":"page","link":"https:\/\/rula.disabilityrightsca.org\/es\/rula-book\/capitulo-2-discapacidades-del-desarrollo\/2-22-que-son-las-condiciones-de-discapacidad-que-son-unicamente-fisicas\/","title":{"rendered":"(2.22) \u00bfQu\u00e9 son las &#8220;condiciones de discapacidad que son \u00fanicamente f\u00edsicas&#8221;?"},"content":{"rendered":"\n<p>La Ley Lanterman dice que las personas con &#8220;condiciones de discapacidad que son \u00fanicamente f\u00edsicas&#8221; <strong>no <\/strong>son elegibles para los servicios del centro regional. <span class=\"footnote_referrer\"><a role=\"button\" tabindex=\"0\" onclick=\"footnote_moveToReference_956_1('footnote_plugin_reference_956_1_1');\" onkeypress=\"footnote_moveToReference_956_1('footnote_plugin_reference_956_1_1');\" ><sup id=\"footnote_plugin_tooltip_956_1_1\" class=\"footnote_plugin_tooltip_text\">[1]<\/sup><\/a><span id=\"footnote_plugin_tooltip_text_956_1_1\" class=\"footnote_tooltip\">Secci\u00f3n 4512(a)<\/span><\/span><script type=\"text\/javascript\"> jQuery('#footnote_plugin_tooltip_956_1_1').tooltip({ tip: '#footnote_plugin_tooltip_text_956_1_1', tipClass: 'footnote_tooltip', effect: 'fade', predelay: 0, fadeInSpeed: 200, delay: 400, fadeOutSpeed: 200, position: 'top center', relative: true, offset: [-7, 0], });<\/script><\/p>\n\n\n\n<p>El Departamento de Servicios del Desarrollo define las condiciones que son \u00fanicamente f\u00edsicas como aquellas que incluyen anomal\u00edas cong\u00e9nitas o condiciones adquiridas a trav\u00e9s de una enfermedad, accidente o desarrollo defectuoso, no asociadas con un impedimento neurol\u00f3gico, que resulta en una necesidad de tratamiento similar a la requerida para la discapacidad intelectual. <span class=\"footnote_referrer\"><a role=\"button\" tabindex=\"0\" onclick=\"footnote_moveToReference_956_1('footnote_plugin_reference_956_1_2');\" onkeypress=\"footnote_moveToReference_956_1('footnote_plugin_reference_956_1_2');\" ><sup id=\"footnote_plugin_tooltip_956_1_2\" class=\"footnote_plugin_tooltip_text\">[2]<\/sup><\/a><span id=\"footnote_plugin_tooltip_text_956_1_2\" class=\"footnote_tooltip\">T\u00edtulo 17 del C\u00f3digo de Reglamentos de California, secci\u00f3n 54000(c)(3)<\/span><\/span><script type=\"text\/javascript\"> jQuery('#footnote_plugin_tooltip_956_1_2').tooltip({ tip: '#footnote_plugin_tooltip_text_956_1_2', tipClass: 'footnote_tooltip', effect: 'fade', predelay: 0, fadeInSpeed: 200, delay: 400, fadeOutSpeed: 200, position: 'top center', relative: true, offset: [-7, 0], });<\/script> En otras palabras, las condiciones f\u00edsicas del cerebro no est\u00e1n excluidas de ser discapacidades del desarrollo. Las personas con par\u00e1lisis cerebral pueden tener solo discapacidades f\u00edsicas y ning\u00fan deterioro intelectual. Siempre que su condici\u00f3n cause una discapacidad sustancial, son elegibles para el centro regional porque la Ley Lanterman nombra la par\u00e1lisis cerebral. Pero la distrofia muscular, por s\u00ed sola, incluso si resulta en una discapacidad sustancial, no califica a una persona para el centro regional.<\/p>\n<div class=\"speaker-mute footnotes_reference_container\"> <div class=\"footnote_container_prepare\"><p><span role=\"button\" tabindex=\"0\" class=\"footnote_reference_container_label pointer\" onclick=\"footnote_expand_collapse_reference_container_956_1();\">&#x202F;<\/span><span role=\"button\" tabindex=\"0\" class=\"footnote_reference_container_collapse_button\" style=\"display: none;\" onclick=\"footnote_expand_collapse_reference_container_956_1();\">[<a id=\"footnote_reference_container_collapse_button_956_1\">+<\/a>]<\/span><\/p><\/div> <div id=\"footnote_references_container_956_1\" style=\"\"><table class=\"footnotes_table footnote-reference-container\"><caption class=\"accessibility\">References<\/caption> <tbody> \r\n\r\n<tr class=\"footnotes_plugin_reference_row\"> <th scope=\"row\" class=\"footnote_plugin_index_combi pointer\"  onclick=\"footnote_moveToAnchor_956_1('footnote_plugin_tooltip_956_1_1');\"><a id=\"footnote_plugin_reference_956_1_1\" class=\"footnote_backlink\"><span class=\"footnote_index_arrow\">&#8593;<\/span>1<\/a><\/th> <td class=\"footnote_plugin_text\">Secci\u00f3n 4512(a)<\/td><\/tr>\r\n\r\n<tr class=\"footnotes_plugin_reference_row\"> <th scope=\"row\" class=\"footnote_plugin_index_combi pointer\"  onclick=\"footnote_moveToAnchor_956_1('footnote_plugin_tooltip_956_1_2');\"><a id=\"footnote_plugin_reference_956_1_2\" class=\"footnote_backlink\"><span class=\"footnote_index_arrow\">&#8593;<\/span>2<\/a><\/th> <td class=\"footnote_plugin_text\">T\u00edtulo 17 del C\u00f3digo de Reglamentos de California, secci\u00f3n 54000(c)(3)<\/td><\/tr>\r\n\r\n <\/tbody> <\/table> <\/div><\/div><script type=\"text\/javascript\"> function footnote_expand_reference_container_956_1() { jQuery('#footnote_references_container_956_1').show(); jQuery('#footnote_reference_container_collapse_button_956_1').text('\u2212'); } function footnote_collapse_reference_container_956_1() { jQuery('#footnote_references_container_956_1').hide(); jQuery('#footnote_reference_container_collapse_button_956_1').text('+'); } function footnote_expand_collapse_reference_container_956_1() { if (jQuery('#footnote_references_container_956_1').is(':hidden')) { footnote_expand_reference_container_956_1(); } else { footnote_collapse_reference_container_956_1(); } } function footnote_moveToReference_956_1(p_str_TargetID) { footnote_expand_reference_container_956_1(); var l_obj_Target = jQuery('#' + p_str_TargetID); if (l_obj_Target.length) { jQuery( 'html, body' ).delay( 0 ); jQuery('html, body').animate({ scrollTop: l_obj_Target.offset().top - window.innerHeight * 0.2 }, 380); } } function footnote_moveToAnchor_956_1(p_str_TargetID) { footnote_expand_reference_container_956_1(); var l_obj_Target = jQuery('#' + p_str_TargetID); if (l_obj_Target.length) { jQuery( 'html, body' ).delay( 0 ); jQuery('html, body').animate({ scrollTop: l_obj_Target.offset().top - window.innerHeight * 0.2 }, 380); } }<\/script>","protected":false},"excerpt":{"rendered":"<p>La Ley Lanterman dice que las personas con &#8220;condiciones de discapacidad que son \u00fanicamente f\u00edsicas&#8221; no son elegibles para los servicios del centro regional. [1]Secci\u00f3n&hellip;<\/p>\n","protected":false},"author":1,"featured_media":0,"parent":37,"menu_order":22,"comment_status":"closed","ping_status":"closed","template":"","meta":{"footnotes":""},"class_list":["post-956","page","type-page","status-publish","hentry"],"_links":{"self":[{"href":"https:\/\/rula.disabilityrightsca.org\/es\/wp-json\/wp\/v2\/pages\/956","targetHints":{"allow":["GET"]}}],"collection":[{"href":"https:\/\/rula.disabilityrightsca.org\/es\/wp-json\/wp\/v2\/pages"}],"about":[{"href":"https:\/\/rula.disabilityrightsca.org\/es\/wp-json\/wp\/v2\/types\/page"}],"author":[{"embeddable":true,"href":"https:\/\/rula.disabilityrightsca.org\/es\/wp-json\/wp\/v2\/users\/1"}],"replies":[{"embeddable":true,"href":"https:\/\/rula.disabilityrightsca.org\/es\/wp-json\/wp\/v2\/comments?post=956"}],"version-history":[{"count":4,"href":"https:\/\/rula.disabilityrightsca.org\/es\/wp-json\/wp\/v2\/pages\/956\/revisions"}],"predecessor-version":[{"id":3649,"href":"https:\/\/rula.disabilityrightsca.org\/es\/wp-json\/wp\/v2\/pages\/956\/revisions\/3649"}],"up":[{"embeddable":true,"href":"https:\/\/rula.disabilityrightsca.org\/es\/wp-json\/wp\/v2\/pages\/37"}],"wp:attachment":[{"href":"https:\/\/rula.disabilityrightsca.org\/es\/wp-json\/wp\/v2\/media?parent=956"}],"curies":[{"name":"wp","href":"https:\/\/api.w.org\/{rel}","templated":true}]}}