{"id":954,"date":"2021-05-05T21:13:37","date_gmt":"2021-05-05T21:13:37","guid":{"rendered":"http:\/\/www.rula.disabilityrightsca.org\/es\/?page_id=954"},"modified":"2023-12-04T20:25:50","modified_gmt":"2023-12-04T20:25:50","slug":"2-21-como-pruebo-que-tengo-una-discapacidad-sustancial","status":"publish","type":"page","link":"https:\/\/rula.disabilityrightsca.org\/es\/rula-book\/capitulo-2-discapacidades-del-desarrollo\/2-21-como-pruebo-que-tengo-una-discapacidad-sustancial\/","title":{"rendered":"(2.21) \u00bfC\u00f3mo pruebo que tengo una discapacidad sustancial?"},"content":{"rendered":"\n<p>Utilice documentos que describan correctamente su diagn\u00f3stico, afecci\u00f3n y habilidades. Puede utilizar evaluaciones psicol\u00f3gicas para demostrar su diagn\u00f3stico y <em>c\u00f3mo<\/em> usted est\u00e1 sustancialmente discapacitado. P\u00eddales a las personas que lo conocen bien que describan c\u00f3mo su condici\u00f3n afecta su funcionamiento en las siete \u00e1reas. Al decidir si tiene una discapacidad sustancial, la ley dice que los centros regionales deben consultar con usted, los padres, los educadores, los defensores y otros. <span class=\"footnote_referrer\"><a role=\"button\" tabindex=\"0\" onclick=\"footnote_moveToReference_954_1('footnote_plugin_reference_954_1_1');\" onkeypress=\"footnote_moveToReference_954_1('footnote_plugin_reference_954_1_1');\" ><sup id=\"footnote_plugin_tooltip_954_1_1\" class=\"footnote_plugin_tooltip_text\">[1]<\/sup><\/a><span id=\"footnote_plugin_tooltip_text_954_1_1\" class=\"footnote_tooltip\">T\u00edtulo 17 del C\u00f3digo de Reglamentos de California, secci\u00f3n 54001(c)<\/span><\/span><script type=\"text\/javascript\"> jQuery('#footnote_plugin_tooltip_954_1_1').tooltip({ tip: '#footnote_plugin_tooltip_text_954_1_1', tipClass: 'footnote_tooltip', effect: 'fade', predelay: 0, fadeInSpeed: 200, delay: 400, fadeOutSpeed: 200, position: 'top center', relative: true, offset: [-7, 0], });<\/script><\/p>\n\n\n\n<p>La ley dice que sus habilidades en estas \u00e1reas deben analizarse en conjunto con su edad. <span class=\"footnote_referrer\"><a role=\"button\" tabindex=\"0\" onclick=\"footnote_moveToReference_954_1('footnote_plugin_reference_954_1_2');\" onkeypress=\"footnote_moveToReference_954_1('footnote_plugin_reference_954_1_2');\" ><sup id=\"footnote_plugin_tooltip_954_1_2\" class=\"footnote_plugin_tooltip_text\">[2]<\/sup><\/a><span id=\"footnote_plugin_tooltip_text_954_1_2\" class=\"footnote_tooltip\">T\u00edtulo 17, C\u00f3digo de Reglamentos de California, secci\u00f3n 54001(a)(2)<\/span><\/span><script type=\"text\/javascript\"> jQuery('#footnote_plugin_tooltip_954_1_2').tooltip({ tip: '#footnote_plugin_tooltip_text_954_1_2', tipClass: 'footnote_tooltip', effect: 'fade', predelay: 0, fadeInSpeed: 200, delay: 400, fadeOutSpeed: 200, position: 'top center', relative: true, offset: [-7, 0], });<\/script>\u00a0Por ejemplo, los ni\u00f1os no trabajan, pero eso no significa que no tengan una discapacidad sustancial en la autosuficiencia econ\u00f3mica. Sin embargo, la familia podr\u00eda decir que la condici\u00f3n y las habilidades de un ni\u00f1o en otras \u00e1reas muestran la autosuficiencia econ\u00f3mica de un ni\u00f1o como adulto. Las directivas ARCA sugieren que, para ni\u00f1os menores de 5 a\u00f1os, solo se deben considerar las primeras 5 \u00e1reas de funcionamiento. Para los estudiantes de 6 a 22 a\u00f1os, se aplican las primeras 6 \u00e1reas de funcionamiento. <span class=\"footnote_referrer\"><a role=\"button\" tabindex=\"0\" onclick=\"footnote_moveToReference_954_1('footnote_plugin_reference_954_1_3');\" onkeypress=\"footnote_moveToReference_954_1('footnote_plugin_reference_954_1_3');\" ><sup id=\"footnote_plugin_tooltip_954_1_3\" class=\"footnote_plugin_tooltip_text\">[3]<\/sup><\/a><span id=\"footnote_plugin_tooltip_text_954_1_3\" class=\"footnote_tooltip\">Directivas ARCA, Secci\u00f3n III<\/span><\/span><script type=\"text\/javascript\"> jQuery('#footnote_plugin_tooltip_954_1_3').tooltip({ tip: '#footnote_plugin_tooltip_text_954_1_3', tipClass: 'footnote_tooltip', effect: 'fade', predelay: 0, fadeInSpeed: 200, delay: 400, fadeOutSpeed: 200, position: 'top center', relative: true, offset: [-7, 0], });<\/script><\/p>\n<div class=\"speaker-mute footnotes_reference_container\"> <div class=\"footnote_container_prepare\"><p><span role=\"button\" tabindex=\"0\" class=\"footnote_reference_container_label pointer\" onclick=\"footnote_expand_collapse_reference_container_954_1();\">&#x202F;<\/span><span role=\"button\" tabindex=\"0\" class=\"footnote_reference_container_collapse_button\" style=\"display: none;\" onclick=\"footnote_expand_collapse_reference_container_954_1();\">[<a id=\"footnote_reference_container_collapse_button_954_1\">+<\/a>]<\/span><\/p><\/div> <div id=\"footnote_references_container_954_1\" style=\"\"><table class=\"footnotes_table footnote-reference-container\"><caption class=\"accessibility\">References<\/caption> <tbody> \r\n\r\n<tr class=\"footnotes_plugin_reference_row\"> <th scope=\"row\" class=\"footnote_plugin_index_combi pointer\"  onclick=\"footnote_moveToAnchor_954_1('footnote_plugin_tooltip_954_1_1');\"><a id=\"footnote_plugin_reference_954_1_1\" class=\"footnote_backlink\"><span class=\"footnote_index_arrow\">&#8593;<\/span>1<\/a><\/th> <td class=\"footnote_plugin_text\">T\u00edtulo 17 del C\u00f3digo de Reglamentos de California, secci\u00f3n 54001(c)<\/td><\/tr>\r\n\r\n<tr class=\"footnotes_plugin_reference_row\"> <th scope=\"row\" class=\"footnote_plugin_index_combi pointer\"  onclick=\"footnote_moveToAnchor_954_1('footnote_plugin_tooltip_954_1_2');\"><a id=\"footnote_plugin_reference_954_1_2\" class=\"footnote_backlink\"><span class=\"footnote_index_arrow\">&#8593;<\/span>2<\/a><\/th> <td class=\"footnote_plugin_text\">T\u00edtulo 17, C\u00f3digo de Reglamentos de California, secci\u00f3n 54001(a)(2)<\/td><\/tr>\r\n\r\n<tr class=\"footnotes_plugin_reference_row\"> <th scope=\"row\" class=\"footnote_plugin_index_combi pointer\"  onclick=\"footnote_moveToAnchor_954_1('footnote_plugin_tooltip_954_1_3');\"><a id=\"footnote_plugin_reference_954_1_3\" class=\"footnote_backlink\"><span class=\"footnote_index_arrow\">&#8593;<\/span>3<\/a><\/th> <td class=\"footnote_plugin_text\">Directivas ARCA, Secci\u00f3n III<\/td><\/tr>\r\n\r\n <\/tbody> <\/table> <\/div><\/div><script type=\"text\/javascript\"> function footnote_expand_reference_container_954_1() { jQuery('#footnote_references_container_954_1').show(); jQuery('#footnote_reference_container_collapse_button_954_1').text('\u2212'); } function footnote_collapse_reference_container_954_1() { jQuery('#footnote_references_container_954_1').hide(); jQuery('#footnote_reference_container_collapse_button_954_1').text('+'); } function footnote_expand_collapse_reference_container_954_1() { if (jQuery('#footnote_references_container_954_1').is(':hidden')) { footnote_expand_reference_container_954_1(); } else { footnote_collapse_reference_container_954_1(); } } function footnote_moveToReference_954_1(p_str_TargetID) { footnote_expand_reference_container_954_1(); var l_obj_Target = jQuery('#' + p_str_TargetID); if (l_obj_Target.length) { jQuery( 'html, body' ).delay( 0 ); jQuery('html, body').animate({ scrollTop: l_obj_Target.offset().top - window.innerHeight * 0.2 }, 380); } } function footnote_moveToAnchor_954_1(p_str_TargetID) { footnote_expand_reference_container_954_1(); var l_obj_Target = jQuery('#' + p_str_TargetID); if (l_obj_Target.length) { jQuery( 'html, body' ).delay( 0 ); jQuery('html, body').animate({ scrollTop: l_obj_Target.offset().top - window.innerHeight * 0.2 }, 380); } }<\/script>","protected":false},"excerpt":{"rendered":"<p>Utilice documentos que describan correctamente su diagn\u00f3stico, afecci\u00f3n y habilidades. Puede utilizar evaluaciones psicol\u00f3gicas para demostrar su diagn\u00f3stico y c\u00f3mo usted est\u00e1 sustancialmente discapacitado. P\u00eddales&hellip;<\/p>\n","protected":false},"author":1,"featured_media":0,"parent":37,"menu_order":21,"comment_status":"closed","ping_status":"closed","template":"","meta":{"footnotes":""},"class_list":["post-954","page","type-page","status-publish","hentry"],"_links":{"self":[{"href":"https:\/\/rula.disabilityrightsca.org\/es\/wp-json\/wp\/v2\/pages\/954","targetHints":{"allow":["GET"]}}],"collection":[{"href":"https:\/\/rula.disabilityrightsca.org\/es\/wp-json\/wp\/v2\/pages"}],"about":[{"href":"https:\/\/rula.disabilityrightsca.org\/es\/wp-json\/wp\/v2\/types\/page"}],"author":[{"embeddable":true,"href":"https:\/\/rula.disabilityrightsca.org\/es\/wp-json\/wp\/v2\/users\/1"}],"replies":[{"embeddable":true,"href":"https:\/\/rula.disabilityrightsca.org\/es\/wp-json\/wp\/v2\/comments?post=954"}],"version-history":[{"count":6,"href":"https:\/\/rula.disabilityrightsca.org\/es\/wp-json\/wp\/v2\/pages\/954\/revisions"}],"predecessor-version":[{"id":3648,"href":"https:\/\/rula.disabilityrightsca.org\/es\/wp-json\/wp\/v2\/pages\/954\/revisions\/3648"}],"up":[{"embeddable":true,"href":"https:\/\/rula.disabilityrightsca.org\/es\/wp-json\/wp\/v2\/pages\/37"}],"wp:attachment":[{"href":"https:\/\/rula.disabilityrightsca.org\/es\/wp-json\/wp\/v2\/media?parent=954"}],"curies":[{"name":"wp","href":"https:\/\/api.w.org\/{rel}","templated":true}]}}