{"id":950,"date":"2021-05-05T21:07:10","date_gmt":"2021-05-05T21:07:10","guid":{"rendered":"http:\/\/www.rula.disabilityrightsca.org\/es\/?page_id=950"},"modified":"2022-02-11T01:09:04","modified_gmt":"2022-02-11T01:09:04","slug":"2-19-soy-elegible-para-los-servicios-del-centro-regional-si-mi-afeccion-esta-estrechamente-relacionada-con-el-autismo-la-paralisis-cerebral-o-la-epilepsia","status":"publish","type":"page","link":"https:\/\/rula.disabilityrightsca.org\/es\/rula-book\/capitulo-2-discapacidades-del-desarrollo\/2-19-soy-elegible-para-los-servicios-del-centro-regional-si-mi-afeccion-esta-estrechamente-relacionada-con-el-autismo-la-paralisis-cerebral-o-la-epilepsia\/","title":{"rendered":"(2.19) \u00bfSoy elegible para los servicios del centro regional si mi afecci\u00f3n est\u00e1 estrechamente relacionada con el autismo, la par\u00e1lisis cerebral o la epilepsia?"},"content":{"rendered":"\n<p>No, la ley no otorga elegibilidad para afecciones estrechamente relacionadas o que requieran un tratamiento similar a cualquiera de las otras tres categor\u00edas. Solo califican las condiciones estrechamente relacionadas con la discapacidad intelectual o que requieran un tratamiento similar.<\/p>\n","protected":false},"excerpt":{"rendered":"<p>No, la ley no otorga elegibilidad para afecciones estrechamente relacionadas o que requieran un tratamiento similar a cualquiera de las otras tres categor\u00edas. Solo califican&hellip;<\/p>\n","protected":false},"author":1,"featured_media":0,"parent":37,"menu_order":19,"comment_status":"closed","ping_status":"closed","template":"","meta":{"footnotes":""},"class_list":["post-950","page","type-page","status-publish","hentry"],"_links":{"self":[{"href":"https:\/\/rula.disabilityrightsca.org\/es\/wp-json\/wp\/v2\/pages\/950","targetHints":{"allow":["GET"]}}],"collection":[{"href":"https:\/\/rula.disabilityrightsca.org\/es\/wp-json\/wp\/v2\/pages"}],"about":[{"href":"https:\/\/rula.disabilityrightsca.org\/es\/wp-json\/wp\/v2\/types\/page"}],"author":[{"embeddable":true,"href":"https:\/\/rula.disabilityrightsca.org\/es\/wp-json\/wp\/v2\/users\/1"}],"replies":[{"embeddable":true,"href":"https:\/\/rula.disabilityrightsca.org\/es\/wp-json\/wp\/v2\/comments?post=950"}],"version-history":[{"count":3,"href":"https:\/\/rula.disabilityrightsca.org\/es\/wp-json\/wp\/v2\/pages\/950\/revisions"}],"predecessor-version":[{"id":2744,"href":"https:\/\/rula.disabilityrightsca.org\/es\/wp-json\/wp\/v2\/pages\/950\/revisions\/2744"}],"up":[{"embeddable":true,"href":"https:\/\/rula.disabilityrightsca.org\/es\/wp-json\/wp\/v2\/pages\/37"}],"wp:attachment":[{"href":"https:\/\/rula.disabilityrightsca.org\/es\/wp-json\/wp\/v2\/media?parent=950"}],"curies":[{"name":"wp","href":"https:\/\/api.w.org\/{rel}","templated":true}]}}