{"id":948,"date":"2021-05-05T21:05:40","date_gmt":"2021-05-05T21:05:40","guid":{"rendered":"http:\/\/www.rula.disabilityrightsca.org\/es\/?page_id=948"},"modified":"2023-12-04T20:17:16","modified_gmt":"2023-12-04T20:17:16","slug":"2-18-mi-evaluacion-fue-realizada-por-el-psicologo-del-centro-regional-deberia-obtener-otra-evaluacion-de-un-psicologo-diferente","status":"publish","type":"page","link":"https:\/\/rula.disabilityrightsca.org\/es\/rula-book\/capitulo-2-discapacidades-del-desarrollo\/2-18-mi-evaluacion-fue-realizada-por-el-psicologo-del-centro-regional-deberia-obtener-otra-evaluacion-de-un-psicologo-diferente\/","title":{"rendered":"(2.18) Mi evaluaci\u00f3n fue realizada por el psic\u00f3logo del centro regional. \u00bfDeber\u00eda obtener otra evaluaci\u00f3n de un psic\u00f3logo diferente?"},"content":{"rendered":"\n<p>Primero, espere para saber si el psic\u00f3logo del centro regional dice si califica para los servicios del centro regional. Si dicen que<strong> no<\/strong> califica y no est\u00e1 de acuerdo, obtenga una evaluaci\u00f3n independiente. Las evaluaciones y los diagn\u00f3sticos psicol\u00f3gicos no son una ciencia exacta. Para diagnosticarlo, los psic\u00f3logos interpretan la informaci\u00f3n que obtienen de las pruebas y los registros. Diferentes psic\u00f3logos pueden interpretar la misma informaci\u00f3n de manera diferente. Obtenga otra evaluaci\u00f3n. Busque un psic\u00f3logo independiente que pueda evaluarlo y est\u00e9 familiarizado con las discapacidades del desarrollo. Los evaluadores independientes pueden ser m\u00e1s equilibrados en sus evaluaciones. Pueden tomarse m\u00e1s tiempo con usted. Si el centro regional dice que no es elegible y usted apela, recuerde que el centro regional consultar\u00e1 la evaluaci\u00f3n y las opiniones de su psic\u00f3logo en la audiencia de apelaci\u00f3n. El centro regional generalmente incluir\u00e1 al psic\u00f3logo en la audiencia para respaldar sus opiniones. Usted necesita que un experto independiente le d\u00e9 al juez una opini\u00f3n diferente sobre su condici\u00f3n.<\/p>\n","protected":false},"excerpt":{"rendered":"<p>Primero, espere para saber si el psic\u00f3logo del centro regional dice si califica para los servicios del centro regional. Si dicen que no califica y&hellip;<\/p>\n","protected":false},"author":1,"featured_media":0,"parent":37,"menu_order":18,"comment_status":"closed","ping_status":"closed","template":"","meta":{"footnotes":""},"class_list":["post-948","page","type-page","status-publish","hentry"],"_links":{"self":[{"href":"https:\/\/rula.disabilityrightsca.org\/es\/wp-json\/wp\/v2\/pages\/948","targetHints":{"allow":["GET"]}}],"collection":[{"href":"https:\/\/rula.disabilityrightsca.org\/es\/wp-json\/wp\/v2\/pages"}],"about":[{"href":"https:\/\/rula.disabilityrightsca.org\/es\/wp-json\/wp\/v2\/types\/page"}],"author":[{"embeddable":true,"href":"https:\/\/rula.disabilityrightsca.org\/es\/wp-json\/wp\/v2\/users\/1"}],"replies":[{"embeddable":true,"href":"https:\/\/rula.disabilityrightsca.org\/es\/wp-json\/wp\/v2\/comments?post=948"}],"version-history":[{"count":5,"href":"https:\/\/rula.disabilityrightsca.org\/es\/wp-json\/wp\/v2\/pages\/948\/revisions"}],"predecessor-version":[{"id":3645,"href":"https:\/\/rula.disabilityrightsca.org\/es\/wp-json\/wp\/v2\/pages\/948\/revisions\/3645"}],"up":[{"embeddable":true,"href":"https:\/\/rula.disabilityrightsca.org\/es\/wp-json\/wp\/v2\/pages\/37"}],"wp:attachment":[{"href":"https:\/\/rula.disabilityrightsca.org\/es\/wp-json\/wp\/v2\/media?parent=948"}],"curies":[{"name":"wp","href":"https:\/\/api.w.org\/{rel}","templated":true}]}}