{"id":946,"date":"2021-05-05T21:03:32","date_gmt":"2021-05-05T21:03:32","guid":{"rendered":"http:\/\/www.rula.disabilityrightsca.org\/es\/?page_id=946"},"modified":"2023-12-04T20:13:43","modified_gmt":"2023-12-04T20:13:43","slug":"2-17-si-otras-personas-con-mi-misma-discapacidad-son-elegibles-bajo-la-quinta-categoria-sere-yo-tambien-elegible","status":"publish","type":"page","link":"https:\/\/rula.disabilityrightsca.org\/es\/rula-book\/capitulo-2-discapacidades-del-desarrollo\/2-17-si-otras-personas-con-mi-misma-discapacidad-son-elegibles-bajo-la-quinta-categoria-sere-yo-tambien-elegible\/","title":{"rendered":"(2.17) Si otras personas con mi misma discapacidad son elegibles bajo la quinta categor\u00eda, \u00bfser\u00e9 yo tambi\u00e9n elegible?"},"content":{"rendered":"\n<p>Tal vez no. La elegibilidad del centro regional es individualizada porque las discapacidades son individualizadas. Incluso si tiene exactamente el mismo diagn\u00f3stico o condici\u00f3n que alguien que es cliente del centro regional, usted no puede asumir que ser\u00e1 elegible. El centro regional analizar\u00e1 c\u00f3mo su discapacidad le afecta a <em>usted<\/em>. La forma en que se ve afectado depende de si recibi\u00f3 servicios de intervenci\u00f3n temprana, ayuda en la escuela u otros servicios que lo ayudaron a aprender habilidades.<\/p>\n","protected":false},"excerpt":{"rendered":"<p>Tal vez no. La elegibilidad del centro regional es individualizada porque las discapacidades son individualizadas. Incluso si tiene exactamente el mismo diagn\u00f3stico o condici\u00f3n que&hellip;<\/p>\n","protected":false},"author":1,"featured_media":0,"parent":37,"menu_order":17,"comment_status":"closed","ping_status":"closed","template":"","meta":{"footnotes":""},"class_list":["post-946","page","type-page","status-publish","hentry"],"_links":{"self":[{"href":"https:\/\/rula.disabilityrightsca.org\/es\/wp-json\/wp\/v2\/pages\/946","targetHints":{"allow":["GET"]}}],"collection":[{"href":"https:\/\/rula.disabilityrightsca.org\/es\/wp-json\/wp\/v2\/pages"}],"about":[{"href":"https:\/\/rula.disabilityrightsca.org\/es\/wp-json\/wp\/v2\/types\/page"}],"author":[{"embeddable":true,"href":"https:\/\/rula.disabilityrightsca.org\/es\/wp-json\/wp\/v2\/users\/1"}],"replies":[{"embeddable":true,"href":"https:\/\/rula.disabilityrightsca.org\/es\/wp-json\/wp\/v2\/comments?post=946"}],"version-history":[{"count":4,"href":"https:\/\/rula.disabilityrightsca.org\/es\/wp-json\/wp\/v2\/pages\/946\/revisions"}],"predecessor-version":[{"id":3643,"href":"https:\/\/rula.disabilityrightsca.org\/es\/wp-json\/wp\/v2\/pages\/946\/revisions\/3643"}],"up":[{"embeddable":true,"href":"https:\/\/rula.disabilityrightsca.org\/es\/wp-json\/wp\/v2\/pages\/37"}],"wp:attachment":[{"href":"https:\/\/rula.disabilityrightsca.org\/es\/wp-json\/wp\/v2\/media?parent=946"}],"curies":[{"name":"wp","href":"https:\/\/api.w.org\/{rel}","templated":true}]}}