{"id":944,"date":"2021-05-05T21:01:35","date_gmt":"2021-05-05T21:01:35","guid":{"rendered":"http:\/\/www.rula.disabilityrightsca.org\/es\/?page_id=944"},"modified":"2022-02-11T01:06:36","modified_gmt":"2022-02-11T01:06:36","slug":"2-16-que-informacion-debo-dar-al-centro-regional-si-aplico-por-la-quinta-categoria","status":"publish","type":"page","link":"https:\/\/rula.disabilityrightsca.org\/es\/rula-book\/capitulo-2-discapacidades-del-desarrollo\/2-16-que-informacion-debo-dar-al-centro-regional-si-aplico-por-la-quinta-categoria\/","title":{"rendered":"(2.16) \u00bfQu\u00e9 informaci\u00f3n debo dar al centro regional si aplico por la quinta categor\u00eda?"},"content":{"rendered":"\n<p>Sin importar en qu\u00e9 categor\u00eda aplique, entregue todos los documentos que demuestren su diagn\u00f3stico o afecci\u00f3n, qu\u00e9 tan grave es, c\u00f3mo afecta su funcionamiento y qu\u00e9 tratamiento necesita debido a ello. Los documentos pueden incluir:<\/p>\n\n\n\n<ul class=\"wp-block-list\"><li>Evaluaciones psicol\u00f3gicas que muestren su afecci\u00f3n y diagn\u00f3stico.<\/li><li>Resultados de las pruebas de habilidades adaptativas (habilidades de la vida diaria).<\/li><li>Registros m\u00e9dicos, registros escolares, su historial laboral, registros del Seguro Social y otros documentos que muestren su diagn\u00f3stico<\/li><li>Otros documentos que lo describan a usted y sus habilidades, como su trabajo o habilidades de aprendizaje, o la forma en que hace las cosas en casa.<\/li><li>Cartas de familiares y vecinos que lo describan.<\/li><\/ul>\n\n\n\n<p>Los registros escolares pueden ayudar si el distrito escolar ha realizado sus propias evaluaciones psicol\u00f3gicas. Los programas de educaci\u00f3n individual (IEP) muestran sus necesidades escolares relacionadas con la discapacidad. Recuerde que las evaluaciones escolares pueden no ser tan detalladas como otras evaluaciones psicol\u00f3gicas. Las escuelas utilizan diferentes est\u00e1ndares para determinar las necesidades. Hacen pruebas por razones determinadas, que no implican realizar un diagn\u00f3stico. Es posible que las escuelas no utilicen las mismas pruebas que un psic\u00f3logo independiente que est\u00e1 tratando de determinar su diagn\u00f3stico o condici\u00f3n general.<\/p>\n\n\n\n<p>Es posible que el centro regional le pida que firme autorizaciones para que puedan recopilar sus registros de otras agencias. F\u00edrmelos, pero le recomendamos que <strong>usted<\/strong> recopile los documentos y entregue copias de la informaci\u00f3n \u00fatil al centro regional. No dependa del centro regional para recopilar estos documentos por usted.<\/p>\n","protected":false},"excerpt":{"rendered":"<p>Sin importar en qu\u00e9 categor\u00eda aplique, entregue todos los documentos que demuestren su diagn\u00f3stico o afecci\u00f3n, qu\u00e9 tan grave es, c\u00f3mo afecta su funcionamiento y&hellip;<\/p>\n","protected":false},"author":1,"featured_media":0,"parent":37,"menu_order":16,"comment_status":"closed","ping_status":"closed","template":"","meta":{"footnotes":""},"class_list":["post-944","page","type-page","status-publish","hentry"],"_links":{"self":[{"href":"https:\/\/rula.disabilityrightsca.org\/es\/wp-json\/wp\/v2\/pages\/944","targetHints":{"allow":["GET"]}}],"collection":[{"href":"https:\/\/rula.disabilityrightsca.org\/es\/wp-json\/wp\/v2\/pages"}],"about":[{"href":"https:\/\/rula.disabilityrightsca.org\/es\/wp-json\/wp\/v2\/types\/page"}],"author":[{"embeddable":true,"href":"https:\/\/rula.disabilityrightsca.org\/es\/wp-json\/wp\/v2\/users\/1"}],"replies":[{"embeddable":true,"href":"https:\/\/rula.disabilityrightsca.org\/es\/wp-json\/wp\/v2\/comments?post=944"}],"version-history":[{"count":3,"href":"https:\/\/rula.disabilityrightsca.org\/es\/wp-json\/wp\/v2\/pages\/944\/revisions"}],"predecessor-version":[{"id":2741,"href":"https:\/\/rula.disabilityrightsca.org\/es\/wp-json\/wp\/v2\/pages\/944\/revisions\/2741"}],"up":[{"embeddable":true,"href":"https:\/\/rula.disabilityrightsca.org\/es\/wp-json\/wp\/v2\/pages\/37"}],"wp:attachment":[{"href":"https:\/\/rula.disabilityrightsca.org\/es\/wp-json\/wp\/v2\/media?parent=944"}],"curies":[{"name":"wp","href":"https:\/\/api.w.org\/{rel}","templated":true}]}}