{"id":942,"date":"2021-05-05T20:19:22","date_gmt":"2021-05-05T20:19:22","guid":{"rendered":"http:\/\/www.rula.disabilityrightsca.org\/es\/?page_id=942"},"modified":"2023-12-04T19:30:47","modified_gmt":"2023-12-04T19:30:47","slug":"2-15-como-puedo-ayudar-a-alguien-que-presenta-una-solicitud-al-centro-regional-porque-tiene-necesidades-de-tratamiento-similares-a-las-de-las-personas-con-discapacidad-intelectual","status":"publish","type":"page","link":"https:\/\/rula.disabilityrightsca.org\/es\/rula-book\/capitulo-2-discapacidades-del-desarrollo\/2-15-como-puedo-ayudar-a-alguien-que-presenta-una-solicitud-al-centro-regional-porque-tiene-necesidades-de-tratamiento-similares-a-las-de-las-personas-con-discapacidad-intelectual\/","title":{"rendered":"(2.15) \u00bfC\u00f3mo puedo ayudar a alguien que presenta una solicitud al centro regional porque tiene necesidades de tratamiento similares a las de las personas con discapacidad intelectual?"},"content":{"rendered":"\n<p>Recuerde que no hay una gu\u00eda clara sobre cu\u00e1les son las necesidades de tratamiento de las personas con discapacidad intelectual. Es posible que deba obtener una evaluaci\u00f3n independiente para los servicios del centro regional. La evaluaci\u00f3n primero debe analizar cu\u00e1les son las necesidades de tratamiento de las personas con discapacidad intelectual en general. Luego, debe analizar por qu\u00e9 usted necesita esos tratamientos para lograr una vida lo m\u00e1s independiente, productiva y normal posible.<\/p>\n\n\n\n<p>Los defensores y las familias tambi\u00e9n deben presentar informaci\u00f3n de la literatura cl\u00ednica publicada sobre las necesidades de tratamiento de las personas con discapacidad intelectual. Por ejemplo, el DSM-5, Discapacidad intelectual, Tabla 1, Columna 3, contiene varios tratamientos que necesitan las personas con discapacidad intelectual. \u00c9stos incluyen:<\/p>\n\n\n\n<ul class=\"wp-block-list\">\n<li>apoyo con tareas complejas de la vida diaria en comparaci\u00f3n con sus compa\u00f1eros, como compras, transporte, organizaci\u00f3n del hogar, preparaci\u00f3n de comidas nutritivas, operaciones bancarias y administraci\u00f3n del dinero<\/li>\n\n\n\n<li>apoyo en las decisiones relacionadas con el bienestar y la organizaci\u00f3n en torno a las actividades recreativas<\/li>\n\n\n\n<li>apoyo en la toma de decisiones legales y de atenci\u00f3n m\u00e9dica<\/li>\n\n\n\n<li>apoyo para formar una familia<\/li>\n\n\n\n<li>ayuda para aprender las habilidades necesarias para trabajar<\/li>\n<\/ul>\n\n\n\n<p>A pesar de que el caso de <em>Ronald F<\/em>. no est\u00e1 de acuerdo con <em>Samantha C<\/em>., <em>Ronald F<\/em>. no determina cu\u00e1les son realmente las necesidades de tratamiento de las personas con discapacidad intelectual. Pero en el caso de <em>Samantha C<\/em>. se decidi\u00f3 que estos servicios son tratamientos que necesitan las personas con discapacidad intelectual: ayuda para cocinar, transporte p\u00fablico, administraci\u00f3n del dinero, capacitaci\u00f3n vocacional y de rehabilitaci\u00f3n, capacitaci\u00f3n en habilidades para la vida independiente, ense\u00f1anza especializada y desarrollo de habilidades y servicios de empleo con apoyo. Si necesita ayuda o capacitaci\u00f3n en cualquiera de esas \u00e1reas, comun\u00edqueselo al centro regional o al juez.\u00a0El hecho de que <em>Ronald F.<\/em> los descarte como &#8220;servicios&#8221; y no como &#8220;tratamientos&#8221;, no deber\u00eda impedirle a usted enfatizarlos, porque muchos est\u00e1n en el DSM-5 como apoyos que necesitan las personas con discapacidad intelectual.<span class=\"footnote_referrer\"><a role=\"button\" tabindex=\"0\" onclick=\"footnote_moveToReference_942_1('footnote_plugin_reference_942_1_1');\" onkeypress=\"footnote_moveToReference_942_1('footnote_plugin_reference_942_1_1');\" ><sup id=\"footnote_plugin_tooltip_942_1_1\" class=\"footnote_plugin_tooltip_text\">[1]<\/sup><\/a><span id=\"footnote_plugin_tooltip_text_942_1_1\" class=\"footnote_tooltip\">Consulte Discapacidad intelectual, Tabla 1, Columna 3<\/span><\/span><script type=\"text\/javascript\"> jQuery('#footnote_plugin_tooltip_942_1_1').tooltip({ tip: '#footnote_plugin_tooltip_text_942_1_1', tipClass: 'footnote_tooltip', effect: 'fade', predelay: 0, fadeInSpeed: 200, delay: 400, fadeOutSpeed: 200, position: 'top center', relative: true, offset: [-7, 0], });<\/script><\/p>\n\n\n\n<p>De manera similar, si necesita alguna de las capacitaciones descritas en las Directivas ARCA, aunque la decisi\u00f3n de <em>Ronald F<\/em>. las considere &#8220;servicios&#8221; y no &#8220;tratamientos&#8221;, informe al centro regional o al juez. Las personas sin discapacidades pueden beneficiarse de muchos servicios del centro regional, as\u00ed que aclare que estos tratamientos no son cosas de las que simplemente se beneficiar\u00eda. En la quinta categor\u00eda, usted debe <strong>necesitar<\/strong> estos tratamientos para tener una vida lo m\u00e1s independiente, productiva y normal posible. Usted debe demostrar que cualquier tratamiento que necesite se debe a sus d\u00e9ficits intelectuales y no a alg\u00fan otro motivo. Tambi\u00e9n debe demostrar que su necesidad de tratamiento abarca todas o la mayor\u00eda de las \u00e1reas de su vida. <span class=\"footnote_referrer\"><a role=\"button\" tabindex=\"0\" onclick=\"footnote_moveToReference_942_1('footnote_plugin_reference_942_1_2');\" onkeypress=\"footnote_moveToReference_942_1('footnote_plugin_reference_942_1_2');\" ><sup id=\"footnote_plugin_tooltip_942_1_2\" class=\"footnote_plugin_tooltip_text\">[2]<\/sup><\/a><span id=\"footnote_plugin_tooltip_text_942_1_2\" class=\"footnote_tooltip\">Para ser diagnosticado con discapacidad intelectual, el DSM-5, Discapacidad intelectual, Criterios de diagn\u00f3stico, requiere que los d\u00e9ficits de funcionamiento adaptativo de una persona limiten su&nbsp;&#x2026; <span class=\"footnote_tooltip_continue\"  onclick=\"footnote_moveToReference_942_1('footnote_plugin_reference_942_1_2');\">Continue reading<\/span><\/span><\/span><script type=\"text\/javascript\"> jQuery('#footnote_plugin_tooltip_942_1_2').tooltip({ tip: '#footnote_plugin_tooltip_text_942_1_2', tipClass: 'footnote_tooltip', effect: 'fade', predelay: 0, fadeInSpeed: 200, delay: 400, fadeOutSpeed: 200, position: 'top center', relative: true, offset: [-7, 0], });<\/script><\/p>\n<div class=\"speaker-mute footnotes_reference_container\"> <div class=\"footnote_container_prepare\"><p><span role=\"button\" tabindex=\"0\" class=\"footnote_reference_container_label pointer\" onclick=\"footnote_expand_collapse_reference_container_942_1();\">&#x202F;<\/span><span role=\"button\" tabindex=\"0\" class=\"footnote_reference_container_collapse_button\" style=\"display: none;\" onclick=\"footnote_expand_collapse_reference_container_942_1();\">[<a id=\"footnote_reference_container_collapse_button_942_1\">+<\/a>]<\/span><\/p><\/div> <div id=\"footnote_references_container_942_1\" style=\"\"><table class=\"footnotes_table footnote-reference-container\"><caption class=\"accessibility\">References<\/caption> <tbody> \r\n\r\n<tr class=\"footnotes_plugin_reference_row\"> <th scope=\"row\" class=\"footnote_plugin_index_combi pointer\"  onclick=\"footnote_moveToAnchor_942_1('footnote_plugin_tooltip_942_1_1');\"><a id=\"footnote_plugin_reference_942_1_1\" class=\"footnote_backlink\"><span class=\"footnote_index_arrow\">&#8593;<\/span>1<\/a><\/th> <td class=\"footnote_plugin_text\">Consulte Discapacidad intelectual, Tabla 1, Columna 3<\/td><\/tr>\r\n\r\n<tr class=\"footnotes_plugin_reference_row\"> <th scope=\"row\" class=\"footnote_plugin_index_combi pointer\"  onclick=\"footnote_moveToAnchor_942_1('footnote_plugin_tooltip_942_1_2');\"><a id=\"footnote_plugin_reference_942_1_2\" class=\"footnote_backlink\"><span class=\"footnote_index_arrow\">&#8593;<\/span>2<\/a><\/th> <td class=\"footnote_plugin_text\">Para ser diagnosticado con discapacidad intelectual, el DSM-5, Discapacidad intelectual, Criterios de diagn\u00f3stico, requiere que los d\u00e9ficits de funcionamiento adaptativo de una persona limiten su funcionamiento en m\u00faltiples entornos como el hogar, la escuela, el trabajo y la comunidad<\/td><\/tr>\r\n\r\n <\/tbody> <\/table> <\/div><\/div><script type=\"text\/javascript\"> function footnote_expand_reference_container_942_1() { jQuery('#footnote_references_container_942_1').show(); jQuery('#footnote_reference_container_collapse_button_942_1').text('\u2212'); } function footnote_collapse_reference_container_942_1() { jQuery('#footnote_references_container_942_1').hide(); jQuery('#footnote_reference_container_collapse_button_942_1').text('+'); } function footnote_expand_collapse_reference_container_942_1() { if (jQuery('#footnote_references_container_942_1').is(':hidden')) { footnote_expand_reference_container_942_1(); } else { footnote_collapse_reference_container_942_1(); } } function footnote_moveToReference_942_1(p_str_TargetID) { footnote_expand_reference_container_942_1(); var l_obj_Target = jQuery('#' + p_str_TargetID); if (l_obj_Target.length) { jQuery( 'html, body' ).delay( 0 ); jQuery('html, body').animate({ scrollTop: l_obj_Target.offset().top - window.innerHeight * 0.2 }, 380); } } function footnote_moveToAnchor_942_1(p_str_TargetID) { footnote_expand_reference_container_942_1(); var l_obj_Target = jQuery('#' + p_str_TargetID); if (l_obj_Target.length) { jQuery( 'html, body' ).delay( 0 ); jQuery('html, body').animate({ scrollTop: l_obj_Target.offset().top - window.innerHeight * 0.2 }, 380); } }<\/script>","protected":false},"excerpt":{"rendered":"<p>Recuerde que no hay una gu\u00eda clara sobre cu\u00e1les son las necesidades de tratamiento de las personas con discapacidad intelectual. Es posible que deba obtener&hellip;<\/p>\n","protected":false},"author":1,"featured_media":0,"parent":37,"menu_order":15,"comment_status":"closed","ping_status":"closed","template":"","meta":{"footnotes":""},"class_list":["post-942","page","type-page","status-publish","hentry"],"_links":{"self":[{"href":"https:\/\/rula.disabilityrightsca.org\/es\/wp-json\/wp\/v2\/pages\/942","targetHints":{"allow":["GET"]}}],"collection":[{"href":"https:\/\/rula.disabilityrightsca.org\/es\/wp-json\/wp\/v2\/pages"}],"about":[{"href":"https:\/\/rula.disabilityrightsca.org\/es\/wp-json\/wp\/v2\/types\/page"}],"author":[{"embeddable":true,"href":"https:\/\/rula.disabilityrightsca.org\/es\/wp-json\/wp\/v2\/users\/1"}],"replies":[{"embeddable":true,"href":"https:\/\/rula.disabilityrightsca.org\/es\/wp-json\/wp\/v2\/comments?post=942"}],"version-history":[{"count":5,"href":"https:\/\/rula.disabilityrightsca.org\/es\/wp-json\/wp\/v2\/pages\/942\/revisions"}],"predecessor-version":[{"id":3642,"href":"https:\/\/rula.disabilityrightsca.org\/es\/wp-json\/wp\/v2\/pages\/942\/revisions\/3642"}],"up":[{"embeddable":true,"href":"https:\/\/rula.disabilityrightsca.org\/es\/wp-json\/wp\/v2\/pages\/37"}],"wp:attachment":[{"href":"https:\/\/rula.disabilityrightsca.org\/es\/wp-json\/wp\/v2\/media?parent=942"}],"curies":[{"name":"wp","href":"https:\/\/api.w.org\/{rel}","templated":true}]}}