{"id":940,"date":"2021-05-05T20:12:48","date_gmt":"2021-05-05T20:12:48","guid":{"rendered":"http:\/\/www.rula.disabilityrightsca.org\/es\/?page_id=940"},"modified":"2023-12-04T19:29:41","modified_gmt":"2023-12-04T19:29:41","slug":"2-14-que-significa-requerir-un-tratamiento-similar-al-que-requieren-las-personas-con-discapacidad-intelectual","status":"publish","type":"page","link":"https:\/\/rula.disabilityrightsca.org\/es\/rula-book\/capitulo-2-discapacidades-del-desarrollo\/2-14-que-significa-requerir-un-tratamiento-similar-al-que-requieren-las-personas-con-discapacidad-intelectual\/","title":{"rendered":"(2.14) \u00bfQu\u00e9 significa requerir un tratamiento similar al que requieren las personas con discapacidad intelectual?"},"content":{"rendered":"\n<p>El caso de <em>Samantha C. contra el Departamento de Servicios del Desarrollo del Estado<\/em> decidi\u00f3 si un solicitante del centro regional ten\u00eda una condici\u00f3n que requer\u00eda un tratamiento similar al requerido por las personas con discapacidad intelectual. <span class=\"footnote_referrer\"><a role=\"button\" tabindex=\"0\" onclick=\"footnote_moveToReference_940_1('footnote_plugin_reference_940_1_1');\" onkeypress=\"footnote_moveToReference_940_1('footnote_plugin_reference_940_1_1');\" ><sup id=\"footnote_plugin_tooltip_940_1_1\" class=\"footnote_plugin_tooltip_text\">[1]<\/sup><\/a><span id=\"footnote_plugin_tooltip_text_940_1_1\" class=\"footnote_tooltip\">185 Cal.App.4<sup>th<\/sup>\u00a01462 (2010)<\/span><\/span><script type=\"text\/javascript\"> jQuery('#footnote_plugin_tooltip_940_1_1').tooltip({ tip: '#footnote_plugin_tooltip_text_940_1_1', tipClass: 'footnote_tooltip', effect: 'fade', predelay: 0, fadeInSpeed: 200, delay: 400, fadeOutSpeed: 200, position: 'top center', relative: true, offset: [-7, 0], });<\/script> El caso dec\u00eda que las personas con discapacidad intelectual necesitan tratamiento como ayuda para cocinar, transporte p\u00fablico, manejo del dinero, capacitaci\u00f3n vocacional y de rehabilitaci\u00f3n, capacitaci\u00f3n en habilidades para la vida independiente, ense\u00f1anza especializada y enfoques de desarrollo de habilidades, y empleo con apoyo. El caso dec\u00eda que la solicitante no ten\u00eda una discapacidad intelectual, pero calificaba para el centro regional porque requer\u00eda todos estos tipos de tratamiento.<\/p>\n\n\n\n<p>El caso de <em>Ronald F. contra el Departamento Estatal de Servicios del Desarrollo<\/em> tambi\u00e9n decidi\u00f3 si alguien ten\u00eda una afecci\u00f3n que requer\u00eda un tratamiento similar al que requieren las personas con discapacidad intelectual. <span class=\"footnote_referrer\"><a role=\"button\" tabindex=\"0\" onclick=\"footnote_moveToReference_940_1('footnote_plugin_reference_940_1_2');\" onkeypress=\"footnote_moveToReference_940_1('footnote_plugin_reference_940_1_2');\" ><sup id=\"footnote_plugin_tooltip_940_1_2\" class=\"footnote_plugin_tooltip_text\">[2]<\/sup><\/a><span id=\"footnote_plugin_tooltip_text_940_1_2\" class=\"footnote_tooltip\">5 Cal.App.5<sup>th<\/sup>\u00a084 (2017)<\/span><\/span><script type=\"text\/javascript\"> jQuery('#footnote_plugin_tooltip_940_1_2').tooltip({ tip: '#footnote_plugin_tooltip_text_940_1_2', tipClass: 'footnote_tooltip', effect: 'fade', predelay: 0, fadeInSpeed: 200, delay: 400, fadeOutSpeed: 200, position: 'top center', relative: true, offset: [-7, 0], });<\/script> El caso de <em>Ronald F<\/em>. no est\u00e1 de acuerdo con <em>Samantha C<\/em>. El caso de <em>Ronald F<\/em>. dijo que el tratamiento requerido por las personas con discapacidad intelectual difiere de los servicios que las personas pueden obtener conforme a la Ley Lanterman. El caso decidi\u00f3 que el &#8220;tratamiento&#8221; se enumera por separado como un servicio que las personas pueden obtener en las secciones 4512(b) y 4502(b)(1) de la Ley Lanterman. El caso dijo que dicho tratamiento debe ser algo diferente y m\u00e1s espec\u00edfico que los servicios. El caso de <em>Ronald F<\/em>. sugiere que ninguno de los servicios en 4512(b), aparte del &#8220;tratamiento&#8221;, pueden ser ejemplos de tratamientos requeridos por personas con discapacidad intelectual. El tribunal de <em>Ronald F<\/em>. no dijo qu\u00e9 es el tratamiento. Solo dijo que los servicios brindados a personas con discapacidades del desarrollo no son tratamientos requeridos por personas con discapacidad intelectual.<\/p>\n\n\n\n<p><em>Ronald F<\/em>. no es consistente con las Directivas ARCA. Las Directivas ARCA dicen que la &#8220;habilitaci\u00f3n&#8221; es un ejemplo de capacitaci\u00f3n que puede ser un tratamiento requerido por las personas con discapacidad intelectual. <span class=\"footnote_referrer\"><a role=\"button\" tabindex=\"0\" onclick=\"footnote_moveToReference_940_1('footnote_plugin_reference_940_1_3');\" onkeypress=\"footnote_moveToReference_940_1('footnote_plugin_reference_940_1_3');\" ><sup id=\"footnote_plugin_tooltip_940_1_3\" class=\"footnote_plugin_tooltip_text\">[3]<\/sup><\/a><span id=\"footnote_plugin_tooltip_text_940_1_3\" class=\"footnote_tooltip\">Consulta las Directivas ARCA, secci\u00f3n II.C<\/span><\/span><script type=\"text\/javascript\"> jQuery('#footnote_plugin_tooltip_940_1_3').tooltip({ tip: '#footnote_plugin_tooltip_text_940_1_3', tipClass: 'footnote_tooltip', effect: 'fade', predelay: 0, fadeInSpeed: 200, delay: 400, fadeOutSpeed: 200, position: 'top center', relative: true, offset: [-7, 0], });<\/script> <em>Ronald F<\/em>. cita la secci\u00f3n 4512(b) para respaldar su conclusi\u00f3n de que los servicios no son tratamientos, pero la secci\u00f3n 4512(b) tambi\u00e9n enumera la &#8220;habilitaci\u00f3n&#8221; como un servicio que las personas con discapacidades del desarrollo pueden obtener. La secci\u00f3n 4502(b)(1) es otra secci\u00f3n de la Ley Lanterman citada por <em>Ronald F<\/em>. Dice: &#8220;Los servicios y apoyos de tratamiento y habilitaci\u00f3n deben fomentar el potencial de desarrollo de la persona\u2026&#8221;. <em>Ronald F<\/em>. dice que los servicios de habilitaci\u00f3n no podr\u00edan ser un tratamiento, porque si fueran un tratamiento, no se habr\u00edan distinguido del tratamiento en la ley. Si ning\u00fan servicio de la ley, aparte del tratamiento, puede ser un tratamiento requerido por personas con discapacidad intelectual, entonces la \u201chabilitaci\u00f3n\u201d tampoco puede ser un tratamiento requerido por personas con discapacidad intelectual. Pero las directivas ARCA dicen que s\u00ed.<\/p>\n\n\n\n<p>La Oficina de Audiencias Administrativas es la agencia que proporciona jueces de derecho administrativo para decidir las audiencias sobre la elegibilidad de los centros regionales. Ellos han adoptado la posici\u00f3n de la corte en <em>Ronald F<\/em>. de que los tratamientos requeridos por las personas con discapacidad intelectual son diferentes de los servicios proporcionados a las personas con discapacidades del desarrollo, en al menos una decisi\u00f3n. <span class=\"footnote_referrer\"><a role=\"button\" tabindex=\"0\" onclick=\"footnote_moveToReference_940_1('footnote_plugin_reference_940_1_4');\" onkeypress=\"footnote_moveToReference_940_1('footnote_plugin_reference_940_1_4');\" ><sup id=\"footnote_plugin_tooltip_940_1_4\" class=\"footnote_plugin_tooltip_text\">[4]<\/sup><\/a><span id=\"footnote_plugin_tooltip_text_940_1_4\" class=\"footnote_tooltip\">Demandante contra el Centro Regional Inland, Caso de OAH N.\u00ba 2018061194.1<\/span><\/span><script type=\"text\/javascript\"> jQuery('#footnote_plugin_tooltip_940_1_4').tooltip({ tip: '#footnote_plugin_tooltip_text_940_1_4', tipClass: 'footnote_tooltip', effect: 'fade', predelay: 0, fadeInSpeed: 200, delay: 400, fadeOutSpeed: 200, position: 'top center', relative: true, offset: [-7, 0], });<\/script><\/p>\n\n\n\n<p>Las directivas ARCA brindan informaci\u00f3n sobre los tratamientos que requieren las personas con discapacidad intelectual. Pero, como <em>Ronald F<\/em>., brindan m\u00e1s informaci\u00f3n sobre cu\u00e1les <strong>no son <\/strong>estas necesidades de tratamiento, que sobre las que <strong>s\u00ed<\/strong> lo son. Las directivas ARCA dicen que estos no son tratamientos para aumentar la motivaci\u00f3n o abordar los d\u00e9ficits causados por la privaci\u00f3n sociocultural. No se trata de entrenamientos de recuperaci\u00f3n a corto plazo. No son de rehabilitaci\u00f3n (a menos que se pierdan las habilidades y se intente recuperarlas antes de los 18 a\u00f1os).<\/p>\n\n\n\n<p>Las directivas ARCA dicen que los tratamientos requeridos por las personas con discapacidad intelectual son de habilitaci\u00f3n. El objetivo de la habilitaci\u00f3n es ayudar a las personas con discapacidades a adquirir, mejorar y mantener las habilidades que se utilizan en la vida diaria. Las directivas ARCA dicen que algunas cosas podr\u00edan ser los tratamientos requeridos por las personas con discapacidad intelectual. Uno, es el tratamiento para abordar los d\u00e9ficits de habilidades causados \u200b\u200bpor limitaciones intelectuales. Otro, es el entrenamiento a largo plazo con pasos divididos en peque\u00f1os partes que se ense\u00f1an mediante la repetici\u00f3n. Otro, son los apoyos educativos para ni\u00f1os que necesitan apoyos con modificaciones en muchas \u00e1reas de habilidades.<\/p>\n\n\n\n<p>El <a href=\"https:\/\/rula.disabilityrightsca.org\/es\/suplementos\/suplemento-f-servicios-y-apoyos-para-personas-con-discapacidades-cognitivas\/\" data-type=\"page\" data-id=\"1872\">Suplemento F<\/a> de este manual incluye una lista de las necesidades de tratamiento de las personas con discapacidad intelectual. Algunos de estos tratamientos han sido reconocidos como tratamientos requeridos por personas con discapacidad intelectual por los centros regionales, las Directivas ARCA, los jueces de derecho administrativo y los tribunales. Pero muchos no. No importa cuales sean las necesidades de tratamiento que tenga, deben ser causadas por su discapacidad intelectual y no por alguna otra discapacidad o afecci\u00f3n que tenga.<\/p>\n<div class=\"speaker-mute footnotes_reference_container\"> <div class=\"footnote_container_prepare\"><p><span role=\"button\" tabindex=\"0\" class=\"footnote_reference_container_label pointer\" onclick=\"footnote_expand_collapse_reference_container_940_1();\">&#x202F;<\/span><span role=\"button\" tabindex=\"0\" class=\"footnote_reference_container_collapse_button\" style=\"display: none;\" onclick=\"footnote_expand_collapse_reference_container_940_1();\">[<a id=\"footnote_reference_container_collapse_button_940_1\">+<\/a>]<\/span><\/p><\/div> <div id=\"footnote_references_container_940_1\" style=\"\"><table class=\"footnotes_table footnote-reference-container\"><caption class=\"accessibility\">References<\/caption> <tbody> \r\n\r\n<tr class=\"footnotes_plugin_reference_row\"> <th scope=\"row\" class=\"footnote_plugin_index_combi pointer\"  onclick=\"footnote_moveToAnchor_940_1('footnote_plugin_tooltip_940_1_1');\"><a id=\"footnote_plugin_reference_940_1_1\" class=\"footnote_backlink\"><span class=\"footnote_index_arrow\">&#8593;<\/span>1<\/a><\/th> <td class=\"footnote_plugin_text\">185 Cal.App.4<sup>th<\/sup>\u00a01462 (2010)<\/td><\/tr>\r\n\r\n<tr class=\"footnotes_plugin_reference_row\"> <th scope=\"row\" class=\"footnote_plugin_index_combi pointer\"  onclick=\"footnote_moveToAnchor_940_1('footnote_plugin_tooltip_940_1_2');\"><a id=\"footnote_plugin_reference_940_1_2\" class=\"footnote_backlink\"><span class=\"footnote_index_arrow\">&#8593;<\/span>2<\/a><\/th> <td class=\"footnote_plugin_text\">5 Cal.App.5<sup>th<\/sup>\u00a084 (2017)<\/td><\/tr>\r\n\r\n<tr class=\"footnotes_plugin_reference_row\"> <th scope=\"row\" class=\"footnote_plugin_index_combi pointer\"  onclick=\"footnote_moveToAnchor_940_1('footnote_plugin_tooltip_940_1_3');\"><a id=\"footnote_plugin_reference_940_1_3\" class=\"footnote_backlink\"><span class=\"footnote_index_arrow\">&#8593;<\/span>3<\/a><\/th> <td class=\"footnote_plugin_text\">Consulta las Directivas ARCA, secci\u00f3n II.C<\/td><\/tr>\r\n\r\n<tr class=\"footnotes_plugin_reference_row\"> <th scope=\"row\" class=\"footnote_plugin_index_combi pointer\"  onclick=\"footnote_moveToAnchor_940_1('footnote_plugin_tooltip_940_1_4');\"><a id=\"footnote_plugin_reference_940_1_4\" class=\"footnote_backlink\"><span class=\"footnote_index_arrow\">&#8593;<\/span>4<\/a><\/th> <td class=\"footnote_plugin_text\">Demandante contra el Centro Regional Inland, Caso de OAH N.\u00ba 2018061194.1<\/td><\/tr>\r\n\r\n <\/tbody> <\/table> <\/div><\/div><script type=\"text\/javascript\"> function footnote_expand_reference_container_940_1() { jQuery('#footnote_references_container_940_1').show(); jQuery('#footnote_reference_container_collapse_button_940_1').text('\u2212'); } function footnote_collapse_reference_container_940_1() { jQuery('#footnote_references_container_940_1').hide(); jQuery('#footnote_reference_container_collapse_button_940_1').text('+'); } function footnote_expand_collapse_reference_container_940_1() { if (jQuery('#footnote_references_container_940_1').is(':hidden')) { footnote_expand_reference_container_940_1(); } else { footnote_collapse_reference_container_940_1(); } } function footnote_moveToReference_940_1(p_str_TargetID) { footnote_expand_reference_container_940_1(); var l_obj_Target = jQuery('#' + p_str_TargetID); if (l_obj_Target.length) { jQuery( 'html, body' ).delay( 0 ); jQuery('html, body').animate({ scrollTop: l_obj_Target.offset().top - window.innerHeight * 0.2 }, 380); } } function footnote_moveToAnchor_940_1(p_str_TargetID) { footnote_expand_reference_container_940_1(); var l_obj_Target = jQuery('#' + p_str_TargetID); if (l_obj_Target.length) { jQuery( 'html, body' ).delay( 0 ); jQuery('html, body').animate({ scrollTop: l_obj_Target.offset().top - window.innerHeight * 0.2 }, 380); } }<\/script>","protected":false},"excerpt":{"rendered":"<p>El caso de Samantha C. contra el Departamento de Servicios del Desarrollo del Estado decidi\u00f3 si un solicitante del centro regional ten\u00eda una condici\u00f3n que&hellip;<\/p>\n","protected":false},"author":1,"featured_media":0,"parent":37,"menu_order":14,"comment_status":"closed","ping_status":"closed","template":"","meta":{"footnotes":""},"class_list":["post-940","page","type-page","status-publish","hentry"],"_links":{"self":[{"href":"https:\/\/rula.disabilityrightsca.org\/es\/wp-json\/wp\/v2\/pages\/940","targetHints":{"allow":["GET"]}}],"collection":[{"href":"https:\/\/rula.disabilityrightsca.org\/es\/wp-json\/wp\/v2\/pages"}],"about":[{"href":"https:\/\/rula.disabilityrightsca.org\/es\/wp-json\/wp\/v2\/types\/page"}],"author":[{"embeddable":true,"href":"https:\/\/rula.disabilityrightsca.org\/es\/wp-json\/wp\/v2\/users\/1"}],"replies":[{"embeddable":true,"href":"https:\/\/rula.disabilityrightsca.org\/es\/wp-json\/wp\/v2\/comments?post=940"}],"version-history":[{"count":8,"href":"https:\/\/rula.disabilityrightsca.org\/es\/wp-json\/wp\/v2\/pages\/940\/revisions"}],"predecessor-version":[{"id":3641,"href":"https:\/\/rula.disabilityrightsca.org\/es\/wp-json\/wp\/v2\/pages\/940\/revisions\/3641"}],"up":[{"embeddable":true,"href":"https:\/\/rula.disabilityrightsca.org\/es\/wp-json\/wp\/v2\/pages\/37"}],"wp:attachment":[{"href":"https:\/\/rula.disabilityrightsca.org\/es\/wp-json\/wp\/v2\/media?parent=940"}],"curies":[{"name":"wp","href":"https:\/\/api.w.org\/{rel}","templated":true}]}}