{"id":938,"date":"2021-05-05T19:58:15","date_gmt":"2021-05-05T19:58:15","guid":{"rendered":"http:\/\/www.rula.disabilityrightsca.org\/es\/?page_id=938"},"modified":"2023-12-04T19:28:32","modified_gmt":"2023-12-04T19:28:32","slug":"2-13-que-significa-tener-una-afeccion-estrechamente-relacionada-con-la-discapacidad-intelectual","status":"publish","type":"page","link":"https:\/\/rula.disabilityrightsca.org\/es\/rula-book\/capitulo-2-discapacidades-del-desarrollo\/2-13-que-significa-tener-una-afeccion-estrechamente-relacionada-con-la-discapacidad-intelectual\/","title":{"rendered":"(2.13) \u00bfQu\u00e9 significa tener una afecci\u00f3n estrechamente relacionada con la discapacidad intelectual?"},"content":{"rendered":"\n<p>Las partes principales de la discapacidad intelectual son problemas con el funcionamiento mental y el comportamiento adaptativo.&nbsp;Si usted aplica al centro regional en esta categor\u00eda, debe demostrar que tiene problemas en ambas \u00e1reas.&nbsp;Debe conocer las caracter\u00edsticas de la discapacidad intelectual. Debe mostrarle al centro regional o al juez qu\u00e9 funciones tiene.&nbsp;Tambi\u00e9n debe demostrar que estas caracter\u00edsticas son causadas por sus discapacidades mentales y no por algo m\u00e1s como discapacidades f\u00edsicas, de aprendizaje o psiqui\u00e1tricas. Debido a sus discapacidades mentales, las personas con discapacidad intelectual generalmente tienen problemas:<\/p>\n\n\n\n<ul class=\"wp-block-list\">\n<li>aprender habilidades acad\u00e9micas como lectura, escritura, matem\u00e1ticas, tiempo y dinero<\/li>\n\n\n\n<li>planificar, elaborar estrategias, establecer prioridades y adaptarse a las cosas que cambian<\/li>\n\n\n\n<li>recordar cosas<\/li>\n\n\n\n<li>comprender las se\u00f1ales sociales<\/li>\n\n\n\n<li>comunicaci\u00f3n (incluida la comunicaci\u00f3n no verbal), mantener una conversaci\u00f3n y lenguaje bidireccional<\/li>\n\n\n\n<li>controlar las emociones y los comportamientos, as\u00ed como otras personas de su edad.<\/li>\n\n\n\n<li>apreciar los riesgos en situaciones sociales, ejercer un buen juicio social y evitar la manipulaci\u00f3n por parte de otros<\/li>\n\n\n\n<li>comprar alimentos de forma independiente, moverse en la comunidad, organizar el hogar, comer alimentos saludables, administrar el dinero, tomar decisiones legales y de atenci\u00f3n m\u00e9dica, y usar bien el tiempo libre<\/li>\n\n\n\n<li>trabajar en empleos competitivos y tener buenas habilidades laborales. <span class=\"footnote_referrer\"><a role=\"button\" tabindex=\"0\" onclick=\"footnote_moveToReference_938_1('footnote_plugin_reference_938_1_1');\" onkeypress=\"footnote_moveToReference_938_1('footnote_plugin_reference_938_1_1');\" ><sup id=\"footnote_plugin_tooltip_938_1_1\" class=\"footnote_plugin_tooltip_text\">[1]<\/sup><\/a><span id=\"footnote_plugin_tooltip_text_938_1_1\" class=\"footnote_tooltip\">DSM-5, Discapacidad intelectual, Tabla 1<\/span><\/span><script type=\"text\/javascript\"> jQuery('#footnote_plugin_tooltip_938_1_1').tooltip({ tip: '#footnote_plugin_tooltip_text_938_1_1', tipClass: 'footnote_tooltip', effect: 'fade', predelay: 0, fadeInSpeed: 200, delay: 400, fadeOutSpeed: 200, position: 'top center', relative: true, offset: [-7, 0], });<\/script><\/li>\n<\/ul>\n\n\n\n<p>El caso de <em>Mason contra la Oficina de Audiencias Administrativas<\/em> decidi\u00f3 cuando alguien que aplica al centro regional, tiene una condici\u00f3n estrechamente relacionada con la discapacidad intelectual. <span class=\"footnote_referrer\"><a role=\"button\" tabindex=\"0\" onclick=\"footnote_moveToReference_938_1('footnote_plugin_reference_938_1_2');\" onkeypress=\"footnote_moveToReference_938_1('footnote_plugin_reference_938_1_2');\" ><sup id=\"footnote_plugin_tooltip_938_1_2\" class=\"footnote_plugin_tooltip_text\">[2]<\/sup><\/a><span id=\"footnote_plugin_tooltip_text_938_1_2\" class=\"footnote_tooltip\">89 Cal.App.4th 1119 (2001)<\/span><\/span><script type=\"text\/javascript\"> jQuery('#footnote_plugin_tooltip_938_1_2').tooltip({ tip: '#footnote_plugin_tooltip_text_938_1_2', tipClass: 'footnote_tooltip', effect: 'fade', predelay: 0, fadeInSpeed: 200, delay: 400, fadeOutSpeed: 200, position: 'top center', relative: true, offset: [-7, 0], });<\/script>\u00a0El tribunal decidi\u00f3 que una condici\u00f3n &#8220;estrechamente relacionada&#8221; debe ser muy similar a la discapacidad intelectual. Debe tener muchos de los mismos, o casi id\u00e9nticos factores necesarios para clasificar a una persona con discapacidad intelectual. <span class=\"footnote_referrer\"><a role=\"button\" tabindex=\"0\" onclick=\"footnote_moveToReference_938_1('footnote_plugin_reference_938_1_3');\" onkeypress=\"footnote_moveToReference_938_1('footnote_plugin_reference_938_1_3');\" ><sup id=\"footnote_plugin_tooltip_938_1_3\" class=\"footnote_plugin_tooltip_text\">[3]<\/sup><\/a><span id=\"footnote_plugin_tooltip_text_938_1_3\" class=\"footnote_tooltip\">Mason\u00a0en la p\u00e1gina 1129<\/span><\/span><script type=\"text\/javascript\"> jQuery('#footnote_plugin_tooltip_938_1_3').tooltip({ tip: '#footnote_plugin_tooltip_text_938_1_3', tipClass: 'footnote_tooltip', effect: 'fade', predelay: 0, fadeInSpeed: 200, delay: 400, fadeOutSpeed: 200, position: 'top center', relative: true, offset: [-7, 0], });<\/script><\/p>\n\n\n\n<p>Con Samantha C. contra el Departamento de Servicios del Desarrollo del Estado, el tribunal decidi\u00f3 que los problemas en el funcionamiento adaptativo por s\u00ed solos no eran suficientes para tener una afecci\u00f3n estrechamente relacionada con la discapacidad intelectual. <span class=\"footnote_referrer\"><a role=\"button\" tabindex=\"0\" onclick=\"footnote_moveToReference_938_1('footnote_plugin_reference_938_1_4');\" onkeypress=\"footnote_moveToReference_938_1('footnote_plugin_reference_938_1_4');\" ><sup id=\"footnote_plugin_tooltip_938_1_4\" class=\"footnote_plugin_tooltip_text\">[4]<\/sup><\/a><span id=\"footnote_plugin_tooltip_text_938_1_4\" class=\"footnote_tooltip\">185 Cal.App.4th\u00a01462 en 1486 (2010)<\/span><\/span><script type=\"text\/javascript\"> jQuery('#footnote_plugin_tooltip_938_1_4').tooltip({ tip: '#footnote_plugin_tooltip_text_938_1_4', tipClass: 'footnote_tooltip', effect: 'fade', predelay: 0, fadeInSpeed: 200, delay: 400, fadeOutSpeed: 200, position: 'top center', relative: true, offset: [-7, 0], });<\/script><\/p>\n\n\n\n<p>Los tribunales y los jueces de derecho administrativo han hablado en las decisiones sobre las Directivas de la Asociaci\u00f3n de Agencias de Centros Regionales para determinar la elegibilidad de quinta categor\u00eda para los centros regionales de California (2002). <span class=\"footnote_referrer\"><a role=\"button\" tabindex=\"0\" onclick=\"footnote_moveToReference_938_1('footnote_plugin_reference_938_1_5');\" onkeypress=\"footnote_moveToReference_938_1('footnote_plugin_reference_938_1_5');\" ><sup id=\"footnote_plugin_tooltip_938_1_5\" class=\"footnote_plugin_tooltip_text\">[5]<\/sup><\/a><span id=\"footnote_plugin_tooltip_text_938_1_5\" class=\"footnote_tooltip\">Samantha C. contra el Departamento de Servicios del Desarrollo del Estado (2010) 185 Cal.App .4th 1462, 1477; Ronald F. contra el Departamento de Servicios del Desarrollo (2017) 8 Cal.App.5th 84, 95;&nbsp;&#x2026; <span class=\"footnote_tooltip_continue\"  onclick=\"footnote_moveToReference_938_1('footnote_plugin_reference_938_1_5');\">Continue reading<\/span><\/span><\/span><script type=\"text\/javascript\"> jQuery('#footnote_plugin_tooltip_938_1_5').tooltip({ tip: '#footnote_plugin_tooltip_text_938_1_5', tipClass: 'footnote_tooltip', effect: 'fade', predelay: 0, fadeInSpeed: 200, delay: 400, fadeOutSpeed: 200, position: 'top center', relative: true, offset: [-7, 0], });<\/script> A este documento lo llamamos las &#8220;Directivas ARCA&#8221;. Las Directivas ARCA no son leyes. No son consideradas oficiales por la Legislatura, ning\u00fan tribunal o juez, o el Departamento de Discapacidades del Desarrollo.<\/p>\n\n\n\n<p>Para el funcionamiento cognitivo, las directivas ARCA dicen que una condici\u00f3n estrechamente relacionada con la discapacidad intelectual significa puntajes de CI en el rango l\u00edmite bajo (70-74). Las Directivas ARCA dicen que la condici\u00f3n afectar\u00eda su capacidad para resolver problemas con perspicacia, adaptarse a nuevas situaciones, pensar de manera abstracta y beneficiarse de la experiencia. <span class=\"footnote_referrer\"><a role=\"button\" tabindex=\"0\" onclick=\"footnote_moveToReference_938_1('footnote_plugin_reference_938_1_6');\" onkeypress=\"footnote_moveToReference_938_1('footnote_plugin_reference_938_1_6');\" ><sup id=\"footnote_plugin_tooltip_938_1_6\" class=\"footnote_plugin_tooltip_text\">[6]<\/sup><\/a><span id=\"footnote_plugin_tooltip_text_938_1_6\" class=\"footnote_tooltip\">Consulte el T\u00edtulo 17 del C\u00f3digo de Reglamentos, secci\u00f3n 54002<\/span><\/span><script type=\"text\/javascript\"> jQuery('#footnote_plugin_tooltip_938_1_6').tooltip({ tip: '#footnote_plugin_tooltip_text_938_1_6', tipClass: 'footnote_tooltip', effect: 'fade', predelay: 0, fadeInSpeed: 200, delay: 400, fadeOutSpeed: 200, position: 'top center', relative: true, offset: [-7, 0], });<\/script>\u00a0Las Directivas ARCA dicen que su condici\u00f3n debe ser estable en el tiempo. Esto significa que su condici\u00f3n no cambia mucho. Las Directivas ARCA dicen que las personas con discapacidad intelectual no muestran una diferencia importante entre sus habilidades cognitivas. Esto significa que no mostrar\u00eda problemas importantes con un tipo de habilidad cognitiva, como hablar, y fortalezas en otro tipo de habilidad cognitiva, como el desempe\u00f1o. Los jueces han establecido que las personas con discapacidad intelectual no muestran variaciones significativas en sus habilidades cognitivas, sino que tienen problemas importantes en la mayor\u00eda de las \u00e1reas del funcionamiento mental. <span class=\"footnote_referrer\"><a role=\"button\" tabindex=\"0\" onclick=\"footnote_moveToReference_938_1('footnote_plugin_reference_938_1_7');\" onkeypress=\"footnote_moveToReference_938_1('footnote_plugin_reference_938_1_7');\" ><sup id=\"footnote_plugin_tooltip_938_1_7\" class=\"footnote_plugin_tooltip_text\">[7]<\/sup><\/a><span id=\"footnote_plugin_tooltip_text_938_1_7\" class=\"footnote_tooltip\">Demandante contra en Centro Regional Inland (2021) Caso de OAH N.\u00ba 2018061194.1, p\u00e1ginas 44-46<\/span><\/span><script type=\"text\/javascript\"> jQuery('#footnote_plugin_tooltip_938_1_7').tooltip({ tip: '#footnote_plugin_tooltip_text_938_1_7', tipClass: 'footnote_tooltip', effect: 'fade', predelay: 0, fadeInSpeed: 200, delay: 400, fadeOutSpeed: 200, position: 'top center', relative: true, offset: [-7, 0], });<\/script><\/p>\n\n\n\n<p>Para los problemas de comportamiento adaptativo, las directivas ARCA se refieren principalmente al funcionamiento en las mismas \u00e1reas que la discapacidad sustancial (comunicaci\u00f3n, aprendizaje, autocuidado, movilidad, autodirecci\u00f3n, vida independiente y autosuficiencia econ\u00f3mica). Indican que se observe los puntajes en las pruebas de comportamiento adaptativo. Tambi\u00e9n consideran que las personas con discapacidad intelectual tienen problemas de comportamiento adaptativo que no provienen de condiciones de salud f\u00edsica o mental, problemas socioculturales, falta de motivaci\u00f3n, abuso de sustancias o experiencia limitada. <span class=\"footnote_referrer\"><a role=\"button\" tabindex=\"0\" onclick=\"footnote_moveToReference_938_1('footnote_plugin_reference_938_1_8');\" onkeypress=\"footnote_moveToReference_938_1('footnote_plugin_reference_938_1_8');\" ><sup id=\"footnote_plugin_tooltip_938_1_8\" class=\"footnote_plugin_tooltip_text\">[8]<\/sup><\/a><span id=\"footnote_plugin_tooltip_text_938_1_8\" class=\"footnote_tooltip\">Secci\u00f3n 4512(l)(1)<\/span><\/span><script type=\"text\/javascript\"> jQuery('#footnote_plugin_tooltip_938_1_8').tooltip({ tip: '#footnote_plugin_tooltip_text_938_1_8', tipClass: 'footnote_tooltip', effect: 'fade', predelay: 0, fadeInSpeed: 200, delay: 400, fadeOutSpeed: 200, position: 'top center', relative: true, offset: [-7, 0], });<\/script>\u00a0El <a href=\"https:\/\/rula.disabilityrightsca.org\/es\/suplementos\/suplemento-e-discapacidades-cognitivas\/\" data-type=\"page\" data-id=\"1858\">Suplemento E<\/a> de este manual incluye una lista de caracter\u00edsticas de la discapacidad intelectual. Algunas de estas han sido reconocidas como actos de discapacidad intelectual por los centros regionales, las Directivas ARCA, los jueces de derecho administrativo y los tribunales. Pero muchas no. Independientemente de las caracter\u00edsticas que tenga la discapacidad intelectual, deben ser causadas por la discapacidad intelectual y no por alguna otra discapacidad o afecci\u00f3n.<\/p>\n<div class=\"speaker-mute footnotes_reference_container\"> <div class=\"footnote_container_prepare\"><p><span role=\"button\" tabindex=\"0\" class=\"footnote_reference_container_label pointer\" onclick=\"footnote_expand_collapse_reference_container_938_1();\">&#x202F;<\/span><span role=\"button\" tabindex=\"0\" class=\"footnote_reference_container_collapse_button\" style=\"display: none;\" onclick=\"footnote_expand_collapse_reference_container_938_1();\">[<a id=\"footnote_reference_container_collapse_button_938_1\">+<\/a>]<\/span><\/p><\/div> <div id=\"footnote_references_container_938_1\" style=\"\"><table class=\"footnotes_table footnote-reference-container\"><caption class=\"accessibility\">References<\/caption> <tbody> \r\n\r\n<tr class=\"footnotes_plugin_reference_row\"> <th scope=\"row\" class=\"footnote_plugin_index_combi pointer\"  onclick=\"footnote_moveToAnchor_938_1('footnote_plugin_tooltip_938_1_1');\"><a id=\"footnote_plugin_reference_938_1_1\" class=\"footnote_backlink\"><span class=\"footnote_index_arrow\">&#8593;<\/span>1<\/a><\/th> <td class=\"footnote_plugin_text\">DSM-5, Discapacidad intelectual, Tabla 1<\/td><\/tr>\r\n\r\n<tr class=\"footnotes_plugin_reference_row\"> <th scope=\"row\" class=\"footnote_plugin_index_combi pointer\"  onclick=\"footnote_moveToAnchor_938_1('footnote_plugin_tooltip_938_1_2');\"><a id=\"footnote_plugin_reference_938_1_2\" class=\"footnote_backlink\"><span class=\"footnote_index_arrow\">&#8593;<\/span>2<\/a><\/th> <td class=\"footnote_plugin_text\">89 Cal.App.4th 1119 (2001)<\/td><\/tr>\r\n\r\n<tr class=\"footnotes_plugin_reference_row\"> <th scope=\"row\" class=\"footnote_plugin_index_combi pointer\"  onclick=\"footnote_moveToAnchor_938_1('footnote_plugin_tooltip_938_1_3');\"><a id=\"footnote_plugin_reference_938_1_3\" class=\"footnote_backlink\"><span class=\"footnote_index_arrow\">&#8593;<\/span>3<\/a><\/th> <td class=\"footnote_plugin_text\">Mason\u00a0en la p\u00e1gina 1129<\/td><\/tr>\r\n\r\n<tr class=\"footnotes_plugin_reference_row\"> <th scope=\"row\" class=\"footnote_plugin_index_combi pointer\"  onclick=\"footnote_moveToAnchor_938_1('footnote_plugin_tooltip_938_1_4');\"><a id=\"footnote_plugin_reference_938_1_4\" class=\"footnote_backlink\"><span class=\"footnote_index_arrow\">&#8593;<\/span>4<\/a><\/th> <td class=\"footnote_plugin_text\">185 Cal.App.4th\u00a01462 en 1486 (2010)<\/td><\/tr>\r\n\r\n<tr class=\"footnotes_plugin_reference_row\"> <th scope=\"row\" class=\"footnote_plugin_index_combi pointer\"  onclick=\"footnote_moveToAnchor_938_1('footnote_plugin_tooltip_938_1_5');\"><a id=\"footnote_plugin_reference_938_1_5\" class=\"footnote_backlink\"><span class=\"footnote_index_arrow\">&#8593;<\/span>5<\/a><\/th> <td class=\"footnote_plugin_text\">Samantha C. contra el Departamento de Servicios del Desarrollo del Estado (2010) 185 Cal.App .4th 1462, 1477; Ronald F. contra el Departamento de Servicios del Desarrollo (2017) 8 Cal.App.5th 84, 95; Demandante contra Inland Regional Center (2021) Caso de OAH N.\u00ba 2018061194.1, p\u00e1g. 19<\/td><\/tr>\r\n\r\n<tr class=\"footnotes_plugin_reference_row\"> <th scope=\"row\" class=\"footnote_plugin_index_combi pointer\"  onclick=\"footnote_moveToAnchor_938_1('footnote_plugin_tooltip_938_1_6');\"><a id=\"footnote_plugin_reference_938_1_6\" class=\"footnote_backlink\"><span class=\"footnote_index_arrow\">&#8593;<\/span>6<\/a><\/th> <td class=\"footnote_plugin_text\">Consulte el T\u00edtulo 17 del C\u00f3digo de Reglamentos, secci\u00f3n 54002<\/td><\/tr>\r\n\r\n<tr class=\"footnotes_plugin_reference_row\"> <th scope=\"row\" class=\"footnote_plugin_index_combi pointer\"  onclick=\"footnote_moveToAnchor_938_1('footnote_plugin_tooltip_938_1_7');\"><a id=\"footnote_plugin_reference_938_1_7\" class=\"footnote_backlink\"><span class=\"footnote_index_arrow\">&#8593;<\/span>7<\/a><\/th> <td class=\"footnote_plugin_text\">Demandante contra en Centro Regional Inland (2021) Caso de OAH N.\u00ba 2018061194.1, p\u00e1ginas 44-46<\/td><\/tr>\r\n\r\n<tr class=\"footnotes_plugin_reference_row\"> <th scope=\"row\" class=\"footnote_plugin_index_combi pointer\"  onclick=\"footnote_moveToAnchor_938_1('footnote_plugin_tooltip_938_1_8');\"><a id=\"footnote_plugin_reference_938_1_8\" class=\"footnote_backlink\"><span class=\"footnote_index_arrow\">&#8593;<\/span>8<\/a><\/th> <td class=\"footnote_plugin_text\">Secci\u00f3n 4512(l)(1)<\/td><\/tr>\r\n\r\n <\/tbody> <\/table> <\/div><\/div><script type=\"text\/javascript\"> function footnote_expand_reference_container_938_1() { jQuery('#footnote_references_container_938_1').show(); jQuery('#footnote_reference_container_collapse_button_938_1').text('\u2212'); } function footnote_collapse_reference_container_938_1() { jQuery('#footnote_references_container_938_1').hide(); jQuery('#footnote_reference_container_collapse_button_938_1').text('+'); } function footnote_expand_collapse_reference_container_938_1() { if (jQuery('#footnote_references_container_938_1').is(':hidden')) { footnote_expand_reference_container_938_1(); } else { footnote_collapse_reference_container_938_1(); } } function footnote_moveToReference_938_1(p_str_TargetID) { footnote_expand_reference_container_938_1(); var l_obj_Target = jQuery('#' + p_str_TargetID); if (l_obj_Target.length) { jQuery( 'html, body' ).delay( 0 ); jQuery('html, body').animate({ scrollTop: l_obj_Target.offset().top - window.innerHeight * 0.2 }, 380); } } function footnote_moveToAnchor_938_1(p_str_TargetID) { footnote_expand_reference_container_938_1(); var l_obj_Target = jQuery('#' + p_str_TargetID); if (l_obj_Target.length) { jQuery( 'html, body' ).delay( 0 ); jQuery('html, body').animate({ scrollTop: l_obj_Target.offset().top - window.innerHeight * 0.2 }, 380); } }<\/script>","protected":false},"excerpt":{"rendered":"<p>Las partes principales de la discapacidad intelectual son problemas con el funcionamiento mental y el comportamiento adaptativo.&nbsp;Si usted aplica al centro regional en esta categor\u00eda,&hellip;<\/p>\n","protected":false},"author":1,"featured_media":0,"parent":37,"menu_order":13,"comment_status":"closed","ping_status":"closed","template":"","meta":{"footnotes":""},"class_list":["post-938","page","type-page","status-publish","hentry"],"_links":{"self":[{"href":"https:\/\/rula.disabilityrightsca.org\/es\/wp-json\/wp\/v2\/pages\/938","targetHints":{"allow":["GET"]}}],"collection":[{"href":"https:\/\/rula.disabilityrightsca.org\/es\/wp-json\/wp\/v2\/pages"}],"about":[{"href":"https:\/\/rula.disabilityrightsca.org\/es\/wp-json\/wp\/v2\/types\/page"}],"author":[{"embeddable":true,"href":"https:\/\/rula.disabilityrightsca.org\/es\/wp-json\/wp\/v2\/users\/1"}],"replies":[{"embeddable":true,"href":"https:\/\/rula.disabilityrightsca.org\/es\/wp-json\/wp\/v2\/comments?post=938"}],"version-history":[{"count":12,"href":"https:\/\/rula.disabilityrightsca.org\/es\/wp-json\/wp\/v2\/pages\/938\/revisions"}],"predecessor-version":[{"id":3640,"href":"https:\/\/rula.disabilityrightsca.org\/es\/wp-json\/wp\/v2\/pages\/938\/revisions\/3640"}],"up":[{"embeddable":true,"href":"https:\/\/rula.disabilityrightsca.org\/es\/wp-json\/wp\/v2\/pages\/37"}],"wp:attachment":[{"href":"https:\/\/rula.disabilityrightsca.org\/es\/wp-json\/wp\/v2\/media?parent=938"}],"curies":[{"name":"wp","href":"https:\/\/api.w.org\/{rel}","templated":true}]}}