{"id":936,"date":"2021-05-05T19:11:38","date_gmt":"2021-05-05T19:11:38","guid":{"rendered":"http:\/\/www.rula.disabilityrightsca.org\/es\/?page_id=936"},"modified":"2022-02-11T01:02:29","modified_gmt":"2022-02-11T01:02:29","slug":"2-12-cuales-son-las-condiciones-estrechamente-relacionadas-con-la-discapacidad-intelectual-o-que-requieren-un-tratamiento-similar-al-de-la-discapacidad-intelectual","status":"publish","type":"page","link":"https:\/\/rula.disabilityrightsca.org\/es\/rula-book\/capitulo-2-discapacidades-del-desarrollo\/2-12-cuales-son-las-condiciones-estrechamente-relacionadas-con-la-discapacidad-intelectual-o-que-requieren-un-tratamiento-similar-al-de-la-discapacidad-intelectual\/","title":{"rendered":"(2.12) \u00bfCu\u00e1les son las condiciones estrechamente relacionadas con la discapacidad intelectual o que requieren un tratamiento similar al de la discapacidad intelectual?"},"content":{"rendered":"\n<p>Incluso si no tiene autismo, par\u00e1lisis cerebral, epilepsia o discapacidad intelectual, es posible que tenga una discapacidad del desarrollo si cumple con la &#8220;quinta categor\u00eda&#8221;. La quinta categor\u00eda es realmente dos categor\u00edas, que requieren:<\/p>\n\n\n\n<ul class=\"wp-block-list\"><li>Tener una afecci\u00f3n &#8220;estrechamente relacionada&#8221; con la discapacidad intelectual, <strong><em>o<\/em><\/strong><\/li><li>Necesitar un tratamiento &#8220;similar&#8221; al tratamiento para la discapacidad intelectual.<\/li><\/ul>\n\n\n\n<p>La ley no dice qu\u00e9 significa &#8220;estrechamente relacionado con&#8221; la discapacidad intelectual, o &#8220;tratamiento similar&#8221; al que se usa para las personas con discapacidad intelectual. La ley no dice qu\u00e9 tipos de condiciones caen dentro de la quinta categor\u00eda. Debido a que la ley no es clara, algunos centros regionales rara vez encuentran personas elegibles en la quinta categor\u00eda.<\/p>\n","protected":false},"excerpt":{"rendered":"<p>Incluso si no tiene autismo, par\u00e1lisis cerebral, epilepsia o discapacidad intelectual, es posible que tenga una discapacidad del desarrollo si cumple con la &#8220;quinta categor\u00eda&#8221;.&hellip;<\/p>\n","protected":false},"author":1,"featured_media":0,"parent":37,"menu_order":12,"comment_status":"closed","ping_status":"closed","template":"","meta":{"footnotes":""},"class_list":["post-936","page","type-page","status-publish","hentry"],"_links":{"self":[{"href":"https:\/\/rula.disabilityrightsca.org\/es\/wp-json\/wp\/v2\/pages\/936","targetHints":{"allow":["GET"]}}],"collection":[{"href":"https:\/\/rula.disabilityrightsca.org\/es\/wp-json\/wp\/v2\/pages"}],"about":[{"href":"https:\/\/rula.disabilityrightsca.org\/es\/wp-json\/wp\/v2\/types\/page"}],"author":[{"embeddable":true,"href":"https:\/\/rula.disabilityrightsca.org\/es\/wp-json\/wp\/v2\/users\/1"}],"replies":[{"embeddable":true,"href":"https:\/\/rula.disabilityrightsca.org\/es\/wp-json\/wp\/v2\/comments?post=936"}],"version-history":[{"count":3,"href":"https:\/\/rula.disabilityrightsca.org\/es\/wp-json\/wp\/v2\/pages\/936\/revisions"}],"predecessor-version":[{"id":2737,"href":"https:\/\/rula.disabilityrightsca.org\/es\/wp-json\/wp\/v2\/pages\/936\/revisions\/2737"}],"up":[{"embeddable":true,"href":"https:\/\/rula.disabilityrightsca.org\/es\/wp-json\/wp\/v2\/pages\/37"}],"wp:attachment":[{"href":"https:\/\/rula.disabilityrightsca.org\/es\/wp-json\/wp\/v2\/media?parent=936"}],"curies":[{"name":"wp","href":"https:\/\/api.w.org\/{rel}","templated":true}]}}