{"id":934,"date":"2021-05-05T19:07:52","date_gmt":"2021-05-05T19:07:52","guid":{"rendered":"http:\/\/www.rula.disabilityrightsca.org\/es\/?page_id=934"},"modified":"2022-02-11T01:01:44","modified_gmt":"2022-02-11T01:01:44","slug":"2-11-que-es-la-epilepsia","status":"publish","type":"page","link":"https:\/\/rula.disabilityrightsca.org\/es\/rula-book\/capitulo-2-discapacidades-del-desarrollo\/2-11-que-es-la-epilepsia\/","title":{"rendered":"(2.11) \u00bfQu\u00e9 es la epilepsia?"},"content":{"rendered":"\n<p>La epilepsia es una afecci\u00f3n del cerebro que hace que las personas tengan convulsiones. Una convulsi\u00f3n es un cambio en la sensaci\u00f3n, la conciencia o el comportamiento provocado por una breve perturbaci\u00f3n el\u00e9ctrica en el cerebro. Las convulsiones var\u00edan en intensidad. Algunas provocan momentos de alteraci\u00f3n sensorial. Otros causan per\u00edodos cortos de inconsciencia, ataques de mirada fija y temblores. Algunas personas tienen solo un tipo de convulsi\u00f3n. Otros tienen m\u00e1s de un tipo. Aunque se ven diferentes, todas las convulsiones son causadas por lo mismo: un cambio repentino en la forma en que las c\u00e9lulas cerebrales env\u00edan se\u00f1ales el\u00e9ctricas.<\/p>\n\n\n\n<p>Si tiene epilepsia, probablemente usted ya sabe que no es un trastorno mental. Puede ser causada por cualquier cosa que afecte al cerebro, incluidos tumores y accidentes cerebrovasculares. A veces, la epilepsia se hereda. A veces no se encuentra la causa.<\/p>\n\n\n\n<p>Los m\u00e9dicos tratan la epilepsia con medicamentos para prevenir las convulsiones, cirug\u00eda, dieta o estimulaci\u00f3n el\u00e9ctrica. Si el tratamiento funciona y sus convulsiones est\u00e1n bajo control, es posible que no sea elegible para los servicios del centro regional.<\/p>\n\n\n\n<p>Para obtener m\u00e1s informaci\u00f3n sobre la epilepsia, <a href=\"https:\/\/medlineplus.gov\/epilepsy.html\">haga clic aqu\u00ed<\/a> y <a href=\"https:\/\/www.epilepsy.com\/\">aqu\u00ed<\/a>.<\/p>\n","protected":false},"excerpt":{"rendered":"<p>La epilepsia es una afecci\u00f3n del cerebro que hace que las personas tengan convulsiones. Una convulsi\u00f3n es un cambio en la sensaci\u00f3n, la conciencia o&hellip;<\/p>\n","protected":false},"author":1,"featured_media":0,"parent":37,"menu_order":11,"comment_status":"closed","ping_status":"closed","template":"","meta":{"footnotes":""},"class_list":["post-934","page","type-page","status-publish","hentry"],"_links":{"self":[{"href":"https:\/\/rula.disabilityrightsca.org\/es\/wp-json\/wp\/v2\/pages\/934","targetHints":{"allow":["GET"]}}],"collection":[{"href":"https:\/\/rula.disabilityrightsca.org\/es\/wp-json\/wp\/v2\/pages"}],"about":[{"href":"https:\/\/rula.disabilityrightsca.org\/es\/wp-json\/wp\/v2\/types\/page"}],"author":[{"embeddable":true,"href":"https:\/\/rula.disabilityrightsca.org\/es\/wp-json\/wp\/v2\/users\/1"}],"replies":[{"embeddable":true,"href":"https:\/\/rula.disabilityrightsca.org\/es\/wp-json\/wp\/v2\/comments?post=934"}],"version-history":[{"count":3,"href":"https:\/\/rula.disabilityrightsca.org\/es\/wp-json\/wp\/v2\/pages\/934\/revisions"}],"predecessor-version":[{"id":2736,"href":"https:\/\/rula.disabilityrightsca.org\/es\/wp-json\/wp\/v2\/pages\/934\/revisions\/2736"}],"up":[{"embeddable":true,"href":"https:\/\/rula.disabilityrightsca.org\/es\/wp-json\/wp\/v2\/pages\/37"}],"wp:attachment":[{"href":"https:\/\/rula.disabilityrightsca.org\/es\/wp-json\/wp\/v2\/media?parent=934"}],"curies":[{"name":"wp","href":"https:\/\/api.w.org\/{rel}","templated":true}]}}