{"id":931,"date":"2021-05-05T19:06:10","date_gmt":"2021-05-05T19:06:10","guid":{"rendered":"http:\/\/www.rula.disabilityrightsca.org\/es\/?page_id=931"},"modified":"2023-12-04T19:24:53","modified_gmt":"2023-12-04T19:24:53","slug":"2-10-que-es-el-autismo","status":"publish","type":"page","link":"https:\/\/rula.disabilityrightsca.org\/es\/rula-book\/capitulo-2-discapacidades-del-desarrollo\/2-10-que-es-el-autismo\/","title":{"rendered":"(2.10) \u00bfQu\u00e9 es el autismo?"},"content":{"rendered":"\n<p>Las personas con autismo deben tener:<\/p>\n\n\n\n<ul class=\"wp-block-list\">\n<li>Problemas persistentes con la comunicaci\u00f3n social y la interacci\u00f3n en m\u00faltiples entornos. Estos incluyen problemas con la reciprocidad socioemocional, la comunicaci\u00f3n no verbal utilizada para la interacci\u00f3n social, y el desarrollo, mantenimiento y comprensi\u00f3n de las relaciones.<\/li>\n\n\n\n<li>Patrones de comportamiento, intereses o actividades restringidos y repetitivos. Estos incluyen: movimientos motores estereotipados o repetitivos o uso de objetos, insistencia en la igualdad, intereses fijos y muy restringidos, hiperreactividad o hiporreactividad a la informaci\u00f3n sensorial.<\/li>\n<\/ul>\n\n\n\n<p>Los s\u00edntomas del autismo deben estar presentes en el per\u00edodo de desarrollo temprano de la vida, pero es posible que no se aclaren hasta m\u00e1s tarde, cuando aumentan las demandas sociales. Los s\u00edntomas del autismo deben causar importantes impedimentos sociales, ocupacionales o en otras \u00e1reas importantes del funcionamiento. <span class=\"footnote_referrer\"><a role=\"button\" tabindex=\"0\" onclick=\"footnote_moveToReference_931_1('footnote_plugin_reference_931_1_1');\" onkeypress=\"footnote_moveToReference_931_1('footnote_plugin_reference_931_1_1');\" ><sup id=\"footnote_plugin_tooltip_931_1_1\" class=\"footnote_plugin_tooltip_text\">[1]<\/sup><\/a><span id=\"footnote_plugin_tooltip_text_931_1_1\" class=\"footnote_tooltip\">Aunque la Ley Lanterman usa el t\u00e9rmino &#8220;autismo&#8221; y el DSM-5 usa el t\u00e9rmino &#8220;Trastorno del espectro autista&#8221;, los jueces de derecho administrativo de la Oficina de Audiencias&nbsp;&#x2026; <span class=\"footnote_tooltip_continue\"  onclick=\"footnote_moveToReference_931_1('footnote_plugin_reference_931_1_1');\">Continue reading<\/span><\/span><\/span><script type=\"text\/javascript\"> jQuery('#footnote_plugin_tooltip_931_1_1').tooltip({ tip: '#footnote_plugin_tooltip_text_931_1_1', tipClass: 'footnote_tooltip', effect: 'fade', predelay: 0, fadeInSpeed: 200, delay: 400, fadeOutSpeed: 200, position: 'top center', relative: true, offset: [-7, 0], });<\/script> La gravedad del autismo var\u00eda de una persona a otra. Para obtener m\u00e1s informaci\u00f3n sobre el autismo, <a href=\"https:\/\/medlineplus.gov\/autismspectrumdisorder.html\">haga clic aqu\u00ed<\/a><\/p>\n<div class=\"speaker-mute footnotes_reference_container\"> <div class=\"footnote_container_prepare\"><p><span role=\"button\" tabindex=\"0\" class=\"footnote_reference_container_label pointer\" onclick=\"footnote_expand_collapse_reference_container_931_1();\">&#x202F;<\/span><span role=\"button\" tabindex=\"0\" class=\"footnote_reference_container_collapse_button\" style=\"display: none;\" onclick=\"footnote_expand_collapse_reference_container_931_1();\">[<a id=\"footnote_reference_container_collapse_button_931_1\">+<\/a>]<\/span><\/p><\/div> <div id=\"footnote_references_container_931_1\" style=\"\"><table class=\"footnotes_table footnote-reference-container\"><caption class=\"accessibility\">References<\/caption> <tbody> \r\n\r\n<tr class=\"footnotes_plugin_reference_row\"> <th scope=\"row\" class=\"footnote_plugin_index_combi pointer\"  onclick=\"footnote_moveToAnchor_931_1('footnote_plugin_tooltip_931_1_1');\"><a id=\"footnote_plugin_reference_931_1_1\" class=\"footnote_backlink\"><span class=\"footnote_index_arrow\">&#8593;<\/span>1<\/a><\/th> <td class=\"footnote_plugin_text\">Aunque la Ley Lanterman usa el t\u00e9rmino &#8220;autismo&#8221; y el DSM-5 usa el t\u00e9rmino &#8220;Trastorno del espectro autista&#8221;, los jueces de derecho administrativo de la Oficina de Audiencias Administrativas, que resuelven disputas sobre si alguien tiene una discapacidad del desarrollo, han establecido que una persona diagnosticada con un trastorno del espectro autista debe considerarse alguien con autismo de conformidad con la Ley Lanterman. Demandante contra Centro Regional Centro Sur de Los \u00c1ngeles, Caso de OAH N.\u00ba 2020100386; Demandante contra Westside Regional Center, Caso de OAH N.\u00ba 2020040133<\/td><\/tr>\r\n\r\n <\/tbody> <\/table> <\/div><\/div><script type=\"text\/javascript\"> function footnote_expand_reference_container_931_1() { jQuery('#footnote_references_container_931_1').show(); jQuery('#footnote_reference_container_collapse_button_931_1').text('\u2212'); } function footnote_collapse_reference_container_931_1() { jQuery('#footnote_references_container_931_1').hide(); jQuery('#footnote_reference_container_collapse_button_931_1').text('+'); } function footnote_expand_collapse_reference_container_931_1() { if (jQuery('#footnote_references_container_931_1').is(':hidden')) { footnote_expand_reference_container_931_1(); } else { footnote_collapse_reference_container_931_1(); } } function footnote_moveToReference_931_1(p_str_TargetID) { footnote_expand_reference_container_931_1(); var l_obj_Target = jQuery('#' + p_str_TargetID); if (l_obj_Target.length) { jQuery( 'html, body' ).delay( 0 ); jQuery('html, body').animate({ scrollTop: l_obj_Target.offset().top - window.innerHeight * 0.2 }, 380); } } function footnote_moveToAnchor_931_1(p_str_TargetID) { footnote_expand_reference_container_931_1(); var l_obj_Target = jQuery('#' + p_str_TargetID); if (l_obj_Target.length) { jQuery( 'html, body' ).delay( 0 ); jQuery('html, body').animate({ scrollTop: l_obj_Target.offset().top - window.innerHeight * 0.2 }, 380); } }<\/script>","protected":false},"excerpt":{"rendered":"<p>Las personas con autismo deben tener: Los s\u00edntomas del autismo deben estar presentes en el per\u00edodo de desarrollo temprano de la vida, pero es posible&hellip;<\/p>\n","protected":false},"author":1,"featured_media":0,"parent":37,"menu_order":10,"comment_status":"closed","ping_status":"closed","template":"","meta":{"footnotes":""},"class_list":["post-931","page","type-page","status-publish","hentry"],"_links":{"self":[{"href":"https:\/\/rula.disabilityrightsca.org\/es\/wp-json\/wp\/v2\/pages\/931","targetHints":{"allow":["GET"]}}],"collection":[{"href":"https:\/\/rula.disabilityrightsca.org\/es\/wp-json\/wp\/v2\/pages"}],"about":[{"href":"https:\/\/rula.disabilityrightsca.org\/es\/wp-json\/wp\/v2\/types\/page"}],"author":[{"embeddable":true,"href":"https:\/\/rula.disabilityrightsca.org\/es\/wp-json\/wp\/v2\/users\/1"}],"replies":[{"embeddable":true,"href":"https:\/\/rula.disabilityrightsca.org\/es\/wp-json\/wp\/v2\/comments?post=931"}],"version-history":[{"count":6,"href":"https:\/\/rula.disabilityrightsca.org\/es\/wp-json\/wp\/v2\/pages\/931\/revisions"}],"predecessor-version":[{"id":3639,"href":"https:\/\/rula.disabilityrightsca.org\/es\/wp-json\/wp\/v2\/pages\/931\/revisions\/3639"}],"up":[{"embeddable":true,"href":"https:\/\/rula.disabilityrightsca.org\/es\/wp-json\/wp\/v2\/pages\/37"}],"wp:attachment":[{"href":"https:\/\/rula.disabilityrightsca.org\/es\/wp-json\/wp\/v2\/media?parent=931"}],"curies":[{"name":"wp","href":"https:\/\/api.w.org\/{rel}","templated":true}]}}