{"id":930,"date":"2021-05-05T19:04:29","date_gmt":"2021-05-05T19:04:29","guid":{"rendered":"http:\/\/www.rula.disabilityrightsca.org\/es\/?page_id=930"},"modified":"2022-02-11T00:59:56","modified_gmt":"2022-02-11T00:59:56","slug":"2-9-que-es-la-paralisis-cerebral","status":"publish","type":"page","link":"https:\/\/rula.disabilityrightsca.org\/es\/rula-book\/capitulo-2-discapacidades-del-desarrollo\/2-9-que-es-la-paralisis-cerebral\/","title":{"rendered":"(2.9) \u00bfQu\u00e9 es la par\u00e1lisis cerebral?"},"content":{"rendered":"\n<p>La par\u00e1lisis cerebral afecta su control sobre sus propios movimientos, postura o habla. Es causada por problemas en el desarrollo o da\u00f1o a las partes del cerebro que controlan los movimientos, la postura o el habla. La par\u00e1lisis cerebral generalmente comienza al nacer o durante los primeros a\u00f1os de vida. Los primeros signos aparecen antes de los 3 a\u00f1os. Los beb\u00e9s con par\u00e1lisis cerebral a menudo tardan en alcanzar hitos como aprender a darse la vuelta, sentarse, gatear, sonre\u00edr o caminar.<\/p>\n\n\n\n<p>Los s\u00edntomas pueden cambiar con el tiempo, pero la par\u00e1lisis cerebral no es progresiva. Esto significa que no empeora. Si sus s\u00edntomas empeoran, el problema puede ser algo m\u00e1s que par\u00e1lisis cerebral. Los s\u00edntomas difieren de una persona a otra. Generalmente incluyen:<\/p>\n\n\n\n<ul class=\"wp-block-list\"><li>problemas con las tareas motoras finas como escribir o usar tijeras,<\/li><li>problemas para mantener el equilibrio o caminar, y<\/li><li>movimientos involuntarios.<\/li><\/ul>\n\n\n\n<p>Algunas personas con par\u00e1lisis cerebral pueden tener otras discapacidades, incluidas convulsiones o deterioro mental, pero la par\u00e1lisis cerebral por s\u00ed sola no siempre causa una discapacidad sustancial. Para calificar para los servicios del centro regional debido a su par\u00e1lisis cerebral, debe ser una discapacidad sustancial para usted. Para obtener m\u00e1s informaci\u00f3n sobre la par\u00e1lisis cerebral, <a href=\"https:\/\/medlineplus.gov\/cerebralpalsy.html\">haga clic aqu\u00ed<\/a>.<\/p>\n","protected":false},"excerpt":{"rendered":"<p>La par\u00e1lisis cerebral afecta su control sobre sus propios movimientos, postura o habla. Es causada por problemas en el desarrollo o da\u00f1o a las partes&hellip;<\/p>\n","protected":false},"author":1,"featured_media":0,"parent":37,"menu_order":9,"comment_status":"closed","ping_status":"closed","template":"","meta":{"footnotes":""},"class_list":["post-930","page","type-page","status-publish","hentry"],"_links":{"self":[{"href":"https:\/\/rula.disabilityrightsca.org\/es\/wp-json\/wp\/v2\/pages\/930","targetHints":{"allow":["GET"]}}],"collection":[{"href":"https:\/\/rula.disabilityrightsca.org\/es\/wp-json\/wp\/v2\/pages"}],"about":[{"href":"https:\/\/rula.disabilityrightsca.org\/es\/wp-json\/wp\/v2\/types\/page"}],"author":[{"embeddable":true,"href":"https:\/\/rula.disabilityrightsca.org\/es\/wp-json\/wp\/v2\/users\/1"}],"replies":[{"embeddable":true,"href":"https:\/\/rula.disabilityrightsca.org\/es\/wp-json\/wp\/v2\/comments?post=930"}],"version-history":[{"count":5,"href":"https:\/\/rula.disabilityrightsca.org\/es\/wp-json\/wp\/v2\/pages\/930\/revisions"}],"predecessor-version":[{"id":2734,"href":"https:\/\/rula.disabilityrightsca.org\/es\/wp-json\/wp\/v2\/pages\/930\/revisions\/2734"}],"up":[{"embeddable":true,"href":"https:\/\/rula.disabilityrightsca.org\/es\/wp-json\/wp\/v2\/pages\/37"}],"wp:attachment":[{"href":"https:\/\/rula.disabilityrightsca.org\/es\/wp-json\/wp\/v2\/media?parent=930"}],"curies":[{"name":"wp","href":"https:\/\/api.w.org\/{rel}","templated":true}]}}