{"id":928,"date":"2021-05-05T18:52:06","date_gmt":"2021-05-05T18:52:06","guid":{"rendered":"http:\/\/www.rula.disabilityrightsca.org\/es\/?page_id=928"},"modified":"2023-12-04T19:22:22","modified_gmt":"2023-12-04T19:22:22","slug":"2-8-que-es-la-discapacidad-intelectual","status":"publish","type":"page","link":"https:\/\/rula.disabilityrightsca.org\/es\/rula-book\/capitulo-2-discapacidades-del-desarrollo\/2-8-que-es-la-discapacidad-intelectual\/","title":{"rendered":"(2.8) \u00bfQu\u00e9 es la discapacidad intelectual?"},"content":{"rendered":"\n<p>El <em>Manual diagn\u00f3stico y estad\u00edstico de los trastornos mentales<\/em>, quinta edici\u00f3n, dice que una persona con discapacidad intelectual tiene ambos:<\/p>\n\n\n\n<ul class=\"wp-block-list\">\n<li>Problemas con el funcionamiento intelectual (razonamiento, resoluci\u00f3n de problemas, planificaci\u00f3n, pensamiento abstracto, juicio, aprendizaje acad\u00e9mico y aprendizaje de la experiencia).&nbsp;El funcionamiento intelectual a menudo se mide mediante pruebas de coeficiente intelectual que dan puntajes. La discapacidad intelectual no suele superar el rango de 65 a 75 puntos.<\/li>\n\n\n\n<li>Problemas con el funcionamiento adaptativo que provocan el incumplimiento de los est\u00e1ndares socioculturales y de desarrollo para la independencia personal y la responsabilidad social. Sin apoyo, los problemas limitar\u00e1n el funcionamiento en una o m\u00e1s actividades de la vida diaria (comunicaci\u00f3n, participaci\u00f3n social y vida independiente, en muchos entornos como el hogar, el trabajo, la escuela y la comunidad). <span class=\"footnote_referrer\"><a role=\"button\" tabindex=\"0\" onclick=\"footnote_moveToReference_928_1('footnote_plugin_reference_928_1_1');\" onkeypress=\"footnote_moveToReference_928_1('footnote_plugin_reference_928_1_1');\" ><sup id=\"footnote_plugin_tooltip_928_1_1\" class=\"footnote_plugin_tooltip_text\">[1]<\/sup><\/a><span id=\"footnote_plugin_tooltip_text_928_1_1\" class=\"footnote_tooltip\">Asociaci\u00f3n Estadounidense de Psiquiatr\u00eda, Manual Diagn\u00f3stico y Estad\u00edstico de Trastornos Mentales, quinta edici\u00f3n, Discapacidad intelectual, Criterios diagn\u00f3sticos. Este documento se&nbsp;&#x2026; <span class=\"footnote_tooltip_continue\"  onclick=\"footnote_moveToReference_928_1('footnote_plugin_reference_928_1_1');\">Continue reading<\/span><\/span><\/span><script type=\"text\/javascript\"> jQuery('#footnote_plugin_tooltip_928_1_1').tooltip({ tip: '#footnote_plugin_tooltip_text_928_1_1', tipClass: 'footnote_tooltip', effect: 'fade', predelay: 0, fadeInSpeed: 200, delay: 400, fadeOutSpeed: 200, position: 'top center', relative: true, offset: [-7, 0], });<\/script><\/li>\n<\/ul>\n\n\n\n<p>Estos problemas de funcionamiento deben existir durante el per\u00edodo de desarrollo de la vida, es decir, durante la ni\u00f1ez o la adolescencia. Seg\u00fan la Ley Lanterman, una persona debe tener estos problemas antes de los 18. <span class=\"footnote_referrer\"><a role=\"button\" tabindex=\"0\" onclick=\"footnote_moveToReference_928_1('footnote_plugin_reference_928_1_2');\" onkeypress=\"footnote_moveToReference_928_1('footnote_plugin_reference_928_1_2');\" ><sup id=\"footnote_plugin_tooltip_928_1_2\" class=\"footnote_plugin_tooltip_text\">[2]<\/sup><\/a><span id=\"footnote_plugin_tooltip_text_928_1_2\" class=\"footnote_tooltip\">Secci\u00f3n 4512(a)<\/span><\/span><script type=\"text\/javascript\"> jQuery('#footnote_plugin_tooltip_928_1_2').tooltip({ tip: '#footnote_plugin_tooltip_text_928_1_2', tipClass: 'footnote_tooltip', effect: 'fade', predelay: 0, fadeInSpeed: 200, delay: 400, fadeOutSpeed: 200, position: 'top center', relative: true, offset: [-7, 0], });<\/script><\/p>\n\n\n\n<p>Si la evaluaci\u00f3n del centro regional dice que no tiene una discapacidad intelectual, debe consultar con otro experto. Un experto puede decirle si su condici\u00f3n califica como discapacidad intelectual.<\/p>\n<div class=\"speaker-mute footnotes_reference_container\"> <div class=\"footnote_container_prepare\"><p><span role=\"button\" tabindex=\"0\" class=\"footnote_reference_container_label pointer\" onclick=\"footnote_expand_collapse_reference_container_928_1();\">&#x202F;<\/span><span role=\"button\" tabindex=\"0\" class=\"footnote_reference_container_collapse_button\" style=\"display: none;\" onclick=\"footnote_expand_collapse_reference_container_928_1();\">[<a id=\"footnote_reference_container_collapse_button_928_1\">+<\/a>]<\/span><\/p><\/div> <div id=\"footnote_references_container_928_1\" style=\"\"><table class=\"footnotes_table footnote-reference-container\"><caption class=\"accessibility\">References<\/caption> <tbody> \r\n\r\n<tr class=\"footnotes_plugin_reference_row\"> <th scope=\"row\" class=\"footnote_plugin_index_combi pointer\"  onclick=\"footnote_moveToAnchor_928_1('footnote_plugin_tooltip_928_1_1');\"><a id=\"footnote_plugin_reference_928_1_1\" class=\"footnote_backlink\"><span class=\"footnote_index_arrow\">&#8593;<\/span>1<\/a><\/th> <td class=\"footnote_plugin_text\">Asociaci\u00f3n Estadounidense de Psiquiatr\u00eda, <em>Manual Diagn\u00f3stico y Estad\u00edstico de Trastornos Mentales<\/em>, quinta edici\u00f3n, Discapacidad intelectual, Criterios diagn\u00f3sticos. Este documento se denominar\u00e1 &#8220;DSM-5&#8221; en el resto de este cap\u00edtulo<\/td><\/tr>\r\n\r\n<tr class=\"footnotes_plugin_reference_row\"> <th scope=\"row\" class=\"footnote_plugin_index_combi pointer\"  onclick=\"footnote_moveToAnchor_928_1('footnote_plugin_tooltip_928_1_2');\"><a id=\"footnote_plugin_reference_928_1_2\" class=\"footnote_backlink\"><span class=\"footnote_index_arrow\">&#8593;<\/span>2<\/a><\/th> <td class=\"footnote_plugin_text\">Secci\u00f3n 4512(a)<\/td><\/tr>\r\n\r\n <\/tbody> <\/table> <\/div><\/div><script type=\"text\/javascript\"> function footnote_expand_reference_container_928_1() { jQuery('#footnote_references_container_928_1').show(); jQuery('#footnote_reference_container_collapse_button_928_1').text('\u2212'); } function footnote_collapse_reference_container_928_1() { jQuery('#footnote_references_container_928_1').hide(); jQuery('#footnote_reference_container_collapse_button_928_1').text('+'); } function footnote_expand_collapse_reference_container_928_1() { if (jQuery('#footnote_references_container_928_1').is(':hidden')) { footnote_expand_reference_container_928_1(); } else { footnote_collapse_reference_container_928_1(); } } function footnote_moveToReference_928_1(p_str_TargetID) { footnote_expand_reference_container_928_1(); var l_obj_Target = jQuery('#' + p_str_TargetID); if (l_obj_Target.length) { jQuery( 'html, body' ).delay( 0 ); jQuery('html, body').animate({ scrollTop: l_obj_Target.offset().top - window.innerHeight * 0.2 }, 380); } } function footnote_moveToAnchor_928_1(p_str_TargetID) { footnote_expand_reference_container_928_1(); var l_obj_Target = jQuery('#' + p_str_TargetID); if (l_obj_Target.length) { jQuery( 'html, body' ).delay( 0 ); jQuery('html, body').animate({ scrollTop: l_obj_Target.offset().top - window.innerHeight * 0.2 }, 380); } }<\/script>","protected":false},"excerpt":{"rendered":"<p>El Manual diagn\u00f3stico y estad\u00edstico de los trastornos mentales, quinta edici\u00f3n, dice que una persona con discapacidad intelectual tiene ambos: Estos problemas de funcionamiento deben&hellip;<\/p>\n","protected":false},"author":1,"featured_media":0,"parent":37,"menu_order":8,"comment_status":"closed","ping_status":"closed","template":"","meta":{"footnotes":""},"class_list":["post-928","page","type-page","status-publish","hentry"],"_links":{"self":[{"href":"https:\/\/rula.disabilityrightsca.org\/es\/wp-json\/wp\/v2\/pages\/928","targetHints":{"allow":["GET"]}}],"collection":[{"href":"https:\/\/rula.disabilityrightsca.org\/es\/wp-json\/wp\/v2\/pages"}],"about":[{"href":"https:\/\/rula.disabilityrightsca.org\/es\/wp-json\/wp\/v2\/types\/page"}],"author":[{"embeddable":true,"href":"https:\/\/rula.disabilityrightsca.org\/es\/wp-json\/wp\/v2\/users\/1"}],"replies":[{"embeddable":true,"href":"https:\/\/rula.disabilityrightsca.org\/es\/wp-json\/wp\/v2\/comments?post=928"}],"version-history":[{"count":6,"href":"https:\/\/rula.disabilityrightsca.org\/es\/wp-json\/wp\/v2\/pages\/928\/revisions"}],"predecessor-version":[{"id":3637,"href":"https:\/\/rula.disabilityrightsca.org\/es\/wp-json\/wp\/v2\/pages\/928\/revisions\/3637"}],"up":[{"embeddable":true,"href":"https:\/\/rula.disabilityrightsca.org\/es\/wp-json\/wp\/v2\/pages\/37"}],"wp:attachment":[{"href":"https:\/\/rula.disabilityrightsca.org\/es\/wp-json\/wp\/v2\/media?parent=928"}],"curies":[{"name":"wp","href":"https:\/\/api.w.org\/{rel}","templated":true}]}}