{"id":921,"date":"2021-05-03T16:14:16","date_gmt":"2021-05-03T16:14:16","guid":{"rendered":"http:\/\/www.rula.disabilityrightsca.org\/es\/?page_id=921"},"modified":"2022-03-01T00:05:17","modified_gmt":"2022-03-01T00:05:17","slug":"2-6-como-solicito-los-servicios-del-centro-regional","status":"publish","type":"page","link":"https:\/\/rula.disabilityrightsca.org\/es\/rula-book\/capitulo-2-discapacidades-del-desarrollo\/2-6-como-solicito-los-servicios-del-centro-regional\/","title":{"rendered":"(2.6)  \u00bfC\u00f3mo solicito los servicios del centro regional?"},"content":{"rendered":"\n<p>Hay 21 centros regionales en California. Cada uno cubre un \u00e1rea determinada. Usted debe presentar su solicitud en el centro de su \u00e1rea. Consulte <a href=\"https:\/\/www.dds.ca.gov\/rc\/listings\/\">Registro de Centros Regionales<\/a> o llame al:<\/p>\n\n\n\n<p>OCRA:&nbsp;<strong>(800) 390-7032.<\/strong><\/p>\n\n\n\n<p>Departamento de Servicios del Desarrollo:&nbsp;<strong>(916) 654-1958<\/strong><\/p>\n\n\n\n<p>Cada centro regional tiene su propio proceso de solicitud. Necesitan la direcci\u00f3n de su casa para asegurarse que usted est\u00e1 aplicando en el centro correcto. Es posible que le pidan otra informaci\u00f3n personal, que complete un formulario o que le den una reuni\u00f3n con alguien del centro regional. Re\u00fana informaci\u00f3n para brindarles, como:<\/p>\n\n\n\n<ul class=\"wp-block-list\"><li>Sus registros escolares, registros m\u00e9dicos, historial laboral y<\/li><li>Evaluaciones, valoraciones y cualquier otra informaci\u00f3n que describa correctamente sus habilidades y discapacidades.<\/li><\/ul>\n\n\n\n<p>El centro regional har\u00e1 copias de sus documentos. Tambi\u00e9n le pedir\u00e1n su aprobaci\u00f3n por escrito para comunicarse con m\u00e9dicos, escuelas, empleadores y otras personas que puedan tener informaci\u00f3n sobre usted. No pueden hacer copias de sus documentos sin su aprobaci\u00f3n.<\/p>\n\n\n\n<p><strong>Importante:<\/strong>\u00a0Tome nota. Anote la fecha de su primer contacto y de su primera reuni\u00f3n con el personal. Esta reuni\u00f3n se llama <em>reuni\u00f3n de admisi\u00f3n.<\/em> Para obtener m\u00e1s informaci\u00f3n sobre el proceso de solicitud, consulte el <a href=\"https:\/\/rula.disabilityrightsca.org\/es\/rula-book\/capitulo-3-centros-regionales\/\" data-type=\"page\" data-id=\"312\">Cap\u00edtulo 3<\/a>.<\/p>\n","protected":false},"excerpt":{"rendered":"<p>Hay 21 centros regionales en California. Cada uno cubre un \u00e1rea determinada. Usted debe presentar su solicitud en el centro de su \u00e1rea. Consulte Registro&hellip;<\/p>\n","protected":false},"author":1,"featured_media":0,"parent":37,"menu_order":6,"comment_status":"closed","ping_status":"closed","template":"","meta":{"footnotes":""},"class_list":["post-921","page","type-page","status-publish","hentry"],"_links":{"self":[{"href":"https:\/\/rula.disabilityrightsca.org\/es\/wp-json\/wp\/v2\/pages\/921","targetHints":{"allow":["GET"]}}],"collection":[{"href":"https:\/\/rula.disabilityrightsca.org\/es\/wp-json\/wp\/v2\/pages"}],"about":[{"href":"https:\/\/rula.disabilityrightsca.org\/es\/wp-json\/wp\/v2\/types\/page"}],"author":[{"embeddable":true,"href":"https:\/\/rula.disabilityrightsca.org\/es\/wp-json\/wp\/v2\/users\/1"}],"replies":[{"embeddable":true,"href":"https:\/\/rula.disabilityrightsca.org\/es\/wp-json\/wp\/v2\/comments?post=921"}],"version-history":[{"count":5,"href":"https:\/\/rula.disabilityrightsca.org\/es\/wp-json\/wp\/v2\/pages\/921\/revisions"}],"predecessor-version":[{"id":3151,"href":"https:\/\/rula.disabilityrightsca.org\/es\/wp-json\/wp\/v2\/pages\/921\/revisions\/3151"}],"up":[{"embeddable":true,"href":"https:\/\/rula.disabilityrightsca.org\/es\/wp-json\/wp\/v2\/pages\/37"}],"wp:attachment":[{"href":"https:\/\/rula.disabilityrightsca.org\/es\/wp-json\/wp\/v2\/media?parent=921"}],"curies":[{"name":"wp","href":"https:\/\/api.w.org\/{rel}","templated":true}]}}