{"id":919,"date":"2021-05-03T16:09:42","date_gmt":"2021-05-03T16:09:42","guid":{"rendered":"http:\/\/www.rula.disabilityrightsca.org\/es\/?page_id=919"},"modified":"2023-12-04T19:16:18","modified_gmt":"2023-12-04T19:16:18","slug":"2-4-un-nino-de-alto-riesgo-que-recibio-servicios-preventivos-del-centro-regional-se-vuelve-elegible-permanentemente-para-los-servicios-del-centro-regional","status":"publish","type":"page","link":"https:\/\/rula.disabilityrightsca.org\/es\/rula-book\/capitulo-2-discapacidades-del-desarrollo\/2-4-un-nino-de-alto-riesgo-que-recibio-servicios-preventivos-del-centro-regional-se-vuelve-elegible-permanentemente-para-los-servicios-del-centro-regional\/","title":{"rendered":"(2.4) \u00bfUn ni\u00f1o de alto riesgo que recibi\u00f3 servicios preventivos del centro regional se vuelve elegible permanentemente para los servicios del centro regional?"},"content":{"rendered":"\n<p>Un ni\u00f1o menor de tres a\u00f1os puede recibir servicios de intervenci\u00f3n temprana hasta los tres a\u00f1os si el ni\u00f1o tiene un retraso en el desarrollo, una condici\u00f3n de riesgo establecida, o tiene un alto riesgo de tener una discapacidad del desarrollo. <span class=\"footnote_referrer\"><a role=\"button\" tabindex=\"0\" onclick=\"footnote_moveToReference_919_1('footnote_plugin_reference_919_1_1');\" onkeypress=\"footnote_moveToReference_919_1('footnote_plugin_reference_919_1_1');\" ><sup id=\"footnote_plugin_tooltip_919_1_1\" class=\"footnote_plugin_tooltip_text\">[1]<\/sup><\/a><span id=\"footnote_plugin_tooltip_text_919_1_1\" class=\"footnote_tooltip\">T\u00edtulo 17, C\u00f3digo de Reglamentos de California, secci\u00f3n 52022<\/span><\/span><script type=\"text\/javascript\"> jQuery('#footnote_plugin_tooltip_919_1_1').tooltip({ tip: '#footnote_plugin_tooltip_text_919_1_1', tipClass: 'footnote_tooltip', effect: 'fade', predelay: 0, fadeInSpeed: 200, delay: 400, fadeOutSpeed: 200, position: 'top center', relative: true, offset: [-7, 0], });<\/script> Los servicios de intervenci\u00f3n temprana son mucho m\u00e1s completos que los servicios preventivos. Si el centro regional le dice que su hijo no califica para los servicios de intervenci\u00f3n temprana, usted puede apelar. <span class=\"footnote_referrer\"><a role=\"button\" tabindex=\"0\" onclick=\"footnote_moveToReference_919_1('footnote_plugin_reference_919_1_2');\" onkeypress=\"footnote_moveToReference_919_1('footnote_plugin_reference_919_1_2');\" ><sup id=\"footnote_plugin_tooltip_919_1_2\" class=\"footnote_plugin_tooltip_text\">[2]<\/sup><\/a><span id=\"footnote_plugin_tooltip_text_919_1_2\" class=\"footnote_tooltip\">T\u00edtulo 17, C\u00f3digo de Reglamentos de California, secci\u00f3n 52172<\/span><\/span><script type=\"text\/javascript\"> jQuery('#footnote_plugin_tooltip_919_1_2').tooltip({ tip: '#footnote_plugin_tooltip_text_919_1_2', tipClass: 'footnote_tooltip', effect: 'fade', predelay: 0, fadeInSpeed: 200, delay: 400, fadeOutSpeed: 200, position: 'top center', relative: true, offset: [-7, 0], });<\/script> Los servicios de intervenci\u00f3n temprana no forman parte de la Ley Lanterman, aunque los proporcionan los centros regionales. <span class=\"footnote_referrer\"><a role=\"button\" tabindex=\"0\" onclick=\"footnote_moveToReference_919_1('footnote_plugin_reference_919_1_3');\" onkeypress=\"footnote_moveToReference_919_1('footnote_plugin_reference_919_1_3');\" ><sup id=\"footnote_plugin_tooltip_919_1_3\" class=\"footnote_plugin_tooltip_text\">[3]<\/sup><\/a><span id=\"footnote_plugin_tooltip_text_919_1_3\" class=\"footnote_tooltip\">C\u00f3digo de Gobierno de California, secci\u00f3n 95000 y siguientes, y T\u00edtulo 17 del C\u00f3digo de Reglamentos de California, secci\u00f3n 52000 y siguientes<\/span><\/span><script type=\"text\/javascript\"> jQuery('#footnote_plugin_tooltip_919_1_3').tooltip({ tip: '#footnote_plugin_tooltip_text_919_1_3', tipClass: 'footnote_tooltip', effect: 'fade', predelay: 0, fadeInSpeed: 200, delay: 400, fadeOutSpeed: 200, position: 'top center', relative: true, offset: [-7, 0], });<\/script> En esta publicaci\u00f3n puede encontrar una descripci\u00f3n de los servicios de intervenci\u00f3n temprana:\u00a0<a href=\"https:\/\/serr.disabilityrightsca.org\/sp\/serr-manual\/capitulo-12-informacion-sobre-los-servicios-de-intervencion-temprana\/\">Derechos y Responsabilidades en Educaci\u00f3n Especial, Cap\u00edtulo 12<\/a><\/p>\n\n\n\n<p>Para que los ni\u00f1os de tres a\u00f1os o m\u00e1s sean elegibles para los servicios del centro regional, deben tener una discapacidad del desarrollo seg\u00fan lo define en la ley estatal.<\/p>\n<div class=\"speaker-mute footnotes_reference_container\"> <div class=\"footnote_container_prepare\"><p><span role=\"button\" tabindex=\"0\" class=\"footnote_reference_container_label pointer\" onclick=\"footnote_expand_collapse_reference_container_919_1();\">&#x202F;<\/span><span role=\"button\" tabindex=\"0\" class=\"footnote_reference_container_collapse_button\" style=\"display: none;\" onclick=\"footnote_expand_collapse_reference_container_919_1();\">[<a id=\"footnote_reference_container_collapse_button_919_1\">+<\/a>]<\/span><\/p><\/div> <div id=\"footnote_references_container_919_1\" style=\"\"><table class=\"footnotes_table footnote-reference-container\"><caption class=\"accessibility\">References<\/caption> <tbody> \r\n\r\n<tr class=\"footnotes_plugin_reference_row\"> <th scope=\"row\" class=\"footnote_plugin_index_combi pointer\"  onclick=\"footnote_moveToAnchor_919_1('footnote_plugin_tooltip_919_1_1');\"><a id=\"footnote_plugin_reference_919_1_1\" class=\"footnote_backlink\"><span class=\"footnote_index_arrow\">&#8593;<\/span>1<\/a><\/th> <td class=\"footnote_plugin_text\">T\u00edtulo 17, C\u00f3digo de Reglamentos de California, secci\u00f3n 52022<\/td><\/tr>\r\n\r\n<tr class=\"footnotes_plugin_reference_row\"> <th scope=\"row\" class=\"footnote_plugin_index_combi pointer\"  onclick=\"footnote_moveToAnchor_919_1('footnote_plugin_tooltip_919_1_2');\"><a id=\"footnote_plugin_reference_919_1_2\" class=\"footnote_backlink\"><span class=\"footnote_index_arrow\">&#8593;<\/span>2<\/a><\/th> <td class=\"footnote_plugin_text\">T\u00edtulo 17, C\u00f3digo de Reglamentos de California, secci\u00f3n 52172<\/td><\/tr>\r\n\r\n<tr class=\"footnotes_plugin_reference_row\"> <th scope=\"row\" class=\"footnote_plugin_index_combi pointer\"  onclick=\"footnote_moveToAnchor_919_1('footnote_plugin_tooltip_919_1_3');\"><a id=\"footnote_plugin_reference_919_1_3\" class=\"footnote_backlink\"><span class=\"footnote_index_arrow\">&#8593;<\/span>3<\/a><\/th> <td class=\"footnote_plugin_text\">C\u00f3digo de Gobierno de California, secci\u00f3n 95000 y siguientes, y T\u00edtulo 17 del C\u00f3digo de Reglamentos de California, secci\u00f3n 52000 y siguientes<\/td><\/tr>\r\n\r\n <\/tbody> <\/table> <\/div><\/div><script type=\"text\/javascript\"> function footnote_expand_reference_container_919_1() { jQuery('#footnote_references_container_919_1').show(); jQuery('#footnote_reference_container_collapse_button_919_1').text('\u2212'); } function footnote_collapse_reference_container_919_1() { jQuery('#footnote_references_container_919_1').hide(); jQuery('#footnote_reference_container_collapse_button_919_1').text('+'); } function footnote_expand_collapse_reference_container_919_1() { if (jQuery('#footnote_references_container_919_1').is(':hidden')) { footnote_expand_reference_container_919_1(); } else { footnote_collapse_reference_container_919_1(); } } function footnote_moveToReference_919_1(p_str_TargetID) { footnote_expand_reference_container_919_1(); var l_obj_Target = jQuery('#' + p_str_TargetID); if (l_obj_Target.length) { jQuery( 'html, body' ).delay( 0 ); jQuery('html, body').animate({ scrollTop: l_obj_Target.offset().top - window.innerHeight * 0.2 }, 380); } } function footnote_moveToAnchor_919_1(p_str_TargetID) { footnote_expand_reference_container_919_1(); var l_obj_Target = jQuery('#' + p_str_TargetID); if (l_obj_Target.length) { jQuery( 'html, body' ).delay( 0 ); jQuery('html, body').animate({ scrollTop: l_obj_Target.offset().top - window.innerHeight * 0.2 }, 380); } }<\/script>","protected":false},"excerpt":{"rendered":"<p>Un ni\u00f1o menor de tres a\u00f1os puede recibir servicios de intervenci\u00f3n temprana hasta los tres a\u00f1os si el ni\u00f1o tiene un retraso en el desarrollo,&hellip;<\/p>\n","protected":false},"author":1,"featured_media":0,"parent":37,"menu_order":4,"comment_status":"closed","ping_status":"closed","template":"","meta":{"footnotes":""},"class_list":["post-919","page","type-page","status-publish","hentry"],"_links":{"self":[{"href":"https:\/\/rula.disabilityrightsca.org\/es\/wp-json\/wp\/v2\/pages\/919","targetHints":{"allow":["GET"]}}],"collection":[{"href":"https:\/\/rula.disabilityrightsca.org\/es\/wp-json\/wp\/v2\/pages"}],"about":[{"href":"https:\/\/rula.disabilityrightsca.org\/es\/wp-json\/wp\/v2\/types\/page"}],"author":[{"embeddable":true,"href":"https:\/\/rula.disabilityrightsca.org\/es\/wp-json\/wp\/v2\/users\/1"}],"replies":[{"embeddable":true,"href":"https:\/\/rula.disabilityrightsca.org\/es\/wp-json\/wp\/v2\/comments?post=919"}],"version-history":[{"count":7,"href":"https:\/\/rula.disabilityrightsca.org\/es\/wp-json\/wp\/v2\/pages\/919\/revisions"}],"predecessor-version":[{"id":3635,"href":"https:\/\/rula.disabilityrightsca.org\/es\/wp-json\/wp\/v2\/pages\/919\/revisions\/3635"}],"up":[{"embeddable":true,"href":"https:\/\/rula.disabilityrightsca.org\/es\/wp-json\/wp\/v2\/pages\/37"}],"wp:attachment":[{"href":"https:\/\/rula.disabilityrightsca.org\/es\/wp-json\/wp\/v2\/media?parent=919"}],"curies":[{"name":"wp","href":"https:\/\/api.w.org\/{rel}","templated":true}]}}