{"id":911,"date":"2021-04-30T17:07:07","date_gmt":"2021-04-30T17:07:07","guid":{"rendered":"http:\/\/www.rula.disabilityrightsca.org\/es\/?page_id=911"},"modified":"2022-02-11T00:47:11","modified_gmt":"2022-02-11T00:47:11","slug":"2-3-como-saben-los-padres-si-su-bebe-tiene-un-alto-riesgo-de-tener-una-discapacidad-del-desarrollo","status":"publish","type":"page","link":"https:\/\/rula.disabilityrightsca.org\/es\/rula-book\/capitulo-2-discapacidades-del-desarrollo\/2-3-como-saben-los-padres-si-su-bebe-tiene-un-alto-riesgo-de-tener-una-discapacidad-del-desarrollo\/","title":{"rendered":"(2.3) \u00bfC\u00f3mo saben los padres si su beb\u00e9 tiene un alto riesgo de tener una discapacidad del desarrollo?"},"content":{"rendered":"\n<p>Los signos de una discapacidad del desarrollo suelen ser f\u00e1ciles de detectar en las primeras etapas de la vida de un ni\u00f1o. Los profesionales de la salud los llaman &#8220;retrasos&#8221; del desarrollo. Si su hijo tiene un retraso, o usted tiene un alto riesgo de tener un hijo con una discapacidad del desarrollo, obtenga una evaluaci\u00f3n y servicios.<\/p>\n\n\n\n<p>Los profesionales de la salud que conocen el desarrollo infantil pueden instruir a los padres y a los ni\u00f1os sobre los retrasos tempranos. Los padres pueden aprender c\u00f3mo cambiar su dieta durante el embarazo para evitar retrasos, c\u00f3mo se desarrollan la mente y el cuerpo de un beb\u00e9, y c\u00f3mo estimular a su hijo.<\/p>\n\n\n\n<p>Los beb\u00e9s menores de 3 a\u00f1os de alto riesgo y los padres con alto riesgo de tener un hijo con una discapacidad del desarrollo, pueden obtener servicios preventivos de los centros regionales. <span class=\"footnote_referrer\"><a role=\"button\" tabindex=\"0\" onclick=\"footnote_moveToReference_911_1('footnote_plugin_reference_911_1_1');\" onkeypress=\"footnote_moveToReference_911_1('footnote_plugin_reference_911_1_1');\" ><sup id=\"footnote_plugin_tooltip_911_1_1\" class=\"footnote_plugin_tooltip_text\">[1]<\/sup><\/a><span id=\"footnote_plugin_tooltip_text_911_1_1\" class=\"footnote_tooltip\">Secciones 4642 y 4644<\/span><\/span><script type=\"text\/javascript\"> jQuery('#footnote_plugin_tooltip_911_1_1').tooltip({ tip: '#footnote_plugin_tooltip_text_911_1_1', tipClass: 'footnote_tooltip', effect: 'fade', predelay: 0, fadeInSpeed: 200, delay: 400, fadeOutSpeed: 200, position: 'top center', relative: true, offset: [-7, 0], });<\/script>. Los centros regionales deben dar a los servicios preventivos la misma prioridad que a los servicios para personas con discapacidades del desarrollo y sus familias. <span class=\"footnote_referrer\"><a role=\"button\" tabindex=\"0\" onclick=\"footnote_moveToReference_911_1('footnote_plugin_reference_911_1_2');\" onkeypress=\"footnote_moveToReference_911_1('footnote_plugin_reference_911_1_2');\" ><sup id=\"footnote_plugin_tooltip_911_1_2\" class=\"footnote_plugin_tooltip_text\">[2]<\/sup><\/a><span id=\"footnote_plugin_tooltip_text_911_1_2\" class=\"footnote_tooltip\">Secci\u00f3n 4644<\/span><\/span><script type=\"text\/javascript\"> jQuery('#footnote_plugin_tooltip_911_1_2').tooltip({ tip: '#footnote_plugin_tooltip_text_911_1_2', tipClass: 'footnote_tooltip', effect: 'fade', predelay: 0, fadeInSpeed: 200, delay: 400, fadeOutSpeed: 200, position: 'top center', relative: true, offset: [-7, 0], });<\/script>.<\/p>\n<div class=\"speaker-mute footnotes_reference_container\"> <div class=\"footnote_container_prepare\"><p><span role=\"button\" tabindex=\"0\" class=\"footnote_reference_container_label pointer\" onclick=\"footnote_expand_collapse_reference_container_911_1();\">&#x202F;<\/span><span role=\"button\" tabindex=\"0\" class=\"footnote_reference_container_collapse_button\" style=\"display: none;\" onclick=\"footnote_expand_collapse_reference_container_911_1();\">[<a id=\"footnote_reference_container_collapse_button_911_1\">+<\/a>]<\/span><\/p><\/div> <div id=\"footnote_references_container_911_1\" style=\"\"><table class=\"footnotes_table footnote-reference-container\"><caption class=\"accessibility\">References<\/caption> <tbody> \r\n\r\n<tr class=\"footnotes_plugin_reference_row\"> <th scope=\"row\" class=\"footnote_plugin_index_combi pointer\"  onclick=\"footnote_moveToAnchor_911_1('footnote_plugin_tooltip_911_1_1');\"><a id=\"footnote_plugin_reference_911_1_1\" class=\"footnote_backlink\"><span class=\"footnote_index_arrow\">&#8593;<\/span>1<\/a><\/th> <td class=\"footnote_plugin_text\">Secciones 4642 y 4644<\/td><\/tr>\r\n\r\n<tr class=\"footnotes_plugin_reference_row\"> <th scope=\"row\" class=\"footnote_plugin_index_combi pointer\"  onclick=\"footnote_moveToAnchor_911_1('footnote_plugin_tooltip_911_1_2');\"><a id=\"footnote_plugin_reference_911_1_2\" class=\"footnote_backlink\"><span class=\"footnote_index_arrow\">&#8593;<\/span>2<\/a><\/th> <td class=\"footnote_plugin_text\">Secci\u00f3n 4644<\/td><\/tr>\r\n\r\n <\/tbody> <\/table> <\/div><\/div><script type=\"text\/javascript\"> function footnote_expand_reference_container_911_1() { jQuery('#footnote_references_container_911_1').show(); jQuery('#footnote_reference_container_collapse_button_911_1').text('\u2212'); } function footnote_collapse_reference_container_911_1() { jQuery('#footnote_references_container_911_1').hide(); jQuery('#footnote_reference_container_collapse_button_911_1').text('+'); } function footnote_expand_collapse_reference_container_911_1() { if (jQuery('#footnote_references_container_911_1').is(':hidden')) { footnote_expand_reference_container_911_1(); } else { footnote_collapse_reference_container_911_1(); } } function footnote_moveToReference_911_1(p_str_TargetID) { footnote_expand_reference_container_911_1(); var l_obj_Target = jQuery('#' + p_str_TargetID); if (l_obj_Target.length) { jQuery( 'html, body' ).delay( 0 ); jQuery('html, body').animate({ scrollTop: l_obj_Target.offset().top - window.innerHeight * 0.2 }, 380); } } function footnote_moveToAnchor_911_1(p_str_TargetID) { footnote_expand_reference_container_911_1(); var l_obj_Target = jQuery('#' + p_str_TargetID); if (l_obj_Target.length) { jQuery( 'html, body' ).delay( 0 ); jQuery('html, body').animate({ scrollTop: l_obj_Target.offset().top - window.innerHeight * 0.2 }, 380); } }<\/script>","protected":false},"excerpt":{"rendered":"<p>Los signos de una discapacidad del desarrollo suelen ser f\u00e1ciles de detectar en las primeras etapas de la vida de un ni\u00f1o. Los profesionales de&hellip;<\/p>\n","protected":false},"author":1,"featured_media":0,"parent":37,"menu_order":3,"comment_status":"closed","ping_status":"closed","template":"","meta":{"footnotes":""},"class_list":["post-911","page","type-page","status-publish","hentry"],"_links":{"self":[{"href":"https:\/\/rula.disabilityrightsca.org\/es\/wp-json\/wp\/v2\/pages\/911","targetHints":{"allow":["GET"]}}],"collection":[{"href":"https:\/\/rula.disabilityrightsca.org\/es\/wp-json\/wp\/v2\/pages"}],"about":[{"href":"https:\/\/rula.disabilityrightsca.org\/es\/wp-json\/wp\/v2\/types\/page"}],"author":[{"embeddable":true,"href":"https:\/\/rula.disabilityrightsca.org\/es\/wp-json\/wp\/v2\/users\/1"}],"replies":[{"embeddable":true,"href":"https:\/\/rula.disabilityrightsca.org\/es\/wp-json\/wp\/v2\/comments?post=911"}],"version-history":[{"count":5,"href":"https:\/\/rula.disabilityrightsca.org\/es\/wp-json\/wp\/v2\/pages\/911\/revisions"}],"predecessor-version":[{"id":2727,"href":"https:\/\/rula.disabilityrightsca.org\/es\/wp-json\/wp\/v2\/pages\/911\/revisions\/2727"}],"up":[{"embeddable":true,"href":"https:\/\/rula.disabilityrightsca.org\/es\/wp-json\/wp\/v2\/pages\/37"}],"wp:attachment":[{"href":"https:\/\/rula.disabilityrightsca.org\/es\/wp-json\/wp\/v2\/media?parent=911"}],"curies":[{"name":"wp","href":"https:\/\/api.w.org\/{rel}","templated":true}]}}