{"id":838,"date":"2021-04-14T22:12:27","date_gmt":"2021-04-14T22:12:27","guid":{"rendered":"http:\/\/www.rula.disabilityrightsca.org\/es\/?page_id=838"},"modified":"2022-02-11T00:35:46","modified_gmt":"2022-02-11T00:35:46","slug":"1-13-el-centro-regional-tiene-algun-requisito-de-residencia","status":"publish","type":"page","link":"https:\/\/rula.disabilityrightsca.org\/es\/rula-book\/capitulo-1-derechos-conforme-a-la-ley-lanterman\/1-13-el-centro-regional-tiene-algun-requisito-de-residencia\/","title":{"rendered":"(1.13) \u00bfEl centro regional tiene alg\u00fan requisito de residencia?"},"content":{"rendered":"\n<p>Su estado migratorio no es relevante para determinar la elegibilidad para recibir servicios de un centro regional. Pero la Ley Lanterman dice que debe ser residente de California. ((La secci\u00f3n 244 del C\u00f3digo de Gobierno de California enumera las reglas a considerar para determinar d\u00f3nde se encuentra su residencia)).&nbsp;En general, se considera que reside en California si vive en el estado y planea quedarse aqu\u00ed. Solo puede vivir en un lugar a la vez. No importa si se va de California por un tiempo, siempre y cuando planee regresar. En el caso de los menores de 18 a\u00f1os no casados, el lugar de residencia suele ser el mismo que el de sus padres.<\/p>\n\n\n\n<p>Si se encuentra en California con una visa temporal, es dif\u00edcil probar que reside en el estado. La visa temporal dice que est\u00e1 en el pa\u00eds por un tiempo y no de forma permanente. Los centros regionales le pueden creer si dice que planea quedarse aqu\u00ed con una visa temporal. Hable con un abogado de migraciones antes de hacer esto,&nbsp;ya que podr\u00eda afectar su estado migratorio.<\/p>\n","protected":false},"excerpt":{"rendered":"<p>Su estado migratorio no es relevante para determinar la elegibilidad para recibir servicios de un centro regional. Pero la Ley Lanterman dice que debe ser&hellip;<\/p>\n","protected":false},"author":1,"featured_media":0,"parent":35,"menu_order":14,"comment_status":"closed","ping_status":"closed","template":"","meta":{"footnotes":""},"class_list":["post-838","page","type-page","status-publish","hentry"],"_links":{"self":[{"href":"https:\/\/rula.disabilityrightsca.org\/es\/wp-json\/wp\/v2\/pages\/838","targetHints":{"allow":["GET"]}}],"collection":[{"href":"https:\/\/rula.disabilityrightsca.org\/es\/wp-json\/wp\/v2\/pages"}],"about":[{"href":"https:\/\/rula.disabilityrightsca.org\/es\/wp-json\/wp\/v2\/types\/page"}],"author":[{"embeddable":true,"href":"https:\/\/rula.disabilityrightsca.org\/es\/wp-json\/wp\/v2\/users\/1"}],"replies":[{"embeddable":true,"href":"https:\/\/rula.disabilityrightsca.org\/es\/wp-json\/wp\/v2\/comments?post=838"}],"version-history":[{"count":5,"href":"https:\/\/rula.disabilityrightsca.org\/es\/wp-json\/wp\/v2\/pages\/838\/revisions"}],"predecessor-version":[{"id":2722,"href":"https:\/\/rula.disabilityrightsca.org\/es\/wp-json\/wp\/v2\/pages\/838\/revisions\/2722"}],"up":[{"embeddable":true,"href":"https:\/\/rula.disabilityrightsca.org\/es\/wp-json\/wp\/v2\/pages\/35"}],"wp:attachment":[{"href":"https:\/\/rula.disabilityrightsca.org\/es\/wp-json\/wp\/v2\/media?parent=838"}],"curies":[{"name":"wp","href":"https:\/\/api.w.org\/{rel}","templated":true}]}}