{"id":834,"date":"2021-04-14T21:57:11","date_gmt":"2021-04-14T21:57:11","guid":{"rendered":"http:\/\/www.rula.disabilityrightsca.org\/es\/?page_id=834"},"modified":"2022-02-11T00:35:08","modified_gmt":"2022-02-11T00:35:08","slug":"1-12-tengo-que-ser-ciudadano-de-los-estados-unidos-para-recibir-servicios-de-medi-cal","status":"publish","type":"page","link":"https:\/\/rula.disabilityrightsca.org\/es\/rula-book\/capitulo-1-derechos-conforme-a-la-ley-lanterman\/1-12-tengo-que-ser-ciudadano-de-los-estados-unidos-para-recibir-servicios-de-medi-cal\/","title":{"rendered":"(1.12) \u00bfTengo que ser ciudadano de los Estados Unidos para recibir servicios de Medi-Cal?"},"content":{"rendered":"\n<p>No tiene que ser ciudadano de los Estados Unidos para recibir Medi-Cal. Muchos inmigrantes cumplen con los requisitos para la cobertura &#8220;de alcance completo&#8221; de Medi-Cal, que abarca todos los servicios que el programa suele cubrir. Algunos inmigrantes no cumplen con los requisitos para recibir la cobertura de alcance completo de Medi-Cal, pero podr\u00edan recibir servicios limitados del programa, tales como servicios m\u00e9dicos de emergencia, servicios durante el embarazo y algunos servicios en centros de enfermer\u00eda.\u00a0Si recibe servicios del centro regional pero no recibe Medi-Cal, el centro regional debe pagar los servicios y el equipo que necesita en su IPP, pero que no puede obtener de Medi-Cal.<\/p>\n","protected":false},"excerpt":{"rendered":"<p>No tiene que ser ciudadano de los Estados Unidos para recibir Medi-Cal. Muchos inmigrantes cumplen con los requisitos para la cobertura &#8220;de alcance completo&#8221; de&hellip;<\/p>\n","protected":false},"author":1,"featured_media":0,"parent":35,"menu_order":13,"comment_status":"closed","ping_status":"closed","template":"","meta":{"footnotes":""},"class_list":["post-834","page","type-page","status-publish","hentry"],"_links":{"self":[{"href":"https:\/\/rula.disabilityrightsca.org\/es\/wp-json\/wp\/v2\/pages\/834","targetHints":{"allow":["GET"]}}],"collection":[{"href":"https:\/\/rula.disabilityrightsca.org\/es\/wp-json\/wp\/v2\/pages"}],"about":[{"href":"https:\/\/rula.disabilityrightsca.org\/es\/wp-json\/wp\/v2\/types\/page"}],"author":[{"embeddable":true,"href":"https:\/\/rula.disabilityrightsca.org\/es\/wp-json\/wp\/v2\/users\/1"}],"replies":[{"embeddable":true,"href":"https:\/\/rula.disabilityrightsca.org\/es\/wp-json\/wp\/v2\/comments?post=834"}],"version-history":[{"count":4,"href":"https:\/\/rula.disabilityrightsca.org\/es\/wp-json\/wp\/v2\/pages\/834\/revisions"}],"predecessor-version":[{"id":2721,"href":"https:\/\/rula.disabilityrightsca.org\/es\/wp-json\/wp\/v2\/pages\/834\/revisions\/2721"}],"up":[{"embeddable":true,"href":"https:\/\/rula.disabilityrightsca.org\/es\/wp-json\/wp\/v2\/pages\/35"}],"wp:attachment":[{"href":"https:\/\/rula.disabilityrightsca.org\/es\/wp-json\/wp\/v2\/media?parent=834"}],"curies":[{"name":"wp","href":"https:\/\/api.w.org\/{rel}","templated":true}]}}