{"id":830,"date":"2021-04-14T21:36:47","date_gmt":"2021-04-14T21:36:47","guid":{"rendered":"http:\/\/www.rula.disabilityrightsca.org\/es\/?page_id=830"},"modified":"2022-02-11T00:34:22","modified_gmt":"2022-02-11T00:34:22","slug":"1-11-que-servicios-y-apoyos-estan-disponibles-a-traves-de-medi-cal","status":"publish","type":"page","link":"https:\/\/rula.disabilityrightsca.org\/es\/rula-book\/capitulo-1-derechos-conforme-a-la-ley-lanterman\/1-11-que-servicios-y-apoyos-estan-disponibles-a-traves-de-medi-cal\/","title":{"rendered":"(1.11) \u00bfQu\u00e9 servicios y apoyos est\u00e1n disponibles a trav\u00e9s de Medi-Cal?"},"content":{"rendered":"\n<p>Medi-Cal paga servicios de salud para las personas de bajos ingresos y con discapacidades. Muchos consumidores de los centros regionales califican para recibir Medi-Cal. Este programa debe observar las leyes y regulaciones federales y estatales.<\/p>\n\n\n\n<p>Si usted es beneficiario de Medi-Cal, es probable que este pague parte de los servicios del centro regional, el equipo y la gesti\u00f3n del caso. Es posible que usted no sepa que Medi-Cal est\u00e1 pagando, ya que el pago pasa de todos modos por el centro regional.<\/p>\n\n\n\n<p>Si su IPP incluye servicios o equipos que Medi-Cal no suele cubrir, tales como los servicios de relevo o de apoyo para la vida, es posible que Medi-Cal los pague mediante la exenci\u00f3n de servicios en el hogar y en la comunidad (Home and Community-Based Services Waiver, HCBS). Los servicios de exenci\u00f3n son servicios que Medi-Cal suele brindar a las personas que viven en establecimientos y no a personas que viven en sus hogares. La exenci\u00f3n elimina el requisito de que solo las personas que viven en establecimientos pueden obtener esos servicios.<\/p>\n\n\n\n<p>Algunos consumidores de los centros regionales pueden recibir servicios de Medi-Cal mediante la exenci\u00f3n de servicios en el hogar y la comunidad para personas con discapacidades del desarrollo, o &#8220;exenci\u00f3n por DD&#8221;. Estos son algunos (no todos) de los servicios disponibles mediante esta exenci\u00f3n:<\/p>\n\n\n\n<ol class=\"wp-block-list\" type=\"1\"><li>Administraci\u00f3n de casos<\/li><li>Servicios dom\u00e9sticos<\/li><li>Servicios de asistencia de salud en el hogar<\/li><li>Servicios de relevo<\/li><li>Habilitaci\u00f3n<\/li><li>Adaptaciones de accesibilidad en el entorno<\/li><li>Enfermer\u00eda especializada<\/li><li>Transporte<\/li><li>Equipamiento y suministros m\u00e9dicos especializados<\/li><li>Servicios de asistencia con los quehaceres dom\u00e9sticos<\/li><li>Sistemas de respuesta para emergencias personales<\/li><li>Capacitaci\u00f3n para la familia<\/li><li>Atenci\u00f3n residencial para adultos<\/li><li>Otros servicios de exenci\u00f3n que son econ\u00f3micos y necesarios para evitar la institucionalizaci\u00f3n:<ul><li>Adaptaci\u00f3n de veh\u00edculos<\/li><li>Intervenci\u00f3n en caso de crisis<\/li><li>Intervenci\u00f3n m\u00f3vil en caso de crisis<\/li><li>Servicios de centros de intervenci\u00f3n en caso de crisis<\/li><li>Consulta nutricional<\/li><li>Servicios de intervenci\u00f3n de conducta, lo que incluye el desarrollo, el an\u00e1lisis y el seguimiento de los programas<\/li><li>Servicios terap\u00e9uticos especializados<\/li><\/ul><\/li><\/ol>\n\n\n\n<p>Medi-Cal no cubre a todos los consumidores del centro regional o los servicios del centro regional. Algunos consumidores del centro regional no son elegibles para Medi-Cal debido a sus ingresos, estado migratorio o alguna otra raz\u00f3n. Su IPP debe enumerar los servicios que necesita, incluso si el centro regional no paga por ellos. Si Medi-Cal o la escuela pagan sus servicios, a\u00fan deben enumerarse en su IPP. Sin embargo, hay cambios en la Ley Lanterman que indican que los centros regionales pueden reducir o detener algunos servicios. Si se encuentra en la exenci\u00f3n por discapacidades del desarrollo (Developmental Disabilities, DD) y su centro regional intenta reducir o detener un servicio aprobado y enumerado en su IPP, comun\u00edquese con Disability Rights California.<\/p>\n","protected":false},"excerpt":{"rendered":"<p>Medi-Cal paga servicios de salud para las personas de bajos ingresos y con discapacidades. Muchos consumidores de los centros regionales califican para recibir Medi-Cal. Este&hellip;<\/p>\n","protected":false},"author":1,"featured_media":0,"parent":35,"menu_order":12,"comment_status":"closed","ping_status":"closed","template":"","meta":{"footnotes":""},"class_list":["post-830","page","type-page","status-publish","hentry"],"_links":{"self":[{"href":"https:\/\/rula.disabilityrightsca.org\/es\/wp-json\/wp\/v2\/pages\/830","targetHints":{"allow":["GET"]}}],"collection":[{"href":"https:\/\/rula.disabilityrightsca.org\/es\/wp-json\/wp\/v2\/pages"}],"about":[{"href":"https:\/\/rula.disabilityrightsca.org\/es\/wp-json\/wp\/v2\/types\/page"}],"author":[{"embeddable":true,"href":"https:\/\/rula.disabilityrightsca.org\/es\/wp-json\/wp\/v2\/users\/1"}],"replies":[{"embeddable":true,"href":"https:\/\/rula.disabilityrightsca.org\/es\/wp-json\/wp\/v2\/comments?post=830"}],"version-history":[{"count":6,"href":"https:\/\/rula.disabilityrightsca.org\/es\/wp-json\/wp\/v2\/pages\/830\/revisions"}],"predecessor-version":[{"id":2720,"href":"https:\/\/rula.disabilityrightsca.org\/es\/wp-json\/wp\/v2\/pages\/830\/revisions\/2720"}],"up":[{"embeddable":true,"href":"https:\/\/rula.disabilityrightsca.org\/es\/wp-json\/wp\/v2\/pages\/35"}],"wp:attachment":[{"href":"https:\/\/rula.disabilityrightsca.org\/es\/wp-json\/wp\/v2\/media?parent=830"}],"curies":[{"name":"wp","href":"https:\/\/api.w.org\/{rel}","templated":true}]}}