{"id":822,"date":"2021-04-14T20:42:51","date_gmt":"2021-04-14T20:42:51","guid":{"rendered":"http:\/\/www.rula.disabilityrightsca.org\/es\/?page_id=822"},"modified":"2022-02-10T23:45:26","modified_gmt":"2022-02-10T23:45:26","slug":"1-10-existen-diferencias-entre-los-servicios-y-apoyos-para-los-ninos-mayores-de-tres-anos-y-los-adultos-con-discapacidades-del-desarrollo","status":"publish","type":"page","link":"https:\/\/rula.disabilityrightsca.org\/es\/rula-book\/capitulo-1-derechos-conforme-a-la-ley-lanterman\/1-10-existen-diferencias-entre-los-servicios-y-apoyos-para-los-ninos-mayores-de-tres-anos-y-los-adultos-con-discapacidades-del-desarrollo\/","title":{"rendered":"(1.10) \u00bfExisten diferencias entre los servicios y apoyos para los ni\u00f1os mayores de tres a\u00f1os y los adultos con discapacidades del desarrollo?"},"content":{"rendered":"\n<p>La lista de servicios y apoyos para personas con discapacidades del desarrollo se aplica a ni\u00f1os y adultos.<span class=\"footnote_referrer\"><a role=\"button\" tabindex=\"0\" onclick=\"footnote_moveToReference_822_1('footnote_plugin_reference_822_1_1');\" onkeypress=\"footnote_moveToReference_822_1('footnote_plugin_reference_822_1_1');\" ><sup id=\"footnote_plugin_tooltip_822_1_1\" class=\"footnote_plugin_tooltip_text\">[1]<\/sup><\/a><span id=\"footnote_plugin_tooltip_text_822_1_1\" class=\"footnote_tooltip\"> Secci\u00f3n 4512(b).<\/span><\/span><script type=\"text\/javascript\"> jQuery('#footnote_plugin_tooltip_822_1_1').tooltip({ tip: '#footnote_plugin_tooltip_text_822_1_1', tipClass: 'footnote_tooltip', effect: 'fade', predelay: 0, fadeInSpeed: 200, delay: 400, fadeOutSpeed: 200, position: 'top center', relative: true, offset: [-7, 0], });<\/script> Sin embargo, ciertos servicios se usan principalmente para los ni\u00f1os y no para los adultos, mientras que otros solo se aplican a los adultos. Los alumnos de educaci\u00f3n especial de entre 3\u00a0y\u00a022\u00a0a\u00f1os tienen derecho a recibir servicios de los distritos escolares para ayudarlos con su discapacidad del desarrollo. Obtienen la mayor\u00eda de los servicios a trav\u00e9s de la escuela, hasta que dejan el sistema escolar. Sin embargo, los ni\u00f1os y los j\u00f3venes adultos que se inscriben en programas de educaci\u00f3n especial, as\u00ed como sus familias, pueden obtener servicios por parte del centro regional. Pueden recibir servicios de coordinaci\u00f3n de casos, servicios que necesiten cuando est\u00e9n en el hogar (como relevo o cuidado durante el d\u00eda) y otros servicios que la escuela o Medi-Cal no les pueden brindar. Los servicios de educaci\u00f3n especial se consideran servicios gen\u00e9ricos que un centro regional debe usar primero antes de utilizar sus propios recursos para brindar los mismos servicios.<\/p>\n\n\n\n<p>Si es adulto y puede recibir determinados servicios en su IPP por parte del Departamento de Rehabilitaci\u00f3n o de Medi-Cal, el centro regional debe ayudarlo a obtener dichos servicios.<\/p>\n<div class=\"speaker-mute footnotes_reference_container\"> <div class=\"footnote_container_prepare\"><p><span role=\"button\" tabindex=\"0\" class=\"footnote_reference_container_label pointer\" onclick=\"footnote_expand_collapse_reference_container_822_1();\">&#x202F;<\/span><span role=\"button\" tabindex=\"0\" class=\"footnote_reference_container_collapse_button\" style=\"display: none;\" onclick=\"footnote_expand_collapse_reference_container_822_1();\">[<a id=\"footnote_reference_container_collapse_button_822_1\">+<\/a>]<\/span><\/p><\/div> <div id=\"footnote_references_container_822_1\" style=\"\"><table class=\"footnotes_table footnote-reference-container\"><caption class=\"accessibility\">References<\/caption> <tbody> \r\n\r\n<tr class=\"footnotes_plugin_reference_row\"> <th scope=\"row\" class=\"footnote_plugin_index_combi pointer\"  onclick=\"footnote_moveToAnchor_822_1('footnote_plugin_tooltip_822_1_1');\"><a id=\"footnote_plugin_reference_822_1_1\" class=\"footnote_backlink\"><span class=\"footnote_index_arrow\">&#8593;<\/span>1<\/a><\/th> <td class=\"footnote_plugin_text\"> Secci\u00f3n 4512(b).<\/td><\/tr>\r\n\r\n <\/tbody> <\/table> <\/div><\/div><script type=\"text\/javascript\"> function footnote_expand_reference_container_822_1() { jQuery('#footnote_references_container_822_1').show(); jQuery('#footnote_reference_container_collapse_button_822_1').text('\u2212'); } function footnote_collapse_reference_container_822_1() { jQuery('#footnote_references_container_822_1').hide(); jQuery('#footnote_reference_container_collapse_button_822_1').text('+'); } function footnote_expand_collapse_reference_container_822_1() { if (jQuery('#footnote_references_container_822_1').is(':hidden')) { footnote_expand_reference_container_822_1(); } else { footnote_collapse_reference_container_822_1(); } } function footnote_moveToReference_822_1(p_str_TargetID) { footnote_expand_reference_container_822_1(); var l_obj_Target = jQuery('#' + p_str_TargetID); if (l_obj_Target.length) { jQuery( 'html, body' ).delay( 0 ); jQuery('html, body').animate({ scrollTop: l_obj_Target.offset().top - window.innerHeight * 0.2 }, 380); } } function footnote_moveToAnchor_822_1(p_str_TargetID) { footnote_expand_reference_container_822_1(); var l_obj_Target = jQuery('#' + p_str_TargetID); if (l_obj_Target.length) { jQuery( 'html, body' ).delay( 0 ); jQuery('html, body').animate({ scrollTop: l_obj_Target.offset().top - window.innerHeight * 0.2 }, 380); } }<\/script>","protected":false},"excerpt":{"rendered":"<p>La lista de servicios y apoyos para personas con discapacidades del desarrollo se aplica a ni\u00f1os y adultos.[1] Secci\u00f3n 4512(b). Sin embargo, ciertos servicios se&hellip;<\/p>\n","protected":false},"author":1,"featured_media":0,"parent":35,"menu_order":10,"comment_status":"closed","ping_status":"closed","template":"","meta":{"footnotes":""},"class_list":["post-822","page","type-page","status-publish","hentry"],"_links":{"self":[{"href":"https:\/\/rula.disabilityrightsca.org\/es\/wp-json\/wp\/v2\/pages\/822","targetHints":{"allow":["GET"]}}],"collection":[{"href":"https:\/\/rula.disabilityrightsca.org\/es\/wp-json\/wp\/v2\/pages"}],"about":[{"href":"https:\/\/rula.disabilityrightsca.org\/es\/wp-json\/wp\/v2\/types\/page"}],"author":[{"embeddable":true,"href":"https:\/\/rula.disabilityrightsca.org\/es\/wp-json\/wp\/v2\/users\/1"}],"replies":[{"embeddable":true,"href":"https:\/\/rula.disabilityrightsca.org\/es\/wp-json\/wp\/v2\/comments?post=822"}],"version-history":[{"count":8,"href":"https:\/\/rula.disabilityrightsca.org\/es\/wp-json\/wp\/v2\/pages\/822\/revisions"}],"predecessor-version":[{"id":2715,"href":"https:\/\/rula.disabilityrightsca.org\/es\/wp-json\/wp\/v2\/pages\/822\/revisions\/2715"}],"up":[{"embeddable":true,"href":"https:\/\/rula.disabilityrightsca.org\/es\/wp-json\/wp\/v2\/pages\/35"}],"wp:attachment":[{"href":"https:\/\/rula.disabilityrightsca.org\/es\/wp-json\/wp\/v2\/media?parent=822"}],"curies":[{"name":"wp","href":"https:\/\/api.w.org\/{rel}","templated":true}]}}