{"id":820,"date":"2021-04-14T20:40:39","date_gmt":"2021-04-14T20:40:39","guid":{"rendered":"http:\/\/www.rula.disabilityrightsca.org\/es\/?page_id=820"},"modified":"2022-03-01T00:02:50","modified_gmt":"2022-03-01T00:02:50","slug":"1-9-donde-puedo-informarme-sobre-servicios-para-bebes-y-ninos-menores-de-tres-anos","status":"publish","type":"page","link":"https:\/\/rula.disabilityrightsca.org\/es\/rula-book\/capitulo-1-derechos-conforme-a-la-ley-lanterman\/1-9-donde-puedo-informarme-sobre-servicios-para-bebes-y-ninos-menores-de-tres-anos\/","title":{"rendered":"(1.9) \u00bfD\u00f3nde puedo informarme sobre servicios para beb\u00e9s y ni\u00f1os menores de tres a\u00f1os?"},"content":{"rendered":"\n<p>La mayor\u00eda de los servicios para ni\u00f1os menores de tres\u00a0a\u00f1os se incluyen en la parte C de la Ley federal de Educaci\u00f3n para Personas con Discapacidades (Individuals with Disabilities Education Act, IDEA).<span class=\"footnote_referrer\"><a role=\"button\" tabindex=\"0\" onclick=\"footnote_moveToReference_820_1('footnote_plugin_reference_820_1_1');\" onkeypress=\"footnote_moveToReference_820_1('footnote_plugin_reference_820_1_1');\" ><sup id=\"footnote_plugin_tooltip_820_1_1\" class=\"footnote_plugin_tooltip_text\">[1]<\/sup><\/a><span id=\"footnote_plugin_tooltip_text_820_1_1\" class=\"footnote_tooltip\"> 20 U.S.C. Secci\u00f3n 1431 y siguientes.<\/span><\/span><script type=\"text\/javascript\"> jQuery('#footnote_plugin_tooltip_820_1_1').tooltip({ tip: '#footnote_plugin_tooltip_text_820_1_1', tipClass: 'footnote_tooltip', effect: 'fade', predelay: 0, fadeInSpeed: 200, delay: 400, fadeOutSpeed: 200, position: 'top center', relative: true, offset: [-7, 0], });<\/script> Este manual no cubre los servicios de la Parte C. Para obtener informaci\u00f3n sobre los servicios de la Parte C, consulte el cap\u00edtulo 12 de las Responsabilidades y Derechos de la Educaci\u00f3n Especial haciendo clic <a href=\"https:\/\/serr.disabilityrightsca.org\/sp\/\" data-type=\"URL\" data-id=\"https:\/\/serr.disabilityrightsca.org\/sp\/\">aqu\u00ed<\/a>.<\/p>\n<div class=\"speaker-mute footnotes_reference_container\"> <div class=\"footnote_container_prepare\"><p><span role=\"button\" tabindex=\"0\" class=\"footnote_reference_container_label pointer\" onclick=\"footnote_expand_collapse_reference_container_820_1();\">&#x202F;<\/span><span role=\"button\" tabindex=\"0\" class=\"footnote_reference_container_collapse_button\" style=\"display: none;\" onclick=\"footnote_expand_collapse_reference_container_820_1();\">[<a id=\"footnote_reference_container_collapse_button_820_1\">+<\/a>]<\/span><\/p><\/div> <div id=\"footnote_references_container_820_1\" style=\"\"><table class=\"footnotes_table footnote-reference-container\"><caption class=\"accessibility\">References<\/caption> <tbody> \r\n\r\n<tr class=\"footnotes_plugin_reference_row\"> <th scope=\"row\" class=\"footnote_plugin_index_combi pointer\"  onclick=\"footnote_moveToAnchor_820_1('footnote_plugin_tooltip_820_1_1');\"><a id=\"footnote_plugin_reference_820_1_1\" class=\"footnote_backlink\"><span class=\"footnote_index_arrow\">&#8593;<\/span>1<\/a><\/th> <td class=\"footnote_plugin_text\"> 20 U.S.C. Secci\u00f3n 1431 y siguientes.<\/td><\/tr>\r\n\r\n <\/tbody> <\/table> <\/div><\/div><script type=\"text\/javascript\"> function footnote_expand_reference_container_820_1() { jQuery('#footnote_references_container_820_1').show(); jQuery('#footnote_reference_container_collapse_button_820_1').text('\u2212'); } function footnote_collapse_reference_container_820_1() { jQuery('#footnote_references_container_820_1').hide(); jQuery('#footnote_reference_container_collapse_button_820_1').text('+'); } function footnote_expand_collapse_reference_container_820_1() { if (jQuery('#footnote_references_container_820_1').is(':hidden')) { footnote_expand_reference_container_820_1(); } else { footnote_collapse_reference_container_820_1(); } } function footnote_moveToReference_820_1(p_str_TargetID) { footnote_expand_reference_container_820_1(); var l_obj_Target = jQuery('#' + p_str_TargetID); if (l_obj_Target.length) { jQuery( 'html, body' ).delay( 0 ); jQuery('html, body').animate({ scrollTop: l_obj_Target.offset().top - window.innerHeight * 0.2 }, 380); } } function footnote_moveToAnchor_820_1(p_str_TargetID) { footnote_expand_reference_container_820_1(); var l_obj_Target = jQuery('#' + p_str_TargetID); if (l_obj_Target.length) { jQuery( 'html, body' ).delay( 0 ); jQuery('html, body').animate({ scrollTop: l_obj_Target.offset().top - window.innerHeight * 0.2 }, 380); } }<\/script>","protected":false},"excerpt":{"rendered":"<p>La mayor\u00eda de los servicios para ni\u00f1os menores de tres\u00a0a\u00f1os se incluyen en la parte C de la Ley federal de Educaci\u00f3n para Personas con&hellip;<\/p>\n","protected":false},"author":1,"featured_media":0,"parent":35,"menu_order":9,"comment_status":"closed","ping_status":"closed","template":"","meta":{"footnotes":""},"class_list":["post-820","page","type-page","status-publish","hentry"],"_links":{"self":[{"href":"https:\/\/rula.disabilityrightsca.org\/es\/wp-json\/wp\/v2\/pages\/820","targetHints":{"allow":["GET"]}}],"collection":[{"href":"https:\/\/rula.disabilityrightsca.org\/es\/wp-json\/wp\/v2\/pages"}],"about":[{"href":"https:\/\/rula.disabilityrightsca.org\/es\/wp-json\/wp\/v2\/types\/page"}],"author":[{"embeddable":true,"href":"https:\/\/rula.disabilityrightsca.org\/es\/wp-json\/wp\/v2\/users\/1"}],"replies":[{"embeddable":true,"href":"https:\/\/rula.disabilityrightsca.org\/es\/wp-json\/wp\/v2\/comments?post=820"}],"version-history":[{"count":6,"href":"https:\/\/rula.disabilityrightsca.org\/es\/wp-json\/wp\/v2\/pages\/820\/revisions"}],"predecessor-version":[{"id":3148,"href":"https:\/\/rula.disabilityrightsca.org\/es\/wp-json\/wp\/v2\/pages\/820\/revisions\/3148"}],"up":[{"embeddable":true,"href":"https:\/\/rula.disabilityrightsca.org\/es\/wp-json\/wp\/v2\/pages\/35"}],"wp:attachment":[{"href":"https:\/\/rula.disabilityrightsca.org\/es\/wp-json\/wp\/v2\/media?parent=820"}],"curies":[{"name":"wp","href":"https:\/\/api.w.org\/{rel}","templated":true}]}}