{"id":818,"date":"2021-04-14T20:34:21","date_gmt":"2021-04-14T20:34:21","guid":{"rendered":"http:\/\/www.rula.disabilityrightsca.org\/es\/?page_id=818"},"modified":"2022-02-10T23:27:28","modified_gmt":"2022-02-10T23:27:28","slug":"1-8-8-alguien-garantiza-que-los-servicios-y-apoyos-que-las-personas-necesitan-esten-disponibles-en-sus-comunidades","status":"publish","type":"page","link":"https:\/\/rula.disabilityrightsca.org\/es\/rula-book\/capitulo-1-derechos-conforme-a-la-ley-lanterman\/1-8-8-alguien-garantiza-que-los-servicios-y-apoyos-que-las-personas-necesitan-esten-disponibles-en-sus-comunidades\/","title":{"rendered":"(1.8) \u00bfAlguien garantiza que los servicios y apoyos que las personas necesitan est\u00e9n disponibles en sus comunidades?"},"content":{"rendered":"\n<p>Cada cinco a\u00f1os, el Consejo Estatal sobre Discapacidades del Desarrollo (State Council on Developmental Disabilities, SCDD) lleva a cabo una \u201cevaluaci\u00f3n de necesidades\u201d en la que analiza los tipos y la cantidad de servicios y apoyos que se necesitan, pero que no se encuentran disponibles actualmente. La evaluaci\u00f3n de necesidades debe informar acerca de la necesidad de nuevos o mejores servicios y apoyos comunitarios. Debe analizar de qu\u00e9 manera las brechas en los servicios disponibles afectan a los consumidores de ciertos grupos. Los grupos incluyen a personas con cierta discapacidad, edad, origen \u00e9tnico, desaf\u00edo o \u00e1rea. Tambi\u00e9n debe se\u00f1alar modelos de prestaci\u00f3n de servicios alternativos e innovadores para satisfacer las necesidades de los consumidores. La evaluaci\u00f3n de las necesidades debe actualizarse todos los a\u00f1os.<span class=\"footnote_referrer\"><a role=\"button\" tabindex=\"0\" onclick=\"footnote_moveToReference_818_1('footnote_plugin_reference_818_1_1');\" onkeypress=\"footnote_moveToReference_818_1('footnote_plugin_reference_818_1_1');\" ><sup id=\"footnote_plugin_tooltip_818_1_1\" class=\"footnote_plugin_tooltip_text\">[1]<\/sup><\/a><span id=\"footnote_plugin_tooltip_text_818_1_1\" class=\"footnote_tooltip\">Secci\u00f3n 4677.<\/span><\/span><script type=\"text\/javascript\"> jQuery('#footnote_plugin_tooltip_818_1_1').tooltip({ tip: '#footnote_plugin_tooltip_text_818_1_1', tipClass: 'footnote_tooltip', effect: 'fade', predelay: 0, fadeInSpeed: 200, delay: 400, fadeOutSpeed: 200, position: 'top center', relative: true, offset: [-7, 0], });<\/script><\/p>\n\n\n\n<p>La evaluaci\u00f3n de necesidades del Consejo Estatal se basa en la informaci\u00f3n que brindan todos los centros regionales. Tambi\u00e9n puede incluir informaci\u00f3n de lo siguiente:<\/p>\n\n\n\n<ul class=\"wp-block-list\"><li>Audiencias p\u00fablicas.<\/li><li>Evaluaciones de los indicadores b\u00e1sicos nacionales (conforme al art\u00edculo 4571).<span class=\"footnote_referrer\"><a role=\"button\" tabindex=\"0\" onclick=\"footnote_moveToReference_818_1('footnote_plugin_reference_818_1_2');\" onkeypress=\"footnote_moveToReference_818_1('footnote_plugin_reference_818_1_2');\" ><sup id=\"footnote_plugin_tooltip_818_1_2\" class=\"footnote_plugin_tooltip_text\">[2]<\/sup><\/a><span id=\"footnote_plugin_tooltip_text_818_1_2\" class=\"footnote_tooltip\">Se ha desarrollado un sistema de garant\u00eda de calidad para recopilar informaci\u00f3n acerca de la satisfacci\u00f3n de los consumidores y las familias, de la prestaci\u00f3n de servicios y de los resultados&nbsp;&#x2026; <span class=\"footnote_tooltip_continue\"  onclick=\"footnote_moveToReference_818_1('footnote_plugin_reference_818_1_2');\">Continue reading<\/span><\/span><\/span><script type=\"text\/javascript\"> jQuery('#footnote_plugin_tooltip_818_1_2').tooltip({ tip: '#footnote_plugin_tooltip_text_818_1_2', tipClass: 'footnote_tooltip', effect: 'fade', predelay: 0, fadeInSpeed: 200, delay: 400, fadeOutSpeed: 200, position: 'top center', relative: true, offset: [-7, 0], });<\/script><\/li><li>Informes de los centros regionales acerca de la prestaci\u00f3n de servicios alternativos que se presentan al DDS, conforme al art\u00edculo 4669.2(c).<\/li><li>Informes de los centros regionales sobre los tipos y cantidades de servicios y apoyos necesarios, pero no disponibles (conforme al art\u00edculo 4677(b)(1)).<\/li><li>Informes anuales acerca de los servicios autodirigidos (conforme al art\u00edculo 4685.7(v)).<\/li><\/ul>\n\n\n\n<p>Estas evaluaciones e informes se incluyen en el plan estatal del Consejo y se env\u00edan al DDS y a la Asamblea Legislativa. El Consejo consulta con el DDS y recomienda la financiaci\u00f3n al Departamento de Finanzas. La financiaci\u00f3n surge del presupuesto del Gobernador para el desarrollo de programas basados en la evaluaci\u00f3n. <span class=\"footnote_referrer\"><a role=\"button\" tabindex=\"0\" onclick=\"footnote_moveToReference_818_1('footnote_plugin_reference_818_1_3');\" onkeypress=\"footnote_moveToReference_818_1('footnote_plugin_reference_818_1_3');\" ><sup id=\"footnote_plugin_tooltip_818_1_3\" class=\"footnote_plugin_tooltip_text\">[3]<\/sup><\/a><span id=\"footnote_plugin_tooltip_text_818_1_3\" class=\"footnote_tooltip\">Secci\u00f3n 4677(b)(6).<\/span><\/span><script type=\"text\/javascript\"> jQuery('#footnote_plugin_tooltip_818_1_3').tooltip({ tip: '#footnote_plugin_tooltip_text_818_1_3', tipClass: 'footnote_tooltip', effect: 'fade', predelay: 0, fadeInSpeed: 200, delay: 400, fadeOutSpeed: 200, position: 'top center', relative: true, offset: [-7, 0], });<\/script> Estos documentos se encuentran a disposici\u00f3n del p\u00fablico.<\/p>\n\n\n\n<p>Un fondo especial (el Fondo para la Elaboraci\u00f3n de Programas para las Discapacidades del Desarrollo) brinda recursos para comenzar programas nuevos y para ampliar o reformar los existentes.<span class=\"footnote_referrer\"><a role=\"button\" tabindex=\"0\" onclick=\"footnote_moveToReference_818_1('footnote_plugin_reference_818_1_4');\" onkeypress=\"footnote_moveToReference_818_1('footnote_plugin_reference_818_1_4');\" ><sup id=\"footnote_plugin_tooltip_818_1_4\" class=\"footnote_plugin_tooltip_text\">[4]<\/sup><\/a><span id=\"footnote_plugin_tooltip_text_818_1_4\" class=\"footnote_tooltip\">*Secci\u00f3n 4677.<\/span><\/span><script type=\"text\/javascript\"> jQuery('#footnote_plugin_tooltip_818_1_4').tooltip({ tip: '#footnote_plugin_tooltip_text_818_1_4', tipClass: 'footnote_tooltip', effect: 'fade', predelay: 0, fadeInSpeed: 200, delay: 400, fadeOutSpeed: 200, position: 'top center', relative: true, offset: [-7, 0], });<\/script> El dinero del fondo proviene de las tarifas que pagan las familias cuyos hijos viven fuera del hogar.<span class=\"footnote_referrer\"><a role=\"button\" tabindex=\"0\" onclick=\"footnote_moveToReference_818_1('footnote_plugin_reference_818_1_5');\" onkeypress=\"footnote_moveToReference_818_1('footnote_plugin_reference_818_1_5');\" ><sup id=\"footnote_plugin_tooltip_818_1_5\" class=\"footnote_plugin_tooltip_text\">[5]<\/sup><\/a><span id=\"footnote_plugin_tooltip_text_818_1_5\" class=\"footnote_tooltip\">Secci\u00f3n 4784.<\/span><\/span><script type=\"text\/javascript\"> jQuery('#footnote_plugin_tooltip_818_1_5').tooltip({ tip: '#footnote_plugin_tooltip_text_818_1_5', tipClass: 'footnote_tooltip', effect: 'fade', predelay: 0, fadeInSpeed: 200, delay: 400, fadeOutSpeed: 200, position: 'top center', relative: true, offset: [-7, 0], });<\/script> El fondo apoya programas que cuentan con servicios integrados para los lugares donde la gente vive, trabaja, juega, aprende, socializa y hace voluntariado. Estas actividades deben aumentar la autodeterminaci\u00f3n y la independencia de personas con discapacidades del desarrollo.<span class=\"footnote_referrer\"><a role=\"button\" tabindex=\"0\" onclick=\"footnote_moveToReference_818_1('footnote_plugin_reference_818_1_6');\" onkeypress=\"footnote_moveToReference_818_1('footnote_plugin_reference_818_1_6');\" ><sup id=\"footnote_plugin_tooltip_818_1_6\" class=\"footnote_plugin_tooltip_text\">[6]<\/sup><\/a><span id=\"footnote_plugin_tooltip_text_818_1_6\" class=\"footnote_tooltip\">Secci\u00f3n 4677(a).<\/span><\/span><script type=\"text\/javascript\"> jQuery('#footnote_plugin_tooltip_818_1_6').tooltip({ tip: '#footnote_plugin_tooltip_text_818_1_6', tipClass: 'footnote_tooltip', effect: 'fade', predelay: 0, fadeInSpeed: 200, delay: 400, fadeOutSpeed: 200, position: 'top center', relative: true, offset: [-7, 0], });<\/script> Esto sigue las prioridades aprobadas para la elaboraci\u00f3n de programas en el Plan Estatal del Consejo. <\/p>\n<div class=\"speaker-mute footnotes_reference_container\"> <div class=\"footnote_container_prepare\"><p><span role=\"button\" tabindex=\"0\" class=\"footnote_reference_container_label pointer\" onclick=\"footnote_expand_collapse_reference_container_818_1();\">&#x202F;<\/span><span role=\"button\" tabindex=\"0\" class=\"footnote_reference_container_collapse_button\" style=\"display: none;\" onclick=\"footnote_expand_collapse_reference_container_818_1();\">[<a id=\"footnote_reference_container_collapse_button_818_1\">+<\/a>]<\/span><\/p><\/div> <div id=\"footnote_references_container_818_1\" style=\"\"><table class=\"footnotes_table footnote-reference-container\"><caption class=\"accessibility\">References<\/caption> <tbody> \r\n\r\n<tr class=\"footnotes_plugin_reference_row\"> <th scope=\"row\" class=\"footnote_plugin_index_combi pointer\"  onclick=\"footnote_moveToAnchor_818_1('footnote_plugin_tooltip_818_1_1');\"><a id=\"footnote_plugin_reference_818_1_1\" class=\"footnote_backlink\"><span class=\"footnote_index_arrow\">&#8593;<\/span>1<\/a><\/th> <td class=\"footnote_plugin_text\">Secci\u00f3n 4677.<\/td><\/tr>\r\n\r\n<tr class=\"footnotes_plugin_reference_row\"> <th scope=\"row\" class=\"footnote_plugin_index_combi pointer\"  onclick=\"footnote_moveToAnchor_818_1('footnote_plugin_tooltip_818_1_2');\"><a id=\"footnote_plugin_reference_818_1_2\" class=\"footnote_backlink\"><span class=\"footnote_index_arrow\">&#8593;<\/span>2<\/a><\/th> <td class=\"footnote_plugin_text\">Se ha desarrollado un sistema de garant\u00eda de calidad para recopilar informaci\u00f3n acerca de la satisfacci\u00f3n de los consumidores y las familias, de la prestaci\u00f3n de servicios y de los resultados personales. El DDS le confiri\u00f3 este contrato al Instituto de Investigaci\u00f3n de Servicios Humanos (Human Services Research Institute, HSRI). El HSRI realiza una evaluaci\u00f3n de los indicadores b\u00e1sicos nacionales (National Core Indicators, NCI) entre los consumidores del centro regional. Esto ayuda a comparar la informaci\u00f3n de los servicios de California con la recopilada en otros estados.<\/td><\/tr>\r\n\r\n<tr class=\"footnotes_plugin_reference_row\"> <th scope=\"row\" class=\"footnote_plugin_index_combi pointer\"  onclick=\"footnote_moveToAnchor_818_1('footnote_plugin_tooltip_818_1_3');\"><a id=\"footnote_plugin_reference_818_1_3\" class=\"footnote_backlink\"><span class=\"footnote_index_arrow\">&#8593;<\/span>3<\/a><\/th> <td class=\"footnote_plugin_text\">Secci\u00f3n 4677(b)(6).<\/td><\/tr>\r\n\r\n<tr class=\"footnotes_plugin_reference_row\"> <th scope=\"row\" class=\"footnote_plugin_index_combi pointer\"  onclick=\"footnote_moveToAnchor_818_1('footnote_plugin_tooltip_818_1_4');\"><a id=\"footnote_plugin_reference_818_1_4\" class=\"footnote_backlink\"><span class=\"footnote_index_arrow\">&#8593;<\/span>4<\/a><\/th> <td class=\"footnote_plugin_text\">*Secci\u00f3n 4677.<\/td><\/tr>\r\n\r\n<tr class=\"footnotes_plugin_reference_row\"> <th scope=\"row\" class=\"footnote_plugin_index_combi pointer\"  onclick=\"footnote_moveToAnchor_818_1('footnote_plugin_tooltip_818_1_5');\"><a id=\"footnote_plugin_reference_818_1_5\" class=\"footnote_backlink\"><span class=\"footnote_index_arrow\">&#8593;<\/span>5<\/a><\/th> <td class=\"footnote_plugin_text\">Secci\u00f3n 4784.<\/td><\/tr>\r\n\r\n<tr class=\"footnotes_plugin_reference_row\"> <th scope=\"row\" class=\"footnote_plugin_index_combi pointer\"  onclick=\"footnote_moveToAnchor_818_1('footnote_plugin_tooltip_818_1_6');\"><a id=\"footnote_plugin_reference_818_1_6\" class=\"footnote_backlink\"><span class=\"footnote_index_arrow\">&#8593;<\/span>6<\/a><\/th> <td class=\"footnote_plugin_text\">Secci\u00f3n 4677(a).<\/td><\/tr>\r\n\r\n <\/tbody> <\/table> <\/div><\/div><script type=\"text\/javascript\"> function footnote_expand_reference_container_818_1() { jQuery('#footnote_references_container_818_1').show(); jQuery('#footnote_reference_container_collapse_button_818_1').text('\u2212'); } function footnote_collapse_reference_container_818_1() { jQuery('#footnote_references_container_818_1').hide(); jQuery('#footnote_reference_container_collapse_button_818_1').text('+'); } function footnote_expand_collapse_reference_container_818_1() { if (jQuery('#footnote_references_container_818_1').is(':hidden')) { footnote_expand_reference_container_818_1(); } else { footnote_collapse_reference_container_818_1(); } } function footnote_moveToReference_818_1(p_str_TargetID) { footnote_expand_reference_container_818_1(); var l_obj_Target = jQuery('#' + p_str_TargetID); if (l_obj_Target.length) { jQuery( 'html, body' ).delay( 0 ); jQuery('html, body').animate({ scrollTop: l_obj_Target.offset().top - window.innerHeight * 0.2 }, 380); } } function footnote_moveToAnchor_818_1(p_str_TargetID) { footnote_expand_reference_container_818_1(); var l_obj_Target = jQuery('#' + p_str_TargetID); if (l_obj_Target.length) { jQuery( 'html, body' ).delay( 0 ); jQuery('html, body').animate({ scrollTop: l_obj_Target.offset().top - window.innerHeight * 0.2 }, 380); } }<\/script>","protected":false},"excerpt":{"rendered":"<p>Cada cinco a\u00f1os, el Consejo Estatal sobre Discapacidades del Desarrollo (State Council on Developmental Disabilities, SCDD) lleva a cabo una \u201cevaluaci\u00f3n de necesidades\u201d en la&hellip;<\/p>\n","protected":false},"author":1,"featured_media":0,"parent":35,"menu_order":8,"comment_status":"closed","ping_status":"closed","template":"","meta":{"footnotes":""},"class_list":["post-818","page","type-page","status-publish","hentry"],"_links":{"self":[{"href":"https:\/\/rula.disabilityrightsca.org\/es\/wp-json\/wp\/v2\/pages\/818","targetHints":{"allow":["GET"]}}],"collection":[{"href":"https:\/\/rula.disabilityrightsca.org\/es\/wp-json\/wp\/v2\/pages"}],"about":[{"href":"https:\/\/rula.disabilityrightsca.org\/es\/wp-json\/wp\/v2\/types\/page"}],"author":[{"embeddable":true,"href":"https:\/\/rula.disabilityrightsca.org\/es\/wp-json\/wp\/v2\/users\/1"}],"replies":[{"embeddable":true,"href":"https:\/\/rula.disabilityrightsca.org\/es\/wp-json\/wp\/v2\/comments?post=818"}],"version-history":[{"count":10,"href":"https:\/\/rula.disabilityrightsca.org\/es\/wp-json\/wp\/v2\/pages\/818\/revisions"}],"predecessor-version":[{"id":2711,"href":"https:\/\/rula.disabilityrightsca.org\/es\/wp-json\/wp\/v2\/pages\/818\/revisions\/2711"}],"up":[{"embeddable":true,"href":"https:\/\/rula.disabilityrightsca.org\/es\/wp-json\/wp\/v2\/pages\/35"}],"wp:attachment":[{"href":"https:\/\/rula.disabilityrightsca.org\/es\/wp-json\/wp\/v2\/media?parent=818"}],"curies":[{"name":"wp","href":"https:\/\/api.w.org\/{rel}","templated":true}]}}