{"id":786,"date":"2021-04-13T21:13:08","date_gmt":"2021-04-13T21:13:08","guid":{"rendered":"http:\/\/www.rula.disabilityrightsca.org\/es\/?page_id=786"},"modified":"2023-12-04T18:44:53","modified_gmt":"2023-12-04T18:44:53","slug":"1-2-que-dijo-la-corte-suprema-de-california-sobre-la-ley-lanterman","status":"publish","type":"page","link":"https:\/\/rula.disabilityrightsca.org\/es\/rula-book\/capitulo-1-derechos-conforme-a-la-ley-lanterman\/1-2-que-dijo-la-corte-suprema-de-california-sobre-la-ley-lanterman\/","title":{"rendered":"(1.2) \u00bfQu\u00e9 dijo la Corte Suprema de California sobre la Ley Lanterman?"},"content":{"rendered":"\n<p>Hay un caso de 1985 llamado \u201cAssociation for Retarded Citizens-California (ARC) v. Department of Developmental Services (DDS)\u201d (Asociaci\u00f3n para Ciudadanos con Retraso, California vs. Departamento de Servicios de Desarrollo). <span class=\"footnote_referrer\"><a role=\"button\" tabindex=\"0\" onclick=\"footnote_moveToReference_786_1('footnote_plugin_reference_786_1_1');\" onkeypress=\"footnote_moveToReference_786_1('footnote_plugin_reference_786_1_1');\" ><sup id=\"footnote_plugin_tooltip_786_1_1\" class=\"footnote_plugin_tooltip_text\">[1]<\/sup><\/a><span id=\"footnote_plugin_tooltip_text_786_1_1\" class=\"footnote_tooltip\"> 38 Cal.3d 384 (1985). <\/span><\/span><script type=\"text\/javascript\"> jQuery('#footnote_plugin_tooltip_786_1_1').tooltip({ tip: '#footnote_plugin_tooltip_text_786_1_1', tipClass: 'footnote_tooltip', effect: 'fade', predelay: 0, fadeInSpeed: 200, delay: 400, fadeOutSpeed: 200, position: 'top center', relative: true, offset: [-7, 0], });<\/script> En ese caso, la Corte Suprema de California explic\u00f3 los fines de la Ley Lanterman y la manera en la que el Estado debe ayudar a las personas con discapacidades del desarrollo.<\/p>\n\n\n\n<p>La Corte dijo que la Ley Lanterman exig\u00eda que el Estado brindara un \u201cpatr\u00f3n de establecimientos y servicios suficientemente completo para satisfacer las necesidades de cada persona con discapacidades del desarrollo, independientemente de la edad o el grado de [discapacidad], y en cada etapa de la vida\u201d.<\/p>\n\n\n\n<p>Estos servicios exigidos incluyen lo siguiente:<\/p>\n\n\n\n<div class=\"wp-block-group\"><div class=\"wp-block-group__inner-container is-layout-flow wp-block-group-is-layout-flow\">\n<div class=\"wp-block-group\"><div class=\"wp-block-group__inner-container is-layout-flow wp-block-group-is-layout-flow\">\n<ul class=\"wp-block-list\">\n<li>Identificar a las personas con discapacidades del desarrollo.<\/li>\n\n\n\n<li>Evaluar sus necesidades.<\/li>\n\n\n\n<li> Seleccionar y brindar los servicios para satisfacer las necesidades individuales de cada persona.<\/li>\n<\/ul>\n\n\n\n<p>La Corte tambi\u00e9n explic\u00f3 que el prop\u00f3sito de la ley es hacer lo siguiente:<\/p>\n\n\n\n<ul class=\"wp-block-list\">\n<li>Reducir el n\u00famero de personas con discapacidades del desarrollo que viven en instituciones y que son alejadas de sus familias y de su comunidad.<\/li>\n\n\n\n<li> Permitirles a las personas con discapacidades del desarrollo tener la misma clase de vida que las personas de la misma edad sin discapacidades y llevar una vida m\u00e1s independiente y productiva en la comunidad.<\/li>\n<\/ul>\n<\/div><\/div>\n<\/div><\/div>\n\n\n\n<p>La Ley Lanterman dice que \u201cel estado de California acepta la responsabilidad por sus ciudadanos con discapacidades del desarrollo y la obligaci\u00f3n ante ellos que debe cumplir\u201d.<span class=\"footnote_referrer\"><a role=\"button\" tabindex=\"0\" onclick=\"footnote_moveToReference_786_1('footnote_plugin_reference_786_1_2');\" onkeypress=\"footnote_moveToReference_786_1('footnote_plugin_reference_786_1_2');\" ><sup id=\"footnote_plugin_tooltip_786_1_2\" class=\"footnote_plugin_tooltip_text\">[2]<\/sup><\/a><span id=\"footnote_plugin_tooltip_text_786_1_2\" class=\"footnote_tooltip\"> Secci\u00f3n 4501. <\/span><\/span><script type=\"text\/javascript\"> jQuery('#footnote_plugin_tooltip_786_1_2').tooltip({ tip: '#footnote_plugin_tooltip_text_786_1_2', tipClass: 'footnote_tooltip', effect: 'fade', predelay: 0, fadeInSpeed: 200, delay: 400, fadeOutSpeed: 200, position: 'top center', relative: true, offset: [-7, 0], });<\/script> Reconoce que las personas \u201ccon discapacidades del desarrollo tienen los mismos derechos y responsabilidades legales [que aquellos] que garantizan a todas las dem\u00e1s personas la Constituci\u00f3n y las leyes federales, as\u00ed como la Constituci\u00f3n y las leyes del estado de California\u201d.<span class=\"footnote_referrer\"><a role=\"button\" tabindex=\"0\" onclick=\"footnote_moveToReference_786_1('footnote_plugin_reference_786_1_3');\" onkeypress=\"footnote_moveToReference_786_1('footnote_plugin_reference_786_1_3');\" ><sup id=\"footnote_plugin_tooltip_786_1_3\" class=\"footnote_plugin_tooltip_text\">[3]<\/sup><\/a><span id=\"footnote_plugin_tooltip_text_786_1_3\" class=\"footnote_tooltip\"> Secci\u00f3n 4502. <\/span><\/span><script type=\"text\/javascript\"> jQuery('#footnote_plugin_tooltip_786_1_3').tooltip({ tip: '#footnote_plugin_tooltip_text_786_1_3', tipClass: 'footnote_tooltip', effect: 'fade', predelay: 0, fadeInSpeed: 200, delay: 400, fadeOutSpeed: 200, position: 'top center', relative: true, offset: [-7, 0], });<\/script> Tambi\u00e9n les otorga determinados derechos legales a las personas con discapacidades del desarrollo, lo que incluye el derecho a que el estado cubra su tratamiento y habilitaci\u00f3n. <\/p>\n<div class=\"speaker-mute footnotes_reference_container\"> <div class=\"footnote_container_prepare\"><p><span role=\"button\" tabindex=\"0\" class=\"footnote_reference_container_label pointer\" onclick=\"footnote_expand_collapse_reference_container_786_1();\">&#x202F;<\/span><span role=\"button\" tabindex=\"0\" class=\"footnote_reference_container_collapse_button\" style=\"display: none;\" onclick=\"footnote_expand_collapse_reference_container_786_1();\">[<a id=\"footnote_reference_container_collapse_button_786_1\">+<\/a>]<\/span><\/p><\/div> <div id=\"footnote_references_container_786_1\" style=\"\"><table class=\"footnotes_table footnote-reference-container\"><caption class=\"accessibility\">References<\/caption> <tbody> \r\n\r\n<tr class=\"footnotes_plugin_reference_row\"> <th scope=\"row\" class=\"footnote_plugin_index_combi pointer\"  onclick=\"footnote_moveToAnchor_786_1('footnote_plugin_tooltip_786_1_1');\"><a id=\"footnote_plugin_reference_786_1_1\" class=\"footnote_backlink\"><span class=\"footnote_index_arrow\">&#8593;<\/span>1<\/a><\/th> <td class=\"footnote_plugin_text\"> 38 Cal.3d 384 (1985). <\/td><\/tr>\r\n\r\n<tr class=\"footnotes_plugin_reference_row\"> <th scope=\"row\" class=\"footnote_plugin_index_combi pointer\"  onclick=\"footnote_moveToAnchor_786_1('footnote_plugin_tooltip_786_1_2');\"><a id=\"footnote_plugin_reference_786_1_2\" class=\"footnote_backlink\"><span class=\"footnote_index_arrow\">&#8593;<\/span>2<\/a><\/th> <td class=\"footnote_plugin_text\"> Secci\u00f3n 4501. <\/td><\/tr>\r\n\r\n<tr class=\"footnotes_plugin_reference_row\"> <th scope=\"row\" class=\"footnote_plugin_index_combi pointer\"  onclick=\"footnote_moveToAnchor_786_1('footnote_plugin_tooltip_786_1_3');\"><a id=\"footnote_plugin_reference_786_1_3\" class=\"footnote_backlink\"><span class=\"footnote_index_arrow\">&#8593;<\/span>3<\/a><\/th> <td class=\"footnote_plugin_text\"> Secci\u00f3n 4502. <\/td><\/tr>\r\n\r\n <\/tbody> <\/table> <\/div><\/div><script type=\"text\/javascript\"> function footnote_expand_reference_container_786_1() { jQuery('#footnote_references_container_786_1').show(); jQuery('#footnote_reference_container_collapse_button_786_1').text('\u2212'); } function footnote_collapse_reference_container_786_1() { jQuery('#footnote_references_container_786_1').hide(); jQuery('#footnote_reference_container_collapse_button_786_1').text('+'); } function footnote_expand_collapse_reference_container_786_1() { if (jQuery('#footnote_references_container_786_1').is(':hidden')) { footnote_expand_reference_container_786_1(); } else { footnote_collapse_reference_container_786_1(); } } function footnote_moveToReference_786_1(p_str_TargetID) { footnote_expand_reference_container_786_1(); var l_obj_Target = jQuery('#' + p_str_TargetID); if (l_obj_Target.length) { jQuery( 'html, body' ).delay( 0 ); jQuery('html, body').animate({ scrollTop: l_obj_Target.offset().top - window.innerHeight * 0.2 }, 380); } } function footnote_moveToAnchor_786_1(p_str_TargetID) { footnote_expand_reference_container_786_1(); var l_obj_Target = jQuery('#' + p_str_TargetID); if (l_obj_Target.length) { jQuery( 'html, body' ).delay( 0 ); jQuery('html, body').animate({ scrollTop: l_obj_Target.offset().top - window.innerHeight * 0.2 }, 380); } }<\/script>","protected":false},"excerpt":{"rendered":"<p>Hay un caso de 1985 llamado \u201cAssociation for Retarded Citizens-California (ARC) v. Department of Developmental Services (DDS)\u201d (Asociaci\u00f3n para Ciudadanos con Retraso, California vs. Departamento&hellip;<\/p>\n","protected":false},"author":1,"featured_media":0,"parent":35,"menu_order":2,"comment_status":"closed","ping_status":"closed","template":"","meta":{"footnotes":""},"class_list":["post-786","page","type-page","status-publish","hentry"],"_links":{"self":[{"href":"https:\/\/rula.disabilityrightsca.org\/es\/wp-json\/wp\/v2\/pages\/786","targetHints":{"allow":["GET"]}}],"collection":[{"href":"https:\/\/rula.disabilityrightsca.org\/es\/wp-json\/wp\/v2\/pages"}],"about":[{"href":"https:\/\/rula.disabilityrightsca.org\/es\/wp-json\/wp\/v2\/types\/page"}],"author":[{"embeddable":true,"href":"https:\/\/rula.disabilityrightsca.org\/es\/wp-json\/wp\/v2\/users\/1"}],"replies":[{"embeddable":true,"href":"https:\/\/rula.disabilityrightsca.org\/es\/wp-json\/wp\/v2\/comments?post=786"}],"version-history":[{"count":13,"href":"https:\/\/rula.disabilityrightsca.org\/es\/wp-json\/wp\/v2\/pages\/786\/revisions"}],"predecessor-version":[{"id":3631,"href":"https:\/\/rula.disabilityrightsca.org\/es\/wp-json\/wp\/v2\/pages\/786\/revisions\/3631"}],"up":[{"embeddable":true,"href":"https:\/\/rula.disabilityrightsca.org\/es\/wp-json\/wp\/v2\/pages\/35"}],"wp:attachment":[{"href":"https:\/\/rula.disabilityrightsca.org\/es\/wp-json\/wp\/v2\/media?parent=786"}],"curies":[{"name":"wp","href":"https:\/\/api.w.org\/{rel}","templated":true}]}}