{"id":4063,"date":"2024-10-08T19:19:17","date_gmt":"2024-10-08T19:19:17","guid":{"rendered":"https:\/\/rula.disabilityrightsca.org\/es\/?page_id=4063"},"modified":"2024-10-08T19:50:56","modified_gmt":"2024-10-08T19:50:56","slug":"4-16-tengo-que-reunirme-alguna-vez-en-persona-con-el-coordinador-de-servicios-de-mi-centro-regional","status":"publish","type":"page","link":"https:\/\/rula.disabilityrightsca.org\/es\/rula-book\/capitulo-4-planes-de-programas-individuales\/4-16-tengo-que-reunirme-alguna-vez-en-persona-con-el-coordinador-de-servicios-de-mi-centro-regional\/","title":{"rendered":"(4.16) \u00bfTengo que reunirme alguna vez en persona con el coordinador de servicios de mi centro regional?"},"content":{"rendered":"\n<p>Su coordinador de servicios u otro representante del centro regional debe reunirse con usted en persona al menos una vez cada 12 meses.<sup>&nbsp;<\/sup><span class=\"footnote_referrer\"><a role=\"button\" tabindex=\"0\" onclick=\"footnote_moveToReference_4063_1('footnote_plugin_reference_4063_1_1');\" onkeypress=\"footnote_moveToReference_4063_1('footnote_plugin_reference_4063_1_1');\" ><sup id=\"footnote_plugin_tooltip_4063_1_1\" class=\"footnote_plugin_tooltip_text\">[1]<\/sup><\/a><span id=\"footnote_plugin_tooltip_text_4063_1_1\" class=\"footnote_tooltip\">Art\u00edculo 4646(f)(2)(A).<\/span><\/span><script type=\"text\/javascript\"> jQuery('#footnote_plugin_tooltip_4063_1_1').tooltip({ tip: '#footnote_plugin_tooltip_text_4063_1_1', tipClass: 'footnote_tooltip', effect: 'fade', predelay: 0, fadeInSpeed: 200, delay: 400, fadeOutSpeed: 200, position: 'top center', relative: true, offset: [-7, 0], });<\/script><\/p>\n\n\n\n<p>La mayor\u00eda de las veces, estos encuentros en persona ocurren durante una reuni\u00f3n del IPP, donde se encuentra con su coordinador de servicios cara a cara. A veces, ocurren porque su coordinador de servicios visit\u00f3 el programa diurno o el hogar colectivo donde usted vive. Pero si vive en casa con su familia, es posible que no haya visto a su coordinador de servicios durante todo el a\u00f1o.<\/p>\n\n\n\n<p>Si su centro regional le dice que necesitan verlo en persona, usted tiene derechos.<\/p>\n\n\n\n<ul class=\"wp-block-list\">\n<li>Usted elige d\u00f3nde tener esta reuni\u00f3n. Puede ser en su casa, en el centro regional o en cualquier otro lugar que sea f\u00e1cil para usted.<\/li>\n\n\n\n<li>Usted elige cu\u00e1ndo tener esta reuni\u00f3n en persona. Puede ser durante su reuni\u00f3n del IPP si lo desea. Pero tambi\u00e9n puede solicitar una reuni\u00f3n o visita por separado si desea tener su IPP mediante comunicaci\u00f3n electr\u00f3nica remota, como por tel\u00e9fono o Zoom.&nbsp;<\/li>\n\n\n\n<li>Sus servicios no se pueden reducir o retrasar si el centro regional no puede programar esta reuni\u00f3n.<sup>&nbsp;<\/sup><span class=\"footnote_referrer\"><a role=\"button\" tabindex=\"0\" onclick=\"footnote_moveToReference_4063_1('footnote_plugin_reference_4063_1_2');\" onkeypress=\"footnote_moveToReference_4063_1('footnote_plugin_reference_4063_1_2');\" ><sup id=\"footnote_plugin_tooltip_4063_1_2\" class=\"footnote_plugin_tooltip_text\">[2]<\/sup><\/a><span id=\"footnote_plugin_tooltip_text_4063_1_2\" class=\"footnote_tooltip\">Art\u00edculo 4646(f)(2)(A).<\/span><\/span><script type=\"text\/javascript\"> jQuery('#footnote_plugin_tooltip_4063_1_2').tooltip({ tip: '#footnote_plugin_tooltip_text_4063_1_2', tipClass: 'footnote_tooltip', effect: 'fade', predelay: 0, fadeInSpeed: 200, delay: 400, fadeOutSpeed: 200, position: 'top center', relative: true, offset: [-7, 0], });<\/script><\/li>\n<\/ul>\n\n\n\n<p>Tambi\u00e9n es una buena idea preguntarle al centro regional por qu\u00e9 quieren reunirse con usted en persona. La ley dice que estas reuniones deben ser con el prop\u00f3sito de ayudarlo a alcanzar los objetivos de su IPP, para ayudar a mejorar el acceso a sus servicios o para ayudar a construir la relaci\u00f3n entre usted y su coordinador de servicios.<sup>&nbsp;<\/sup><span class=\"footnote_referrer\"><a role=\"button\" tabindex=\"0\" onclick=\"footnote_moveToReference_4063_1('footnote_plugin_reference_4063_1_3');\" onkeypress=\"footnote_moveToReference_4063_1('footnote_plugin_reference_4063_1_3');\" ><sup id=\"footnote_plugin_tooltip_4063_1_3\" class=\"footnote_plugin_tooltip_text\">[3]<\/sup><\/a><span id=\"footnote_plugin_tooltip_text_4063_1_3\" class=\"footnote_tooltip\">Art\u00edculo 4646(f)(2)(B).<\/span><\/span><script type=\"text\/javascript\"> jQuery('#footnote_plugin_tooltip_4063_1_3').tooltip({ tip: '#footnote_plugin_tooltip_text_4063_1_3', tipClass: 'footnote_tooltip', effect: 'fade', predelay: 0, fadeInSpeed: 200, delay: 400, fadeOutSpeed: 200, position: 'top center', relative: true, offset: [-7, 0], });<\/script><\/p>\n<div class=\"speaker-mute footnotes_reference_container\"> <div class=\"footnote_container_prepare\"><p><span role=\"button\" tabindex=\"0\" class=\"footnote_reference_container_label pointer\" onclick=\"footnote_expand_collapse_reference_container_4063_1();\">&#x202F;<\/span><span role=\"button\" tabindex=\"0\" class=\"footnote_reference_container_collapse_button\" style=\"display: none;\" onclick=\"footnote_expand_collapse_reference_container_4063_1();\">[<a id=\"footnote_reference_container_collapse_button_4063_1\">+<\/a>]<\/span><\/p><\/div> <div id=\"footnote_references_container_4063_1\" style=\"\"><table class=\"footnotes_table footnote-reference-container\"><caption class=\"accessibility\">References<\/caption> <tbody> \r\n\r\n<tr class=\"footnotes_plugin_reference_row\"> <th scope=\"row\" class=\"footnote_plugin_index_combi\" ><a id=\"footnote_plugin_reference_4063_1_1\" class=\"footnote_backlink\" onclick=\"footnote_moveToAnchor_4063_1('footnote_plugin_tooltip_4063_1_1');\"><span class=\"footnote_index_arrow\">&#8593;<\/span>1,<\/a> <a id=\"footnote_plugin_reference_4063_1_2\" class=\"footnote_backlink\" onclick=\"footnote_moveToAnchor_4063_1('footnote_plugin_tooltip_4063_1_2');\"><span class=\"footnote_index_arrow\">&#8593;<\/span>2<\/a><\/th> <td class=\"footnote_plugin_text\">Art\u00edculo 4646(f)(2)(A).<\/td><\/tr>\r\n\r\n<tr class=\"footnotes_plugin_reference_row\"> <th scope=\"row\" class=\"footnote_plugin_index_combi pointer\"  onclick=\"footnote_moveToAnchor_4063_1('footnote_plugin_tooltip_4063_1_3');\"><a id=\"footnote_plugin_reference_4063_1_3\" class=\"footnote_backlink\"><span class=\"footnote_index_arrow\">&#8593;<\/span>3<\/a><\/th> <td class=\"footnote_plugin_text\">Art\u00edculo 4646(f)(2)(B).<\/td><\/tr>\r\n\r\n <\/tbody> <\/table> <\/div><\/div><script type=\"text\/javascript\"> function footnote_expand_reference_container_4063_1() { jQuery('#footnote_references_container_4063_1').show(); jQuery('#footnote_reference_container_collapse_button_4063_1').text('\u2212'); } function footnote_collapse_reference_container_4063_1() { jQuery('#footnote_references_container_4063_1').hide(); jQuery('#footnote_reference_container_collapse_button_4063_1').text('+'); } function footnote_expand_collapse_reference_container_4063_1() { if (jQuery('#footnote_references_container_4063_1').is(':hidden')) { footnote_expand_reference_container_4063_1(); } else { footnote_collapse_reference_container_4063_1(); } } function footnote_moveToReference_4063_1(p_str_TargetID) { footnote_expand_reference_container_4063_1(); var l_obj_Target = jQuery('#' + p_str_TargetID); if (l_obj_Target.length) { jQuery( 'html, body' ).delay( 0 ); jQuery('html, body').animate({ scrollTop: l_obj_Target.offset().top - window.innerHeight * 0.2 }, 380); } } function footnote_moveToAnchor_4063_1(p_str_TargetID) { footnote_expand_reference_container_4063_1(); var l_obj_Target = jQuery('#' + p_str_TargetID); if (l_obj_Target.length) { jQuery( 'html, body' ).delay( 0 ); jQuery('html, body').animate({ scrollTop: l_obj_Target.offset().top - window.innerHeight * 0.2 }, 380); } }<\/script>","protected":false},"excerpt":{"rendered":"<p>Su coordinador de servicios u otro representante del centro regional debe reunirse con usted en persona al menos una vez cada 12 meses.&nbsp;[1]Art\u00edculo 4646(f)(2)(A). La&hellip;<\/p>\n","protected":false},"author":10,"featured_media":0,"parent":1193,"menu_order":16,"comment_status":"closed","ping_status":"closed","template":"","meta":{"footnotes":""},"class_list":["post-4063","page","type-page","status-publish","hentry"],"_links":{"self":[{"href":"https:\/\/rula.disabilityrightsca.org\/es\/wp-json\/wp\/v2\/pages\/4063","targetHints":{"allow":["GET"]}}],"collection":[{"href":"https:\/\/rula.disabilityrightsca.org\/es\/wp-json\/wp\/v2\/pages"}],"about":[{"href":"https:\/\/rula.disabilityrightsca.org\/es\/wp-json\/wp\/v2\/types\/page"}],"author":[{"embeddable":true,"href":"https:\/\/rula.disabilityrightsca.org\/es\/wp-json\/wp\/v2\/users\/10"}],"replies":[{"embeddable":true,"href":"https:\/\/rula.disabilityrightsca.org\/es\/wp-json\/wp\/v2\/comments?post=4063"}],"version-history":[{"count":1,"href":"https:\/\/rula.disabilityrightsca.org\/es\/wp-json\/wp\/v2\/pages\/4063\/revisions"}],"predecessor-version":[{"id":4066,"href":"https:\/\/rula.disabilityrightsca.org\/es\/wp-json\/wp\/v2\/pages\/4063\/revisions\/4066"}],"up":[{"embeddable":true,"href":"https:\/\/rula.disabilityrightsca.org\/es\/wp-json\/wp\/v2\/pages\/1193"}],"wp:attachment":[{"href":"https:\/\/rula.disabilityrightsca.org\/es\/wp-json\/wp\/v2\/media?parent=4063"}],"curies":[{"name":"wp","href":"https:\/\/api.w.org\/{rel}","templated":true}]}}