{"id":37,"date":"2019-01-28T23:56:11","date_gmt":"2019-01-28T23:56:11","guid":{"rendered":"http:\/\/www.rula.disabilityrightsca.org\/es\/?page_id=37"},"modified":"2022-03-01T22:21:05","modified_gmt":"2022-03-01T22:21:05","slug":"capitulo-2-discapacidades-del-desarrollo","status":"publish","type":"page","link":"https:\/\/rula.disabilityrightsca.org\/es\/rula-book\/capitulo-2-discapacidades-del-desarrollo\/","title":{"rendered":"Capitulo 2: Discapacidades del Desarrollo"},"content":{"rendered":"\n<p><div class=\"print-fullchapter-wrap\"><div class=\"print-fullchapter\"><a href=\"https:\/\/rula.disabilityrightsca.org\/es\/chapter-2-print\/\">Imprimir todo el cap\u00edtulo<\/a><\/div><\/div><\/p>\n\n\n\n<p>Este cap\u00edtulo le informa sobre las discapacidades del desarrollo: qu\u00e9 son, qui\u00e9n es elegible para los servicios del centro regional y c\u00f3mo puede demostrar que es elegible. Esta informaci\u00f3n proviene principalmente de una ley estatal llamada Ley Lanterman, que comienza en la secci\u00f3n 4500 del Cal. Welfare and Institutions Code. Le proporcionamos la secci\u00f3n de esta ley estatal donde puede encontrar la informaci\u00f3n que escribimos. Es posible que deba consultar la ley para obtener los servicios que necesita. Cuando vea la palabra \u201cSecci\u00f3n(es)\u201d, seguida de un n\u00famero y ninguna otra informaci\u00f3n, significa secci\u00f3n(es) de la Ley Lanterman.<\/p>\n\n\n\n<p>Para leer la Ley Lanterman,<em> <\/em><a href=\"https:\/\/www.dds.ca.gov\/transparency\/laws-regulations\/lanterman-act-and-related-laws\/\">haga clic aqu\u00ed<\/a>. <\/p>\n\n\n<div class=\"menu-chapter-2-container\"><ul id=\"menu-chapter-2\" class=\"menu\"><li id=\"menu-item-334\" class=\"menu-item menu-item-type-post_type menu-item-object-page menu-item-334\"><a href=\"https:\/\/rula.disabilityrightsca.org\/es\/rula-book\/capitulo-2-discapacidades-del-desarrollo\/what-is-a-developmental-disability\/\">(2.1) \u00bfQu\u00e9 es una discapacidad del desarrollo?<\/a><\/li>\n<li id=\"menu-item-561\" class=\"menu-item menu-item-type-post_type menu-item-object-page menu-item-561\"><a href=\"https:\/\/rula.disabilityrightsca.org\/es\/rula-book\/capitulo-2-discapacidades-del-desarrollo\/2-2-puede-una-persona-sin-una-discapacidad-del-desarrollo-solicitar-los-servicios-del-centro-regional\/\">(2.2) \u00bfPuede una persona sin una discapacidad del desarrollo solicitar los servicios del centro regional?<\/a><\/li>\n<li id=\"menu-item-918\" class=\"menu-item menu-item-type-post_type menu-item-object-page menu-item-918\"><a href=\"https:\/\/rula.disabilityrightsca.org\/es\/rula-book\/capitulo-2-discapacidades-del-desarrollo\/2-3-como-saben-los-padres-si-su-bebe-tiene-un-alto-riesgo-de-tener-una-discapacidad-del-desarrollo\/\">(2.3) \u00bfC\u00f3mo saben los padres si su beb\u00e9 tiene un alto riesgo de tener una discapacidad del desarrollo?<\/a><\/li>\n<li id=\"menu-item-924\" class=\"menu-item menu-item-type-post_type menu-item-object-page menu-item-924\"><a href=\"https:\/\/rula.disabilityrightsca.org\/es\/rula-book\/capitulo-2-discapacidades-del-desarrollo\/2-4-un-nino-de-alto-riesgo-que-recibio-servicios-preventivos-del-centro-regional-se-vuelve-elegible-permanentemente-para-los-servicios-del-centro-regional\/\">(2.4) \u00bfUn ni\u00f1o de alto riesgo que recibi\u00f3 servicios preventivos del centro regional se vuelve elegible permanentemente para los servicios del centro regional?<\/a><\/li>\n<li id=\"menu-item-1829\" class=\"menu-item menu-item-type-post_type menu-item-object-page menu-item-1829\"><a href=\"https:\/\/rula.disabilityrightsca.org\/es\/rula-book\/capitulo-2-discapacidades-del-desarrollo\/2-5-que-es-la-elegibilidad-provisional\/\">(2.5) \u00bfQu\u00e9 es la elegibilidad provisional?<\/a><\/li>\n<li id=\"menu-item-923\" class=\"menu-item menu-item-type-post_type menu-item-object-page menu-item-923\"><a href=\"https:\/\/rula.disabilityrightsca.org\/es\/rula-book\/capitulo-2-discapacidades-del-desarrollo\/2-6-como-solicito-los-servicios-del-centro-regional\/\">(2.6)  \u00bfC\u00f3mo solicito los servicios del centro regional?<\/a><\/li>\n<li id=\"menu-item-991\" class=\"menu-item menu-item-type-post_type menu-item-object-page menu-item-991\"><a href=\"https:\/\/rula.disabilityrightsca.org\/es\/rula-book\/capitulo-2-discapacidades-del-desarrollo\/2-7-como-decide-el-centro-regional-si-mi-afeccion-esta-cubierta-por-la-ley-lanterman\/\">(2.7) \u00bfC\u00f3mo decide el centro regional si mi afecci\u00f3n est\u00e1 cubierta por la Ley Lanterman?<\/a><\/li>\n<li id=\"menu-item-985\" class=\"menu-item menu-item-type-post_type menu-item-object-page menu-item-985\"><a href=\"https:\/\/rula.disabilityrightsca.org\/es\/rula-book\/capitulo-2-discapacidades-del-desarrollo\/2-8-que-es-la-discapacidad-intelectual\/\">(2.8) \u00bfQu\u00e9 es la discapacidad intelectual?<\/a><\/li>\n<li id=\"menu-item-986\" class=\"menu-item menu-item-type-post_type menu-item-object-page menu-item-986\"><a href=\"https:\/\/rula.disabilityrightsca.org\/es\/rula-book\/capitulo-2-discapacidades-del-desarrollo\/2-9-que-es-la-paralisis-cerebral\/\">(2.9) \u00bfQu\u00e9 es la par\u00e1lisis cerebral?<\/a><\/li>\n<li id=\"menu-item-987\" class=\"menu-item menu-item-type-post_type menu-item-object-page menu-item-987\"><a href=\"https:\/\/rula.disabilityrightsca.org\/es\/rula-book\/capitulo-2-discapacidades-del-desarrollo\/2-10-que-es-el-autismo\/\">(2.10) \u00bfQu\u00e9 es el autismo?<\/a><\/li>\n<li id=\"menu-item-988\" class=\"menu-item menu-item-type-post_type menu-item-object-page menu-item-988\"><a href=\"https:\/\/rula.disabilityrightsca.org\/es\/rula-book\/capitulo-2-discapacidades-del-desarrollo\/2-11-que-es-la-epilepsia\/\">(2.11) \u00bfQu\u00e9 es la epilepsia?<\/a><\/li>\n<li id=\"menu-item-989\" class=\"menu-item menu-item-type-post_type menu-item-object-page menu-item-989\"><a href=\"https:\/\/rula.disabilityrightsca.org\/es\/rula-book\/capitulo-2-discapacidades-del-desarrollo\/2-12-cuales-son-las-condiciones-estrechamente-relacionadas-con-la-discapacidad-intelectual-o-que-requieren-un-tratamiento-similar-al-de-la-discapacidad-intelectual\/\">(2.12) \u00bfCu\u00e1les son las condiciones estrechamente relacionadas con la discapacidad intelectual o que requieren un tratamiento similar al de la discapacidad intelectual?<\/a><\/li>\n<li id=\"menu-item-990\" class=\"menu-item menu-item-type-post_type menu-item-object-page menu-item-990\"><a href=\"https:\/\/rula.disabilityrightsca.org\/es\/rula-book\/capitulo-2-discapacidades-del-desarrollo\/2-13-que-significa-tener-una-afeccion-estrechamente-relacionada-con-la-discapacidad-intelectual\/\">(2.13) \u00bfQu\u00e9 significa tener una afecci\u00f3n estrechamente relacionada con la discapacidad intelectual?<\/a><\/li>\n<li id=\"menu-item-984\" class=\"menu-item menu-item-type-post_type menu-item-object-page menu-item-984\"><a href=\"https:\/\/rula.disabilityrightsca.org\/es\/rula-book\/capitulo-2-discapacidades-del-desarrollo\/2-14-que-significa-requerir-un-tratamiento-similar-al-que-requieren-las-personas-con-discapacidad-intelectual\/\">(2.14) \u00bfQu\u00e9 significa requerir un tratamiento similar al que requieren las personas con discapacidad intelectual?<\/a><\/li>\n<li id=\"menu-item-983\" class=\"menu-item menu-item-type-post_type menu-item-object-page menu-item-983\"><a href=\"https:\/\/rula.disabilityrightsca.org\/es\/rula-book\/capitulo-2-discapacidades-del-desarrollo\/2-15-como-puedo-ayudar-a-alguien-que-presenta-una-solicitud-al-centro-regional-porque-tiene-necesidades-de-tratamiento-similares-a-las-de-las-personas-con-discapacidad-intelectual\/\">(2.15) \u00bfC\u00f3mo puedo ayudar a alguien que presenta una solicitud al centro regional porque tiene necesidades de tratamiento similares a las de las personas con discapacidad intelectual?<\/a><\/li>\n<li id=\"menu-item-982\" class=\"menu-item menu-item-type-post_type menu-item-object-page menu-item-982\"><a href=\"https:\/\/rula.disabilityrightsca.org\/es\/rula-book\/capitulo-2-discapacidades-del-desarrollo\/2-16-que-informacion-debo-dar-al-centro-regional-si-aplico-por-la-quinta-categoria\/\">(2.16) \u00bfQu\u00e9 informaci\u00f3n debo dar al centro regional si aplico por la quinta categor\u00eda?<\/a><\/li>\n<li id=\"menu-item-981\" class=\"menu-item menu-item-type-post_type menu-item-object-page menu-item-981\"><a href=\"https:\/\/rula.disabilityrightsca.org\/es\/rula-book\/capitulo-2-discapacidades-del-desarrollo\/2-17-si-otras-personas-con-mi-misma-discapacidad-son-elegibles-bajo-la-quinta-categoria-sere-yo-tambien-elegible\/\">(2.17) Si otras personas con mi misma discapacidad son elegibles bajo la quinta categor\u00eda, \u00bfser\u00e9 yo tambi\u00e9n elegible?<\/a><\/li>\n<li id=\"menu-item-980\" class=\"menu-item menu-item-type-post_type menu-item-object-page menu-item-980\"><a href=\"https:\/\/rula.disabilityrightsca.org\/es\/rula-book\/capitulo-2-discapacidades-del-desarrollo\/2-18-mi-evaluacion-fue-realizada-por-el-psicologo-del-centro-regional-deberia-obtener-otra-evaluacion-de-un-psicologo-diferente\/\">(2.18) Mi evaluaci\u00f3n fue realizada por el psic\u00f3logo del centro regional. \u00bfDeber\u00eda obtener otra evaluaci\u00f3n de un psic\u00f3logo diferente?<\/a><\/li>\n<li id=\"menu-item-979\" class=\"menu-item menu-item-type-post_type menu-item-object-page menu-item-979\"><a href=\"https:\/\/rula.disabilityrightsca.org\/es\/rula-book\/capitulo-2-discapacidades-del-desarrollo\/2-19-soy-elegible-para-los-servicios-del-centro-regional-si-mi-afeccion-esta-estrechamente-relacionada-con-el-autismo-la-paralisis-cerebral-o-la-epilepsia\/\">(2.19) \u00bfSoy elegible para los servicios del centro regional si mi afecci\u00f3n est\u00e1 estrechamente relacionada con el autismo, la par\u00e1lisis cerebral o la epilepsia?<\/a><\/li>\n<li id=\"menu-item-978\" class=\"menu-item menu-item-type-post_type menu-item-object-page menu-item-978\"><a href=\"https:\/\/rula.disabilityrightsca.org\/es\/rula-book\/capitulo-2-discapacidades-del-desarrollo\/2-20-que-significa-discapacidad-sustancial\/\">(2.20) \u00bfQu\u00e9 significa &#8220;discapacidad sustancial&#8221;?<\/a><\/li>\n<li id=\"menu-item-977\" class=\"menu-item menu-item-type-post_type menu-item-object-page menu-item-977\"><a href=\"https:\/\/rula.disabilityrightsca.org\/es\/rula-book\/capitulo-2-discapacidades-del-desarrollo\/2-21-como-pruebo-que-tengo-una-discapacidad-sustancial\/\">(2.21) \u00bfC\u00f3mo pruebo que tengo una discapacidad sustancial?<\/a><\/li>\n<li id=\"menu-item-976\" class=\"menu-item menu-item-type-post_type menu-item-object-page menu-item-976\"><a href=\"https:\/\/rula.disabilityrightsca.org\/es\/rula-book\/capitulo-2-discapacidades-del-desarrollo\/2-22-que-son-las-condiciones-de-discapacidad-que-son-unicamente-fisicas\/\">(2.22) \u00bfQu\u00e9 son las &#8220;condiciones de discapacidad que son \u00fanicamente f\u00edsicas&#8221;?<\/a><\/li>\n<li id=\"menu-item-975\" class=\"menu-item menu-item-type-post_type menu-item-object-page menu-item-975\"><a href=\"https:\/\/rula.disabilityrightsca.org\/es\/rula-book\/capitulo-2-discapacidades-del-desarrollo\/2-23-soy-elegible-para-los-servicios-del-centro-regional-si-solo-tengo-una-discapacidad-del-aprendizaje-o-un-trastorno-psiquiatrico\/\">(2.23) \u00bfSoy elegible para los servicios del centro regional si solo tengo una discapacidad del aprendizaje o un trastorno psiqui\u00e1trico?<\/a><\/li>\n<li id=\"menu-item-974\" class=\"menu-item menu-item-type-post_type menu-item-object-page menu-item-974\"><a href=\"https:\/\/rula.disabilityrightsca.org\/es\/rula-book\/capitulo-2-discapacidades-del-desarrollo\/2-24-puedo-perder-mi-elegibilidad-para-el-centro-regional\/\">(2.24) \u00bfPuedo perder mi elegibilidad para el centro regional?<\/a><\/li>\n<li id=\"menu-item-973\" class=\"menu-item menu-item-type-post_type menu-item-object-page menu-item-973\"><a href=\"https:\/\/rula.disabilityrightsca.org\/es\/rula-book\/capitulo-2-discapacidades-del-desarrollo\/2-25-cuanto-tiempo-tarda-el-centro-regional-en-procesar-mi-solicitud\/\">(2.25) \u00bfCu\u00e1nto tiempo tarda el centro regional en procesar mi solicitud?<\/a><\/li>\n<li id=\"menu-item-972\" class=\"menu-item menu-item-type-post_type menu-item-object-page menu-item-972\"><a href=\"https:\/\/rula.disabilityrightsca.org\/es\/rula-book\/capitulo-2-discapacidades-del-desarrollo\/2-26-que-hace-el-centro-regional-durante-estos-60-120-dias\/\">(2.26) \u00bfQu\u00e9 hace el centro regional durante estos 60-120 d\u00edas?<\/a><\/li>\n<li id=\"menu-item-971\" class=\"menu-item menu-item-type-post_type menu-item-object-page menu-item-971\"><a href=\"https:\/\/rula.disabilityrightsca.org\/es\/rula-book\/capitulo-2-discapacidades-del-desarrollo\/2-27-que-puedo-hacer-si-el-centro-regional-dice-que-no-soy-elegible\/\">(2.27) \u00bfQu\u00e9 puedo hacer si el centro regional dice que no soy elegible?<\/a><\/li>\n<li id=\"menu-item-970\" class=\"menu-item menu-item-type-post_type menu-item-object-page menu-item-970\"><a href=\"https:\/\/rula.disabilityrightsca.org\/es\/rula-book\/capitulo-2-discapacidades-del-desarrollo\/2-28-existe-una-fecha-limite-para-apelar\/\">(2.28) \u00bfExiste una fecha l\u00edmite para apelar?<\/a><\/li>\n<\/ul><\/div>\n","protected":false},"excerpt":{"rendered":"<p>Imprimir todo el cap\u00edtulo Este cap\u00edtulo le informa sobre las discapacidades del desarrollo: qu\u00e9 son, qui\u00e9n es elegible para los servicios del centro regional y&hellip;<\/p>\n","protected":false},"author":1,"featured_media":0,"parent":33,"menu_order":2,"comment_status":"closed","ping_status":"closed","template":"","meta":{"footnotes":""},"class_list":["post-37","page","type-page","status-publish","hentry"],"_links":{"self":[{"href":"https:\/\/rula.disabilityrightsca.org\/es\/wp-json\/wp\/v2\/pages\/37","targetHints":{"allow":["GET"]}}],"collection":[{"href":"https:\/\/rula.disabilityrightsca.org\/es\/wp-json\/wp\/v2\/pages"}],"about":[{"href":"https:\/\/rula.disabilityrightsca.org\/es\/wp-json\/wp\/v2\/types\/page"}],"author":[{"embeddable":true,"href":"https:\/\/rula.disabilityrightsca.org\/es\/wp-json\/wp\/v2\/users\/1"}],"replies":[{"embeddable":true,"href":"https:\/\/rula.disabilityrightsca.org\/es\/wp-json\/wp\/v2\/comments?post=37"}],"version-history":[{"count":18,"href":"https:\/\/rula.disabilityrightsca.org\/es\/wp-json\/wp\/v2\/pages\/37\/revisions"}],"predecessor-version":[{"id":3146,"href":"https:\/\/rula.disabilityrightsca.org\/es\/wp-json\/wp\/v2\/pages\/37\/revisions\/3146"}],"up":[{"embeddable":true,"href":"https:\/\/rula.disabilityrightsca.org\/es\/wp-json\/wp\/v2\/pages\/33"}],"wp:attachment":[{"href":"https:\/\/rula.disabilityrightsca.org\/es\/wp-json\/wp\/v2\/media?parent=37"}],"curies":[{"name":"wp","href":"https:\/\/api.w.org\/{rel}","templated":true}]}}