{"id":3554,"date":"2023-07-18T22:11:29","date_gmt":"2023-07-18T22:11:29","guid":{"rendered":"https:\/\/rula.disabilityrightsca.org\/es\/?page_id=3554"},"modified":"2023-12-05T16:44:17","modified_gmt":"2023-12-05T16:44:17","slug":"6-42-puede-mi-hijo-unirse-al-programa-de-autodeterminacion","status":"publish","type":"page","link":"https:\/\/rula.disabilityrightsca.org\/es\/rula-book\/capitulo-6-mantener-unida-a-la-familia-servicios-y-apoyos-para-ninos\/6-42-puede-mi-hijo-unirse-al-programa-de-autodeterminacion\/","title":{"rendered":"(6.42) \u00bfPuede mi hijo unirse al programa de autodeterminaci\u00f3n?"},"content":{"rendered":"\n<p>S\u00ed. Los ni\u00f1os son elegibles para el Programa de Autodeterminaci\u00f3n (SDP). Para obtener m\u00e1s detalles y ver c\u00f3mo inscribirse en el SDP, hable con el coordinador de servicios de su hijo. Para obtener informaci\u00f3n sobre la orientaci\u00f3n a la que debe asistir, comun\u00edquese con su Comit\u00e9 Asesor Local de Autodeterminaci\u00f3n. Consulte el\u00a0<a href=\"https:\/\/rula.disabilityrightsca.org\/es\/rula-book\/capitulo-3-centros-regionales\/\">Cap\u00edtulo 3<\/a>\u00a0para obtener m\u00e1s informaci\u00f3n acerca del Programa de Autodeterminaci\u00f3n (SDP).<\/p>\n","protected":false},"excerpt":{"rendered":"<p>S\u00ed. Los ni\u00f1os son elegibles para el Programa de Autodeterminaci\u00f3n (SDP). Para obtener m\u00e1s detalles y ver c\u00f3mo inscribirse en el SDP, hable con el&hellip;<\/p>\n","protected":false},"author":1,"featured_media":0,"parent":219,"menu_order":42,"comment_status":"closed","ping_status":"closed","template":"","meta":{"footnotes":""},"class_list":["post-3554","page","type-page","status-publish","hentry"],"_links":{"self":[{"href":"https:\/\/rula.disabilityrightsca.org\/es\/wp-json\/wp\/v2\/pages\/3554","targetHints":{"allow":["GET"]}}],"collection":[{"href":"https:\/\/rula.disabilityrightsca.org\/es\/wp-json\/wp\/v2\/pages"}],"about":[{"href":"https:\/\/rula.disabilityrightsca.org\/es\/wp-json\/wp\/v2\/types\/page"}],"author":[{"embeddable":true,"href":"https:\/\/rula.disabilityrightsca.org\/es\/wp-json\/wp\/v2\/users\/1"}],"replies":[{"embeddable":true,"href":"https:\/\/rula.disabilityrightsca.org\/es\/wp-json\/wp\/v2\/comments?post=3554"}],"version-history":[{"count":2,"href":"https:\/\/rula.disabilityrightsca.org\/es\/wp-json\/wp\/v2\/pages\/3554\/revisions"}],"predecessor-version":[{"id":3808,"href":"https:\/\/rula.disabilityrightsca.org\/es\/wp-json\/wp\/v2\/pages\/3554\/revisions\/3808"}],"up":[{"embeddable":true,"href":"https:\/\/rula.disabilityrightsca.org\/es\/wp-json\/wp\/v2\/pages\/219"}],"wp:attachment":[{"href":"https:\/\/rula.disabilityrightsca.org\/es\/wp-json\/wp\/v2\/media?parent=3554"}],"curies":[{"name":"wp","href":"https:\/\/api.w.org\/{rel}","templated":true}]}}