{"id":3550,"date":"2023-07-18T22:08:51","date_gmt":"2023-07-18T22:08:51","guid":{"rendered":"https:\/\/rula.disabilityrightsca.org\/es\/?page_id=3550"},"modified":"2023-12-05T16:40:17","modified_gmt":"2023-12-05T16:40:17","slug":"6-40-como-sirven-el-programa-de-asistencia-para-la-adopcion-aap-y-el-centro-regional-a-los-ninos-con-discapacidades-del-desarrollo","status":"publish","type":"page","link":"https:\/\/rula.disabilityrightsca.org\/es\/rula-book\/capitulo-6-mantener-unida-a-la-familia-servicios-y-apoyos-para-ninos\/6-40-como-sirven-el-programa-de-asistencia-para-la-adopcion-aap-y-el-centro-regional-a-los-ninos-con-discapacidades-del-desarrollo\/","title":{"rendered":"(6.40) \u00bfC\u00f3mo sirven el Programa de asistencia para la adopci\u00f3n (AAP) y el centro regional, a los ni\u00f1os con discapacidades del desarrollo?"},"content":{"rendered":"\n<p>AAP es un programa federal.<span class=\"footnote_referrer\"><a role=\"button\" tabindex=\"0\" onclick=\"footnote_moveToReference_3550_1('footnote_plugin_reference_3550_1_1');\" onkeypress=\"footnote_moveToReference_3550_1('footnote_plugin_reference_3550_1_1');\" ><sup id=\"footnote_plugin_tooltip_3550_1_1\" class=\"footnote_plugin_tooltip_text\">[1]<\/sup><\/a><span id=\"footnote_plugin_tooltip_text_3550_1_1\" class=\"footnote_tooltip\">Consulte el T\u00edtulo 42 del C\u00f3digo de EE. UU. secci\u00f3n 670 y siguientes, y el T\u00edtulo 45 del C\u00f3digo Fed. de Regs., secciones 1356.40 y 1356.41<\/span><\/span><script type=\"text\/javascript\"> jQuery('#footnote_plugin_tooltip_3550_1_1').tooltip({ tip: '#footnote_plugin_tooltip_text_3550_1_1', tipClass: 'footnote_tooltip', effect: 'fade', predelay: 0, fadeInSpeed: 200, delay: 400, fadeOutSpeed: 200, position: 'top center', relative: true, offset: [-7, 0], });<\/script> Implementadas por los estados<span class=\"footnote_referrer\"><a role=\"button\" tabindex=\"0\" onclick=\"footnote_moveToReference_3550_1('footnote_plugin_reference_3550_1_2');\" onkeypress=\"footnote_moveToReference_3550_1('footnote_plugin_reference_3550_1_2');\" ><sup id=\"footnote_plugin_tooltip_3550_1_2\" class=\"footnote_plugin_tooltip_text\">[2]<\/sup><\/a><span id=\"footnote_plugin_tooltip_text_3550_1_2\" class=\"footnote_tooltip\">Consulte la secci\u00f3n 16115.5 y siguientes del C\u00f3digo de Instituciones y Bienestar de California y el T\u00edtulo 22 del C\u00f3digo de Reglamentos de California, secci\u00f3n 35000 y siguientes<\/span><\/span><script type=\"text\/javascript\"> jQuery('#footnote_plugin_tooltip_3550_1_2').tooltip({ tip: '#footnote_plugin_tooltip_text_3550_1_2', tipClass: 'footnote_tooltip', effect: 'fade', predelay: 0, fadeInSpeed: 200, delay: 400, fadeOutSpeed: 200, position: 'top center', relative: true, offset: [-7, 0], });<\/script> que alienta a las personas a adoptar ni\u00f1os en hogares de acogida, o que probablemente terminen en hogares de acogida. El programa ofrece incentivos econ\u00f3micos a la familia adoptiva.<\/p>\n\n\n\n<p>Usted debe cumplir con tres requisitos para ser elegible para el AAP:<\/p>\n\n\n\n<ol class=\"wp-block-list\" style=\"list-style-type:1\">\n<li>El ni\u00f1o debe ser menor de 18 a\u00f1os (o menor de 21 a\u00f1os si el ni\u00f1o tiene una discapacidad mental o f\u00edsica y a\u00fan necesita ayuda).<\/li>\n\n\n\n<li>No es probable que el ni\u00f1o sea adoptado sin ayuda econ\u00f3mica debido a su edad, discapacidad, hermanos y hermanas que necesitan permanecer juntos, raza, origen \u00e9tnico o color.<\/li>\n\n\n\n<li>Los tribunales deben participar y haber determinado que la adopci\u00f3n es en el mejor inter\u00e9s del ni\u00f1o.<span class=\"footnote_referrer\"><a role=\"button\" tabindex=\"0\" onclick=\"footnote_moveToReference_3550_1('footnote_plugin_reference_3550_1_3');\" onkeypress=\"footnote_moveToReference_3550_1('footnote_plugin_reference_3550_1_3');\" ><sup id=\"footnote_plugin_tooltip_3550_1_3\" class=\"footnote_plugin_tooltip_text\">[3]<\/sup><\/a><span id=\"footnote_plugin_tooltip_text_3550_1_3\" class=\"footnote_tooltip\">C\u00f3digo de Bienestar e Instituciones, secci\u00f3n 16120<\/span><\/span><script type=\"text\/javascript\"> jQuery('#footnote_plugin_tooltip_3550_1_3').tooltip({ tip: '#footnote_plugin_tooltip_text_3550_1_3', tipClass: 'footnote_tooltip', effect: 'fade', predelay: 0, fadeInSpeed: 200, delay: 400, fadeOutSpeed: 200, position: 'top center', relative: true, offset: [-7, 0], });<\/script><\/li>\n<\/ol>\n\n\n\n<p>Las adopciones internacionales e independientes no son elegibles para el AAP. Los ni\u00f1os que reciben servicios de un centro regional y que tambi\u00e9n reciben beneficios del AAP se denominan \u201cni\u00f1os de agencia dual\u201d. Los ni\u00f1os de agencia dual requieren cuidado y supervisi\u00f3n m\u00e1s all\u00e1 del proporcionado a otros ni\u00f1os en cuidado de acogida.<span class=\"footnote_referrer\"><a role=\"button\" tabindex=\"0\" onclick=\"footnote_moveToReference_3550_1('footnote_plugin_reference_3550_1_4');\" onkeypress=\"footnote_moveToReference_3550_1('footnote_plugin_reference_3550_1_4');\" ><sup id=\"footnote_plugin_tooltip_3550_1_4\" class=\"footnote_plugin_tooltip_text\">[4]<\/sup><\/a><span id=\"footnote_plugin_tooltip_text_3550_1_4\" class=\"footnote_tooltip\">C\u00f3digo de Bienestar e Instituciones, secci\u00f3n 11464(a)(1)<\/span><\/span><script type=\"text\/javascript\"> jQuery('#footnote_plugin_tooltip_3550_1_4').tooltip({ tip: '#footnote_plugin_tooltip_text_3550_1_4', tipClass: 'footnote_tooltip', effect: 'fade', predelay: 0, fadeInSpeed: 200, delay: 400, fadeOutSpeed: 200, position: 'top center', relative: true, offset: [-7, 0], });<\/script> Los ni\u00f1os que reciben los beneficios del AAP siguen teniendo derecho a recibir los servicios del centro regional en virtud de la Ley Lanterman.<span class=\"footnote_referrer\"><a role=\"button\" tabindex=\"0\" onclick=\"footnote_moveToReference_3550_1('footnote_plugin_reference_3550_1_5');\" onkeypress=\"footnote_moveToReference_3550_1('footnote_plugin_reference_3550_1_5');\" ><sup id=\"footnote_plugin_tooltip_3550_1_5\" class=\"footnote_plugin_tooltip_text\">[5]<\/sup><\/a><span id=\"footnote_plugin_tooltip_text_3550_1_5\" class=\"footnote_tooltip\">Secci\u00f3n 4684<\/span><\/span><script type=\"text\/javascript\"> jQuery('#footnote_plugin_tooltip_3550_1_5').tooltip({ tip: '#footnote_plugin_tooltip_text_3550_1_5', tipClass: 'footnote_tooltip', effect: 'fade', predelay: 0, fadeInSpeed: 200, delay: 400, fadeOutSpeed: 200, position: 'top center', relative: true, offset: [-7, 0], });<\/script> Los centros regionales a veces intentan decir que el dinero del AAP debe pagar servicios como los servicios de relevo o de comportamiento. Sin embargo, las audiencias administrativas han establecido repetidamente que los fondos del AAP no son un recurso gen\u00e9rico y no tienen que usarse para pagar los servicios del centro regional.<span class=\"footnote_referrer\"><a role=\"button\" tabindex=\"0\" onclick=\"footnote_moveToReference_3550_1('footnote_plugin_reference_3550_1_6');\" onkeypress=\"footnote_moveToReference_3550_1('footnote_plugin_reference_3550_1_6');\" ><sup id=\"footnote_plugin_tooltip_3550_1_6\" class=\"footnote_plugin_tooltip_text\">[6]<\/sup><\/a><span id=\"footnote_plugin_tooltip_text_3550_1_6\" class=\"footnote_tooltip\">Entre los casos en los que se determin\u00f3 que la AAP no es un recurso gen\u00e9rico figuran: LH contra el Centro Regional Valley Mountain, Caso OAH N.\u00ba 2002080370, Rebecca K. contra el Centro Regional&nbsp;&#x2026; <span class=\"footnote_tooltip_continue\"  onclick=\"footnote_moveToReference_3550_1('footnote_plugin_reference_3550_1_6');\">Continue reading<\/span><\/span><\/span><script type=\"text\/javascript\"> jQuery('#footnote_plugin_tooltip_3550_1_6').tooltip({ tip: '#footnote_plugin_tooltip_text_3550_1_6', tipClass: 'footnote_tooltip', effect: 'fade', predelay: 0, fadeInSpeed: 200, delay: 400, fadeOutSpeed: 200, position: 'top center', relative: true, offset: [-7, 0], });<\/script><\/p>\n\n\n\n<p>Si est\u00e1 considerando adoptar a un ni\u00f1o con una discapacidad del desarrollo, comun\u00edquese con Disability Rights California para obtener informaci\u00f3n sobre c\u00f3mo acceder al programa AAP.<\/p>\n<div class=\"speaker-mute footnotes_reference_container\"> <div class=\"footnote_container_prepare\"><p><span role=\"button\" tabindex=\"0\" class=\"footnote_reference_container_label pointer\" onclick=\"footnote_expand_collapse_reference_container_3550_1();\">&#x202F;<\/span><span role=\"button\" tabindex=\"0\" class=\"footnote_reference_container_collapse_button\" style=\"display: none;\" onclick=\"footnote_expand_collapse_reference_container_3550_1();\">[<a id=\"footnote_reference_container_collapse_button_3550_1\">+<\/a>]<\/span><\/p><\/div> <div id=\"footnote_references_container_3550_1\" style=\"\"><table class=\"footnotes_table footnote-reference-container\"><caption class=\"accessibility\">References<\/caption> <tbody> \r\n\r\n<tr class=\"footnotes_plugin_reference_row\"> <th scope=\"row\" class=\"footnote_plugin_index_combi pointer\"  onclick=\"footnote_moveToAnchor_3550_1('footnote_plugin_tooltip_3550_1_1');\"><a id=\"footnote_plugin_reference_3550_1_1\" class=\"footnote_backlink\"><span class=\"footnote_index_arrow\">&#8593;<\/span>1<\/a><\/th> <td class=\"footnote_plugin_text\">Consulte el T\u00edtulo 42 del C\u00f3digo de EE. UU. secci\u00f3n 670 y siguientes, y el T\u00edtulo 45 del C\u00f3digo Fed. de Regs., secciones 1356.40 y 1356.41<\/td><\/tr>\r\n\r\n<tr class=\"footnotes_plugin_reference_row\"> <th scope=\"row\" class=\"footnote_plugin_index_combi pointer\"  onclick=\"footnote_moveToAnchor_3550_1('footnote_plugin_tooltip_3550_1_2');\"><a id=\"footnote_plugin_reference_3550_1_2\" class=\"footnote_backlink\"><span class=\"footnote_index_arrow\">&#8593;<\/span>2<\/a><\/th> <td class=\"footnote_plugin_text\">Consulte la secci\u00f3n 16115.5 y siguientes del C\u00f3digo de Instituciones y Bienestar de California y el T\u00edtulo 22 del C\u00f3digo de Reglamentos de California, secci\u00f3n 35000 y siguientes<\/td><\/tr>\r\n\r\n<tr class=\"footnotes_plugin_reference_row\"> <th scope=\"row\" class=\"footnote_plugin_index_combi pointer\"  onclick=\"footnote_moveToAnchor_3550_1('footnote_plugin_tooltip_3550_1_3');\"><a id=\"footnote_plugin_reference_3550_1_3\" class=\"footnote_backlink\"><span class=\"footnote_index_arrow\">&#8593;<\/span>3<\/a><\/th> <td class=\"footnote_plugin_text\">C\u00f3digo de Bienestar e Instituciones, secci\u00f3n 16120<\/td><\/tr>\r\n\r\n<tr class=\"footnotes_plugin_reference_row\"> <th scope=\"row\" class=\"footnote_plugin_index_combi pointer\"  onclick=\"footnote_moveToAnchor_3550_1('footnote_plugin_tooltip_3550_1_4');\"><a id=\"footnote_plugin_reference_3550_1_4\" class=\"footnote_backlink\"><span class=\"footnote_index_arrow\">&#8593;<\/span>4<\/a><\/th> <td class=\"footnote_plugin_text\">C\u00f3digo de Bienestar e Instituciones, secci\u00f3n 11464(a)(1)<\/td><\/tr>\r\n\r\n<tr class=\"footnotes_plugin_reference_row\"> <th scope=\"row\" class=\"footnote_plugin_index_combi pointer\"  onclick=\"footnote_moveToAnchor_3550_1('footnote_plugin_tooltip_3550_1_5');\"><a id=\"footnote_plugin_reference_3550_1_5\" class=\"footnote_backlink\"><span class=\"footnote_index_arrow\">&#8593;<\/span>5<\/a><\/th> <td class=\"footnote_plugin_text\">Secci\u00f3n 4684<\/td><\/tr>\r\n\r\n<tr class=\"footnotes_plugin_reference_row\"> <th scope=\"row\" class=\"footnote_plugin_index_combi pointer\"  onclick=\"footnote_moveToAnchor_3550_1('footnote_plugin_tooltip_3550_1_6');\"><a id=\"footnote_plugin_reference_3550_1_6\" class=\"footnote_backlink\"><span class=\"footnote_index_arrow\">&#8593;<\/span>6<\/a><\/th> <td class=\"footnote_plugin_text\">Entre los casos en los que se determin\u00f3 que la AAP no es un recurso gen\u00e9rico figuran: LH contra el Centro Regional Valley Mountain, Caso OAH N.\u00ba 2002080370, Rebecca K. contra el Centro Regional East Bay, Caso OAH N.\u00ba 2000030471, Breanna W. contra el Centro Regional San Andreas, Caso OAH N.\u00ba 2000120046, TS, CS y JS contra el Centro Regional San Gabriel\/Pomona, Casos OAH N.\u00ba 2003050412, 2003050413 y 2003050414, y Jareth S. y Candace<\/p>\n\n\n\n<p>S. contra el Centro Regional North Los Angeles County, Casos OAH N.\u00ba 2000010339 y 2000010340<\/td><\/tr>\r\n\r\n <\/tbody> <\/table> <\/div><\/div><script type=\"text\/javascript\"> function footnote_expand_reference_container_3550_1() { jQuery('#footnote_references_container_3550_1').show(); jQuery('#footnote_reference_container_collapse_button_3550_1').text('\u2212'); } function footnote_collapse_reference_container_3550_1() { jQuery('#footnote_references_container_3550_1').hide(); jQuery('#footnote_reference_container_collapse_button_3550_1').text('+'); } function footnote_expand_collapse_reference_container_3550_1() { if (jQuery('#footnote_references_container_3550_1').is(':hidden')) { footnote_expand_reference_container_3550_1(); } else { footnote_collapse_reference_container_3550_1(); } } function footnote_moveToReference_3550_1(p_str_TargetID) { footnote_expand_reference_container_3550_1(); var l_obj_Target = jQuery('#' + p_str_TargetID); if (l_obj_Target.length) { jQuery( 'html, body' ).delay( 0 ); jQuery('html, body').animate({ scrollTop: l_obj_Target.offset().top - window.innerHeight * 0.2 }, 380); } } function footnote_moveToAnchor_3550_1(p_str_TargetID) { footnote_expand_reference_container_3550_1(); var l_obj_Target = jQuery('#' + p_str_TargetID); if (l_obj_Target.length) { jQuery( 'html, body' ).delay( 0 ); jQuery('html, body').animate({ scrollTop: l_obj_Target.offset().top - window.innerHeight * 0.2 }, 380); } }<\/script>","protected":false},"excerpt":{"rendered":"<p>AAP es un programa federal.[1]Consulte el T\u00edtulo 42 del C\u00f3digo de EE. UU. secci\u00f3n 670 y siguientes, y el T\u00edtulo 45 del C\u00f3digo Fed. de&hellip;<\/p>\n","protected":false},"author":1,"featured_media":0,"parent":219,"menu_order":40,"comment_status":"closed","ping_status":"closed","template":"","meta":{"footnotes":""},"class_list":["post-3550","page","type-page","status-publish","hentry"],"_links":{"self":[{"href":"https:\/\/rula.disabilityrightsca.org\/es\/wp-json\/wp\/v2\/pages\/3550","targetHints":{"allow":["GET"]}}],"collection":[{"href":"https:\/\/rula.disabilityrightsca.org\/es\/wp-json\/wp\/v2\/pages"}],"about":[{"href":"https:\/\/rula.disabilityrightsca.org\/es\/wp-json\/wp\/v2\/types\/page"}],"author":[{"embeddable":true,"href":"https:\/\/rula.disabilityrightsca.org\/es\/wp-json\/wp\/v2\/users\/1"}],"replies":[{"embeddable":true,"href":"https:\/\/rula.disabilityrightsca.org\/es\/wp-json\/wp\/v2\/comments?post=3550"}],"version-history":[{"count":2,"href":"https:\/\/rula.disabilityrightsca.org\/es\/wp-json\/wp\/v2\/pages\/3550\/revisions"}],"predecessor-version":[{"id":3805,"href":"https:\/\/rula.disabilityrightsca.org\/es\/wp-json\/wp\/v2\/pages\/3550\/revisions\/3805"}],"up":[{"embeddable":true,"href":"https:\/\/rula.disabilityrightsca.org\/es\/wp-json\/wp\/v2\/pages\/219"}],"wp:attachment":[{"href":"https:\/\/rula.disabilityrightsca.org\/es\/wp-json\/wp\/v2\/media?parent=3550"}],"curies":[{"name":"wp","href":"https:\/\/api.w.org\/{rel}","templated":true}]}}