{"id":3548,"date":"2023-07-18T22:07:15","date_gmt":"2023-07-18T22:07:15","guid":{"rendered":"https:\/\/rula.disabilityrightsca.org\/es\/?page_id=3548"},"modified":"2023-12-05T16:39:01","modified_gmt":"2023-12-05T16:39:01","slug":"6-39-los-centros-regionales-pueden-brindar-atencion-de-enfermeria","status":"publish","type":"page","link":"https:\/\/rula.disabilityrightsca.org\/es\/rula-book\/capitulo-6-mantener-unida-a-la-familia-servicios-y-apoyos-para-ninos\/6-39-los-centros-regionales-pueden-brindar-atencion-de-enfermeria\/","title":{"rendered":"(6.39) \u00bfLos centros regionales pueden brindar atenci\u00f3n de enfermer\u00eda?"},"content":{"rendered":"\n<p>Si su hijo necesita atenci\u00f3n de enfermer\u00eda en su hogar y podr\u00eda ser proporcionada por Medi-Cal, Medicare, CHAMPUS<span class=\"footnote_referrer\"><a role=\"button\" tabindex=\"0\" onclick=\"footnote_moveToReference_3548_1('footnote_plugin_reference_3548_1_1');\" onkeypress=\"footnote_moveToReference_3548_1('footnote_plugin_reference_3548_1_1');\" ><sup id=\"footnote_plugin_tooltip_3548_1_1\" class=\"footnote_plugin_tooltip_text\">[1]<\/sup><\/a><span id=\"footnote_plugin_tooltip_text_3548_1_1\" class=\"footnote_tooltip\">The Civilian Health and Medical Program for Uniform Services<\/span><\/span><script type=\"text\/javascript\"> jQuery('#footnote_plugin_tooltip_3548_1_1').tooltip({ tip: '#footnote_plugin_tooltip_text_3548_1_1', tipClass: 'footnote_tooltip', effect: 'fade', predelay: 0, fadeInSpeed: 200, delay: 400, fadeOutSpeed: 200, position: 'top center', relative: true, offset: [-7, 0], });<\/script>, Servicios de Apoyo en el Hogar (IHSS), Servicios para Ni\u00f1os de California o un seguro, el centro regional no puede pagar la atenci\u00f3n de enfermer\u00eda si usted decide no solicitar esa cobertura.<span class=\"footnote_referrer\"><a role=\"button\" tabindex=\"0\" onclick=\"footnote_moveToReference_3548_1('footnote_plugin_reference_3548_1_2');\" onkeypress=\"footnote_moveToReference_3548_1('footnote_plugin_reference_3548_1_2');\" ><sup id=\"footnote_plugin_tooltip_3548_1_2\" class=\"footnote_plugin_tooltip_text\">[2]<\/sup><\/a><span id=\"footnote_plugin_tooltip_text_3548_1_2\" class=\"footnote_tooltip\">Secci\u00f3n 4659<\/span><\/span><script type=\"text\/javascript\"> jQuery('#footnote_plugin_tooltip_3548_1_2').tooltip({ tip: '#footnote_plugin_tooltip_text_3548_1_2', tipClass: 'footnote_tooltip', effect: 'fade', predelay: 0, fadeInSpeed: 200, delay: 400, fadeOutSpeed: 200, position: 'top center', relative: true, offset: [-7, 0], });<\/script> Es posible que las familias prefieran recibir atenci\u00f3n de enfermer\u00eda a trav\u00e9s del centro regional, pero primero deben usar los recursos gen\u00e9ricos disponibles. Muchas familias utilizan una combinaci\u00f3n de fuentes para pagar el cuidado de enfermer\u00eda de su hijo. La mayor\u00eda de las compa\u00f1\u00edas de seguros privadas tienen l\u00edmites de por vida para los servicios. La atenci\u00f3n de enfermer\u00eda puede ser muy costosa y alcanzar r\u00e1pidamente el l\u00edmite de por vida. Si su hijo es elegible para Medi-Cal directamente o mediante una exenci\u00f3n, Medi-Cal puede brindarle atenci\u00f3n de enfermer\u00eda a su hijo en su hogar.<\/p>\n<div class=\"speaker-mute footnotes_reference_container\"> <div class=\"footnote_container_prepare\"><p><span role=\"button\" tabindex=\"0\" class=\"footnote_reference_container_label pointer\" onclick=\"footnote_expand_collapse_reference_container_3548_1();\">&#x202F;<\/span><span role=\"button\" tabindex=\"0\" class=\"footnote_reference_container_collapse_button\" style=\"display: none;\" onclick=\"footnote_expand_collapse_reference_container_3548_1();\">[<a id=\"footnote_reference_container_collapse_button_3548_1\">+<\/a>]<\/span><\/p><\/div> <div id=\"footnote_references_container_3548_1\" style=\"\"><table class=\"footnotes_table footnote-reference-container\"><caption class=\"accessibility\">References<\/caption> <tbody> \r\n\r\n<tr class=\"footnotes_plugin_reference_row\"> <th scope=\"row\" class=\"footnote_plugin_index_combi pointer\"  onclick=\"footnote_moveToAnchor_3548_1('footnote_plugin_tooltip_3548_1_1');\"><a id=\"footnote_plugin_reference_3548_1_1\" class=\"footnote_backlink\"><span class=\"footnote_index_arrow\">&#8593;<\/span>1<\/a><\/th> <td class=\"footnote_plugin_text\">The Civilian Health and Medical Program for Uniform Services<\/td><\/tr>\r\n\r\n<tr class=\"footnotes_plugin_reference_row\"> <th scope=\"row\" class=\"footnote_plugin_index_combi pointer\"  onclick=\"footnote_moveToAnchor_3548_1('footnote_plugin_tooltip_3548_1_2');\"><a id=\"footnote_plugin_reference_3548_1_2\" class=\"footnote_backlink\"><span class=\"footnote_index_arrow\">&#8593;<\/span>2<\/a><\/th> <td class=\"footnote_plugin_text\">Secci\u00f3n 4659<\/td><\/tr>\r\n\r\n <\/tbody> <\/table> <\/div><\/div><script type=\"text\/javascript\"> function footnote_expand_reference_container_3548_1() { jQuery('#footnote_references_container_3548_1').show(); jQuery('#footnote_reference_container_collapse_button_3548_1').text('\u2212'); } function footnote_collapse_reference_container_3548_1() { jQuery('#footnote_references_container_3548_1').hide(); jQuery('#footnote_reference_container_collapse_button_3548_1').text('+'); } function footnote_expand_collapse_reference_container_3548_1() { if (jQuery('#footnote_references_container_3548_1').is(':hidden')) { footnote_expand_reference_container_3548_1(); } else { footnote_collapse_reference_container_3548_1(); } } function footnote_moveToReference_3548_1(p_str_TargetID) { footnote_expand_reference_container_3548_1(); var l_obj_Target = jQuery('#' + p_str_TargetID); if (l_obj_Target.length) { jQuery( 'html, body' ).delay( 0 ); jQuery('html, body').animate({ scrollTop: l_obj_Target.offset().top - window.innerHeight * 0.2 }, 380); } } function footnote_moveToAnchor_3548_1(p_str_TargetID) { footnote_expand_reference_container_3548_1(); var l_obj_Target = jQuery('#' + p_str_TargetID); if (l_obj_Target.length) { jQuery( 'html, body' ).delay( 0 ); jQuery('html, body').animate({ scrollTop: l_obj_Target.offset().top - window.innerHeight * 0.2 }, 380); } }<\/script>","protected":false},"excerpt":{"rendered":"<p>Si su hijo necesita atenci\u00f3n de enfermer\u00eda en su hogar y podr\u00eda ser proporcionada por Medi-Cal, Medicare, CHAMPUS[1]The Civilian Health and Medical Program for Uniform&hellip;<\/p>\n","protected":false},"author":1,"featured_media":0,"parent":219,"menu_order":39,"comment_status":"closed","ping_status":"closed","template":"","meta":{"footnotes":""},"class_list":["post-3548","page","type-page","status-publish","hentry"],"_links":{"self":[{"href":"https:\/\/rula.disabilityrightsca.org\/es\/wp-json\/wp\/v2\/pages\/3548","targetHints":{"allow":["GET"]}}],"collection":[{"href":"https:\/\/rula.disabilityrightsca.org\/es\/wp-json\/wp\/v2\/pages"}],"about":[{"href":"https:\/\/rula.disabilityrightsca.org\/es\/wp-json\/wp\/v2\/types\/page"}],"author":[{"embeddable":true,"href":"https:\/\/rula.disabilityrightsca.org\/es\/wp-json\/wp\/v2\/users\/1"}],"replies":[{"embeddable":true,"href":"https:\/\/rula.disabilityrightsca.org\/es\/wp-json\/wp\/v2\/comments?post=3548"}],"version-history":[{"count":2,"href":"https:\/\/rula.disabilityrightsca.org\/es\/wp-json\/wp\/v2\/pages\/3548\/revisions"}],"predecessor-version":[{"id":3804,"href":"https:\/\/rula.disabilityrightsca.org\/es\/wp-json\/wp\/v2\/pages\/3548\/revisions\/3804"}],"up":[{"embeddable":true,"href":"https:\/\/rula.disabilityrightsca.org\/es\/wp-json\/wp\/v2\/pages\/219"}],"wp:attachment":[{"href":"https:\/\/rula.disabilityrightsca.org\/es\/wp-json\/wp\/v2\/media?parent=3548"}],"curies":[{"name":"wp","href":"https:\/\/api.w.org\/{rel}","templated":true}]}}