{"id":3545,"date":"2023-07-18T22:05:58","date_gmt":"2023-07-18T22:05:58","guid":{"rendered":"https:\/\/rula.disabilityrightsca.org\/es\/?page_id=3545"},"modified":"2023-12-05T16:38:27","modified_gmt":"2023-12-05T16:38:27","slug":"6-38-los-centros-regionales-pueden-proporcionar-servicios-de-intervencion-de-emergencia-o-crisis","status":"publish","type":"page","link":"https:\/\/rula.disabilityrightsca.org\/es\/rula-book\/capitulo-6-mantener-unida-a-la-familia-servicios-y-apoyos-para-ninos\/6-38-los-centros-regionales-pueden-proporcionar-servicios-de-intervencion-de-emergencia-o-crisis\/","title":{"rendered":"(6.38) \u00bfLos centros regionales pueden proporcionar servicios de intervenci\u00f3n de emergencia o crisis?"},"content":{"rendered":"\n<p>La Ley Lanterman dice que los centros regionales pueden proporcionar servicios de intervenci\u00f3n de emergencia y crisis para ayudar a una persona a permanecer en el hogar familiar.<\/p>\n\n\n\n<p>Estos servicios incluyen servicios de modificaci\u00f3n de comportamiento y salud mental proporcionados en el hogar familiar. Si los servicios no tienen \u00e9xito, el centro regional debe proporcionar alojamiento de emergencia en la comunidad de la persona. Si la persona debe mudarse a otra comunidad, el centro regional debe intentar devolverla a su hogar con todos los apoyos que necesite lo antes posible.<span class=\"footnote_referrer\"><a role=\"button\" tabindex=\"0\" onclick=\"footnote_moveToReference_3545_1('footnote_plugin_reference_3545_1_1');\" onkeypress=\"footnote_moveToReference_3545_1('footnote_plugin_reference_3545_1_1');\" ><sup id=\"footnote_plugin_tooltip_3545_1_1\" class=\"footnote_plugin_tooltip_text\">[1]<\/sup><\/a><span id=\"footnote_plugin_tooltip_text_3545_1_1\" class=\"footnote_tooltip\">Secci\u00f3n 4648(a)(10)<\/span><\/span><script type=\"text\/javascript\"> jQuery('#footnote_plugin_tooltip_3545_1_1').tooltip({ tip: '#footnote_plugin_tooltip_text_3545_1_1', tipClass: 'footnote_tooltip', effect: 'fade', predelay: 0, fadeInSpeed: 200, delay: 400, fadeOutSpeed: 200, position: 'top center', relative: true, offset: [-7, 0], });<\/script><\/p>\n\n\n\n<p>Hay varios hogares de crisis para ni\u00f1os en California que ofrecen apoyos conductuales intensivos. Estos hogares ayudan a los ni\u00f1os a controlar su comportamiento para que puedan regresar a casa. Los Proyectos de Desarrollo de Recursos Regionales (RRDP) generalmente remiten a los ni\u00f1os a estos hogares. <\/p>\n\n\n\n<p>Si su hijo tiene una discapacidad psiqui\u00e1trica y recibe Medi-Cal completo, su hijo tambi\u00e9n puede recibir Servicios Terap\u00e9uticos de Comportamiento (TBS). Los TBS son servicios personalizados que lo ayudan a usted y a su hijo a aprender nuevas formas de controlar los problemas de comportamiento y aumentar las conductas que le permiten tener \u00e9xito a su hijo.<\/p>\n<div class=\"speaker-mute footnotes_reference_container\"> <div class=\"footnote_container_prepare\"><p><span role=\"button\" tabindex=\"0\" class=\"footnote_reference_container_label pointer\" onclick=\"footnote_expand_collapse_reference_container_3545_1();\">&#x202F;<\/span><span role=\"button\" tabindex=\"0\" class=\"footnote_reference_container_collapse_button\" style=\"display: none;\" onclick=\"footnote_expand_collapse_reference_container_3545_1();\">[<a id=\"footnote_reference_container_collapse_button_3545_1\">+<\/a>]<\/span><\/p><\/div> <div id=\"footnote_references_container_3545_1\" style=\"\"><table class=\"footnotes_table footnote-reference-container\"><caption class=\"accessibility\">References<\/caption> <tbody> \r\n\r\n<tr class=\"footnotes_plugin_reference_row\"> <th scope=\"row\" class=\"footnote_plugin_index_combi pointer\"  onclick=\"footnote_moveToAnchor_3545_1('footnote_plugin_tooltip_3545_1_1');\"><a id=\"footnote_plugin_reference_3545_1_1\" class=\"footnote_backlink\"><span class=\"footnote_index_arrow\">&#8593;<\/span>1<\/a><\/th> <td class=\"footnote_plugin_text\">Secci\u00f3n 4648(a)(10)<\/td><\/tr>\r\n\r\n <\/tbody> <\/table> <\/div><\/div><script type=\"text\/javascript\"> function footnote_expand_reference_container_3545_1() { jQuery('#footnote_references_container_3545_1').show(); jQuery('#footnote_reference_container_collapse_button_3545_1').text('\u2212'); } function footnote_collapse_reference_container_3545_1() { jQuery('#footnote_references_container_3545_1').hide(); jQuery('#footnote_reference_container_collapse_button_3545_1').text('+'); } function footnote_expand_collapse_reference_container_3545_1() { if (jQuery('#footnote_references_container_3545_1').is(':hidden')) { footnote_expand_reference_container_3545_1(); } else { footnote_collapse_reference_container_3545_1(); } } function footnote_moveToReference_3545_1(p_str_TargetID) { footnote_expand_reference_container_3545_1(); var l_obj_Target = jQuery('#' + p_str_TargetID); if (l_obj_Target.length) { jQuery( 'html, body' ).delay( 0 ); jQuery('html, body').animate({ scrollTop: l_obj_Target.offset().top - window.innerHeight * 0.2 }, 380); } } function footnote_moveToAnchor_3545_1(p_str_TargetID) { footnote_expand_reference_container_3545_1(); var l_obj_Target = jQuery('#' + p_str_TargetID); if (l_obj_Target.length) { jQuery( 'html, body' ).delay( 0 ); jQuery('html, body').animate({ scrollTop: l_obj_Target.offset().top - window.innerHeight * 0.2 }, 380); } }<\/script>","protected":false},"excerpt":{"rendered":"<p>La Ley Lanterman dice que los centros regionales pueden proporcionar servicios de intervenci\u00f3n de emergencia y crisis para ayudar a una persona a permanecer en&hellip;<\/p>\n","protected":false},"author":1,"featured_media":0,"parent":219,"menu_order":38,"comment_status":"closed","ping_status":"closed","template":"","meta":{"footnotes":""},"class_list":["post-3545","page","type-page","status-publish","hentry"],"_links":{"self":[{"href":"https:\/\/rula.disabilityrightsca.org\/es\/wp-json\/wp\/v2\/pages\/3545","targetHints":{"allow":["GET"]}}],"collection":[{"href":"https:\/\/rula.disabilityrightsca.org\/es\/wp-json\/wp\/v2\/pages"}],"about":[{"href":"https:\/\/rula.disabilityrightsca.org\/es\/wp-json\/wp\/v2\/types\/page"}],"author":[{"embeddable":true,"href":"https:\/\/rula.disabilityrightsca.org\/es\/wp-json\/wp\/v2\/users\/1"}],"replies":[{"embeddable":true,"href":"https:\/\/rula.disabilityrightsca.org\/es\/wp-json\/wp\/v2\/comments?post=3545"}],"version-history":[{"count":2,"href":"https:\/\/rula.disabilityrightsca.org\/es\/wp-json\/wp\/v2\/pages\/3545\/revisions"}],"predecessor-version":[{"id":3803,"href":"https:\/\/rula.disabilityrightsca.org\/es\/wp-json\/wp\/v2\/pages\/3545\/revisions\/3803"}],"up":[{"embeddable":true,"href":"https:\/\/rula.disabilityrightsca.org\/es\/wp-json\/wp\/v2\/pages\/219"}],"wp:attachment":[{"href":"https:\/\/rula.disabilityrightsca.org\/es\/wp-json\/wp\/v2\/media?parent=3545"}],"curies":[{"name":"wp","href":"https:\/\/api.w.org\/{rel}","templated":true}]}}