{"id":35,"date":"2019-01-28T23:55:41","date_gmt":"2019-01-28T23:55:41","guid":{"rendered":"http:\/\/www.rula.disabilityrightsca.org\/es\/?page_id=35"},"modified":"2022-04-22T19:01:32","modified_gmt":"2022-04-22T19:01:32","slug":"capitulo-1-derechos-conforme-a-la-ley-lanterman","status":"publish","type":"page","link":"https:\/\/rula.disabilityrightsca.org\/es\/rula-book\/capitulo-1-derechos-conforme-a-la-ley-lanterman\/","title":{"rendered":"Capitulo 1: Derechos Conforme a la ley Lanterman"},"content":{"rendered":"\n<p><div class=\"print-fullchapter-wrap\"><div class=\"print-fullchapter\"><a href=\"https:\/\/rula.disabilityrightsca.org\/es\/chapter-1-print\/\">Imprimir todo el cap\u00edtulo<\/a><\/div><\/div><\/p>\n\n\n\n<p>En este cap\u00edtulo, se explica la Ley Lanterman de Discapacidades del Desarrollo, una ley de California que ayuda a las personas con discapacidades del desarrollo a llevar una vida productiva en la comunidad. La llamamos la Ley Lanterman o \u201cla Ley\u201d. Explicamos la ley y aspectos importantes que deber\u00eda saber acerca del sistema legal. Tambi\u00e9n explicamos de qu\u00e9 manera la Ley protege sus derechos y lo ayuda a obtener y a pagar los servicios y apoyos que necesita. Es posible que deba revisar el texto real de la ley para acceder a los servicios que necesita.<\/p>\n\n\n<div class=\"menu-chapter-1-container\"><ul id=\"menu-chapter-1\" class=\"menu\"><li id=\"menu-item-330\" class=\"menu-item menu-item-type-post_type menu-item-object-page menu-item-330\"><a href=\"https:\/\/rula.disabilityrightsca.org\/es\/rula-book\/capitulo-1-derechos-conforme-a-la-ley-lanterman\/1-1-que-es-la-ley-lanterman\/\">(1.1) \u00bfQu\u00e9 es la Ley Lanterman?<\/a><\/li>\n<li id=\"menu-item-806\" class=\"menu-item menu-item-type-post_type menu-item-object-page menu-item-806\"><a href=\"https:\/\/rula.disabilityrightsca.org\/es\/rula-book\/capitulo-1-derechos-conforme-a-la-ley-lanterman\/1-2-que-dijo-la-corte-suprema-de-california-sobre-la-ley-lanterman\/\">(1.2) \u00bfQu\u00e9 dijo la Corte Suprema de California sobre la Ley Lanterman?<\/a><\/li>\n<li id=\"menu-item-807\" class=\"menu-item menu-item-type-post_type menu-item-object-page menu-item-807\"><a href=\"https:\/\/rula.disabilityrightsca.org\/es\/rula-book\/capitulo-1-derechos-conforme-a-la-ley-lanterman\/1-3-de-que-manera-la-ley-lanterman-atiende-y-protege-los-derechos-de-las-personas-con-discapacidades-del-desarrollo\/\">(1.3) \u00bfDe qu\u00e9 manera la Ley Lanterman atiende y protege los derechos de las personas con discapacidades del desarrollo?<\/a><\/li>\n<li id=\"menu-item-894\" class=\"menu-item menu-item-type-post_type menu-item-object-page menu-item-894\"><a href=\"https:\/\/rula.disabilityrightsca.org\/es\/rula-book\/capitulo-1-derechos-conforme-a-la-ley-lanterman\/how-does-the-lanterman-act-define-services-and-supports-for-people-with-developmental-disabilities\/\">(1.4) \u00bfDe qu\u00e9 manera la Ley Lanterman define \u201cservicios y apoyos\u201d para las personas con discapacidades del desarrollo?<\/a><\/li>\n<li id=\"menu-item-893\" class=\"menu-item menu-item-type-post_type menu-item-object-page menu-item-893\"><a href=\"https:\/\/rula.disabilityrightsca.org\/es\/rula-book\/capitulo-1-derechos-conforme-a-la-ley-lanterman\/1-5-quienes-pueden-recibir-servicios-y-apoyos-conforme-a-la-ley-lanterman\/\">(1.5) \u00bfQui\u00e9n puede recibir servicios y apoyos en virtud de la Ley Lanterman?\u00a0<\/a><\/li>\n<li id=\"menu-item-892\" class=\"menu-item menu-item-type-post_type menu-item-object-page menu-item-892\"><a href=\"https:\/\/rula.disabilityrightsca.org\/es\/rula-book\/capitulo-1-derechos-conforme-a-la-ley-lanterman\/what-is-my-point-of-contact-in-my-community-to-get-services-and-supports\/\">(1.6) \u00bfCu\u00e1l es el punto de contacto en mi comunidad para recibir servicios y apoyos?<\/a><\/li>\n<li id=\"menu-item-891\" class=\"menu-item menu-item-type-post_type menu-item-object-page menu-item-891\"><a href=\"https:\/\/rula.disabilityrightsca.org\/es\/rula-book\/capitulo-1-derechos-conforme-a-la-ley-lanterman\/1-7-que-otros-organismos-prestan-servicios-y-apoyos\/\">(1.7) \u00bfQu\u00e9 otros organismos prestan servicios y apoyos?<\/a><\/li>\n<li id=\"menu-item-890\" class=\"menu-item menu-item-type-post_type menu-item-object-page menu-item-890\"><a href=\"https:\/\/rula.disabilityrightsca.org\/es\/rula-book\/capitulo-1-derechos-conforme-a-la-ley-lanterman\/1-8-8-alguien-garantiza-que-los-servicios-y-apoyos-que-las-personas-necesitan-esten-disponibles-en-sus-comunidades\/\">(1.8) \u00bfAlguien garantiza que los servicios y apoyos que las personas necesitan est\u00e9n disponibles en sus comunidades?<\/a><\/li>\n<li id=\"menu-item-889\" class=\"menu-item menu-item-type-post_type menu-item-object-page menu-item-889\"><a href=\"https:\/\/rula.disabilityrightsca.org\/es\/rula-book\/capitulo-1-derechos-conforme-a-la-ley-lanterman\/1-9-donde-puedo-informarme-sobre-servicios-para-bebes-y-ninos-menores-de-tres-anos\/\">(1.9) \u00bfD\u00f3nde puedo informarme sobre servicios para beb\u00e9s y ni\u00f1os menores de tres a\u00f1os?<\/a><\/li>\n<li id=\"menu-item-888\" class=\"menu-item menu-item-type-post_type menu-item-object-page menu-item-888\"><a href=\"https:\/\/rula.disabilityrightsca.org\/es\/rula-book\/capitulo-1-derechos-conforme-a-la-ley-lanterman\/1-10-existen-diferencias-entre-los-servicios-y-apoyos-para-los-ninos-mayores-de-tres-anos-y-los-adultos-con-discapacidades-del-desarrollo\/\">(1.10) \u00bfExisten diferencias entre los servicios y apoyos para los ni\u00f1os mayores de tres a\u00f1os y los adultos con discapacidades del desarrollo?<\/a><\/li>\n<li id=\"menu-item-886\" class=\"menu-item menu-item-type-post_type menu-item-object-page menu-item-886\"><a href=\"https:\/\/rula.disabilityrightsca.org\/es\/rula-book\/capitulo-1-derechos-conforme-a-la-ley-lanterman\/1-11-que-servicios-y-apoyos-estan-disponibles-a-traves-de-medi-cal\/\">(1.11) \u00bfQu\u00e9 servicios y apoyos est\u00e1n disponibles a trav\u00e9s de Medi-Cal?<\/a><\/li>\n<li id=\"menu-item-885\" class=\"menu-item menu-item-type-post_type menu-item-object-page menu-item-885\"><a href=\"https:\/\/rula.disabilityrightsca.org\/es\/rula-book\/capitulo-1-derechos-conforme-a-la-ley-lanterman\/1-12-tengo-que-ser-ciudadano-de-los-estados-unidos-para-recibir-servicios-de-medi-cal\/\">(1.12) \u00bfTengo que ser ciudadano de los Estados Unidos para recibir servicios de Medi-Cal?<\/a><\/li>\n<li id=\"menu-item-884\" class=\"menu-item menu-item-type-post_type menu-item-object-page menu-item-884\"><a href=\"https:\/\/rula.disabilityrightsca.org\/es\/rula-book\/capitulo-1-derechos-conforme-a-la-ley-lanterman\/1-13-el-centro-regional-tiene-algun-requisito-de-residencia\/\">(1.13) \u00bfEl centro regional tiene alg\u00fan requisito de residencia?<\/a><\/li>\n<li id=\"menu-item-883\" class=\"menu-item menu-item-type-post_type menu-item-object-page menu-item-883\"><a href=\"https:\/\/rula.disabilityrightsca.org\/es\/rula-book\/capitulo-1-derechos-conforme-a-la-ley-lanterman\/is-information-about-me-kept-confidential-by-the-regional-center\/\">(1.14) \u00bfEl centro regional mantiene la confidencialidad de la informaci\u00f3n sobre m\u00ed?<\/a><\/li>\n<li id=\"menu-item-882\" class=\"menu-item menu-item-type-post_type menu-item-object-page menu-item-882\"><a href=\"https:\/\/rula.disabilityrightsca.org\/es\/rula-book\/capitulo-1-derechos-conforme-a-la-ley-lanterman\/1-15-existen-limitaciones-de-ingresos-para-cumplir-con-los-requisitos-de-los-servicios-del-centro-regional-o-los-costos-de-estos-servicios\/\">(1.15) \u00bfExisten limitaciones de ingresos para cumplir con los requisitos de los servicios del centro regional o los costos de estos servicios?<\/a><\/li>\n<\/ul><\/div>\n","protected":false},"excerpt":{"rendered":"<p>Imprimir todo el cap\u00edtulo En este cap\u00edtulo, se explica la Ley Lanterman de Discapacidades del Desarrollo, una ley de California que ayuda a las personas&hellip;<\/p>\n","protected":false},"author":1,"featured_media":0,"parent":33,"menu_order":0,"comment_status":"closed","ping_status":"closed","template":"","meta":{"footnotes":""},"class_list":["post-35","page","type-page","status-publish","hentry"],"_links":{"self":[{"href":"https:\/\/rula.disabilityrightsca.org\/es\/wp-json\/wp\/v2\/pages\/35","targetHints":{"allow":["GET"]}}],"collection":[{"href":"https:\/\/rula.disabilityrightsca.org\/es\/wp-json\/wp\/v2\/pages"}],"about":[{"href":"https:\/\/rula.disabilityrightsca.org\/es\/wp-json\/wp\/v2\/types\/page"}],"author":[{"embeddable":true,"href":"https:\/\/rula.disabilityrightsca.org\/es\/wp-json\/wp\/v2\/users\/1"}],"replies":[{"embeddable":true,"href":"https:\/\/rula.disabilityrightsca.org\/es\/wp-json\/wp\/v2\/comments?post=35"}],"version-history":[{"count":20,"href":"https:\/\/rula.disabilityrightsca.org\/es\/wp-json\/wp\/v2\/pages\/35\/revisions"}],"predecessor-version":[{"id":3226,"href":"https:\/\/rula.disabilityrightsca.org\/es\/wp-json\/wp\/v2\/pages\/35\/revisions\/3226"}],"up":[{"embeddable":true,"href":"https:\/\/rula.disabilityrightsca.org\/es\/wp-json\/wp\/v2\/pages\/33"}],"wp:attachment":[{"href":"https:\/\/rula.disabilityrightsca.org\/es\/wp-json\/wp\/v2\/media?parent=35"}],"curies":[{"name":"wp","href":"https:\/\/api.w.org\/{rel}","templated":true}]}}