{"id":3483,"date":"2023-07-06T18:18:26","date_gmt":"2023-07-06T18:18:26","guid":{"rendered":"https:\/\/rula.disabilityrightsca.org\/es\/?page_id=3483"},"modified":"2023-12-05T23:51:32","modified_gmt":"2023-12-05T23:51:32","slug":"11-26-si-quiero-inscribirme-en-pace-puedo-seguir-siendo-cliente-del-centro-regional-y-estar-en-la-exencion-dd","status":"publish","type":"page","link":"https:\/\/rula.disabilityrightsca.org\/es\/rula-book\/capitulo-11-la-exencion-por-discapacidad-del-desarrollo-de-medi-cal\/11-26-si-quiero-inscribirme-en-pace-puedo-seguir-siendo-cliente-del-centro-regional-y-estar-en-la-exencion-dd\/","title":{"rendered":"(11.26) Si quiero inscribirme en PACE, \u00bfpuedo seguir siendo cliente del centro regional y estar en la Exenci\u00f3n DD?"},"content":{"rendered":"\n<p>Puede estar en PACE y seguir siendo cliente del centro regional. No puede estar en PACE y en la Exenci\u00f3n DD al mismo tiempo.<\/p>\n\n\n\n<p>Los Programas de Cuidado Integral para Ancianos (PACE) ofrecen servicios m\u00e9dicos y sociales para las personas mayores de 55 a\u00f1os que califican para acceder a cuidados en asilos, pero que pueden vivir en el hogar con asistencia. PACE funciona en todo el estado de California a trav\u00e9s de las organizaciones locales PACE. Los clientes del centro regional pueden unirse a un plan PACE sin perder la elegibilidad del centro regional. Aunque puede mantener su elegibilidad de centro regional si se inscribe en PACE, debe obtener todos sus beneficios de Medicare y Medi-Cal \u00fanicamente a trav\u00e9s de PACE. Esto significa que, si su centro regional le brindaba alg\u00fan servicio que estuviera disponible a trav\u00e9s de Medicare o Medi-Cal, deber\u00e1 obtenerlos a trav\u00e9s de su plan PACE una vez que se inscriba. El coordinador de servicios de su centro regional tendr\u00e1 que trabajar con su plan PACE a fin de asegurarse de que no se superpongan los servicios que le brindan ambos organismos. Su centro regional y su plan PACE deben trabajar en conjunto para crear un acuerdo escrito donde se establezca qui\u00e9n es responsable de proporcionar cada uno de sus servicios.<\/p>\n\n\n\n<p>Si obtiene una exenci\u00f3n de Medi-Cal, como la exenci\u00f3n de servicios en el hogar y la comunidad para personas con discapacidades del desarrollo (la Exenci\u00f3n de DD), deber\u00e1 cancelar la inscripci\u00f3n en la exenci\u00f3n antes de unirse a PACE. Si obtuvo la Exenci\u00f3n de DD y decide que desea cancelar su inscripci\u00f3n en la exenci\u00f3n para poder unirse a PACE, puede obtener los servicios del centro regional que no proporcione PACE, pero cambiar\u00e1 la fuente de financiamiento de sus servicios.<\/p>\n\n\n\n<p>La decisi\u00f3n de unirse a PACE es una decisi\u00f3n individual. Si bien algunos servicios que brindan PACE y los centros regionales son similares, hay \u00e1reas donde los dos sistemas de servicio difieren. Los centros regionales ofrecen pericia, proveedores y servicios a la medida de las personas con discapacidades del desarrollo. Los programas PACE se adaptan a las personas mayores de 55 a\u00f1os. Es posible que le resulte conveniente obtener los servicios de ambos programas si presenta una discapacidad del desarrollo, tiene m\u00e1s de 55 a\u00f1os, es elegible para cuidados en asilos de ancianos y piensa que se beneficiar\u00eda de las especialidades complementarias de los dos sistemas. Por otro lado, si le gustan sus servicios del centro regional y sus proveedores m\u00e9dicos actuales, es posible que no quiera unirse a PACE. Unirse a PACE implicar\u00eda que recibiera los servicios de los proveedores empleados y contratados por PACE. La mayor\u00eda de estos ser\u00e1n diferentes de sus proveedores actuales. Puede obtener m\u00e1s informaci\u00f3n en <a href=\"https:\/\/calpace.org\">www.calpace.org<\/a>.<\/p>\n","protected":false},"excerpt":{"rendered":"<p>Puede estar en PACE y seguir siendo cliente del centro regional. No puede estar en PACE y en la Exenci\u00f3n DD al mismo tiempo. Los&hellip;<\/p>\n","protected":false},"author":1,"featured_media":0,"parent":2275,"menu_order":26,"comment_status":"closed","ping_status":"closed","template":"","meta":{"footnotes":""},"class_list":["post-3483","page","type-page","status-publish","hentry"],"_links":{"self":[{"href":"https:\/\/rula.disabilityrightsca.org\/es\/wp-json\/wp\/v2\/pages\/3483","targetHints":{"allow":["GET"]}}],"collection":[{"href":"https:\/\/rula.disabilityrightsca.org\/es\/wp-json\/wp\/v2\/pages"}],"about":[{"href":"https:\/\/rula.disabilityrightsca.org\/es\/wp-json\/wp\/v2\/types\/page"}],"author":[{"embeddable":true,"href":"https:\/\/rula.disabilityrightsca.org\/es\/wp-json\/wp\/v2\/users\/1"}],"replies":[{"embeddable":true,"href":"https:\/\/rula.disabilityrightsca.org\/es\/wp-json\/wp\/v2\/comments?post=3483"}],"version-history":[{"count":2,"href":"https:\/\/rula.disabilityrightsca.org\/es\/wp-json\/wp\/v2\/pages\/3483\/revisions"}],"predecessor-version":[{"id":3955,"href":"https:\/\/rula.disabilityrightsca.org\/es\/wp-json\/wp\/v2\/pages\/3483\/revisions\/3955"}],"up":[{"embeddable":true,"href":"https:\/\/rula.disabilityrightsca.org\/es\/wp-json\/wp\/v2\/pages\/2275"}],"wp:attachment":[{"href":"https:\/\/rula.disabilityrightsca.org\/es\/wp-json\/wp\/v2\/media?parent=3483"}],"curies":[{"name":"wp","href":"https:\/\/api.w.org\/{rel}","templated":true}]}}