{"id":3481,"date":"2023-07-06T18:04:36","date_gmt":"2023-07-06T18:04:36","guid":{"rendered":"https:\/\/rula.disabilityrightsca.org\/es\/?page_id=3481"},"modified":"2024-10-08T18:20:06","modified_gmt":"2024-10-08T18:20:06","slug":"4-71-si-estoy-en-el-programa-de-autodeterminacion-sigo-pasando-por-el-proceso-de-ipp-y-tengo-un-ipp-por-escrito","status":"publish","type":"page","link":"https:\/\/rula.disabilityrightsca.org\/es\/rula-book\/capitulo-4-planes-de-programas-individuales\/4-71-si-estoy-en-el-programa-de-autodeterminacion-sigo-pasando-por-el-proceso-de-ipp-y-tengo-un-ipp-por-escrito\/","title":{"rendered":"(4.72) Si estoy en el Programa de autodeterminaci\u00f3n, \u00bfsigo pasando por el proceso de IPP y tengo un IPP por escrito?"},"content":{"rendered":"\n<p>S\u00ed. El Programa de autodeterminaci\u00f3n (SDP) es otra forma de obtener los servicios de su centro regional que le brinda m\u00e1s libertad, control y responsabilidad. Sin embargo, igual debe pasar por el proceso de IPP y tener un IPP por escrito con el centro regional. El equipo de IPP (del que forma parte) determina su presupuesto individual. Luego, usa su presupuesto individual para comprar los servicios y apoyos que se encuentran en su IPP. <span class=\"footnote_referrer\"><a role=\"button\" tabindex=\"0\" onclick=\"footnote_moveToReference_3481_1('footnote_plugin_reference_3481_1_1');\" onkeypress=\"footnote_moveToReference_3481_1('footnote_plugin_reference_3481_1_1');\" ><sup id=\"footnote_plugin_tooltip_3481_1_1\" class=\"footnote_plugin_tooltip_text\">[1]<\/sup><\/a><span id=\"footnote_plugin_tooltip_text_3481_1_1\" class=\"footnote_tooltip\">Secci\u00f3n 4685.8(d)(3)(C)<\/span><\/span><script type=\"text\/javascript\"> jQuery('#footnote_plugin_tooltip_3481_1_1').tooltip({ tip: '#footnote_plugin_tooltip_text_3481_1_1', tipClass: 'footnote_tooltip', effect: 'fade', predelay: 0, fadeInSpeed: 200, delay: 400, fadeOutSpeed: 200, position: 'top center', relative: true, offset: [-7, 0], });<\/script> Usted tiene los mismos derechos de apelaci\u00f3n que en el sistema del centro regional tradicional si no est\u00e1 de acuerdo con su IPP o con la decisi\u00f3n del centro regional.<\/p>\n<div class=\"speaker-mute footnotes_reference_container\"> <div class=\"footnote_container_prepare\"><p><span role=\"button\" tabindex=\"0\" class=\"footnote_reference_container_label pointer\" onclick=\"footnote_expand_collapse_reference_container_3481_1();\">&#x202F;<\/span><span role=\"button\" tabindex=\"0\" class=\"footnote_reference_container_collapse_button\" style=\"display: none;\" onclick=\"footnote_expand_collapse_reference_container_3481_1();\">[<a id=\"footnote_reference_container_collapse_button_3481_1\">+<\/a>]<\/span><\/p><\/div> <div id=\"footnote_references_container_3481_1\" style=\"\"><table class=\"footnotes_table footnote-reference-container\"><caption class=\"accessibility\">References<\/caption> <tbody> \r\n\r\n<tr class=\"footnotes_plugin_reference_row\"> <th scope=\"row\" class=\"footnote_plugin_index_combi pointer\"  onclick=\"footnote_moveToAnchor_3481_1('footnote_plugin_tooltip_3481_1_1');\"><a id=\"footnote_plugin_reference_3481_1_1\" class=\"footnote_backlink\"><span class=\"footnote_index_arrow\">&#8593;<\/span>1<\/a><\/th> <td class=\"footnote_plugin_text\">Secci\u00f3n 4685.8(d)(3)(C)<\/td><\/tr>\r\n\r\n <\/tbody> <\/table> <\/div><\/div><script type=\"text\/javascript\"> function footnote_expand_reference_container_3481_1() { jQuery('#footnote_references_container_3481_1').show(); jQuery('#footnote_reference_container_collapse_button_3481_1').text('\u2212'); } function footnote_collapse_reference_container_3481_1() { jQuery('#footnote_references_container_3481_1').hide(); jQuery('#footnote_reference_container_collapse_button_3481_1').text('+'); } function footnote_expand_collapse_reference_container_3481_1() { if (jQuery('#footnote_references_container_3481_1').is(':hidden')) { footnote_expand_reference_container_3481_1(); } else { footnote_collapse_reference_container_3481_1(); } } function footnote_moveToReference_3481_1(p_str_TargetID) { footnote_expand_reference_container_3481_1(); var l_obj_Target = jQuery('#' + p_str_TargetID); if (l_obj_Target.length) { jQuery( 'html, body' ).delay( 0 ); jQuery('html, body').animate({ scrollTop: l_obj_Target.offset().top - window.innerHeight * 0.2 }, 380); } } function footnote_moveToAnchor_3481_1(p_str_TargetID) { footnote_expand_reference_container_3481_1(); var l_obj_Target = jQuery('#' + p_str_TargetID); if (l_obj_Target.length) { jQuery( 'html, body' ).delay( 0 ); jQuery('html, body').animate({ scrollTop: l_obj_Target.offset().top - window.innerHeight * 0.2 }, 380); } }<\/script>","protected":false},"excerpt":{"rendered":"<p>S\u00ed. El Programa de autodeterminaci\u00f3n (SDP) es otra forma de obtener los servicios de su centro regional que le brinda m\u00e1s libertad, control y responsabilidad.&hellip;<\/p>\n","protected":false},"author":1,"featured_media":0,"parent":1193,"menu_order":71,"comment_status":"closed","ping_status":"closed","template":"","meta":{"footnotes":""},"class_list":["post-3481","page","type-page","status-publish","hentry"],"_links":{"self":[{"href":"https:\/\/rula.disabilityrightsca.org\/es\/wp-json\/wp\/v2\/pages\/3481","targetHints":{"allow":["GET"]}}],"collection":[{"href":"https:\/\/rula.disabilityrightsca.org\/es\/wp-json\/wp\/v2\/pages"}],"about":[{"href":"https:\/\/rula.disabilityrightsca.org\/es\/wp-json\/wp\/v2\/types\/page"}],"author":[{"embeddable":true,"href":"https:\/\/rula.disabilityrightsca.org\/es\/wp-json\/wp\/v2\/users\/1"}],"replies":[{"embeddable":true,"href":"https:\/\/rula.disabilityrightsca.org\/es\/wp-json\/wp\/v2\/comments?post=3481"}],"version-history":[{"count":3,"href":"https:\/\/rula.disabilityrightsca.org\/es\/wp-json\/wp\/v2\/pages\/3481\/revisions"}],"predecessor-version":[{"id":4000,"href":"https:\/\/rula.disabilityrightsca.org\/es\/wp-json\/wp\/v2\/pages\/3481\/revisions\/4000"}],"up":[{"embeddable":true,"href":"https:\/\/rula.disabilityrightsca.org\/es\/wp-json\/wp\/v2\/pages\/1193"}],"wp:attachment":[{"href":"https:\/\/rula.disabilityrightsca.org\/es\/wp-json\/wp\/v2\/media?parent=3481"}],"curies":[{"name":"wp","href":"https:\/\/api.w.org\/{rel}","templated":true}]}}