{"id":3479,"date":"2023-07-06T17:55:18","date_gmt":"2023-07-06T17:55:18","guid":{"rendered":"https:\/\/rula.disabilityrightsca.org\/es\/?page_id=3479"},"modified":"2024-10-08T18:20:20","modified_gmt":"2024-10-08T18:20:20","slug":"4-70-que-sucede-si-el-centro-regional-acepta-un-servicio-pero-no-hay-un-proveedor-disponible","status":"publish","type":"page","link":"https:\/\/rula.disabilityrightsca.org\/es\/rula-book\/capitulo-4-planes-de-programas-individuales\/4-70-que-sucede-si-el-centro-regional-acepta-un-servicio-pero-no-hay-un-proveedor-disponible\/","title":{"rendered":"(4.71) \u00bfQu\u00e9 sucede si el centro regional acepta un servicio, pero no hay un proveedor disponible?"},"content":{"rendered":"\n<p>A veces, su equipo de planificaci\u00f3n estar\u00e1 de acuerdo en que necesita un servicio, pero no hay un proveedor disponible. Esto puede ser un problema grave. Aunque sea dif\u00edcil para el centro regional, deben utilizar todos los medios posibles para cumplir su IPP.<span class=\"footnote_referrer\"><a role=\"button\" tabindex=\"0\" onclick=\"footnote_moveToReference_3479_1('footnote_plugin_reference_3479_1_1');\" onkeypress=\"footnote_moveToReference_3479_1('footnote_plugin_reference_3479_1_1');\" ><sup id=\"footnote_plugin_tooltip_3479_1_1\" class=\"footnote_plugin_tooltip_text\">[1]<\/sup><\/a><span id=\"footnote_plugin_tooltip_text_3479_1_1\" class=\"footnote_tooltip\">Asoc. para ciudadanos con retraso contra el DDS, 38 Cal.3d 384, 388 (1985)<\/span><\/span><script type=\"text\/javascript\"> jQuery('#footnote_plugin_tooltip_3479_1_1').tooltip({ tip: '#footnote_plugin_tooltip_text_3479_1_1', tipClass: 'footnote_tooltip', effect: 'fade', predelay: 0, fadeInSpeed: 200, delay: 400, fadeOutSpeed: 200, position: 'top center', relative: true, offset: [-7, 0], });<\/script> Los centros regionales no tienen opci\u00f3n sobre si llevar a cabo su IPP, pero s\u00ed tienen opciones sobre c\u00f3mo hacerlo. El centro regional puede ver estas opciones:<\/p>\n\n\n\n<ul class=\"wp-block-list\">\n<li>Pueden preguntar a los proveedores existentes si le brindar\u00e1n el servicio que necesita, incluso si difiere de los servicios que generalmente brindan.<\/li>\n\n\n\n<li>Pueden contratar diferentes agencias para brindarle los servicios que necesita.<\/li>\n\n\n\n<li>Pueden enviar una &#8220;Solicitud de propuestas&#8221; (RFP) a las organizaciones proveedoras en el \u00e1rea para ver si una agencia desarrollar\u00e1 nuevos servicios.<\/li>\n\n\n\n<li>Ellos pueden ver si un proveedor de un \u00e1rea diferente puede ir a su \u00e1rea y brindarle servicios.<\/li>\n\n\n\n<li>Pueden solicitar fondos al DDS para iniciar y desarrollar un nuevo programa de servicios y apoyos.<span class=\"footnote_referrer\"><a role=\"button\" tabindex=\"0\" onclick=\"footnote_moveToReference_3479_1('footnote_plugin_reference_3479_1_2');\" onkeypress=\"footnote_moveToReference_3479_1('footnote_plugin_reference_3479_1_2');\" ><sup id=\"footnote_plugin_tooltip_3479_1_2\" class=\"footnote_plugin_tooltip_text\">[2]<\/sup><\/a><span id=\"footnote_plugin_tooltip_text_3479_1_2\" class=\"footnote_tooltip\">Secci\u00f3n 4648(e)<\/span><\/span><script type=\"text\/javascript\"> jQuery('#footnote_plugin_tooltip_3479_1_2').tooltip({ tip: '#footnote_plugin_tooltip_text_3479_1_2', tipClass: 'footnote_tooltip', effect: 'fade', predelay: 0, fadeInSpeed: 200, delay: 400, fadeOutSpeed: 200, position: 'top center', relative: true, offset: [-7, 0], });<\/script><\/li>\n<\/ul>\n\n\n\n<p>Consulte la <a href=\"https:\/\/rula.disabilityrightsca.org\/es\/rula-book\/capitulo-4-planes-de-programas-individuales\/4-47-como-se-asegura-el-centro-regional-de-que-reciba-los-servicios-y-apoyos-en-mi-ipp\/\">Pregunta 47<\/a> para conocer las diferentes formas en que los centros regionales pueden asegurarse de que usted reciba los servicios y apoyos que est\u00e1n escritos en su IPP. Se espera que los centros regionales tengan servicios disponibles en la comunidad donde vive. Sin embargo, puede llevar tiempo desarrollar los servicios. A veces, ning\u00fan proveedor est\u00e1 desarrollando el servicio en su \u00e1rea.<\/p>\n\n\n\n<p>El centro regional puede preguntarle si se mudar\u00eda a un \u00e1rea diferente donde haya un proveedor de los servicios que necesita. A menudo, eso es algo muy dif\u00edcil de hacer. A veces, esto sucede si necesita un hogar grupal y no hay uno disponible en su \u00e1rea. Los centros regionales pueden realizar una &#8220;b\u00fasqueda en todo el estado&#8221; de las ubicaciones disponibles y pueden encontrar un lugar para usted en otra \u00e1rea del estado.<\/p>\n\n\n\n<p>Si el centro regional dice que no tiene un servicio o apoyo en particular que usted necesita y desea (y no est\u00e1 disponible por parte de una fuente &#8220;gen\u00e9rica&#8221;), o si el centro regional no lo proporciona, usted puede apelar. (Consulte el <a href=\"https:\/\/rula.disabilityrightsca.org\/es\/rula-book\/capitulo-10-apelaciones-y-reclamos-desacuerdos-con-centros-regionales-centros-de-desarrollo-o-proveedores-de-servicios\/\"><em>Cap\u00edtulo 10<\/em><\/a>).Pero primero considere la raz\u00f3n del centro regional para denegar su solicitud y vea si hay alternativas que pueda aceptar.<\/p>\n<div class=\"speaker-mute footnotes_reference_container\"> <div class=\"footnote_container_prepare\"><p><span role=\"button\" tabindex=\"0\" class=\"footnote_reference_container_label pointer\" onclick=\"footnote_expand_collapse_reference_container_3479_1();\">&#x202F;<\/span><span role=\"button\" tabindex=\"0\" class=\"footnote_reference_container_collapse_button\" style=\"display: none;\" onclick=\"footnote_expand_collapse_reference_container_3479_1();\">[<a id=\"footnote_reference_container_collapse_button_3479_1\">+<\/a>]<\/span><\/p><\/div> <div id=\"footnote_references_container_3479_1\" style=\"\"><table class=\"footnotes_table footnote-reference-container\"><caption class=\"accessibility\">References<\/caption> <tbody> \r\n\r\n<tr class=\"footnotes_plugin_reference_row\"> <th scope=\"row\" class=\"footnote_plugin_index_combi pointer\"  onclick=\"footnote_moveToAnchor_3479_1('footnote_plugin_tooltip_3479_1_1');\"><a id=\"footnote_plugin_reference_3479_1_1\" class=\"footnote_backlink\"><span class=\"footnote_index_arrow\">&#8593;<\/span>1<\/a><\/th> <td class=\"footnote_plugin_text\">Asoc. para ciudadanos con retraso contra el DDS, 38 Cal.3d 384, 388 (1985)<\/td><\/tr>\r\n\r\n<tr class=\"footnotes_plugin_reference_row\"> <th scope=\"row\" class=\"footnote_plugin_index_combi pointer\"  onclick=\"footnote_moveToAnchor_3479_1('footnote_plugin_tooltip_3479_1_2');\"><a id=\"footnote_plugin_reference_3479_1_2\" class=\"footnote_backlink\"><span class=\"footnote_index_arrow\">&#8593;<\/span>2<\/a><\/th> <td class=\"footnote_plugin_text\">Secci\u00f3n 4648(e)<\/td><\/tr>\r\n\r\n <\/tbody> <\/table> <\/div><\/div><script type=\"text\/javascript\"> function footnote_expand_reference_container_3479_1() { jQuery('#footnote_references_container_3479_1').show(); jQuery('#footnote_reference_container_collapse_button_3479_1').text('\u2212'); } function footnote_collapse_reference_container_3479_1() { jQuery('#footnote_references_container_3479_1').hide(); jQuery('#footnote_reference_container_collapse_button_3479_1').text('+'); } function footnote_expand_collapse_reference_container_3479_1() { if (jQuery('#footnote_references_container_3479_1').is(':hidden')) { footnote_expand_reference_container_3479_1(); } else { footnote_collapse_reference_container_3479_1(); } } function footnote_moveToReference_3479_1(p_str_TargetID) { footnote_expand_reference_container_3479_1(); var l_obj_Target = jQuery('#' + p_str_TargetID); if (l_obj_Target.length) { jQuery( 'html, body' ).delay( 0 ); jQuery('html, body').animate({ scrollTop: l_obj_Target.offset().top - window.innerHeight * 0.2 }, 380); } } function footnote_moveToAnchor_3479_1(p_str_TargetID) { footnote_expand_reference_container_3479_1(); var l_obj_Target = jQuery('#' + p_str_TargetID); if (l_obj_Target.length) { jQuery( 'html, body' ).delay( 0 ); jQuery('html, body').animate({ scrollTop: l_obj_Target.offset().top - window.innerHeight * 0.2 }, 380); } }<\/script>","protected":false},"excerpt":{"rendered":"<p>A veces, su equipo de planificaci\u00f3n estar\u00e1 de acuerdo en que necesita un servicio, pero no hay un proveedor disponible. Esto puede ser un problema&hellip;<\/p>\n","protected":false},"author":1,"featured_media":0,"parent":1193,"menu_order":70,"comment_status":"closed","ping_status":"closed","template":"","meta":{"footnotes":""},"class_list":["post-3479","page","type-page","status-publish","hentry"],"_links":{"self":[{"href":"https:\/\/rula.disabilityrightsca.org\/es\/wp-json\/wp\/v2\/pages\/3479","targetHints":{"allow":["GET"]}}],"collection":[{"href":"https:\/\/rula.disabilityrightsca.org\/es\/wp-json\/wp\/v2\/pages"}],"about":[{"href":"https:\/\/rula.disabilityrightsca.org\/es\/wp-json\/wp\/v2\/types\/page"}],"author":[{"embeddable":true,"href":"https:\/\/rula.disabilityrightsca.org\/es\/wp-json\/wp\/v2\/users\/1"}],"replies":[{"embeddable":true,"href":"https:\/\/rula.disabilityrightsca.org\/es\/wp-json\/wp\/v2\/comments?post=3479"}],"version-history":[{"count":3,"href":"https:\/\/rula.disabilityrightsca.org\/es\/wp-json\/wp\/v2\/pages\/3479\/revisions"}],"predecessor-version":[{"id":4001,"href":"https:\/\/rula.disabilityrightsca.org\/es\/wp-json\/wp\/v2\/pages\/3479\/revisions\/4001"}],"up":[{"embeddable":true,"href":"https:\/\/rula.disabilityrightsca.org\/es\/wp-json\/wp\/v2\/pages\/1193"}],"wp:attachment":[{"href":"https:\/\/rula.disabilityrightsca.org\/es\/wp-json\/wp\/v2\/media?parent=3479"}],"curies":[{"name":"wp","href":"https:\/\/api.w.org\/{rel}","templated":true}]}}