{"id":3475,"date":"2023-07-06T17:47:42","date_gmt":"2023-07-06T17:47:42","guid":{"rendered":"https:\/\/rula.disabilityrightsca.org\/es\/?page_id=3475"},"modified":"2024-10-08T18:22:45","modified_gmt":"2024-10-08T18:22:45","slug":"4-68-puedo-elegir-quien-proporcionara-mis-servicios-y-apoyos","status":"publish","type":"page","link":"https:\/\/rula.disabilityrightsca.org\/es\/rula-book\/capitulo-4-planes-de-programas-individuales\/4-68-puedo-elegir-quien-proporcionara-mis-servicios-y-apoyos\/","title":{"rendered":"(4.69) \u00bfPuedo elegir qui\u00e9n proporcionar\u00e1 mis servicios y apoyos?"},"content":{"rendered":"\n<p>Usted tiene una voz importante en la elecci\u00f3n de su proveedor de servicios, pero no depende solo de usted. Al decidir sobre un proveedor de servicios, el equipo de planificaci\u00f3n, incluidos usted y su familia o defensor, deben considerar:<\/p>\n\n\n\n<ul class=\"wp-block-list\">\n<li>La capacidad del proveedor para brindar servicios de calidad que lo ayudar\u00e1n a llevar a cabo su IPP.<\/li>\n\n\n\n<li>El \u00e9xito del proveedor para ayudarlo a lograr sus objetivos de IPP. <\/li>\n\n\n\n<li>Si el proveedor debe tener una licencia, si el proveedor tiene esa licencia.<\/li>\n\n\n\n<li>Si hay servicios comparables (de igual o mejor calidad) disponibles a menor costo de otro proveedor.<\/li>\n\n\n\n<li>El proveedor que elija usted o su familia. <span class=\"footnote_referrer\"><a role=\"button\" tabindex=\"0\" onclick=\"footnote_moveToReference_3475_1('footnote_plugin_reference_3475_1_1');\" onkeypress=\"footnote_moveToReference_3475_1('footnote_plugin_reference_3475_1_1');\" ><sup id=\"footnote_plugin_tooltip_3475_1_1\" class=\"footnote_plugin_tooltip_text\">[1]<\/sup><\/a><span id=\"footnote_plugin_tooltip_text_3475_1_1\" class=\"footnote_tooltip\">Secci\u00f3n 4648(a)(6)<\/span><\/span><script type=\"text\/javascript\"> jQuery('#footnote_plugin_tooltip_3475_1_1').tooltip({ tip: '#footnote_plugin_tooltip_text_3475_1_1', tipClass: 'footnote_tooltip', effect: 'fade', predelay: 0, fadeInSpeed: 200, delay: 400, fadeOutSpeed: 200, position: 'top center', relative: true, offset: [-7, 0], });<\/script><\/li>\n<\/ul>\n\n\n\n<p>Usted debe estar satisfecho con el desempe\u00f1o de un proveedor. Los servicios no pueden continuar a menos que usted y su familia est\u00e9n satisfechos y acuerden que los servicios se han proporcionado seg\u00fan lo requerido y, como resultado, se ha logrado un progreso razonable en los objetivos de su IPP. <span class=\"footnote_referrer\"><a role=\"button\" tabindex=\"0\" onclick=\"footnote_moveToReference_3475_1('footnote_plugin_reference_3475_1_2');\" onkeypress=\"footnote_moveToReference_3475_1('footnote_plugin_reference_3475_1_2');\" ><sup id=\"footnote_plugin_tooltip_3475_1_2\" class=\"footnote_plugin_tooltip_text\">[2]<\/sup><\/a><span id=\"footnote_plugin_tooltip_text_3475_1_2\" class=\"footnote_tooltip\">\u00a7 4648(a)(7)<\/span><\/span><script type=\"text\/javascript\"> jQuery('#footnote_plugin_tooltip_3475_1_2').tooltip({ tip: '#footnote_plugin_tooltip_text_3475_1_2', tipClass: 'footnote_tooltip', effect: 'fade', predelay: 0, fadeInSpeed: 200, delay: 400, fadeOutSpeed: 200, position: 'top center', relative: true, offset: [-7, 0], });<\/script><\/p>\n\n\n\n<p>Es posible que el centro regional no lo obligue a aceptar un proveedor simplemente porque es m\u00e1s barato. Debe considerar todos los factores anteriores. Sin embargo, no tiene derecho a ning\u00fan proveedor que elija si hay otros disponibles que puedan brindar servicios similares e igualmente buenos a un costo menor.<\/p>\n<div class=\"speaker-mute footnotes_reference_container\"> <div class=\"footnote_container_prepare\"><p><span role=\"button\" tabindex=\"0\" class=\"footnote_reference_container_label pointer\" onclick=\"footnote_expand_collapse_reference_container_3475_1();\">&#x202F;<\/span><span role=\"button\" tabindex=\"0\" class=\"footnote_reference_container_collapse_button\" style=\"display: none;\" onclick=\"footnote_expand_collapse_reference_container_3475_1();\">[<a id=\"footnote_reference_container_collapse_button_3475_1\">+<\/a>]<\/span><\/p><\/div> <div id=\"footnote_references_container_3475_1\" style=\"\"><table class=\"footnotes_table footnote-reference-container\"><caption class=\"accessibility\">References<\/caption> <tbody> \r\n\r\n<tr class=\"footnotes_plugin_reference_row\"> <th scope=\"row\" class=\"footnote_plugin_index_combi pointer\"  onclick=\"footnote_moveToAnchor_3475_1('footnote_plugin_tooltip_3475_1_1');\"><a id=\"footnote_plugin_reference_3475_1_1\" class=\"footnote_backlink\"><span class=\"footnote_index_arrow\">&#8593;<\/span>1<\/a><\/th> <td class=\"footnote_plugin_text\">Secci\u00f3n 4648(a)(6)<\/td><\/tr>\r\n\r\n<tr class=\"footnotes_plugin_reference_row\"> <th scope=\"row\" class=\"footnote_plugin_index_combi pointer\"  onclick=\"footnote_moveToAnchor_3475_1('footnote_plugin_tooltip_3475_1_2');\"><a id=\"footnote_plugin_reference_3475_1_2\" class=\"footnote_backlink\"><span class=\"footnote_index_arrow\">&#8593;<\/span>2<\/a><\/th> <td class=\"footnote_plugin_text\">\u00a7 4648(a)(7)<\/td><\/tr>\r\n\r\n <\/tbody> <\/table> <\/div><\/div><script type=\"text\/javascript\"> function footnote_expand_reference_container_3475_1() { jQuery('#footnote_references_container_3475_1').show(); jQuery('#footnote_reference_container_collapse_button_3475_1').text('\u2212'); } function footnote_collapse_reference_container_3475_1() { jQuery('#footnote_references_container_3475_1').hide(); jQuery('#footnote_reference_container_collapse_button_3475_1').text('+'); } function footnote_expand_collapse_reference_container_3475_1() { if (jQuery('#footnote_references_container_3475_1').is(':hidden')) { footnote_expand_reference_container_3475_1(); } else { footnote_collapse_reference_container_3475_1(); } } function footnote_moveToReference_3475_1(p_str_TargetID) { footnote_expand_reference_container_3475_1(); var l_obj_Target = jQuery('#' + p_str_TargetID); if (l_obj_Target.length) { jQuery( 'html, body' ).delay( 0 ); jQuery('html, body').animate({ scrollTop: l_obj_Target.offset().top - window.innerHeight * 0.2 }, 380); } } function footnote_moveToAnchor_3475_1(p_str_TargetID) { footnote_expand_reference_container_3475_1(); var l_obj_Target = jQuery('#' + p_str_TargetID); if (l_obj_Target.length) { jQuery( 'html, body' ).delay( 0 ); jQuery('html, body').animate({ scrollTop: l_obj_Target.offset().top - window.innerHeight * 0.2 }, 380); } }<\/script>","protected":false},"excerpt":{"rendered":"<p>Usted tiene una voz importante en la elecci\u00f3n de su proveedor de servicios, pero no depende solo de usted. Al decidir sobre un proveedor de&hellip;<\/p>\n","protected":false},"author":1,"featured_media":0,"parent":1193,"menu_order":68,"comment_status":"closed","ping_status":"closed","template":"","meta":{"footnotes":""},"class_list":["post-3475","page","type-page","status-publish","hentry"],"_links":{"self":[{"href":"https:\/\/rula.disabilityrightsca.org\/es\/wp-json\/wp\/v2\/pages\/3475","targetHints":{"allow":["GET"]}}],"collection":[{"href":"https:\/\/rula.disabilityrightsca.org\/es\/wp-json\/wp\/v2\/pages"}],"about":[{"href":"https:\/\/rula.disabilityrightsca.org\/es\/wp-json\/wp\/v2\/types\/page"}],"author":[{"embeddable":true,"href":"https:\/\/rula.disabilityrightsca.org\/es\/wp-json\/wp\/v2\/users\/1"}],"replies":[{"embeddable":true,"href":"https:\/\/rula.disabilityrightsca.org\/es\/wp-json\/wp\/v2\/comments?post=3475"}],"version-history":[{"count":3,"href":"https:\/\/rula.disabilityrightsca.org\/es\/wp-json\/wp\/v2\/pages\/3475\/revisions"}],"predecessor-version":[{"id":4003,"href":"https:\/\/rula.disabilityrightsca.org\/es\/wp-json\/wp\/v2\/pages\/3475\/revisions\/4003"}],"up":[{"embeddable":true,"href":"https:\/\/rula.disabilityrightsca.org\/es\/wp-json\/wp\/v2\/pages\/1193"}],"wp:attachment":[{"href":"https:\/\/rula.disabilityrightsca.org\/es\/wp-json\/wp\/v2\/media?parent=3475"}],"curies":[{"name":"wp","href":"https:\/\/api.w.org\/{rel}","templated":true}]}}