{"id":3473,"date":"2023-07-06T17:44:16","date_gmt":"2023-07-06T17:44:16","guid":{"rendered":"https:\/\/rula.disabilityrightsca.org\/es\/?page_id=3473"},"modified":"2024-10-08T18:23:22","modified_gmt":"2024-10-08T18:23:22","slug":"4-67-que-necesito-saber-sobre-los-cupones","status":"publish","type":"page","link":"https:\/\/rula.disabilityrightsca.org\/es\/rula-book\/capitulo-4-planes-de-programas-individuales\/4-67-que-necesito-saber-sobre-los-cupones\/","title":{"rendered":"(4.68) \u00bfQu\u00e9 necesito saber sobre los cupones?"},"content":{"rendered":"\n<p>Los cupones son una forma de obtener servicios. Son \u201ccupones\u201d del centro regional que le permiten pagarle a alguien para que le brinde un servicio. Hay cupones para cosas como relevo, servicios de transporte, guarder\u00eda, enfermer\u00eda en el hogar y pa\u00f1ales.<\/p>\n\n\n\n<p>La <em>ventaja<\/em> de los cupones es:<\/p>\n\n\n\n<p>Puede usarlos para comprar servicios de cualquier persona u organizaci\u00f3n que elija y evitar las listas de espera de las agencias.<\/p>\n\n\n\n<p>La <em>desventaja<\/em> de los cupones es:<\/p>\n\n\n\n<p>Hacen q <strong>usted<\/strong> sea responsable de encontrar un proveedor de servicios.<\/p>\n\n\n\n<p>Adem\u00e1s, al usar un cup\u00f3n, puede establecer una relaci\u00f3n de \u201cempleador-empleado\u201d entre usted y la persona contratada para brindar el servicio. Como empleador, debe seguir las leyes estatales y federales sobre contrataci\u00f3n, despido, declaraci\u00f3n de salarios, retenci\u00f3n de impuestos sobre la renta e impuestos sobre la n\u00f3mina, y compensaci\u00f3n para trabajadores. El centro regional debe proporcionar asistencia t\u00e9cnica, orientaci\u00f3n y capacitaci\u00f3n para ayudarlo a cumplir con esos requisitos. <span class=\"footnote_referrer\"><a role=\"button\" tabindex=\"0\" onclick=\"footnote_moveToReference_3473_1('footnote_plugin_reference_3473_1_1');\" onkeypress=\"footnote_moveToReference_3473_1('footnote_plugin_reference_3473_1_1');\" ><sup id=\"footnote_plugin_tooltip_3473_1_1\" class=\"footnote_plugin_tooltip_text\">[1]<\/sup><\/a><span id=\"footnote_plugin_tooltip_text_3473_1_1\" class=\"footnote_tooltip\">T\u00edtulo 17, C\u00f3digo de Reglamentos de California, secci\u00f3n 54355<\/span><\/span><script type=\"text\/javascript\"> jQuery('#footnote_plugin_tooltip_3473_1_1').tooltip({ tip: '#footnote_plugin_tooltip_text_3473_1_1', tipClass: 'footnote_tooltip', effect: 'fade', predelay: 0, fadeInSpeed: 200, delay: 400, fadeOutSpeed: 200, position: 'top center', relative: true, offset: [-7, 0], });<\/script> Lo importante es que el centro regional <em>no puede obligarlo<\/em> a utilizar cupones en lugar de una de las otras formas de obtener servicios para usted. Esto es particularmente cierto si, debido a su discapacidad, usted no puede realizar el trabajo adicional requerido.<\/p>\n<div class=\"speaker-mute footnotes_reference_container\"> <div class=\"footnote_container_prepare\"><p><span role=\"button\" tabindex=\"0\" class=\"footnote_reference_container_label pointer\" onclick=\"footnote_expand_collapse_reference_container_3473_1();\">&#x202F;<\/span><span role=\"button\" tabindex=\"0\" class=\"footnote_reference_container_collapse_button\" style=\"display: none;\" onclick=\"footnote_expand_collapse_reference_container_3473_1();\">[<a id=\"footnote_reference_container_collapse_button_3473_1\">+<\/a>]<\/span><\/p><\/div> <div id=\"footnote_references_container_3473_1\" style=\"\"><table class=\"footnotes_table footnote-reference-container\"><caption class=\"accessibility\">References<\/caption> <tbody> \r\n\r\n<tr class=\"footnotes_plugin_reference_row\"> <th scope=\"row\" class=\"footnote_plugin_index_combi pointer\"  onclick=\"footnote_moveToAnchor_3473_1('footnote_plugin_tooltip_3473_1_1');\"><a id=\"footnote_plugin_reference_3473_1_1\" class=\"footnote_backlink\"><span class=\"footnote_index_arrow\">&#8593;<\/span>1<\/a><\/th> <td class=\"footnote_plugin_text\">T\u00edtulo 17, C\u00f3digo de Reglamentos de California, secci\u00f3n 54355<\/td><\/tr>\r\n\r\n <\/tbody> <\/table> <\/div><\/div><script type=\"text\/javascript\"> function footnote_expand_reference_container_3473_1() { jQuery('#footnote_references_container_3473_1').show(); jQuery('#footnote_reference_container_collapse_button_3473_1').text('\u2212'); } function footnote_collapse_reference_container_3473_1() { jQuery('#footnote_references_container_3473_1').hide(); jQuery('#footnote_reference_container_collapse_button_3473_1').text('+'); } function footnote_expand_collapse_reference_container_3473_1() { if (jQuery('#footnote_references_container_3473_1').is(':hidden')) { footnote_expand_reference_container_3473_1(); } else { footnote_collapse_reference_container_3473_1(); } } function footnote_moveToReference_3473_1(p_str_TargetID) { footnote_expand_reference_container_3473_1(); var l_obj_Target = jQuery('#' + p_str_TargetID); if (l_obj_Target.length) { jQuery( 'html, body' ).delay( 0 ); jQuery('html, body').animate({ scrollTop: l_obj_Target.offset().top - window.innerHeight * 0.2 }, 380); } } function footnote_moveToAnchor_3473_1(p_str_TargetID) { footnote_expand_reference_container_3473_1(); var l_obj_Target = jQuery('#' + p_str_TargetID); if (l_obj_Target.length) { jQuery( 'html, body' ).delay( 0 ); jQuery('html, body').animate({ scrollTop: l_obj_Target.offset().top - window.innerHeight * 0.2 }, 380); } }<\/script>","protected":false},"excerpt":{"rendered":"<p>Los cupones son una forma de obtener servicios. Son \u201ccupones\u201d del centro regional que le permiten pagarle a alguien para que le brinde un servicio.&hellip;<\/p>\n","protected":false},"author":1,"featured_media":0,"parent":1193,"menu_order":67,"comment_status":"closed","ping_status":"closed","template":"","meta":{"footnotes":""},"class_list":["post-3473","page","type-page","status-publish","hentry"],"_links":{"self":[{"href":"https:\/\/rula.disabilityrightsca.org\/es\/wp-json\/wp\/v2\/pages\/3473","targetHints":{"allow":["GET"]}}],"collection":[{"href":"https:\/\/rula.disabilityrightsca.org\/es\/wp-json\/wp\/v2\/pages"}],"about":[{"href":"https:\/\/rula.disabilityrightsca.org\/es\/wp-json\/wp\/v2\/types\/page"}],"author":[{"embeddable":true,"href":"https:\/\/rula.disabilityrightsca.org\/es\/wp-json\/wp\/v2\/users\/1"}],"replies":[{"embeddable":true,"href":"https:\/\/rula.disabilityrightsca.org\/es\/wp-json\/wp\/v2\/comments?post=3473"}],"version-history":[{"count":3,"href":"https:\/\/rula.disabilityrightsca.org\/es\/wp-json\/wp\/v2\/pages\/3473\/revisions"}],"predecessor-version":[{"id":4004,"href":"https:\/\/rula.disabilityrightsca.org\/es\/wp-json\/wp\/v2\/pages\/3473\/revisions\/4004"}],"up":[{"embeddable":true,"href":"https:\/\/rula.disabilityrightsca.org\/es\/wp-json\/wp\/v2\/pages\/1193"}],"wp:attachment":[{"href":"https:\/\/rula.disabilityrightsca.org\/es\/wp-json\/wp\/v2\/media?parent=3473"}],"curies":[{"name":"wp","href":"https:\/\/api.w.org\/{rel}","templated":true}]}}