{"id":3467,"date":"2023-07-06T16:47:37","date_gmt":"2023-07-06T16:47:37","guid":{"rendered":"https:\/\/rula.disabilityrightsca.org\/es\/?page_id=3467"},"modified":"2024-10-08T18:34:16","modified_gmt":"2024-10-08T18:34:16","slug":"4-64-si-apelo-la-decision-de-un-centro-regional-de-reducir-cambiar-o-suspender-un-servicio-del-ipp-que-sucede-con-ese-servicio-durante-mi-apelacion","status":"publish","type":"page","link":"https:\/\/rula.disabilityrightsca.org\/es\/rula-book\/capitulo-4-planes-de-programas-individuales\/4-64-si-apelo-la-decision-de-un-centro-regional-de-reducir-cambiar-o-suspender-un-servicio-del-ipp-que-sucede-con-ese-servicio-durante-mi-apelacion\/","title":{"rendered":"(4.65) Si apelo la decisi\u00f3n de un centro regional de reducir, cambiar o suspender un servicio del IPP, \u00bfqu\u00e9 sucede con ese servicio durante mi apelaci\u00f3n?"},"content":{"rendered":"\n<p>Debe presentar su apelaci\u00f3n dentro de los <strong>10 d\u00edas<\/strong> a partir de la fecha en que reciba la notificaci\u00f3n por correo para que se brinde el servicio hasta que se decida la apelaci\u00f3n. <span class=\"footnote_referrer\"><a role=\"button\" tabindex=\"0\" onclick=\"footnote_moveToReference_3467_1('footnote_plugin_reference_3467_1_1');\" onkeypress=\"footnote_moveToReference_3467_1('footnote_plugin_reference_3467_1_1');\" ><sup id=\"footnote_plugin_tooltip_3467_1_1\" class=\"footnote_plugin_tooltip_text\">[1]<\/sup><\/a><span id=\"footnote_plugin_tooltip_text_3467_1_1\" class=\"footnote_tooltip\">Secciones 4701(n) y 4715(a)<\/span><\/span><script type=\"text\/javascript\"> jQuery('#footnote_plugin_tooltip_3467_1_1').tooltip({ tip: '#footnote_plugin_tooltip_text_3467_1_1', tipClass: 'footnote_tooltip', effect: 'fade', predelay: 0, fadeInSpeed: 200, delay: 400, fadeOutSpeed: 200, position: 'top center', relative: true, offset: [-7, 0], });<\/script> Esto se denomina <em>\u201cAid Paid Pending\u201d <\/em>(Ayuda con pago pendiente).Si no env\u00eda su apelaci\u00f3n por correo electr\u00f3nico, su fecha de apelaci\u00f3n ser\u00e1 la fecha del sello de su carta de apelaci\u00f3n. Usted siempre tiene <strong>30 d\u00edas<\/strong> despu\u00e9s de que el centro regional le notifique de una reducci\u00f3n, terminaci\u00f3n o cambio para apelar el cambio propuesto. Pero, para que un servicio contin\u00fae hasta que se decida su apelaci\u00f3n, debe actuar m\u00e1s r\u00e1pidamente y apelar dentro de los <strong>10 d\u00edas<\/strong> posteriores a la recepci\u00f3n de la notificaci\u00f3n del centro regional. <span class=\"footnote_referrer\"><a role=\"button\" tabindex=\"0\" onclick=\"footnote_moveToReference_3467_1('footnote_plugin_reference_3467_1_2');\" onkeypress=\"footnote_moveToReference_3467_1('footnote_plugin_reference_3467_1_2');\" ><sup id=\"footnote_plugin_tooltip_3467_1_2\" class=\"footnote_plugin_tooltip_text\">[2]<\/sup><\/a><span id=\"footnote_plugin_tooltip_text_3467_1_2\" class=\"footnote_tooltip\">Secci\u00f3n 4710.5(a)<\/span><\/span><script type=\"text\/javascript\"> jQuery('#footnote_plugin_tooltip_3467_1_2').tooltip({ tip: '#footnote_plugin_tooltip_text_3467_1_2', tipClass: 'footnote_tooltip', effect: 'fade', predelay: 0, fadeInSpeed: 200, delay: 400, fadeOutSpeed: 200, position: 'top center', relative: true, offset: [-7, 0], });<\/script><\/p>\n<div class=\"speaker-mute footnotes_reference_container\"> <div class=\"footnote_container_prepare\"><p><span role=\"button\" tabindex=\"0\" class=\"footnote_reference_container_label pointer\" onclick=\"footnote_expand_collapse_reference_container_3467_1();\">&#x202F;<\/span><span role=\"button\" tabindex=\"0\" class=\"footnote_reference_container_collapse_button\" style=\"display: none;\" onclick=\"footnote_expand_collapse_reference_container_3467_1();\">[<a id=\"footnote_reference_container_collapse_button_3467_1\">+<\/a>]<\/span><\/p><\/div> <div id=\"footnote_references_container_3467_1\" style=\"\"><table class=\"footnotes_table footnote-reference-container\"><caption class=\"accessibility\">References<\/caption> <tbody> \r\n\r\n<tr class=\"footnotes_plugin_reference_row\"> <th scope=\"row\" class=\"footnote_plugin_index_combi pointer\"  onclick=\"footnote_moveToAnchor_3467_1('footnote_plugin_tooltip_3467_1_1');\"><a id=\"footnote_plugin_reference_3467_1_1\" class=\"footnote_backlink\"><span class=\"footnote_index_arrow\">&#8593;<\/span>1<\/a><\/th> <td class=\"footnote_plugin_text\">Secciones 4701(n) y 4715(a)<\/td><\/tr>\r\n\r\n<tr class=\"footnotes_plugin_reference_row\"> <th scope=\"row\" class=\"footnote_plugin_index_combi pointer\"  onclick=\"footnote_moveToAnchor_3467_1('footnote_plugin_tooltip_3467_1_2');\"><a id=\"footnote_plugin_reference_3467_1_2\" class=\"footnote_backlink\"><span class=\"footnote_index_arrow\">&#8593;<\/span>2<\/a><\/th> <td class=\"footnote_plugin_text\">Secci\u00f3n 4710.5(a)<\/td><\/tr>\r\n\r\n <\/tbody> <\/table> <\/div><\/div><script type=\"text\/javascript\"> function footnote_expand_reference_container_3467_1() { jQuery('#footnote_references_container_3467_1').show(); jQuery('#footnote_reference_container_collapse_button_3467_1').text('\u2212'); } function footnote_collapse_reference_container_3467_1() { jQuery('#footnote_references_container_3467_1').hide(); jQuery('#footnote_reference_container_collapse_button_3467_1').text('+'); } function footnote_expand_collapse_reference_container_3467_1() { if (jQuery('#footnote_references_container_3467_1').is(':hidden')) { footnote_expand_reference_container_3467_1(); } else { footnote_collapse_reference_container_3467_1(); } } function footnote_moveToReference_3467_1(p_str_TargetID) { footnote_expand_reference_container_3467_1(); var l_obj_Target = jQuery('#' + p_str_TargetID); if (l_obj_Target.length) { jQuery( 'html, body' ).delay( 0 ); jQuery('html, body').animate({ scrollTop: l_obj_Target.offset().top - window.innerHeight * 0.2 }, 380); } } function footnote_moveToAnchor_3467_1(p_str_TargetID) { footnote_expand_reference_container_3467_1(); var l_obj_Target = jQuery('#' + p_str_TargetID); if (l_obj_Target.length) { jQuery( 'html, body' ).delay( 0 ); jQuery('html, body').animate({ scrollTop: l_obj_Target.offset().top - window.innerHeight * 0.2 }, 380); } }<\/script>","protected":false},"excerpt":{"rendered":"<p>Debe presentar su apelaci\u00f3n dentro de los 10 d\u00edas a partir de la fecha en que reciba la notificaci\u00f3n por correo para que se brinde&hellip;<\/p>\n","protected":false},"author":1,"featured_media":0,"parent":1193,"menu_order":64,"comment_status":"closed","ping_status":"closed","template":"","meta":{"footnotes":""},"class_list":["post-3467","page","type-page","status-publish","hentry"],"_links":{"self":[{"href":"https:\/\/rula.disabilityrightsca.org\/es\/wp-json\/wp\/v2\/pages\/3467","targetHints":{"allow":["GET"]}}],"collection":[{"href":"https:\/\/rula.disabilityrightsca.org\/es\/wp-json\/wp\/v2\/pages"}],"about":[{"href":"https:\/\/rula.disabilityrightsca.org\/es\/wp-json\/wp\/v2\/types\/page"}],"author":[{"embeddable":true,"href":"https:\/\/rula.disabilityrightsca.org\/es\/wp-json\/wp\/v2\/users\/1"}],"replies":[{"embeddable":true,"href":"https:\/\/rula.disabilityrightsca.org\/es\/wp-json\/wp\/v2\/comments?post=3467"}],"version-history":[{"count":3,"href":"https:\/\/rula.disabilityrightsca.org\/es\/wp-json\/wp\/v2\/pages\/3467\/revisions"}],"predecessor-version":[{"id":4007,"href":"https:\/\/rula.disabilityrightsca.org\/es\/wp-json\/wp\/v2\/pages\/3467\/revisions\/4007"}],"up":[{"embeddable":true,"href":"https:\/\/rula.disabilityrightsca.org\/es\/wp-json\/wp\/v2\/pages\/1193"}],"wp:attachment":[{"href":"https:\/\/rula.disabilityrightsca.org\/es\/wp-json\/wp\/v2\/media?parent=3467"}],"curies":[{"name":"wp","href":"https:\/\/api.w.org\/{rel}","templated":true}]}}