{"id":3461,"date":"2023-07-06T00:00:12","date_gmt":"2023-07-06T00:00:12","guid":{"rendered":"https:\/\/rula.disabilityrightsca.org\/es\/?page_id=3461"},"modified":"2024-10-08T18:36:42","modified_gmt":"2024-10-08T18:36:42","slug":"4-63-puede-el-centro-regional-cambiar-mi-ipp-sin-mi-permiso-y-sin-previo-aviso","status":"publish","type":"page","link":"https:\/\/rula.disabilityrightsca.org\/es\/rula-book\/capitulo-4-planes-de-programas-individuales\/4-63-puede-el-centro-regional-cambiar-mi-ipp-sin-mi-permiso-y-sin-previo-aviso\/","title":{"rendered":"(4.64) \u00bfPuede el centro regional cambiar mi IPP sin mi permiso y sin previo aviso?"},"content":{"rendered":"\n<p>Sin su permiso, el centro regional no puede reducir, cancelar ni cambiar un servicio en el IPP. Pero, si usted acepta un cambio, el centro regional no tendr\u00e1 que enviarle una notificaci\u00f3n antes de que la acci\u00f3n entre en vigencia. <span class=\"footnote_referrer\"><a role=\"button\" tabindex=\"0\" onclick=\"footnote_moveToReference_3461_1('footnote_plugin_reference_3461_1_1');\" onkeypress=\"footnote_moveToReference_3461_1('footnote_plugin_reference_3461_1_1');\" ><sup id=\"footnote_plugin_tooltip_3461_1_1\" class=\"footnote_plugin_tooltip_text\">[1]<\/sup><\/a><span id=\"footnote_plugin_tooltip_text_3461_1_1\" class=\"footnote_tooltip\">Secci\u00f3n 4710(a)<\/span><\/span><script type=\"text\/javascript\"> jQuery('#footnote_plugin_tooltip_3461_1_1').tooltip({ tip: '#footnote_plugin_tooltip_text_3461_1_1', tipClass: 'footnote_tooltip', effect: 'fade', predelay: 0, fadeInSpeed: 200, delay: 400, fadeOutSpeed: 200, position: 'top center', relative: true, offset: [-7, 0], });<\/script> Un centro regional tampoco tendr\u00eda que enviarle una notificaci\u00f3n antes de reducir, cancelar o cambiar un servicio de IPP, si el centro regional ha decidido que la acci\u00f3n es necesaria para su salud y seguridad. Sin embargo, el centro regional igualmente debe enviarle una notificaci\u00f3n de la acci\u00f3n <strong>dentro de los diez d\u00edas posteriores<\/strong> a la reducci\u00f3n, terminaci\u00f3n o cambio de sus servicios. <span class=\"footnote_referrer\"><a role=\"button\" tabindex=\"0\" onclick=\"footnote_moveToReference_3461_1('footnote_plugin_reference_3461_1_2');\" onkeypress=\"footnote_moveToReference_3461_1('footnote_plugin_reference_3461_1_2');\" ><sup id=\"footnote_plugin_tooltip_3461_1_2\" class=\"footnote_plugin_tooltip_text\">[2]<\/sup><\/a><span id=\"footnote_plugin_tooltip_text_3461_1_2\" class=\"footnote_tooltip\">Secci\u00f3n 4710(f)<\/span><\/span><script type=\"text\/javascript\"> jQuery('#footnote_plugin_tooltip_3461_1_2').tooltip({ tip: '#footnote_plugin_tooltip_text_3461_1_2', tipClass: 'footnote_tooltip', effect: 'fade', predelay: 0, fadeInSpeed: 200, delay: 400, fadeOutSpeed: 200, position: 'top center', relative: true, offset: [-7, 0], });<\/script><\/p>\n<div class=\"speaker-mute footnotes_reference_container\"> <div class=\"footnote_container_prepare\"><p><span role=\"button\" tabindex=\"0\" class=\"footnote_reference_container_label pointer\" onclick=\"footnote_expand_collapse_reference_container_3461_1();\">&#x202F;<\/span><span role=\"button\" tabindex=\"0\" class=\"footnote_reference_container_collapse_button\" style=\"display: none;\" onclick=\"footnote_expand_collapse_reference_container_3461_1();\">[<a id=\"footnote_reference_container_collapse_button_3461_1\">+<\/a>]<\/span><\/p><\/div> <div id=\"footnote_references_container_3461_1\" style=\"\"><table class=\"footnotes_table footnote-reference-container\"><caption class=\"accessibility\">References<\/caption> <tbody> \r\n\r\n<tr class=\"footnotes_plugin_reference_row\"> <th scope=\"row\" class=\"footnote_plugin_index_combi pointer\"  onclick=\"footnote_moveToAnchor_3461_1('footnote_plugin_tooltip_3461_1_1');\"><a id=\"footnote_plugin_reference_3461_1_1\" class=\"footnote_backlink\"><span class=\"footnote_index_arrow\">&#8593;<\/span>1<\/a><\/th> <td class=\"footnote_plugin_text\">Secci\u00f3n 4710(a)<\/td><\/tr>\r\n\r\n<tr class=\"footnotes_plugin_reference_row\"> <th scope=\"row\" class=\"footnote_plugin_index_combi pointer\"  onclick=\"footnote_moveToAnchor_3461_1('footnote_plugin_tooltip_3461_1_2');\"><a id=\"footnote_plugin_reference_3461_1_2\" class=\"footnote_backlink\"><span class=\"footnote_index_arrow\">&#8593;<\/span>2<\/a><\/th> <td class=\"footnote_plugin_text\">Secci\u00f3n 4710(f)<\/td><\/tr>\r\n\r\n <\/tbody> <\/table> <\/div><\/div><script type=\"text\/javascript\"> function footnote_expand_reference_container_3461_1() { jQuery('#footnote_references_container_3461_1').show(); jQuery('#footnote_reference_container_collapse_button_3461_1').text('\u2212'); } function footnote_collapse_reference_container_3461_1() { jQuery('#footnote_references_container_3461_1').hide(); jQuery('#footnote_reference_container_collapse_button_3461_1').text('+'); } function footnote_expand_collapse_reference_container_3461_1() { if (jQuery('#footnote_references_container_3461_1').is(':hidden')) { footnote_expand_reference_container_3461_1(); } else { footnote_collapse_reference_container_3461_1(); } } function footnote_moveToReference_3461_1(p_str_TargetID) { footnote_expand_reference_container_3461_1(); var l_obj_Target = jQuery('#' + p_str_TargetID); if (l_obj_Target.length) { jQuery( 'html, body' ).delay( 0 ); jQuery('html, body').animate({ scrollTop: l_obj_Target.offset().top - window.innerHeight * 0.2 }, 380); } } function footnote_moveToAnchor_3461_1(p_str_TargetID) { footnote_expand_reference_container_3461_1(); var l_obj_Target = jQuery('#' + p_str_TargetID); if (l_obj_Target.length) { jQuery( 'html, body' ).delay( 0 ); jQuery('html, body').animate({ scrollTop: l_obj_Target.offset().top - window.innerHeight * 0.2 }, 380); } }<\/script>","protected":false},"excerpt":{"rendered":"<p>Sin su permiso, el centro regional no puede reducir, cancelar ni cambiar un servicio en el IPP. Pero, si usted acepta un cambio, el centro&hellip;<\/p>\n","protected":false},"author":1,"featured_media":0,"parent":1193,"menu_order":63,"comment_status":"closed","ping_status":"closed","template":"","meta":{"footnotes":""},"class_list":["post-3461","page","type-page","status-publish","hentry"],"_links":{"self":[{"href":"https:\/\/rula.disabilityrightsca.org\/es\/wp-json\/wp\/v2\/pages\/3461","targetHints":{"allow":["GET"]}}],"collection":[{"href":"https:\/\/rula.disabilityrightsca.org\/es\/wp-json\/wp\/v2\/pages"}],"about":[{"href":"https:\/\/rula.disabilityrightsca.org\/es\/wp-json\/wp\/v2\/types\/page"}],"author":[{"embeddable":true,"href":"https:\/\/rula.disabilityrightsca.org\/es\/wp-json\/wp\/v2\/users\/1"}],"replies":[{"embeddable":true,"href":"https:\/\/rula.disabilityrightsca.org\/es\/wp-json\/wp\/v2\/comments?post=3461"}],"version-history":[{"count":3,"href":"https:\/\/rula.disabilityrightsca.org\/es\/wp-json\/wp\/v2\/pages\/3461\/revisions"}],"predecessor-version":[{"id":4008,"href":"https:\/\/rula.disabilityrightsca.org\/es\/wp-json\/wp\/v2\/pages\/3461\/revisions\/4008"}],"up":[{"embeddable":true,"href":"https:\/\/rula.disabilityrightsca.org\/es\/wp-json\/wp\/v2\/pages\/1193"}],"wp:attachment":[{"href":"https:\/\/rula.disabilityrightsca.org\/es\/wp-json\/wp\/v2\/media?parent=3461"}],"curies":[{"name":"wp","href":"https:\/\/api.w.org\/{rel}","templated":true}]}}