{"id":3459,"date":"2023-07-05T23:59:12","date_gmt":"2023-07-05T23:59:12","guid":{"rendered":"https:\/\/rula.disabilityrightsca.org\/es\/?page_id=3459"},"modified":"2024-10-08T18:36:56","modified_gmt":"2024-10-08T18:36:56","slug":"4-62-que-pasa-si-no-estoy-de-acuerdo-con-una-parte-o-algunas-partes-del-ipp","status":"publish","type":"page","link":"https:\/\/rula.disabilityrightsca.org\/es\/rula-book\/capitulo-4-planes-de-programas-individuales\/4-62-que-pasa-si-no-estoy-de-acuerdo-con-una-parte-o-algunas-partes-del-ipp\/","title":{"rendered":"(4.63) \u00bfQu\u00e9 pasa si no estoy de acuerdo con una parte o algunas partes del IPP?"},"content":{"rendered":"\n<p>Si usted y el regional no est\u00e1n de acuerdo en todas las partes del IPP, como metas, objetivos, servicios o qui\u00e9n es responsable de brindar los servicios, el centro regional debe enviarle una notificaci\u00f3n por escrito dentro de los <strong>5 d\u00edas h\u00e1biles<\/strong> posteriores a la reuni\u00f3n. <span class=\"footnote_referrer\"><a role=\"button\" tabindex=\"0\" onclick=\"footnote_moveToReference_3459_1('footnote_plugin_reference_3459_1_1');\" onkeypress=\"footnote_moveToReference_3459_1('footnote_plugin_reference_3459_1_1');\" ><sup id=\"footnote_plugin_tooltip_3459_1_1\" class=\"footnote_plugin_tooltip_text\">[1]<\/sup><\/a><span id=\"footnote_plugin_tooltip_text_3459_1_1\" class=\"footnote_tooltip\">Secci\u00f3n 4710(b)<\/span><\/span><script type=\"text\/javascript\"> jQuery('#footnote_plugin_tooltip_3459_1_1').tooltip({ tip: '#footnote_plugin_tooltip_text_3459_1_1', tipClass: 'footnote_tooltip', effect: 'fade', predelay: 0, fadeInSpeed: 200, delay: 400, fadeOutSpeed: 200, position: 'top center', relative: true, offset: [-7, 0], });<\/script> Si el centro regional desea cambiar o finalizar un servicio que ya est\u00e1 recibiendo, debe informarle por escrito <strong>30 d\u00edas antes<\/strong> del cambio o terminaci\u00f3n. <span class=\"footnote_referrer\"><a role=\"button\" tabindex=\"0\" onclick=\"footnote_moveToReference_3459_1('footnote_plugin_reference_3459_1_2');\" onkeypress=\"footnote_moveToReference_3459_1('footnote_plugin_reference_3459_1_2');\" ><sup id=\"footnote_plugin_tooltip_3459_1_2\" class=\"footnote_plugin_tooltip_text\">[2]<\/sup><\/a><span id=\"footnote_plugin_tooltip_text_3459_1_2\" class=\"footnote_tooltip\">Secci\u00f3n 4710(a)<\/span><\/span><script type=\"text\/javascript\"> jQuery('#footnote_plugin_tooltip_3459_1_2').tooltip({ tip: '#footnote_plugin_tooltip_text_3459_1_2', tipClass: 'footnote_tooltip', effect: 'fade', predelay: 0, fadeInSpeed: 200, delay: 400, fadeOutSpeed: 200, position: 'top center', relative: true, offset: [-7, 0], });<\/script> La notificaci\u00f3n debe incluir la acci\u00f3n que el centro regional desea tomar, el motivo, la fecha de entrada en vigencia, la ley que respalda la acci\u00f3n y c\u00f3mo apelar, incluidas las referencias para obtener ayuda de defensor\u00eda. <span class=\"footnote_referrer\"><a role=\"button\" tabindex=\"0\" onclick=\"footnote_moveToReference_3459_1('footnote_plugin_reference_3459_1_3');\" onkeypress=\"footnote_moveToReference_3459_1('footnote_plugin_reference_3459_1_3');\" ><sup id=\"footnote_plugin_tooltip_3459_1_3\" class=\"footnote_plugin_tooltip_text\">[3]<\/sup><\/a><span id=\"footnote_plugin_tooltip_text_3459_1_3\" class=\"footnote_tooltip\">Secci\u00f3n 4701<\/span><\/span><script type=\"text\/javascript\"> jQuery('#footnote_plugin_tooltip_3459_1_3').tooltip({ tip: '#footnote_plugin_tooltip_text_3459_1_3', tipClass: 'footnote_tooltip', effect: 'fade', predelay: 0, fadeInSpeed: 200, delay: 400, fadeOutSpeed: 200, position: 'top center', relative: true, offset: [-7, 0], });<\/script> Consulte el <a href=\"https:\/\/rula.disabilityrightsca.org\/es\/rula-book\/capitulo-10-apelaciones-y-reclamos-desacuerdos-con-centros-regionales-centros-de-desarrollo-o-proveedores-de-servicios\/\">Cap\u00edtulo 10<\/a> sobre disputas y apelaciones.<\/p>\n<div class=\"speaker-mute footnotes_reference_container\"> <div class=\"footnote_container_prepare\"><p><span role=\"button\" tabindex=\"0\" class=\"footnote_reference_container_label pointer\" onclick=\"footnote_expand_collapse_reference_container_3459_1();\">&#x202F;<\/span><span role=\"button\" tabindex=\"0\" class=\"footnote_reference_container_collapse_button\" style=\"display: none;\" onclick=\"footnote_expand_collapse_reference_container_3459_1();\">[<a id=\"footnote_reference_container_collapse_button_3459_1\">+<\/a>]<\/span><\/p><\/div> <div id=\"footnote_references_container_3459_1\" style=\"\"><table class=\"footnotes_table footnote-reference-container\"><caption class=\"accessibility\">References<\/caption> <tbody> \r\n\r\n<tr class=\"footnotes_plugin_reference_row\"> <th scope=\"row\" class=\"footnote_plugin_index_combi pointer\"  onclick=\"footnote_moveToAnchor_3459_1('footnote_plugin_tooltip_3459_1_1');\"><a id=\"footnote_plugin_reference_3459_1_1\" class=\"footnote_backlink\"><span class=\"footnote_index_arrow\">&#8593;<\/span>1<\/a><\/th> <td class=\"footnote_plugin_text\">Secci\u00f3n 4710(b)<\/td><\/tr>\r\n\r\n<tr class=\"footnotes_plugin_reference_row\"> <th scope=\"row\" class=\"footnote_plugin_index_combi pointer\"  onclick=\"footnote_moveToAnchor_3459_1('footnote_plugin_tooltip_3459_1_2');\"><a id=\"footnote_plugin_reference_3459_1_2\" class=\"footnote_backlink\"><span class=\"footnote_index_arrow\">&#8593;<\/span>2<\/a><\/th> <td class=\"footnote_plugin_text\">Secci\u00f3n 4710(a)<\/td><\/tr>\r\n\r\n<tr class=\"footnotes_plugin_reference_row\"> <th scope=\"row\" class=\"footnote_plugin_index_combi pointer\"  onclick=\"footnote_moveToAnchor_3459_1('footnote_plugin_tooltip_3459_1_3');\"><a id=\"footnote_plugin_reference_3459_1_3\" class=\"footnote_backlink\"><span class=\"footnote_index_arrow\">&#8593;<\/span>3<\/a><\/th> <td class=\"footnote_plugin_text\">Secci\u00f3n 4701<\/td><\/tr>\r\n\r\n <\/tbody> <\/table> <\/div><\/div><script type=\"text\/javascript\"> function footnote_expand_reference_container_3459_1() { jQuery('#footnote_references_container_3459_1').show(); jQuery('#footnote_reference_container_collapse_button_3459_1').text('\u2212'); } function footnote_collapse_reference_container_3459_1() { jQuery('#footnote_references_container_3459_1').hide(); jQuery('#footnote_reference_container_collapse_button_3459_1').text('+'); } function footnote_expand_collapse_reference_container_3459_1() { if (jQuery('#footnote_references_container_3459_1').is(':hidden')) { footnote_expand_reference_container_3459_1(); } else { footnote_collapse_reference_container_3459_1(); } } function footnote_moveToReference_3459_1(p_str_TargetID) { footnote_expand_reference_container_3459_1(); var l_obj_Target = jQuery('#' + p_str_TargetID); if (l_obj_Target.length) { jQuery( 'html, body' ).delay( 0 ); jQuery('html, body').animate({ scrollTop: l_obj_Target.offset().top - window.innerHeight * 0.2 }, 380); } } function footnote_moveToAnchor_3459_1(p_str_TargetID) { footnote_expand_reference_container_3459_1(); var l_obj_Target = jQuery('#' + p_str_TargetID); if (l_obj_Target.length) { jQuery( 'html, body' ).delay( 0 ); jQuery('html, body').animate({ scrollTop: l_obj_Target.offset().top - window.innerHeight * 0.2 }, 380); } }<\/script>","protected":false},"excerpt":{"rendered":"<p>Si usted y el regional no est\u00e1n de acuerdo en todas las partes del IPP, como metas, objetivos, servicios o qui\u00e9n es responsable de brindar&hellip;<\/p>\n","protected":false},"author":1,"featured_media":0,"parent":1193,"menu_order":62,"comment_status":"closed","ping_status":"closed","template":"","meta":{"footnotes":""},"class_list":["post-3459","page","type-page","status-publish","hentry"],"_links":{"self":[{"href":"https:\/\/rula.disabilityrightsca.org\/es\/wp-json\/wp\/v2\/pages\/3459","targetHints":{"allow":["GET"]}}],"collection":[{"href":"https:\/\/rula.disabilityrightsca.org\/es\/wp-json\/wp\/v2\/pages"}],"about":[{"href":"https:\/\/rula.disabilityrightsca.org\/es\/wp-json\/wp\/v2\/types\/page"}],"author":[{"embeddable":true,"href":"https:\/\/rula.disabilityrightsca.org\/es\/wp-json\/wp\/v2\/users\/1"}],"replies":[{"embeddable":true,"href":"https:\/\/rula.disabilityrightsca.org\/es\/wp-json\/wp\/v2\/comments?post=3459"}],"version-history":[{"count":3,"href":"https:\/\/rula.disabilityrightsca.org\/es\/wp-json\/wp\/v2\/pages\/3459\/revisions"}],"predecessor-version":[{"id":4009,"href":"https:\/\/rula.disabilityrightsca.org\/es\/wp-json\/wp\/v2\/pages\/3459\/revisions\/4009"}],"up":[{"embeddable":true,"href":"https:\/\/rula.disabilityrightsca.org\/es\/wp-json\/wp\/v2\/pages\/1193"}],"wp:attachment":[{"href":"https:\/\/rula.disabilityrightsca.org\/es\/wp-json\/wp\/v2\/media?parent=3459"}],"curies":[{"name":"wp","href":"https:\/\/api.w.org\/{rel}","templated":true}]}}