{"id":3447,"date":"2023-07-05T23:52:56","date_gmt":"2023-07-05T23:52:56","guid":{"rendered":"https:\/\/rula.disabilityrightsca.org\/es\/?page_id=3447"},"modified":"2024-10-08T18:37:48","modified_gmt":"2024-10-08T18:37:48","slug":"4-59-el-proceso-de-ipp-es-diferente-si-vivo-en-un-centro-para-el-desarrollo","status":"publish","type":"page","link":"https:\/\/rula.disabilityrightsca.org\/es\/rula-book\/capitulo-4-planes-de-programas-individuales\/4-59-el-proceso-de-ipp-es-diferente-si-vivo-en-un-centro-para-el-desarrollo\/","title":{"rendered":"(4.60) \u00bfEl proceso de IPP es diferente si vivo en un Centro para el Desarrollo?"},"content":{"rendered":"\n<p>No. Los requisitos del IPP son los mismos sin importar d\u00f3nde viva. Pero, si vive en un Centro para el Desarrollo (DC), ser\u00e1 el personal del DC, en lugar del personal del centro regional, quienes coordinar\u00e1n el proceso del equipo de planificaci\u00f3n. <\/p>\n\n\n\n<p>Incluso si vive en un DC, el centro regional debe continuar participando en el proceso de IPP. Los equipos de planificaci\u00f3n deben incluir uno o m\u00e1s representantes del centro regional. <span class=\"footnote_referrer\"><a role=\"button\" tabindex=\"0\" onclick=\"footnote_moveToReference_3447_1('footnote_plugin_reference_3447_1_1');\" onkeypress=\"footnote_moveToReference_3447_1('footnote_plugin_reference_3447_1_1');\" ><sup id=\"footnote_plugin_tooltip_3447_1_1\" class=\"footnote_plugin_tooltip_text\">[1]<\/sup><\/a><span id=\"footnote_plugin_tooltip_text_3447_1_1\" class=\"footnote_tooltip\">Secci\u00f3n 4512(j)<\/span><\/span><script type=\"text\/javascript\"> jQuery('#footnote_plugin_tooltip_3447_1_1').tooltip({ tip: '#footnote_plugin_tooltip_text_3447_1_1', tipClass: 'footnote_tooltip', effect: 'fade', predelay: 0, fadeInSpeed: 200, delay: 400, fadeOutSpeed: 200, position: 'top center', relative: true, offset: [-7, 0], });<\/script> El personal del centro regional es importante porque conoce los servicios y apoyos para que usted regrese a la comunidad. La Ley Lanterman se\u00f1ala la importancia de la coordinaci\u00f3n con los centros regionales y los proyectos de desarrollo de los recursos regionales para la transici\u00f3n de las personas a la comunidad. <span class=\"footnote_referrer\"><a role=\"button\" tabindex=\"0\" onclick=\"footnote_moveToReference_3447_1('footnote_plugin_reference_3447_1_2');\" onkeypress=\"footnote_moveToReference_3447_1('footnote_plugin_reference_3447_1_2');\" ><sup id=\"footnote_plugin_tooltip_3447_1_2\" class=\"footnote_plugin_tooltip_text\">[2]<\/sup><\/a><span id=\"footnote_plugin_tooltip_text_3447_1_2\" class=\"footnote_tooltip\">Secci\u00f3n 4418.3<\/span><\/span><script type=\"text\/javascript\"> jQuery('#footnote_plugin_tooltip_3447_1_2').tooltip({ tip: '#footnote_plugin_tooltip_text_3447_1_2', tipClass: 'footnote_tooltip', effect: 'fade', predelay: 0, fadeInSpeed: 200, delay: 400, fadeOutSpeed: 200, position: 'top center', relative: true, offset: [-7, 0], });<\/script> Si una persona del centro regional no est\u00e1 en su reuni\u00f3n, pida que participen, preferiblemente en persona, en todas las reuniones de su equipo de planificaci\u00f3n.<\/p>\n<div class=\"speaker-mute footnotes_reference_container\"> <div class=\"footnote_container_prepare\"><p><span role=\"button\" tabindex=\"0\" class=\"footnote_reference_container_label pointer\" onclick=\"footnote_expand_collapse_reference_container_3447_1();\">&#x202F;<\/span><span role=\"button\" tabindex=\"0\" class=\"footnote_reference_container_collapse_button\" style=\"display: none;\" onclick=\"footnote_expand_collapse_reference_container_3447_1();\">[<a id=\"footnote_reference_container_collapse_button_3447_1\">+<\/a>]<\/span><\/p><\/div> <div id=\"footnote_references_container_3447_1\" style=\"\"><table class=\"footnotes_table footnote-reference-container\"><caption class=\"accessibility\">References<\/caption> <tbody> \r\n\r\n<tr class=\"footnotes_plugin_reference_row\"> <th scope=\"row\" class=\"footnote_plugin_index_combi pointer\"  onclick=\"footnote_moveToAnchor_3447_1('footnote_plugin_tooltip_3447_1_1');\"><a id=\"footnote_plugin_reference_3447_1_1\" class=\"footnote_backlink\"><span class=\"footnote_index_arrow\">&#8593;<\/span>1<\/a><\/th> <td class=\"footnote_plugin_text\">Secci\u00f3n 4512(j)<\/td><\/tr>\r\n\r\n<tr class=\"footnotes_plugin_reference_row\"> <th scope=\"row\" class=\"footnote_plugin_index_combi pointer\"  onclick=\"footnote_moveToAnchor_3447_1('footnote_plugin_tooltip_3447_1_2');\"><a id=\"footnote_plugin_reference_3447_1_2\" class=\"footnote_backlink\"><span class=\"footnote_index_arrow\">&#8593;<\/span>2<\/a><\/th> <td class=\"footnote_plugin_text\">Secci\u00f3n 4418.3<\/td><\/tr>\r\n\r\n <\/tbody> <\/table> <\/div><\/div><script type=\"text\/javascript\"> function footnote_expand_reference_container_3447_1() { jQuery('#footnote_references_container_3447_1').show(); jQuery('#footnote_reference_container_collapse_button_3447_1').text('\u2212'); } function footnote_collapse_reference_container_3447_1() { jQuery('#footnote_references_container_3447_1').hide(); jQuery('#footnote_reference_container_collapse_button_3447_1').text('+'); } function footnote_expand_collapse_reference_container_3447_1() { if (jQuery('#footnote_references_container_3447_1').is(':hidden')) { footnote_expand_reference_container_3447_1(); } else { footnote_collapse_reference_container_3447_1(); } } function footnote_moveToReference_3447_1(p_str_TargetID) { footnote_expand_reference_container_3447_1(); var l_obj_Target = jQuery('#' + p_str_TargetID); if (l_obj_Target.length) { jQuery( 'html, body' ).delay( 0 ); jQuery('html, body').animate({ scrollTop: l_obj_Target.offset().top - window.innerHeight * 0.2 }, 380); } } function footnote_moveToAnchor_3447_1(p_str_TargetID) { footnote_expand_reference_container_3447_1(); var l_obj_Target = jQuery('#' + p_str_TargetID); if (l_obj_Target.length) { jQuery( 'html, body' ).delay( 0 ); jQuery('html, body').animate({ scrollTop: l_obj_Target.offset().top - window.innerHeight * 0.2 }, 380); } }<\/script>","protected":false},"excerpt":{"rendered":"<p>No. Los requisitos del IPP son los mismos sin importar d\u00f3nde viva. Pero, si vive en un Centro para el Desarrollo (DC), ser\u00e1 el personal&hellip;<\/p>\n","protected":false},"author":1,"featured_media":0,"parent":1193,"menu_order":59,"comment_status":"closed","ping_status":"closed","template":"","meta":{"footnotes":""},"class_list":["post-3447","page","type-page","status-publish","hentry"],"_links":{"self":[{"href":"https:\/\/rula.disabilityrightsca.org\/es\/wp-json\/wp\/v2\/pages\/3447","targetHints":{"allow":["GET"]}}],"collection":[{"href":"https:\/\/rula.disabilityrightsca.org\/es\/wp-json\/wp\/v2\/pages"}],"about":[{"href":"https:\/\/rula.disabilityrightsca.org\/es\/wp-json\/wp\/v2\/types\/page"}],"author":[{"embeddable":true,"href":"https:\/\/rula.disabilityrightsca.org\/es\/wp-json\/wp\/v2\/users\/1"}],"replies":[{"embeddable":true,"href":"https:\/\/rula.disabilityrightsca.org\/es\/wp-json\/wp\/v2\/comments?post=3447"}],"version-history":[{"count":3,"href":"https:\/\/rula.disabilityrightsca.org\/es\/wp-json\/wp\/v2\/pages\/3447\/revisions"}],"predecessor-version":[{"id":4012,"href":"https:\/\/rula.disabilityrightsca.org\/es\/wp-json\/wp\/v2\/pages\/3447\/revisions\/4012"}],"up":[{"embeddable":true,"href":"https:\/\/rula.disabilityrightsca.org\/es\/wp-json\/wp\/v2\/pages\/1193"}],"wp:attachment":[{"href":"https:\/\/rula.disabilityrightsca.org\/es\/wp-json\/wp\/v2\/media?parent=3447"}],"curies":[{"name":"wp","href":"https:\/\/api.w.org\/{rel}","templated":true}]}}