{"id":3445,"date":"2023-07-05T23:49:59","date_gmt":"2023-07-05T23:49:59","guid":{"rendered":"https:\/\/rula.disabilityrightsca.org\/es\/?page_id=3445"},"modified":"2024-10-08T18:39:42","modified_gmt":"2024-10-08T18:39:42","slug":"4-58-tengo-los-mismos-derechos-que-tengo-en-una-reunion-de-ipp-en-todas-las-reuniones-con-el-centro-regional","status":"publish","type":"page","link":"https:\/\/rula.disabilityrightsca.org\/es\/rula-book\/capitulo-4-planes-de-programas-individuales\/4-58-tengo-los-mismos-derechos-que-tengo-en-una-reunion-de-ipp-en-todas-las-reuniones-con-el-centro-regional\/","title":{"rendered":"(4.59) \u00bfTengo los mismos derechos que tengo en una reuni\u00f3n de IPP, en todas las reuniones con el centro regional?"},"content":{"rendered":"\n<p>En opini\u00f3n de Disability Rights California, s\u00ed. Los centros regionales a veces celebran &#8220;reuniones del equipo de identificaci\u00f3n&#8221;, &#8220;IPP informales&#8221; o &#8220;revisiones anuales&#8221;, que el centro regional puede no considerar reuniones de IPP. A veces, el centro regional dir\u00e1 que los acuerdos alcanzados en estas reuniones no son acuerdos formales y no deben seguirse. Cualquier reuni\u00f3n en la que el personal del centro regional se re\u00fana con usted y su familia para discutir los servicios y apoyos <em>es en realidad una reuni\u00f3n de IPP.<\/em>Esto significa que debe estar presente alguien que pueda tomar decisiones, se deben seguir los acuerdos que se hagan, y usted debe poder firmar el IPP o la enmienda del IPP resultante.<\/p>\n\n\n\n<p>Lea el <a href=\"https:\/\/rula.disabilityrightsca.org\/es\/suplementos\/suplemento-h-como-obtener-servicios-del-centro-regional-mediante-su-ipp\/\">Suplemento H<\/a> al final de este libro para asegurarse de que sus derechos est\u00e9n protegidos en todas las reuniones.<\/p>\n","protected":false},"excerpt":{"rendered":"<p>En opini\u00f3n de Disability Rights California, s\u00ed. Los centros regionales a veces celebran &#8220;reuniones del equipo de identificaci\u00f3n&#8221;, &#8220;IPP informales&#8221; o &#8220;revisiones anuales&#8221;, que el&hellip;<\/p>\n","protected":false},"author":1,"featured_media":0,"parent":1193,"menu_order":58,"comment_status":"closed","ping_status":"closed","template":"","meta":{"footnotes":""},"class_list":["post-3445","page","type-page","status-publish","hentry"],"_links":{"self":[{"href":"https:\/\/rula.disabilityrightsca.org\/es\/wp-json\/wp\/v2\/pages\/3445","targetHints":{"allow":["GET"]}}],"collection":[{"href":"https:\/\/rula.disabilityrightsca.org\/es\/wp-json\/wp\/v2\/pages"}],"about":[{"href":"https:\/\/rula.disabilityrightsca.org\/es\/wp-json\/wp\/v2\/types\/page"}],"author":[{"embeddable":true,"href":"https:\/\/rula.disabilityrightsca.org\/es\/wp-json\/wp\/v2\/users\/1"}],"replies":[{"embeddable":true,"href":"https:\/\/rula.disabilityrightsca.org\/es\/wp-json\/wp\/v2\/comments?post=3445"}],"version-history":[{"count":5,"href":"https:\/\/rula.disabilityrightsca.org\/es\/wp-json\/wp\/v2\/pages\/3445\/revisions"}],"predecessor-version":[{"id":4015,"href":"https:\/\/rula.disabilityrightsca.org\/es\/wp-json\/wp\/v2\/pages\/3445\/revisions\/4015"}],"up":[{"embeddable":true,"href":"https:\/\/rula.disabilityrightsca.org\/es\/wp-json\/wp\/v2\/pages\/1193"}],"wp:attachment":[{"href":"https:\/\/rula.disabilityrightsca.org\/es\/wp-json\/wp\/v2\/media?parent=3445"}],"curies":[{"name":"wp","href":"https:\/\/api.w.org\/{rel}","templated":true}]}}