{"id":3435,"date":"2023-07-05T23:29:40","date_gmt":"2023-07-05T23:29:40","guid":{"rendered":"https:\/\/rula.disabilityrightsca.org\/es\/?page_id=3435"},"modified":"2024-10-08T18:40:38","modified_gmt":"2024-10-08T18:40:38","slug":"4-55-que-es-la-rentabilidad-y-como-afecta-al-proceso-del-ipp","status":"publish","type":"page","link":"https:\/\/rula.disabilityrightsca.org\/es\/rula-book\/capitulo-4-planes-de-programas-individuales\/4-55-que-es-la-rentabilidad-y-como-afecta-al-proceso-del-ipp\/","title":{"rendered":"(4.56) \u00bfQu\u00e9 es la &#8220;rentabilidad&#8221; y c\u00f3mo afecta al proceso del IPP?"},"content":{"rendered":"\n<p>Partes de la Ley Lanterman dicen que los servicios del centro regional deben ser rentables para lograr sus metas e implementar su IPP. <span class=\"footnote_referrer\"><a role=\"button\" tabindex=\"0\" onclick=\"footnote_moveToReference_3435_1('footnote_plugin_reference_3435_1_1');\" onkeypress=\"footnote_moveToReference_3435_1('footnote_plugin_reference_3435_1_1');\" ><sup id=\"footnote_plugin_tooltip_3435_1_1\" class=\"footnote_plugin_tooltip_text\">[1]<\/sup><\/a><span id=\"footnote_plugin_tooltip_text_3435_1_1\" class=\"footnote_tooltip\">Secciones 4512(b), 4646(a), 4648(a)(6), 4651(a), y 4685(c)(3)<\/span><\/span><script type=\"text\/javascript\"> jQuery('#footnote_plugin_tooltip_3435_1_1').tooltip({ tip: '#footnote_plugin_tooltip_text_3435_1_1', tipClass: 'footnote_tooltip', effect: 'fade', predelay: 0, fadeInSpeed: 200, delay: 400, fadeOutSpeed: 200, position: 'top center', relative: true, offset: [-7, 0], });<\/script> Esto significa que el centro regional debe financiar los servicios y apoyos que obtengan los mejores resultados por el dinero gastado. <span class=\"footnote_referrer\"><a role=\"button\" tabindex=\"0\" onclick=\"footnote_moveToReference_3435_1('footnote_plugin_reference_3435_1_2');\" onkeypress=\"footnote_moveToReference_3435_1('footnote_plugin_reference_3435_1_2');\" ><sup id=\"footnote_plugin_tooltip_3435_1_2\" class=\"footnote_plugin_tooltip_text\">[2]<\/sup><\/a><span id=\"footnote_plugin_tooltip_text_3435_1_2\" class=\"footnote_tooltip\">T\u00edtulo 17, C\u00f3digo de Reglamentos de California, secci\u00f3n 58501(a)(6)<\/span><\/span><script type=\"text\/javascript\"> jQuery('#footnote_plugin_tooltip_3435_1_2').tooltip({ tip: '#footnote_plugin_tooltip_text_3435_1_2', tipClass: 'footnote_tooltip', effect: 'fade', predelay: 0, fadeInSpeed: 200, delay: 400, fadeOutSpeed: 200, position: 'top center', relative: true, offset: [-7, 0], });<\/script> El centro regional puede considerar el costo al elegir entre proveedores que brindan los mismos servicios de calidad similar. Sin embargo, no puede hacer que el costo sea el \u00fanico factor para poder brindarle un servicio necesario. El centro regional no puede negarle un tipo de servicio porque considera que no es rentable. Por ejemplo, si su objetivo de IPP es vivir en su propia casa con apoyo, el centro regional no puede negarle los servicios de vida con apoyo porque podr\u00eda vivir en un hogar grupal m\u00e1s barato. La vida en un hogar grupal contradice su objetivo de vivir en su propia casa. Un servicio rentable no significa un resultado menos costoso para el centro regional. Pero, en este ejemplo, si dos proveedores de servicios de vida con apoyo pueden brindarle apoyo en su propio hogar y uno de ellos cobra menos, el centro regional puede utilizar el proveedor menos costoso. <span class=\"footnote_referrer\"><a role=\"button\" tabindex=\"0\" onclick=\"footnote_moveToReference_3435_1('footnote_plugin_reference_3435_1_3');\" onkeypress=\"footnote_moveToReference_3435_1('footnote_plugin_reference_3435_1_3');\" ><sup id=\"footnote_plugin_tooltip_3435_1_3\" class=\"footnote_plugin_tooltip_text\">[3]<\/sup><\/a><span id=\"footnote_plugin_tooltip_text_3435_1_3\" class=\"footnote_tooltip\">Secci\u00f3n 4648(a)(6)<\/span><\/span><script type=\"text\/javascript\"> jQuery('#footnote_plugin_tooltip_3435_1_3').tooltip({ tip: '#footnote_plugin_tooltip_text_3435_1_3', tipClass: 'footnote_tooltip', effect: 'fade', predelay: 0, fadeInSpeed: 200, delay: 400, fadeOutSpeed: 200, position: 'top center', relative: true, offset: [-7, 0], });<\/script><\/p>\n<div class=\"speaker-mute footnotes_reference_container\"> <div class=\"footnote_container_prepare\"><p><span role=\"button\" tabindex=\"0\" class=\"footnote_reference_container_label pointer\" onclick=\"footnote_expand_collapse_reference_container_3435_1();\">&#x202F;<\/span><span role=\"button\" tabindex=\"0\" class=\"footnote_reference_container_collapse_button\" style=\"display: none;\" onclick=\"footnote_expand_collapse_reference_container_3435_1();\">[<a id=\"footnote_reference_container_collapse_button_3435_1\">+<\/a>]<\/span><\/p><\/div> <div id=\"footnote_references_container_3435_1\" style=\"\"><table class=\"footnotes_table footnote-reference-container\"><caption class=\"accessibility\">References<\/caption> <tbody> \r\n\r\n<tr class=\"footnotes_plugin_reference_row\"> <th scope=\"row\" class=\"footnote_plugin_index_combi pointer\"  onclick=\"footnote_moveToAnchor_3435_1('footnote_plugin_tooltip_3435_1_1');\"><a id=\"footnote_plugin_reference_3435_1_1\" class=\"footnote_backlink\"><span class=\"footnote_index_arrow\">&#8593;<\/span>1<\/a><\/th> <td class=\"footnote_plugin_text\">Secciones 4512(b), 4646(a), 4648(a)(6), 4651(a), y 4685(c)(3)<\/td><\/tr>\r\n\r\n<tr class=\"footnotes_plugin_reference_row\"> <th scope=\"row\" class=\"footnote_plugin_index_combi pointer\"  onclick=\"footnote_moveToAnchor_3435_1('footnote_plugin_tooltip_3435_1_2');\"><a id=\"footnote_plugin_reference_3435_1_2\" class=\"footnote_backlink\"><span class=\"footnote_index_arrow\">&#8593;<\/span>2<\/a><\/th> <td class=\"footnote_plugin_text\">T\u00edtulo 17, C\u00f3digo de Reglamentos de California, secci\u00f3n 58501(a)(6)<\/td><\/tr>\r\n\r\n<tr class=\"footnotes_plugin_reference_row\"> <th scope=\"row\" class=\"footnote_plugin_index_combi pointer\"  onclick=\"footnote_moveToAnchor_3435_1('footnote_plugin_tooltip_3435_1_3');\"><a id=\"footnote_plugin_reference_3435_1_3\" class=\"footnote_backlink\"><span class=\"footnote_index_arrow\">&#8593;<\/span>3<\/a><\/th> <td class=\"footnote_plugin_text\">Secci\u00f3n 4648(a)(6)<\/td><\/tr>\r\n\r\n <\/tbody> <\/table> <\/div><\/div><script type=\"text\/javascript\"> function footnote_expand_reference_container_3435_1() { jQuery('#footnote_references_container_3435_1').show(); jQuery('#footnote_reference_container_collapse_button_3435_1').text('\u2212'); } function footnote_collapse_reference_container_3435_1() { jQuery('#footnote_references_container_3435_1').hide(); jQuery('#footnote_reference_container_collapse_button_3435_1').text('+'); } function footnote_expand_collapse_reference_container_3435_1() { if (jQuery('#footnote_references_container_3435_1').is(':hidden')) { footnote_expand_reference_container_3435_1(); } else { footnote_collapse_reference_container_3435_1(); } } function footnote_moveToReference_3435_1(p_str_TargetID) { footnote_expand_reference_container_3435_1(); var l_obj_Target = jQuery('#' + p_str_TargetID); if (l_obj_Target.length) { jQuery( 'html, body' ).delay( 0 ); jQuery('html, body').animate({ scrollTop: l_obj_Target.offset().top - window.innerHeight * 0.2 }, 380); } } function footnote_moveToAnchor_3435_1(p_str_TargetID) { footnote_expand_reference_container_3435_1(); var l_obj_Target = jQuery('#' + p_str_TargetID); if (l_obj_Target.length) { jQuery( 'html, body' ).delay( 0 ); jQuery('html, body').animate({ scrollTop: l_obj_Target.offset().top - window.innerHeight * 0.2 }, 380); } }<\/script>","protected":false},"excerpt":{"rendered":"<p>Partes de la Ley Lanterman dicen que los servicios del centro regional deben ser rentables para lograr sus metas e implementar su IPP. [1]Secciones 4512(b),&hellip;<\/p>\n","protected":false},"author":1,"featured_media":0,"parent":1193,"menu_order":55,"comment_status":"closed","ping_status":"closed","template":"","meta":{"footnotes":""},"class_list":["post-3435","page","type-page","status-publish","hentry"],"_links":{"self":[{"href":"https:\/\/rula.disabilityrightsca.org\/es\/wp-json\/wp\/v2\/pages\/3435","targetHints":{"allow":["GET"]}}],"collection":[{"href":"https:\/\/rula.disabilityrightsca.org\/es\/wp-json\/wp\/v2\/pages"}],"about":[{"href":"https:\/\/rula.disabilityrightsca.org\/es\/wp-json\/wp\/v2\/types\/page"}],"author":[{"embeddable":true,"href":"https:\/\/rula.disabilityrightsca.org\/es\/wp-json\/wp\/v2\/users\/1"}],"replies":[{"embeddable":true,"href":"https:\/\/rula.disabilityrightsca.org\/es\/wp-json\/wp\/v2\/comments?post=3435"}],"version-history":[{"count":3,"href":"https:\/\/rula.disabilityrightsca.org\/es\/wp-json\/wp\/v2\/pages\/3435\/revisions"}],"predecessor-version":[{"id":4018,"href":"https:\/\/rula.disabilityrightsca.org\/es\/wp-json\/wp\/v2\/pages\/3435\/revisions\/4018"}],"up":[{"embeddable":true,"href":"https:\/\/rula.disabilityrightsca.org\/es\/wp-json\/wp\/v2\/pages\/1193"}],"wp:attachment":[{"href":"https:\/\/rula.disabilityrightsca.org\/es\/wp-json\/wp\/v2\/media?parent=3435"}],"curies":[{"name":"wp","href":"https:\/\/api.w.org\/{rel}","templated":true}]}}