{"id":33,"date":"2019-01-28T23:55:20","date_gmt":"2019-01-28T23:55:20","guid":{"rendered":"http:\/\/www.rula.disabilityrightsca.org\/es\/?page_id=33"},"modified":"2022-04-22T19:01:06","modified_gmt":"2022-04-22T19:01:06","slug":"rula-book","status":"publish","type":"page","link":"https:\/\/rula.disabilityrightsca.org\/es\/","title":{"rendered":"Derechos Conforme a la ley Lanterman (RULA)"},"content":{"rendered":"\n<p>Este Manual tiene un prop\u00f3sito: ayudar a comprender algunos de sus derechos como persona con discapacidades del desarrollo en California. El Manual se enfoca en sus derechos a apoyos y servicios bajo la Ley Lanterman: sus derechos con el centro regional y los proveedores de servicios. No responder\u00e1 a todas las preguntas que pueda tener. Pero, es un lugar para comenzar.<\/p>\n\n\n\n<p>Tambi\u00e9n tiene derechos bajo otras leyes y programas de servicio como la Ley de Educaci\u00f3n para Individuos con Discapacidades (IDEA) y los Servicios de Apoyo en el Hogar. Disability Rights California tiene una serie de publicaciones disponibles que ayudar\u00e1n a comprender sus derechos y c\u00f3mo ser un mejor defensor. Ll\u00e1menos para obtener una lista al (800) 776-5746.<\/p>\n\n\n\n<div class=\"wp-block-group how-to-box has-background\" style=\"background-color:#f3f3f3\"><div class=\"wp-block-group__inner-container is-layout-flow wp-block-group-is-layout-flow\">\n<p><strong>C\u00f3mo utilizar este manual<\/strong><strong><\/strong><\/p>\n\n\n\n<p>El manual contiene 11 cap\u00edtulos, junto con suplementos, que se pueden usar por separado. Los cap\u00edtulos \/ suplementos se enumeran en el lado izquierdo de su escritorio o en la parte inferior en dispositivos m\u00f3viles.<\/p>\n<\/div><\/div>\n","protected":false},"excerpt":{"rendered":"<p>Este Manual tiene un prop\u00f3sito: ayudar a comprender algunos de sus derechos como persona con discapacidades del desarrollo en California. El Manual se enfoca en&hellip;<\/p>\n","protected":false},"author":1,"featured_media":770,"parent":0,"menu_order":0,"comment_status":"closed","ping_status":"closed","template":"","meta":{"footnotes":""},"class_list":["post-33","page","type-page","status-publish","has-post-thumbnail","hentry"],"_links":{"self":[{"href":"https:\/\/rula.disabilityrightsca.org\/es\/wp-json\/wp\/v2\/pages\/33","targetHints":{"allow":["GET"]}}],"collection":[{"href":"https:\/\/rula.disabilityrightsca.org\/es\/wp-json\/wp\/v2\/pages"}],"about":[{"href":"https:\/\/rula.disabilityrightsca.org\/es\/wp-json\/wp\/v2\/types\/page"}],"author":[{"embeddable":true,"href":"https:\/\/rula.disabilityrightsca.org\/es\/wp-json\/wp\/v2\/users\/1"}],"replies":[{"embeddable":true,"href":"https:\/\/rula.disabilityrightsca.org\/es\/wp-json\/wp\/v2\/comments?post=33"}],"version-history":[{"count":18,"href":"https:\/\/rula.disabilityrightsca.org\/es\/wp-json\/wp\/v2\/pages\/33\/revisions"}],"predecessor-version":[{"id":3225,"href":"https:\/\/rula.disabilityrightsca.org\/es\/wp-json\/wp\/v2\/pages\/33\/revisions\/3225"}],"wp:featuredmedia":[{"embeddable":true,"href":"https:\/\/rula.disabilityrightsca.org\/es\/wp-json\/wp\/v2\/media\/770"}],"wp:attachment":[{"href":"https:\/\/rula.disabilityrightsca.org\/es\/wp-json\/wp\/v2\/media?parent=33"}],"curies":[{"name":"wp","href":"https:\/\/api.w.org\/{rel}","templated":true}]}}