{"id":328,"date":"2019-02-06T19:16:22","date_gmt":"2019-02-06T19:16:22","guid":{"rendered":"http:\/\/www.rula.disabilityrightsca.org\/es\/?page_id=328"},"modified":"2022-04-22T19:14:46","modified_gmt":"2022-04-22T19:14:46","slug":"1-1-que-es-la-ley-lanterman","status":"publish","type":"page","link":"https:\/\/rula.disabilityrightsca.org\/es\/rula-book\/capitulo-1-derechos-conforme-a-la-ley-lanterman\/1-1-que-es-la-ley-lanterman\/","title":{"rendered":"(1.1) \u00bfQu\u00e9 es la Ley Lanterman?"},"content":{"rendered":"\n<p>La Ley Lanterman es la ley de California que otorga a las personas con discapacidades del desarrollo el derecho a recibir los servicios y apoyos que necesitan para llevar una vida independiente y normal. La Ley est\u00e1 en el art\u00edculo 4500-4906 del C\u00f3digo de Bienestar e Instituciones de California. Siempre que vea la palabra \u201cSecci\u00f3n(es)\u201d en este manual o en las notas al pie de p\u00e1gina, sin otra informaci\u00f3n adicional, se refiere a las secciones de la Ley Lanterman. Para la secci\u00f3n 4512(a), significa que la informaci\u00f3n proviene de la Ley Lanterman, secci\u00f3n 4512, subsecci\u00f3n (a) del C\u00f3digo de Bienestar e Instituciones. Para leer la Ley Lanterman, <a href=\"https:\/\/www.dds.ca.gov\/transparency\/laws-regulations\/lanterman-act-and-related-laws\/\" data-type=\"URL\" data-id=\"https:\/\/www.dds.ca.gov\/transparency\/laws-regulations\/lanterman-act-and-related-laws\/\">haga clic aqu\u00ed.<\/a><\/p>\n\n\n\n<p>La Ley dice que es importante que cada persona reciba los servicios y apoyos que satisfagan sus necesidades y elecciones. <span class=\"footnote_referrer\"><a role=\"button\" tabindex=\"0\" onclick=\"footnote_moveToReference_328_1('footnote_plugin_reference_328_1_1');\" onkeypress=\"footnote_moveToReference_328_1('footnote_plugin_reference_328_1_1');\" ><sup id=\"footnote_plugin_tooltip_328_1_1\" class=\"footnote_plugin_tooltip_text\">[1]<\/sup><\/a><span id=\"footnote_plugin_tooltip_text_328_1_1\" class=\"footnote_tooltip\"> Secciones 4501, 4512(b). <\/span><\/span><script type=\"text\/javascript\"> jQuery('#footnote_plugin_tooltip_328_1_1').tooltip({ tip: '#footnote_plugin_tooltip_text_328_1_1', tipClass: 'footnote_tooltip', effect: 'fade', predelay: 0, fadeInSpeed: 200, delay: 400, fadeOutSpeed: 200, position: 'top center', relative: true, offset: [-7, 0], });<\/script> La ley reconoce que es posible que las personas con discapacidades del desarrollo necesiten ayuda para llevar una vida plena y productiva.<\/p>\n\n\n\n<p>La Asamblea Legislativa dijo:<\/p>\n\n\n\n<p><em>\u201cSe debe establecer un conjunto de servicios y apoyos que sea lo suficientemente completo para poder satisfacer las necesidades y elecciones de cada persona con discapacidades del desarrollo, independientemente de la edad y el grado de discapacidad, y en cada etapa de la vida, y para ayudar en su integraci\u00f3n en la vida normal de la comunidad\u201d.<\/em><span class=\"footnote_referrer\"><a role=\"button\" tabindex=\"0\" onclick=\"footnote_moveToReference_328_1('footnote_plugin_reference_328_1_2');\" onkeypress=\"footnote_moveToReference_328_1('footnote_plugin_reference_328_1_2');\" ><sup id=\"footnote_plugin_tooltip_328_1_2\" class=\"footnote_plugin_tooltip_text\">[2]<\/sup><\/a><span id=\"footnote_plugin_tooltip_text_328_1_2\" class=\"footnote_tooltip\">Welfare and Institution Code section 4501<\/span><\/span><script type=\"text\/javascript\"> jQuery('#footnote_plugin_tooltip_328_1_2').tooltip({ tip: '#footnote_plugin_tooltip_text_328_1_2', tipClass: 'footnote_tooltip', effect: 'fade', predelay: 0, fadeInSpeed: 200, delay: 400, fadeOutSpeed: 200, position: 'top center', relative: true, offset: [-7, 0], });<\/script><\/p>\n\n\n\n<hr class=\"wp-block-separator\"\/>\n<div class=\"speaker-mute footnotes_reference_container\"> <div class=\"footnote_container_prepare\"><p><span role=\"button\" tabindex=\"0\" class=\"footnote_reference_container_label pointer\" onclick=\"footnote_expand_collapse_reference_container_328_1();\">&#x202F;<\/span><span role=\"button\" tabindex=\"0\" class=\"footnote_reference_container_collapse_button\" style=\"display: none;\" onclick=\"footnote_expand_collapse_reference_container_328_1();\">[<a id=\"footnote_reference_container_collapse_button_328_1\">+<\/a>]<\/span><\/p><\/div> <div id=\"footnote_references_container_328_1\" style=\"\"><table class=\"footnotes_table footnote-reference-container\"><caption class=\"accessibility\">References<\/caption> <tbody> \r\n\r\n<tr class=\"footnotes_plugin_reference_row\"> <th scope=\"row\" class=\"footnote_plugin_index_combi pointer\"  onclick=\"footnote_moveToAnchor_328_1('footnote_plugin_tooltip_328_1_1');\"><a id=\"footnote_plugin_reference_328_1_1\" class=\"footnote_backlink\"><span class=\"footnote_index_arrow\">&#8593;<\/span>1<\/a><\/th> <td class=\"footnote_plugin_text\"> Secciones 4501, 4512(b). <\/td><\/tr>\r\n\r\n<tr class=\"footnotes_plugin_reference_row\"> <th scope=\"row\" class=\"footnote_plugin_index_combi pointer\"  onclick=\"footnote_moveToAnchor_328_1('footnote_plugin_tooltip_328_1_2');\"><a id=\"footnote_plugin_reference_328_1_2\" class=\"footnote_backlink\"><span class=\"footnote_index_arrow\">&#8593;<\/span>2<\/a><\/th> <td class=\"footnote_plugin_text\">Welfare and Institution Code section 4501<\/td><\/tr>\r\n\r\n <\/tbody> <\/table> <\/div><\/div><script type=\"text\/javascript\"> function footnote_expand_reference_container_328_1() { jQuery('#footnote_references_container_328_1').show(); jQuery('#footnote_reference_container_collapse_button_328_1').text('\u2212'); } function footnote_collapse_reference_container_328_1() { jQuery('#footnote_references_container_328_1').hide(); jQuery('#footnote_reference_container_collapse_button_328_1').text('+'); } function footnote_expand_collapse_reference_container_328_1() { if (jQuery('#footnote_references_container_328_1').is(':hidden')) { footnote_expand_reference_container_328_1(); } else { footnote_collapse_reference_container_328_1(); } } function footnote_moveToReference_328_1(p_str_TargetID) { footnote_expand_reference_container_328_1(); var l_obj_Target = jQuery('#' + p_str_TargetID); if (l_obj_Target.length) { jQuery( 'html, body' ).delay( 0 ); jQuery('html, body').animate({ scrollTop: l_obj_Target.offset().top - window.innerHeight * 0.2 }, 380); } } function footnote_moveToAnchor_328_1(p_str_TargetID) { footnote_expand_reference_container_328_1(); var l_obj_Target = jQuery('#' + p_str_TargetID); if (l_obj_Target.length) { jQuery( 'html, body' ).delay( 0 ); jQuery('html, body').animate({ scrollTop: l_obj_Target.offset().top - window.innerHeight * 0.2 }, 380); } }<\/script>","protected":false},"excerpt":{"rendered":"<p>La Ley Lanterman es la ley de California que otorga a las personas con discapacidades del desarrollo el derecho a recibir los servicios y apoyos&hellip;<\/p>\n","protected":false},"author":1,"featured_media":0,"parent":35,"menu_order":1,"comment_status":"closed","ping_status":"closed","template":"","meta":{"footnotes":""},"class_list":["post-328","page","type-page","status-publish","hentry"],"_links":{"self":[{"href":"https:\/\/rula.disabilityrightsca.org\/es\/wp-json\/wp\/v2\/pages\/328","targetHints":{"allow":["GET"]}}],"collection":[{"href":"https:\/\/rula.disabilityrightsca.org\/es\/wp-json\/wp\/v2\/pages"}],"about":[{"href":"https:\/\/rula.disabilityrightsca.org\/es\/wp-json\/wp\/v2\/types\/page"}],"author":[{"embeddable":true,"href":"https:\/\/rula.disabilityrightsca.org\/es\/wp-json\/wp\/v2\/users\/1"}],"replies":[{"embeddable":true,"href":"https:\/\/rula.disabilityrightsca.org\/es\/wp-json\/wp\/v2\/comments?post=328"}],"version-history":[{"count":10,"href":"https:\/\/rula.disabilityrightsca.org\/es\/wp-json\/wp\/v2\/pages\/328\/revisions"}],"predecessor-version":[{"id":3114,"href":"https:\/\/rula.disabilityrightsca.org\/es\/wp-json\/wp\/v2\/pages\/328\/revisions\/3114"}],"up":[{"embeddable":true,"href":"https:\/\/rula.disabilityrightsca.org\/es\/wp-json\/wp\/v2\/pages\/35"}],"wp:attachment":[{"href":"https:\/\/rula.disabilityrightsca.org\/es\/wp-json\/wp\/v2\/media?parent=328"}],"curies":[{"name":"wp","href":"https:\/\/api.w.org\/{rel}","templated":true}]}}