{"id":312,"date":"2019-02-06T19:00:10","date_gmt":"2019-02-06T19:00:10","guid":{"rendered":"http:\/\/www.rula.disabilityrightsca.org\/es\/?page_id=312"},"modified":"2022-02-26T00:25:06","modified_gmt":"2022-02-26T00:25:06","slug":"capitulo-3-centros-regionales","status":"publish","type":"page","link":"https:\/\/rula.disabilityrightsca.org\/es\/rula-book\/capitulo-3-centros-regionales\/","title":{"rendered":"Cap\u00edtulo 3: Centros Regionales"},"content":{"rendered":"\n<p><div class=\"print-fullchapter-wrap\"><div class=\"print-fullchapter\"><a href=\"https:\/\/rula.disabilityrightsca.org\/es\/chapter-3-print\/\">Imprimir todo el cap\u00edtulo<\/a><\/div><\/div><\/p>\n\n\n\n<p>Este cap\u00edtulo explica qu\u00e9 son los centros regionales y c\u00f3mo utilizarlos.&nbsp;Aprender\u00e1 c\u00f3mo solicitar los servicios del centro regional y c\u00f3mo funcionan los servicios.&nbsp;Tambi\u00e9n aprender\u00e1 c\u00f3mo transferirse a un centro regional diferente si se muda.&nbsp;<\/p>\n\n\n\n<p>Le explicaremos la ley y cosas importantes que debe saber sobre el sistema de centros regionales. Esta informaci\u00f3n se toma principalmente de una ley estatal llamada Ley Lanterman, que comienza en la secci\u00f3n 4500 del C\u00f3digo de Instituciones y Bienestar Social de California.&nbsp;Le proporcionamos la secci\u00f3n de esta ley estatal donde puede encontrar la informaci\u00f3n que escribimos. Es posible que deba consultar la ley para obtener los servicios que necesita.&nbsp;Cuando vea la palabra &#8220;secci\u00f3n(es)&#8221;, seguida de un n\u00famero y ninguna otra informaci\u00f3n, significa secci\u00f3n(es) de la Ley Lanterman.&nbsp;Para leer la Ley Lanterman, <a href=\"https:\/\/www.dds.ca.gov\/transparency\/laws-regulations\/lanterman-act-and-related-laws\/\">haga clic aqu\u00ed<\/a>.<\/p>\n\n\n<div class=\"menu-chapter-3-container\"><ul id=\"menu-chapter-3\" class=\"menu\"><li id=\"menu-item-999\" class=\"menu-item menu-item-type-post_type menu-item-object-page menu-item-999\"><a href=\"https:\/\/rula.disabilityrightsca.org\/es\/rula-book\/capitulo-3-centros-regionales\/3-1-que-hacen-los-centros-regionales\/\">(3.1) \u00bfQu\u00e9 hacen los centros regionales?<\/a><\/li>\n<li id=\"menu-item-1000\" class=\"menu-item menu-item-type-post_type menu-item-object-page menu-item-1000\"><a href=\"https:\/\/rula.disabilityrightsca.org\/es\/rula-book\/capitulo-3-centros-regionales\/3-2-como-encuentra-un-centro-regional-a-las-personas-que-pueden-tener-discapacidades-del-desarrollo\/\">(3.2) \u00bfC\u00f3mo encuentra un centro regional a las personas que pueden tener discapacidades del desarrollo?<\/a><\/li>\n<li id=\"menu-item-1013\" class=\"menu-item menu-item-type-post_type menu-item-object-page menu-item-1013\"><a href=\"https:\/\/rula.disabilityrightsca.org\/es\/rula-book\/capitulo-3-centros-regionales\/3-3-como-representan-los-centros-regionales-a-las-personas-con-discapacidades-y-a-las-comunidades-a-las-que-sirven\/\">(3.3) \u00bfC\u00f3mo representan los centros regionales a las personas con discapacidades y a las comunidades a las que sirven?<\/a><\/li>\n<li id=\"menu-item-1014\" class=\"menu-item menu-item-type-post_type menu-item-object-page menu-item-1014\"><a href=\"https:\/\/rula.disabilityrightsca.org\/es\/rula-book\/capitulo-3-centros-regionales\/3-4-como-puedo-hacer-que-mi-centro-regional-brinde-servicios-de-una-manera-culturalmente-competente\/\">(3.4) \u00bfC\u00f3mo puedo hacer que mi centro regional brinde servicios de una manera culturalmente competente?<\/a><\/li>\n<li id=\"menu-item-1015\" class=\"menu-item menu-item-type-post_type menu-item-object-page menu-item-1015\"><a href=\"https:\/\/rula.disabilityrightsca.org\/es\/rula-book\/capitulo-3-centros-regionales\/3-5-que-sucede-si-necesito-un-interprete-en-las-reuniones-con-el-centro-regional-o-documentos-traducidos-mi-idioma-nativo\/\">(3.5) \u00bfQu\u00e9 sucede si necesito un int\u00e9rprete en las reuniones con el centro regional o documentos traducidos mi idioma nativo?<\/a><\/li>\n<li id=\"menu-item-1016\" class=\"menu-item menu-item-type-post_type menu-item-object-page menu-item-1016\"><a href=\"https:\/\/rula.disabilityrightsca.org\/es\/rula-book\/capitulo-3-centros-regionales\/3-6-que-pasa-si-no-puedo-ir-a-las-citas-y-reuniones-del-centro-regional-debido-a-mi-discapacidad\/\">(3.6) \u00bfQu\u00e9 pasa si no puedo ir a las citas y reuniones del centro regional debido a mi discapacidad?<\/a><\/li>\n<li id=\"menu-item-1017\" class=\"menu-item menu-item-type-post_type menu-item-object-page menu-item-1017\"><a href=\"https:\/\/rula.disabilityrightsca.org\/es\/rula-book\/capitulo-3-centros-regionales\/3-7-como-solicito-los-servicios-del-centro-regional\/\">(3.7) \u00bfC\u00f3mo solicito los servicios del centro regional?<\/a><\/li>\n<li id=\"menu-item-1028\" class=\"menu-item menu-item-type-post_type menu-item-object-page menu-item-1028\"><a href=\"https:\/\/rula.disabilityrightsca.org\/es\/rula-book\/capitulo-3-centros-regionales\/3-8-como-debo-prepararme-para-la-reunion-de-admision-inicial\/\">(3.8) \u00bfC\u00f3mo debo prepararme para la reuni\u00f3n de admisi\u00f3n inicial?<\/a><\/li>\n<li id=\"menu-item-1029\" class=\"menu-item menu-item-type-post_type menu-item-object-page menu-item-1029\"><a href=\"https:\/\/rula.disabilityrightsca.org\/es\/rula-book\/capitulo-3-centros-regionales\/3-9-que-sucede-en-la-reunion-de-admision-inicial\/\">(3.9) \u00bfQu\u00e9 sucede en la reuni\u00f3n de admisi\u00f3n inicial?<\/a><\/li>\n<li id=\"menu-item-1030\" class=\"menu-item menu-item-type-post_type menu-item-object-page menu-item-1030\"><a href=\"https:\/\/rula.disabilityrightsca.org\/es\/rula-book\/capitulo-3-centros-regionales\/how-does-the-eligibility-review-process-work\/\">(3.10) \u00bfC\u00f3mo funciona el proceso de revisi\u00f3n de elegibilidad?<\/a><\/li>\n<li id=\"menu-item-1031\" class=\"menu-item menu-item-type-post_type menu-item-object-page menu-item-1031\"><a href=\"https:\/\/rula.disabilityrightsca.org\/es\/rula-book\/capitulo-3-centros-regionales\/3-11-cuando-tiene-que-hacer-mas-evaluaciones-un-centro-regional-para-decidir-si-soy-elegible-para-los-servicios\/\">(3.11) \u00bfCu\u00e1ndo tiene que hacer m\u00e1s evaluaciones un centro regional para decidir si soy elegible para los servicios?<\/a><\/li>\n<li id=\"menu-item-1032\" class=\"menu-item menu-item-type-post_type menu-item-object-page menu-item-1032\"><a href=\"https:\/\/rula.disabilityrightsca.org\/es\/rula-book\/capitulo-3-centros-regionales\/3-12-como-puedo-saber-si-el-centro-regional-ha-determinado-que-soy-elegible-para-sus-servicios\/\">(3.12) \u00bfC\u00f3mo puedo saber si el centro regional ha determinado que soy elegible para sus servicios?<\/a><\/li>\n<li id=\"menu-item-1053\" class=\"menu-item menu-item-type-post_type menu-item-object-page menu-item-1053\"><a href=\"https:\/\/rula.disabilityrightsca.org\/es\/rula-book\/capitulo-3-centros-regionales\/3-13-que-pasa-si-el-centro-regional-dice-que-no-soy-elegible-para-sus-servicios-pero-yo-creo-que-si\/\">(3.13) \u00bfQu\u00e9 pasa si el centro regional dice que no soy elegible para sus servicios, pero yo creo que s\u00ed?<\/a><\/li>\n<li id=\"menu-item-1054\" class=\"menu-item menu-item-type-post_type menu-item-object-page menu-item-1054\"><a href=\"https:\/\/rula.disabilityrightsca.org\/es\/rula-book\/capitulo-3-centros-regionales\/3-14-puedo-presentar-mi-solicitud-nuevamente-si-tengo-nueva-informacion-sobre-mi-discapacidad-que-el-centro-regional-no-tenia-cuando-rechazaron-mi-solicitud\/\">(3.14) \u00bfPuedo presentar mi solicitud nuevamente si tengo nueva informaci\u00f3n sobre mi discapacidad que el centro regional no ten\u00eda cuando rechazaron mi solicitud?<\/a><\/li>\n<li id=\"menu-item-1055\" class=\"menu-item menu-item-type-post_type menu-item-object-page menu-item-1055\"><a href=\"https:\/\/rula.disabilityrightsca.org\/es\/rula-book\/capitulo-3-centros-regionales\/3-15-si-se-determina-que-soy-elegible-para-los-servicios-del-centro-regional-que-sucede-a-continuacion\/\">(3.15) Si se determina que soy elegible para los servicios del centro regional, \u00bfqu\u00e9 sucede a continuaci\u00f3n?<\/a><\/li>\n<li id=\"menu-item-1056\" class=\"menu-item menu-item-type-post_type menu-item-object-page menu-item-1056\"><a href=\"https:\/\/rula.disabilityrightsca.org\/es\/rula-book\/capitulo-3-centros-regionales\/if-i-am-eligible-for-regional-center-services-will-i-always-be-eligible\/\">(3.16) Si soy elegible para los servicios del centro regional, \u00bfsiempre ser\u00e9 elegible?<\/a><\/li>\n<li id=\"menu-item-1057\" class=\"menu-item menu-item-type-post_type menu-item-object-page menu-item-1057\"><a href=\"https:\/\/rula.disabilityrightsca.org\/es\/rula-book\/capitulo-3-centros-regionales\/3-17-que-es-un-coordinador-de-servicios\/\">(3.17) \u00bfQu\u00e9 es un coordinador de servicios?<\/a><\/li>\n<li id=\"menu-item-1058\" class=\"menu-item menu-item-type-post_type menu-item-object-page menu-item-1058\"><a href=\"https:\/\/rula.disabilityrightsca.org\/es\/rula-book\/capitulo-3-centros-regionales\/3-18-puedo-cambiar-de-coordinador-de-servicios-voluntariamente\/\">(3.18) \u00bfPuedo cambiar de coordinador de servicios voluntariamente?<\/a><\/li>\n<li id=\"menu-item-1059\" class=\"menu-item menu-item-type-post_type menu-item-object-page menu-item-1059\"><a href=\"https:\/\/rula.disabilityrightsca.org\/es\/rula-book\/capitulo-3-centros-regionales\/3-19-que-pasa-si-me-mudo-a-una-parte-diferente-del-estado-lejos-de-mi-centro-regional\/\">(3.19) \u00bfQu\u00e9 pasa si me mudo a una parte diferente del estado, lejos de mi centro regional?<\/a><\/li>\n<li id=\"menu-item-1060\" class=\"menu-item menu-item-type-post_type menu-item-object-page menu-item-1060\"><a href=\"https:\/\/rula.disabilityrightsca.org\/es\/rula-book\/capitulo-3-centros-regionales\/3-20-si-me-mudo-a-un-area-diferente-del-estado-los-centros-regionales-trabajaran-juntos-para-ayudarme-en-la-transicion-al-nuevo-centro-regional\/\">(3.20) Si me mudo a un \u00e1rea diferente del estado, \u00bflos centros regionales trabajar\u00e1n juntos para ayudarme en la transici\u00f3n al nuevo centro regional?<\/a><\/li>\n<li id=\"menu-item-1061\" class=\"menu-item menu-item-type-post_type menu-item-object-page menu-item-1061\"><a href=\"https:\/\/rula.disabilityrightsca.org\/es\/rula-book\/capitulo-3-centros-regionales\/3-21-quien-paga-los-servicios-durante-la-transicion-de-un-centro-regional-a-otro\/\">(3.21) \u00bfQui\u00e9n paga los servicios durante la transici\u00f3n de un centro regional a otro?<\/a><\/li>\n<li id=\"menu-item-1062\" class=\"menu-item menu-item-type-post_type menu-item-object-page menu-item-1062\"><a href=\"https:\/\/rula.disabilityrightsca.org\/es\/rula-book\/capitulo-3-centros-regionales\/3-22-como-se-manejan-las-disputas-sobre-mudanzas-con-los-centros-regionales\/\">(3.22) \u00bfC\u00f3mo se manejan las disputas sobre mudanzas con los centros regionales?<\/a><\/li>\n<li id=\"menu-item-2065\" class=\"menu-item menu-item-type-post_type menu-item-object-page menu-item-2065\"><a href=\"https:\/\/rula.disabilityrightsca.org\/es\/rula-book\/capitulo-3-centros-regionales\/3-23-what-is-the-self-determination-program\/\">(3.23) \u00bfQu\u00e9 es el Programa de Autodeterminaci\u00f3n?<\/a><\/li>\n<\/ul><\/div>\n","protected":false},"excerpt":{"rendered":"<p>Imprimir todo el cap\u00edtulo Este cap\u00edtulo explica qu\u00e9 son los centros regionales y c\u00f3mo utilizarlos.&nbsp;Aprender\u00e1 c\u00f3mo solicitar los servicios del centro regional y c\u00f3mo funcionan&hellip;<\/p>\n","protected":false},"author":1,"featured_media":0,"parent":33,"menu_order":3,"comment_status":"closed","ping_status":"closed","template":"","meta":{"footnotes":""},"class_list":["post-312","page","type-page","status-publish","hentry"],"_links":{"self":[{"href":"https:\/\/rula.disabilityrightsca.org\/es\/wp-json\/wp\/v2\/pages\/312","targetHints":{"allow":["GET"]}}],"collection":[{"href":"https:\/\/rula.disabilityrightsca.org\/es\/wp-json\/wp\/v2\/pages"}],"about":[{"href":"https:\/\/rula.disabilityrightsca.org\/es\/wp-json\/wp\/v2\/types\/page"}],"author":[{"embeddable":true,"href":"https:\/\/rula.disabilityrightsca.org\/es\/wp-json\/wp\/v2\/users\/1"}],"replies":[{"embeddable":true,"href":"https:\/\/rula.disabilityrightsca.org\/es\/wp-json\/wp\/v2\/comments?post=312"}],"version-history":[{"count":17,"href":"https:\/\/rula.disabilityrightsca.org\/es\/wp-json\/wp\/v2\/pages\/312\/revisions"}],"predecessor-version":[{"id":3147,"href":"https:\/\/rula.disabilityrightsca.org\/es\/wp-json\/wp\/v2\/pages\/312\/revisions\/3147"}],"up":[{"embeddable":true,"href":"https:\/\/rula.disabilityrightsca.org\/es\/wp-json\/wp\/v2\/pages\/33"}],"wp:attachment":[{"href":"https:\/\/rula.disabilityrightsca.org\/es\/wp-json\/wp\/v2\/media?parent=312"}],"curies":[{"name":"wp","href":"https:\/\/api.w.org\/{rel}","templated":true}]}}