{"id":2336,"date":"2021-09-30T20:35:52","date_gmt":"2021-09-30T20:35:52","guid":{"rendered":"http:\/\/www.rula.disabilityrightsca.org\/es\/?page_id=2336"},"modified":"2023-12-05T23:37:51","modified_gmt":"2023-12-05T23:37:51","slug":"11-20-perdere-mi-elegibilidad-para-los-servicios-de-la-exencion-dd-si-no-los-recibo-ahora","status":"publish","type":"page","link":"https:\/\/rula.disabilityrightsca.org\/es\/rula-book\/capitulo-11-la-exencion-por-discapacidad-del-desarrollo-de-medi-cal\/11-20-perdere-mi-elegibilidad-para-los-servicios-de-la-exencion-dd-si-no-los-recibo-ahora\/","title":{"rendered":"(11.20) \u00bfPerder\u00e9 mi elegibilidad para los servicios de la exenci\u00f3n DD si no los recibo ahora?"},"content":{"rendered":"\n<p>No es necesario que reciba servicios de exenci\u00f3n DD todo el tiempo para seguir siendo elegible. Por ejemplo, es posible que haya calificado para los servicios de exenci\u00f3n DD, pero no los necesite todos los meses. A\u00fan ser\u00eda elegible.<\/p>\n\n\n\n<p>Pero para seguir siendo elegible, <strong>debe<\/strong> obtener al menos un servicio de exenci\u00f3n DD una vez al a\u00f1o. Incluso si solo usa un servicio de exenci\u00f3n DD (como un relevo o un brazalete de alerta m\u00e9dica), continuar\u00e1 siendo elegible.<\/p>\n\n\n\n<p>Si usted se encuentra en la exenci\u00f3n DD, entonces su IPP debe revisarse cada a\u00f1o. Su IPP debe enumerar todos los servicios (incluidos los servicios de exenci\u00f3n DD) que reciba.<\/p>\n\n\n\n<p><strong>Importante:<em> <\/em><\/strong>Si obtiene la exenci\u00f3n DD a trav\u00e9s de una consideraci\u00f3n institucional, su elegibilidad para la exenci\u00f3n DD podr\u00eda terminar si no recibe servicios de exenci\u00f3n durante un a\u00f1o y su pr\u00f3ximo IPP no enumera los servicios de exenci\u00f3n. Medi-Cal le enviar\u00e1 un <em>Aviso de acci\u00f3n.<\/em>Si no est\u00e1 de acuerdo, puede apelar.<\/p>\n","protected":false},"excerpt":{"rendered":"<p>No es necesario que reciba servicios de exenci\u00f3n DD todo el tiempo para seguir siendo elegible. Por ejemplo, es posible que haya calificado para los&hellip;<\/p>\n","protected":false},"author":1,"featured_media":0,"parent":2275,"menu_order":20,"comment_status":"closed","ping_status":"closed","template":"","meta":{"footnotes":""},"class_list":["post-2336","page","type-page","status-publish","hentry"],"_links":{"self":[{"href":"https:\/\/rula.disabilityrightsca.org\/es\/wp-json\/wp\/v2\/pages\/2336","targetHints":{"allow":["GET"]}}],"collection":[{"href":"https:\/\/rula.disabilityrightsca.org\/es\/wp-json\/wp\/v2\/pages"}],"about":[{"href":"https:\/\/rula.disabilityrightsca.org\/es\/wp-json\/wp\/v2\/types\/page"}],"author":[{"embeddable":true,"href":"https:\/\/rula.disabilityrightsca.org\/es\/wp-json\/wp\/v2\/users\/1"}],"replies":[{"embeddable":true,"href":"https:\/\/rula.disabilityrightsca.org\/es\/wp-json\/wp\/v2\/comments?post=2336"}],"version-history":[{"count":3,"href":"https:\/\/rula.disabilityrightsca.org\/es\/wp-json\/wp\/v2\/pages\/2336\/revisions"}],"predecessor-version":[{"id":3949,"href":"https:\/\/rula.disabilityrightsca.org\/es\/wp-json\/wp\/v2\/pages\/2336\/revisions\/3949"}],"up":[{"embeddable":true,"href":"https:\/\/rula.disabilityrightsca.org\/es\/wp-json\/wp\/v2\/pages\/2275"}],"wp:attachment":[{"href":"https:\/\/rula.disabilityrightsca.org\/es\/wp-json\/wp\/v2\/media?parent=2336"}],"curies":[{"name":"wp","href":"https:\/\/api.w.org\/{rel}","templated":true}]}}