{"id":2334,"date":"2021-09-30T20:35:06","date_gmt":"2021-09-30T20:35:06","guid":{"rendered":"http:\/\/www.rula.disabilityrightsca.org\/es\/?page_id=2334"},"modified":"2024-02-08T17:04:35","modified_gmt":"2024-02-08T17:04:35","slug":"11-19-estar-en-la-exencion-dd-afectara-mi-estado-migratorio","status":"publish","type":"page","link":"https:\/\/rula.disabilityrightsca.org\/es\/rula-book\/capitulo-11-la-exencion-por-discapacidad-del-desarrollo-de-medi-cal\/11-19-estar-en-la-exencion-dd-afectara-mi-estado-migratorio\/","title":{"rendered":"(11.19) \u00bfEstar en la exenci\u00f3n DD afectar\u00e1 mi estado migratorio?"},"content":{"rendered":"\n<p>Debe consultar con un abogado de inmigraci\u00f3n si tiene alguna inquietud acerca del efecto de los beneficios p\u00fablicos como Medi-Cal y la exenci\u00f3n DD en su estado migratorio.<\/p>\n","protected":false},"excerpt":{"rendered":"<p>Debe consultar con un abogado de inmigraci\u00f3n si tiene alguna inquietud acerca del efecto de los beneficios p\u00fablicos como Medi-Cal y la exenci\u00f3n DD en&hellip;<\/p>\n","protected":false},"author":1,"featured_media":0,"parent":2275,"menu_order":19,"comment_status":"closed","ping_status":"closed","template":"","meta":{"footnotes":""},"class_list":["post-2334","page","type-page","status-publish","hentry"],"_links":{"self":[{"href":"https:\/\/rula.disabilityrightsca.org\/es\/wp-json\/wp\/v2\/pages\/2334","targetHints":{"allow":["GET"]}}],"collection":[{"href":"https:\/\/rula.disabilityrightsca.org\/es\/wp-json\/wp\/v2\/pages"}],"about":[{"href":"https:\/\/rula.disabilityrightsca.org\/es\/wp-json\/wp\/v2\/types\/page"}],"author":[{"embeddable":true,"href":"https:\/\/rula.disabilityrightsca.org\/es\/wp-json\/wp\/v2\/users\/1"}],"replies":[{"embeddable":true,"href":"https:\/\/rula.disabilityrightsca.org\/es\/wp-json\/wp\/v2\/comments?post=2334"}],"version-history":[{"count":7,"href":"https:\/\/rula.disabilityrightsca.org\/es\/wp-json\/wp\/v2\/pages\/2334\/revisions"}],"predecessor-version":[{"id":3992,"href":"https:\/\/rula.disabilityrightsca.org\/es\/wp-json\/wp\/v2\/pages\/2334\/revisions\/3992"}],"up":[{"embeddable":true,"href":"https:\/\/rula.disabilityrightsca.org\/es\/wp-json\/wp\/v2\/pages\/2275"}],"wp:attachment":[{"href":"https:\/\/rula.disabilityrightsca.org\/es\/wp-json\/wp\/v2\/media?parent=2334"}],"curies":[{"name":"wp","href":"https:\/\/api.w.org\/{rel}","templated":true}]}}