{"id":2314,"date":"2021-09-30T20:29:41","date_gmt":"2021-09-30T20:29:41","guid":{"rendered":"http:\/\/www.rula.disabilityrightsca.org\/es\/?page_id=2314"},"modified":"2022-04-22T23:40:58","modified_gmt":"2022-04-22T23:40:58","slug":"11-18-el-centro-regional-quiere-incluirme-en-la-exencion-dd-pero-ya-tengo-medi-cal-tengo-que-estar-de-acuerdo","status":"publish","type":"page","link":"https:\/\/rula.disabilityrightsca.org\/es\/rula-book\/capitulo-11-la-exencion-por-discapacidad-del-desarrollo-de-medi-cal\/11-18-el-centro-regional-quiere-incluirme-en-la-exencion-dd-pero-ya-tengo-medi-cal-tengo-que-estar-de-acuerdo\/","title":{"rendered":"(11.18) El centro regional quiere incluirme en la Exenci\u00f3n DD, pero ya tengo Medi-Cal. \u00bfTengo que estar de acuerdo?"},"content":{"rendered":"\n<p>No. No es un requisito estar en la exenci\u00f3n DD. Sin embargo, existen beneficios al recibir la exenci\u00f3n DD, como que el estado obtenga m\u00e1s dinero federal para pagar los servicios. Consulte la pregunta 9 para conocer m\u00e1s beneficios de estar en la exenci\u00f3n DD. Si tiene preguntas o inquietudes, debe hablar con su coordinador de servicios. Tambi\u00e9n puede pedir hablar con la persona del centro regional a cargo de la exenci\u00f3n DD. A veces se lo denomina Coordinador de Ingresos Federales. Ellos pueden responder sus preguntas o inquietudes sobre la exenci\u00f3n DD.&nbsp;<\/p>\n","protected":false},"excerpt":{"rendered":"<p>No. No es un requisito estar en la exenci\u00f3n DD. Sin embargo, existen beneficios al recibir la exenci\u00f3n DD, como que el estado obtenga m\u00e1s&hellip;<\/p>\n","protected":false},"author":1,"featured_media":0,"parent":2275,"menu_order":18,"comment_status":"closed","ping_status":"closed","template":"","meta":{"footnotes":""},"class_list":["post-2314","page","type-page","status-publish","hentry"],"_links":{"self":[{"href":"https:\/\/rula.disabilityrightsca.org\/es\/wp-json\/wp\/v2\/pages\/2314","targetHints":{"allow":["GET"]}}],"collection":[{"href":"https:\/\/rula.disabilityrightsca.org\/es\/wp-json\/wp\/v2\/pages"}],"about":[{"href":"https:\/\/rula.disabilityrightsca.org\/es\/wp-json\/wp\/v2\/types\/page"}],"author":[{"embeddable":true,"href":"https:\/\/rula.disabilityrightsca.org\/es\/wp-json\/wp\/v2\/users\/1"}],"replies":[{"embeddable":true,"href":"https:\/\/rula.disabilityrightsca.org\/es\/wp-json\/wp\/v2\/comments?post=2314"}],"version-history":[{"count":3,"href":"https:\/\/rula.disabilityrightsca.org\/es\/wp-json\/wp\/v2\/pages\/2314\/revisions"}],"predecessor-version":[{"id":3259,"href":"https:\/\/rula.disabilityrightsca.org\/es\/wp-json\/wp\/v2\/pages\/2314\/revisions\/3259"}],"up":[{"embeddable":true,"href":"https:\/\/rula.disabilityrightsca.org\/es\/wp-json\/wp\/v2\/pages\/2275"}],"wp:attachment":[{"href":"https:\/\/rula.disabilityrightsca.org\/es\/wp-json\/wp\/v2\/media?parent=2314"}],"curies":[{"name":"wp","href":"https:\/\/api.w.org\/{rel}","templated":true}]}}