{"id":2312,"date":"2021-09-30T20:28:45","date_gmt":"2021-09-30T20:28:45","guid":{"rendered":"http:\/\/www.rula.disabilityrightsca.org\/es\/?page_id=2312"},"modified":"2022-04-22T23:40:46","modified_gmt":"2022-04-22T23:40:46","slug":"11-17-sabria-si-el-centro-regional-me-pusiera-en-la-exencion-dd","status":"publish","type":"page","link":"https:\/\/rula.disabilityrightsca.org\/es\/rula-book\/capitulo-11-la-exencion-por-discapacidad-del-desarrollo-de-medi-cal\/11-17-sabria-si-el-centro-regional-me-pusiera-en-la-exencion-dd\/","title":{"rendered":"(11.17) \u00bfSabr\u00eda si el centro regional me pusiera en la Exenci\u00f3n DD?"},"content":{"rendered":"\n<p>S\u00ed. Tiene que firmar un formulario de elecci\u00f3n. Existe una regla federal que dice que debe tomar una decisi\u00f3n informada sobre la obtenci\u00f3n de servicios en la comunidad en lugar de en una instituci\u00f3n. El formulario firmado pasa a formar parte de su expediente del centro regional. Aunque firme este formulario y acceda a la exenci\u00f3n DD, todos sus servicios deben ser iguales. No deber\u00eda ver ning\u00fan cambio en su IPP o en la forma en que recibe sus servicios.<\/p>\n","protected":false},"excerpt":{"rendered":"<p>S\u00ed. Tiene que firmar un formulario de elecci\u00f3n. Existe una regla federal que dice que debe tomar una decisi\u00f3n informada sobre la obtenci\u00f3n de servicios&hellip;<\/p>\n","protected":false},"author":1,"featured_media":0,"parent":2275,"menu_order":17,"comment_status":"closed","ping_status":"closed","template":"","meta":{"footnotes":""},"class_list":["post-2312","page","type-page","status-publish","hentry"],"_links":{"self":[{"href":"https:\/\/rula.disabilityrightsca.org\/es\/wp-json\/wp\/v2\/pages\/2312","targetHints":{"allow":["GET"]}}],"collection":[{"href":"https:\/\/rula.disabilityrightsca.org\/es\/wp-json\/wp\/v2\/pages"}],"about":[{"href":"https:\/\/rula.disabilityrightsca.org\/es\/wp-json\/wp\/v2\/types\/page"}],"author":[{"embeddable":true,"href":"https:\/\/rula.disabilityrightsca.org\/es\/wp-json\/wp\/v2\/users\/1"}],"replies":[{"embeddable":true,"href":"https:\/\/rula.disabilityrightsca.org\/es\/wp-json\/wp\/v2\/comments?post=2312"}],"version-history":[{"count":2,"href":"https:\/\/rula.disabilityrightsca.org\/es\/wp-json\/wp\/v2\/pages\/2312\/revisions"}],"predecessor-version":[{"id":3062,"href":"https:\/\/rula.disabilityrightsca.org\/es\/wp-json\/wp\/v2\/pages\/2312\/revisions\/3062"}],"up":[{"embeddable":true,"href":"https:\/\/rula.disabilityrightsca.org\/es\/wp-json\/wp\/v2\/pages\/2275"}],"wp:attachment":[{"href":"https:\/\/rula.disabilityrightsca.org\/es\/wp-json\/wp\/v2\/media?parent=2312"}],"curies":[{"name":"wp","href":"https:\/\/api.w.org\/{rel}","templated":true}]}}