{"id":2310,"date":"2021-09-30T20:27:50","date_gmt":"2021-09-30T20:27:50","guid":{"rendered":"http:\/\/www.rula.disabilityrightsca.org\/es\/?page_id=2310"},"modified":"2023-12-05T23:34:04","modified_gmt":"2023-12-05T23:34:04","slug":"11-16-existen-otras-exenciones-de-servicios-basados-en-el-hogar-y-la-comunidad-hcbs","status":"publish","type":"page","link":"https:\/\/rula.disabilityrightsca.org\/es\/rula-book\/capitulo-11-la-exencion-por-discapacidad-del-desarrollo-de-medi-cal\/11-16-existen-otras-exenciones-de-servicios-basados-en-el-hogar-y-la-comunidad-hcbs\/","title":{"rendered":"(11.16) \u00bfExisten otras Exenciones de Servicios Basados en el Hogar y la Comunidad (HCBS)?"},"content":{"rendered":"\n<p>S\u00ed. La exenci\u00f3n DD es la exenci\u00f3n com\u00fan para los consumidores de centros regionales. Pero hay otras exenciones en California. Por ejemplo, algunos consumidores de centros regionales est\u00e1n en la Exenci\u00f3n de Alternativas basadas en el hogar y la comunidad (Alternativas HCB). Puede calificar para los servicios de la Exenci\u00f3n de alternativas HCB o para los de la Exenci\u00f3n DD. Pero, solo puede estar en una exenci\u00f3n de servicios basados en el hogar y la comunidad a la vez. Para obtener m\u00e1s informaci\u00f3n, consulte la publicaci\u00f3n de Disability Rights California aqu\u00ed:\u00a0<a href=\"https:\/\/www.disabilityrightsca.org\/es\/publications\/dispensa-de-alternativas-basadas-en-el-hogar-y-la-comunidad-alternativas-hcb\">https:\/\/www.disabilityrightsca.org\/es\/publications\/dispensa-de-alternativas-basadas-en-el-hogar-y-la-comunidad-alternativas-hcb<\/a><\/p>\n\n\n\n<p>La ley estatal dice que el centro regional debe usar recursos gen\u00e9ricos, como Medi-Cal, para implementar su IPP. El centro regional puede ponerlo en la Exenci\u00f3n DD o la Exenci\u00f3n de Alternativas de HCB para que tenga acceso a recursos gen\u00e9ricos.<span class=\"footnote_referrer\"><a role=\"button\" tabindex=\"0\" onclick=\"footnote_moveToReference_2310_1('footnote_plugin_reference_2310_1_1');\" onkeypress=\"footnote_moveToReference_2310_1('footnote_plugin_reference_2310_1_1');\" ><sup id=\"footnote_plugin_tooltip_2310_1_1\" class=\"footnote_plugin_tooltip_text\">[1]<\/sup><\/a><span id=\"footnote_plugin_tooltip_text_2310_1_1\" class=\"footnote_tooltip\">C\u00f3digo de Bienestar e Instituciones \u00a7 4648(a)(8)<\/span><\/span><script type=\"text\/javascript\"> jQuery('#footnote_plugin_tooltip_2310_1_1').tooltip({ tip: '#footnote_plugin_tooltip_text_2310_1_1', tipClass: 'footnote_tooltip', effect: 'fade', predelay: 0, fadeInSpeed: 200, delay: 400, fadeOutSpeed: 200, position: 'top center', relative: true, offset: [-7, 0], });<\/script><\/p>\n<div class=\"speaker-mute footnotes_reference_container\"> <div class=\"footnote_container_prepare\"><p><span role=\"button\" tabindex=\"0\" class=\"footnote_reference_container_label pointer\" onclick=\"footnote_expand_collapse_reference_container_2310_1();\">&#x202F;<\/span><span role=\"button\" tabindex=\"0\" class=\"footnote_reference_container_collapse_button\" style=\"display: none;\" onclick=\"footnote_expand_collapse_reference_container_2310_1();\">[<a id=\"footnote_reference_container_collapse_button_2310_1\">+<\/a>]<\/span><\/p><\/div> <div id=\"footnote_references_container_2310_1\" style=\"\"><table class=\"footnotes_table footnote-reference-container\"><caption class=\"accessibility\">References<\/caption> <tbody> \r\n\r\n<tr class=\"footnotes_plugin_reference_row\"> <th scope=\"row\" class=\"footnote_plugin_index_combi pointer\"  onclick=\"footnote_moveToAnchor_2310_1('footnote_plugin_tooltip_2310_1_1');\"><a id=\"footnote_plugin_reference_2310_1_1\" class=\"footnote_backlink\"><span class=\"footnote_index_arrow\">&#8593;<\/span>1<\/a><\/th> <td class=\"footnote_plugin_text\">C\u00f3digo de Bienestar e Instituciones \u00a7 4648(a)(8)<\/td><\/tr>\r\n\r\n <\/tbody> <\/table> <\/div><\/div><script type=\"text\/javascript\"> function footnote_expand_reference_container_2310_1() { jQuery('#footnote_references_container_2310_1').show(); jQuery('#footnote_reference_container_collapse_button_2310_1').text('\u2212'); } function footnote_collapse_reference_container_2310_1() { jQuery('#footnote_references_container_2310_1').hide(); jQuery('#footnote_reference_container_collapse_button_2310_1').text('+'); } function footnote_expand_collapse_reference_container_2310_1() { if (jQuery('#footnote_references_container_2310_1').is(':hidden')) { footnote_expand_reference_container_2310_1(); } else { footnote_collapse_reference_container_2310_1(); } } function footnote_moveToReference_2310_1(p_str_TargetID) { footnote_expand_reference_container_2310_1(); var l_obj_Target = jQuery('#' + p_str_TargetID); if (l_obj_Target.length) { jQuery( 'html, body' ).delay( 0 ); jQuery('html, body').animate({ scrollTop: l_obj_Target.offset().top - window.innerHeight * 0.2 }, 380); } } function footnote_moveToAnchor_2310_1(p_str_TargetID) { footnote_expand_reference_container_2310_1(); var l_obj_Target = jQuery('#' + p_str_TargetID); if (l_obj_Target.length) { jQuery( 'html, body' ).delay( 0 ); jQuery('html, body').animate({ scrollTop: l_obj_Target.offset().top - window.innerHeight * 0.2 }, 380); } }<\/script>","protected":false},"excerpt":{"rendered":"<p>S\u00ed. La exenci\u00f3n DD es la exenci\u00f3n com\u00fan para los consumidores de centros regionales. Pero hay otras exenciones en California. Por ejemplo, algunos consumidores de&hellip;<\/p>\n","protected":false},"author":1,"featured_media":0,"parent":2275,"menu_order":16,"comment_status":"closed","ping_status":"closed","template":"","meta":{"footnotes":""},"class_list":["post-2310","page","type-page","status-publish","hentry"],"_links":{"self":[{"href":"https:\/\/rula.disabilityrightsca.org\/es\/wp-json\/wp\/v2\/pages\/2310","targetHints":{"allow":["GET"]}}],"collection":[{"href":"https:\/\/rula.disabilityrightsca.org\/es\/wp-json\/wp\/v2\/pages"}],"about":[{"href":"https:\/\/rula.disabilityrightsca.org\/es\/wp-json\/wp\/v2\/types\/page"}],"author":[{"embeddable":true,"href":"https:\/\/rula.disabilityrightsca.org\/es\/wp-json\/wp\/v2\/users\/1"}],"replies":[{"embeddable":true,"href":"https:\/\/rula.disabilityrightsca.org\/es\/wp-json\/wp\/v2\/comments?post=2310"}],"version-history":[{"count":3,"href":"https:\/\/rula.disabilityrightsca.org\/es\/wp-json\/wp\/v2\/pages\/2310\/revisions"}],"predecessor-version":[{"id":3948,"href":"https:\/\/rula.disabilityrightsca.org\/es\/wp-json\/wp\/v2\/pages\/2310\/revisions\/3948"}],"up":[{"embeddable":true,"href":"https:\/\/rula.disabilityrightsca.org\/es\/wp-json\/wp\/v2\/pages\/2275"}],"wp:attachment":[{"href":"https:\/\/rula.disabilityrightsca.org\/es\/wp-json\/wp\/v2\/media?parent=2310"}],"curies":[{"name":"wp","href":"https:\/\/api.w.org\/{rel}","templated":true}]}}